{"id":28,"date":"2016-06-09T14:40:27","date_gmt":"2016-06-09T17:40:27","guid":{"rendered":"http:\/\/docentes.face.ufmg.br\/john-doe\/?page_id=28"},"modified":"2021-08-02T19:10:24","modified_gmt":"2021-08-02T22:10:24","slug":"producao-bibliografica","status":"publish","type":"page","link":"https:\/\/docentes.face.ufmg.br\/ulisses\/producao-bibliografica\/","title":{"rendered":"Produ\u00e7\u00e3o bibliogr\u00e1fica"},"content":{"rendered":"<h5>Artigos publicados em peri\u00f3dicos nacionais e internacionais<\/h5>\n<div class=\"artigo-completo\">\n<div class=\"artigo-completo\">\n<div class=\"layout-cell layout-cell-11\">\n<div>\n<p>GARCIA, R.; SANTOS, U.; SUZIGAN, W. <a href=\"http:\/\/dx.doi.org\/10.1590\/0103-6351\/6244\" target=\"_blank\" rel=\"noopener\">Industrial upgrade, economic catch-up and industrial policy in Brazil: general trends and the specific case of the mining industry<\/a>. Nova Economia, v. 30, n. 4.<\/p>\n<p>SANTOS, U.; RAPINI, M.; SCHERER, P. <a href=\"http:\/\/dx.doi.org\/10.1590\/0103-6351\/5687\" target=\"_blank\" rel=\"noopener\">Impactos dos incentivos fiscais na inova\u00e7\u00e3o de grandes empresas: uma avalia\u00e7\u00e3o a partir da pesquisa Sondagem de Inova\u00e7\u00e3o da ABDI<\/a>. Nova Economia, v. 30. n.3, 2020.<\/p>\n<\/div>\n<div><\/div>\n<div><\/div>\n<div class=\"layout-cell-pad-5\">CHAVES, C. ; RIBEIRO, L. C. ;\u00a0<b>SANTOS, U. P.<\/b>\u00a0;\u00a0<a class=\"tooltip\" title=\"Clique para visualizar o curr\u00edculo\" href=\"http:\/\/lattes.cnpq.br\/6966612518135380\" target=\"_blank\" rel=\"noopener noreferrer\">ALBUQUERQUE, E. M.<\/a>\u00a0. <a href=\"https:\/\/www.cepal.org\/es\/hojasinformativas\/sistemas-innovacion-cambios-la-division-centro-periferia-notas-metodologia\">Sistemas de innovaci\u00f3n y cambios en la divisi\u00f3n centro-periferia: notas sobre una metodolog\u00eda para determinar las trayectorias de los pa\u00edses a partir de las estad\u00edsticas de ciencia y tecnolog\u00eda.<\/a> REVISTA DE LA CEPAL (IMPRESA), v. 130, p. 45-64, 2020.<\/p>\n<div class=\"citado\"><\/div>\n<\/div>\n<\/div>\n<\/div>\n<div class=\"artigo-completo\">\n<div class=\"layout-cell layout-cell-1 text-align-right\">\n<div class=\"layout-cell-pad-5 text-align-right\">CALIARI, T.; SANTOS, U. <a style=\"font-size: revert\" href=\"http:\/\/dx.doi.org\/10.17058\/redes.v25i0.14630\" target=\"_blank\" rel=\"noopener\">Evolu\u00e7\u00e3o estrutural e setorial de emprego nas Microrregi\u00f5es Brasileiras: uma An\u00e1lise Explorat\u00f3ria para o per\u00edodo 2003-2013 pelo m\u00e9todo shift-share<\/a>. REDES, v 25. 2020.<\/div>\n<div><\/div>\n<\/div>\n<div class=\"layout-cell layout-cell-11\">\n<div><\/div>\n<div><\/div>\n<div><\/div>\n<div class=\"layout-cell-pad-5\">LIBANIO, GILBERTO ; DIAS, ANA VAL\u00c9RIA C. ;\u00a0<b>SANTOS, ULISSES PEREIRA DOS<\/b>\u00a0; FERREIRA, C\u00c2NDIDO GUERRA ; LONDE, ANA CAROLINA . <a href=\"https:\/\/www.gestaoesociedade.org\/gestaoesociedade\/article\/view\/2857\">Inova\u00e7\u00e3o na ind\u00fastria brasileira: uma an\u00e1lise a partir dos dados de um painel de empresas da Sondagem de Inova\u00e7\u00e3o.<\/a> Revista Eletr\u00f4nica Gest\u00e3o e Sociedade, v. 13, p. 3011-3037, 2019.<\/p>\n<div class=\"citado\"><\/div>\n<\/div>\n<div><\/div>\n<\/div>\n<\/div>\n<div class=\"artigo-completo\">\n<div class=\"layout-cell layout-cell-1 text-align-right\">\n<div class=\"layout-cell-pad-5 text-align-right\"><\/div>\n<\/div>\n<div class=\"layout-cell layout-cell-11\">\n<div class=\"layout-cell-pad-5\">CINTRA, L. P. ; BRAGA, R. C. ; RAPINI, M. ;\u00a0<b>SANTOS, U. P.<\/b>\u00a0; BARBOSA, A. C. Q. . IND\u00daSTRIA 4.0 E TRANSFORMA\u00c7\u00c3O DIGITAL: UMA DISCUSS\u00c3O CONCEITUAL, SOB PERSPECTIVA NEOSCHUMPETERIANA, QUE INCLUI POL\u00cdTICAS DE CT&amp;I E CATCHING UP. E&amp;G &#8211; Revista Economia e Gest\u00e3o, v. 19, p. 114-132, 2019.<\/div>\n<\/div>\n<\/div>\n<\/div>\n<div><\/div>\n<div><\/div>\n<div><\/div>\n<div class=\"artigo-completo\">\n<p><b><a class=\"tooltip\" href=\"http:\/\/lattes.cnpq.br\/4948996070053567\" target=\"_blank\" rel=\"noopener noreferrer\">SANTOS, U. P.<\/a><\/b>; MENDES, P. S. . <a href=\"https:\/\/www.eure.cl\/index.php\/eure\/article\/viewFile\/2231\/1085\">A localiza\u00e7\u00e3o dos atores do sistema de inova\u00e7\u00e3o brasileiro e seus impactos regionais na d\u00e9cada de 2000<\/a>. EURE Revista Latinoamericana de Estudios Urbano Regionales (ISI &#8211; JCR Social Sciences, 29\/29 Urban Studies, FI = 0.057 em 2006, quando foi submetido), 2018.<\/p>\n<p><b><a class=\"tooltip\" href=\"http:\/\/lattes.cnpq.br\/4948996070053567\" target=\"_blank\" rel=\"noopener noreferrer\">SANTOS, U. P.<\/a><\/b>. <a href=\"http:\/\/www.rep.org.br\/PDF\/149-11.PDF\">Regional distribution of the national system of innovation actors and economic development: an international comparison<\/a>. Revista de Economia Pol\u00edtica (Impresso), 2017.<\/p>\n<p><b><a class=\"tooltip\" href=\"http:\/\/lattes.cnpq.br\/4948996070053567\" target=\"_blank\" rel=\"noopener noreferrer\">SANTOS, U. P.<\/a><\/b>. <a href=\"https:\/\/www.cepal.org\/es\/publicaciones\/42039-distribucion-espacial-entes-sistema-nacional-innovacion-brasileno-analisis-la\">A distribui\u00e7\u00e3o espacial dos entes do Sistema Nacional de Inova\u00e7\u00e3o no Brasil: uma an\u00e1lise para a d\u00e9cada de 2000<\/a>. Revista de la CEPAL (Online), 2017.<\/p>\n<p><a class=\"tooltip\" href=\"http:\/\/lattes.cnpq.br\/2283488885413699\" target=\"_blank\" rel=\"noopener noreferrer\">CALIARI, T.<\/a> ; <b>SANTOS, U. P.<\/b> ; MENDES, P. S. . Gera\u00e7\u00e3o de Tecnologia em Universidades\/Institutos de Pesquisa e a Import\u00e2ncia da Intera\u00e7\u00e3o com Empresas: Constata\u00e7\u00f5es atrav\u00e9s da Base de Dados dos Grupos de Pesquisa do CNPQ. An\u00e1lise Econ\u00f4mica (UFRGS), v. 34, p. 285-312, 2016.<\/p>\n<p><b><a class=\"tooltip\" href=\"http:\/\/lattes.cnpq.br\/4948996070053567\" target=\"_blank\" rel=\"noopener noreferrer\">SANTOS, U. P.<\/a><\/b>. ASPECTOS REGIONAIS DA ATIVIDADE TECNOL\u00d3GICA DE EMPRESAS MULTINACIONAIS NO BRASIL. Revista de Desenvolvimento Econ\u00f4mico (Impresso), v. 3, p. 954-984, 2016.<\/p>\n<div class=\"citado\">BRITTO, G. ; <b>SANTOS, U. P.<\/b> ; KRUSS, G. ; <a class=\"tooltip\" href=\"http:\/\/lattes.cnpq.br\/6966612518135380\" target=\"_blank\" rel=\"noopener noreferrer\">ALBUQUERQUE, E. M.<\/a> . Global Innovation Networks and University-Firm Interactions: an Exploratory Survey Analysis. Revista Brasileira de Inova\u00e7\u00e3o, v. 14, p. 163-192, 2015.<\/div>\n<div><\/div>\n<div class=\"citado\"><b><a class=\"tooltip\" href=\"http:\/\/lattes.cnpq.br\/4948996070053567\" target=\"_blank\" rel=\"noopener noreferrer\">SANTOS, U. P.<\/a><\/b>. A crise do planejamento, a economia da inova\u00e7\u00e3o e o desenvolvimento regional. Revista Econ\u00f4mica do Nordeste, v. 45, p. 17-34, 2014.<\/div>\n<div><\/div>\n<p>SILVA NETO, F. C. C. ; <b>SANTOS, U. P.<\/b> ; OLIVEIRA, V. C. P. ; CASTRO, P. G. ; FRANCO, L ; DE NEGRI . Patterns of interaction between national and multinational corporations and Brazilian universities\/public research institutes. Science &amp; Public Policy (Print), v. 40, p. 281-292, 2013.<\/p>\n<p><b><a class=\"tooltip\" title=\"Clique para visualizar o curr\u00edculo\" href=\"http:\/\/lattes.cnpq.br\/4948996070053567\" target=\"_blank\" rel=\"noopener noreferrer\">SANTOS, U. P.<\/a><\/b>; Diniz, C. C. . A intera\u00e7\u00e3o universidade-empresa na siderurgia de Minas Gerais. Nova Economia (UFMG. Impresso), v. 23, p. 279-306, 2013.<\/p>\n<p><b><a class=\"tooltip\" href=\"http:\/\/lattes.cnpq.br\/4948996070053567\" target=\"_blank\" rel=\"noopener noreferrer\">SANTOS, U. P.<\/a><\/b>; <a class=\"tooltip\" title=\"Clique para visualizar o curr\u00edculo\" href=\"http:\/\/lattes.cnpq.br\/2283488885413699\" target=\"_blank\" rel=\"noopener noreferrer\">CALIARI, T.<\/a> . Distribui\u00e7\u00e3o espacial das estruturas de apoio \u00e0s atividades tecnol\u00f3gicas no Brasil: uma an\u00e1lise multivariada para as cinquenta maiores microrregi\u00f5es do Pa\u00eds. Economia (Bras\u00edlia), v. 13, p. 759-783, 2012.<\/p>\n<p>SILVA NETO, F. C. C. ; <b>SANTOS, U. P.<\/b> ; OLIVEIRA, V. C. P. ; CASTRO, P. G. ; FRANCO, L. T. M. ; NEGRI, F. . A intera\u00e7\u00e3o universidades\/institutos p\u00fablicos de pesquisa e empresas no Brasil: resultados comparativos entre o relacionamento com empresas nacionais e multinacionais. Revista de Economia (Curitiba), v. 37, p. 117-140, 2011.<\/p>\n<p><b><a class=\"tooltip\" title=\"Clique para visualizar o curr\u00edculo\" href=\"http:\/\/lattes.cnpq.br\/4948996070053567\" target=\"_blank\" rel=\"noopener noreferrer\">SANTOS, U. P.<\/a><\/b>. Uma Classifica\u00e7\u00e3o dos Munic\u00edpios de Minas Gerais Segundo o Grau de Avan\u00e7o de seus Sistemas de Inova\u00e7\u00e3o. RDE. Revista de Desenvolvimento Econ\u00f4mico, v. 18, p. 144-155, 2008.<\/p>\n<p><b><a class=\"tooltip\" href=\"http:\/\/lattes.cnpq.br\/4948996070053567\" target=\"_blank\" rel=\"noopener noreferrer\">SANTOS, U. P.<\/a><\/b>; <a class=\"tooltip\" title=\"Clique para visualizar o curr\u00edculo\" href=\"http:\/\/lattes.cnpq.br\/2406391142535135\" target=\"_blank\" rel=\"noopener noreferrer\">OLIVEIRA, F. H. P.<\/a> . Tr\u00eas fases da Teoria Cepalina: uma an\u00e1lise de suas principais contribui\u00e7\u00f5es ao pensamento econ\u00f4mico latino-americano. An\u00e1lise (PUCRS), v. 19, p. 4-17, 2008.<\/p>\n<\/div>\n<h5>LIVROS<\/h5>\n<p><b><a class=\"tooltip\" href=\"http:\/\/lattes.cnpq.br\/4948996070053567\" target=\"_blank\" rel=\"noopener noreferrer\">SANTOS, U. P.<\/a><\/b>. Ambiente institucional e inova\u00e7\u00e3o na siderurgia de Minas Gerais. 1. ed. Fortaleza: Banco do Nordeste, 2012. 153p .<\/p>\n<h5>Cap\u00edtulos de LIVROS<\/h5>\n<p><b><a class=\"tooltip\" href=\"http:\/\/lattes.cnpq.br\/4948996070053567\" target=\"_blank\" rel=\"noopener noreferrer\">SANTOS, U. P.<\/a><\/b>. A distribui\u00e7\u00e3o espacial das atividades de ci\u00eancia, tecnologia e inova\u00e7\u00e3o e o desenvolvimento econ\u00f4mico: notas sobre o caso brasileiro. In: Eduardo da Motta e Albuquerque. (Org.). Metamorfoses do capitalismo e processos de catch-up. 1ed.Belo Horizonte: Editora UFMG, 2017, v. , p. 199-232.<\/p>\n<p><b><a class=\"tooltip\" href=\"http:\/\/lattes.cnpq.br\/4948996070053567\" target=\"_blank\" rel=\"noopener noreferrer\">SANTOS, U. P.<\/a><\/b>. Reestrutura\u00e7\u00e3o industrial e inova\u00e7\u00e3o no Brasil: possibilidades para a retomada do crescimento e do desenvolvimento. In: M\u00f4nica Viegas; Eduardo Albuquerque. (Org.). <a href=\"https:\/\/cedeplar.ufmg.br\/publicacoes\/colecao-populacao-economia\/1067-alternativas-para-uma-crise-de-mu-ltiplas-dimenso-es-1-volume\">Alternativas para uma crise de m\u00faltiplas dimens\u00f5es<\/a>. 1ed.Belo Horizonte: CEDEPLAR\/UFMG, 2018, v. 1, p. 391-408.<\/p>\n<p>RAPINI, M. ; CHIARINI, T. ;\u00a0<b>SANTOS, U. P.<\/b>\u00a0. Intera\u00e7\u00e3o de grandes empresas com universidades no Brasil: Evid\u00eancias a partir da Pesquisa ?Sondagem da Inova\u00e7\u00e3o?. In: Renato Garcia, M\u00e1rcia Rapini, S\u00edlvio C\u00e1rio. (Org.). <a href=\"https:\/\/cedeplar.ufmg.br\/publicacoes\/colecao-populacao-economia\/1069-estudos-de-caso-da-interacao-universidade-empresa-no-brasil\">Estudos de caso da intera\u00e7\u00e3o universidade-empresa no Brasil<\/a>. 1ed. Belo Horizonte: CEDEPLAR\/UFMG, 2018, v. , p. 326-354.<\/p>\n<h5><\/h5>\n<h5><\/h5>\n","protected":false},"excerpt":{"rendered":"<p>Artigos publicados em peri\u00f3dicos nacionais e internacionais GARCIA, R.; SANTOS, U.; SUZIGAN, W. Industrial upgrade, economic catch-up and industrial policy in Brazil: general trends and the specific case of the mining industry. Nova Economia, v. 30, n. 4. SANTOS, U.; RAPINI, M.; SCHERER, P. Impactos dos incentivos fiscais na inova\u00e7\u00e3o de grandes empresas: uma avalia\u00e7\u00e3o &hellip; <a href=\"https:\/\/docentes.face.ufmg.br\/ulisses\/producao-bibliografica\/\" class=\"more-link\">Continuar lendo <span class=\"screen-reader-text\">Produ\u00e7\u00e3o bibliogr\u00e1fica<\/span><\/a><\/p>\n","protected":false},"author":1,"featured_media":0,"parent":0,"menu_order":0,"comment_status":"closed","ping_status":"closed","template":"","meta":{"_crdt_document":"","_exactmetrics_skip_tracking":false,"_exactmetrics_sitenote_active":false,"_exactmetrics_sitenote_note":"","_exactmetrics_sitenote_category":0,"footnotes":""},"class_list":["post-28","page","type-page","status-publish","hentry"],"_links":{"self":[{"href":"https:\/\/docentes.face.ufmg.br\/ulisses\/wp-json\/wp\/v2\/pages\/28","targetHints":{"allow":["GET"]}}],"collection":[{"href":"https:\/\/docentes.face.ufmg.br\/ulisses\/wp-json\/wp\/v2\/pages"}],"about":[{"href":"https:\/\/docentes.face.ufmg.br\/ulisses\/wp-json\/wp\/v2\/types\/page"}],"author":[{"embeddable":true,"href":"https:\/\/docentes.face.ufmg.br\/ulisses\/wp-json\/wp\/v2\/users\/1"}],"replies":[{"embeddable":true,"href":"https:\/\/docentes.face.ufmg.br\/ulisses\/wp-json\/wp\/v2\/comments?post=28"}],"version-history":[{"count":13,"href":"https:\/\/docentes.face.ufmg.br\/ulisses\/wp-json\/wp\/v2\/pages\/28\/revisions"}],"predecessor-version":[{"id":154,"href":"https:\/\/docentes.face.ufmg.br\/ulisses\/wp-json\/wp\/v2\/pages\/28\/revisions\/154"}],"wp:attachment":[{"href":"https:\/\/docentes.face.ufmg.br\/ulisses\/wp-json\/wp\/v2\/media?parent=28"}],"curies":[{"name":"wp","href":"https:\/\/api.w.org\/{rel}","templated":true}]}}