{"id":21,"date":"2016-06-09T14:31:19","date_gmt":"2016-06-09T17:31:19","guid":{"rendered":"http:\/\/docentes.face.ufmg.br\/john-doe\/?page_id=21"},"modified":"2020-06-10T14:48:30","modified_gmt":"2020-06-10T17:48:30","slug":"area-de-atuacao","status":"publish","type":"page","link":"https:\/\/docentes.face.ufmg.br\/ulisses\/area-de-atuacao\/","title":{"rendered":"\u00c1rea de atua\u00e7\u00e3o"},"content":{"rendered":"<ul>\n<li>Economia da Ci\u00eancia e Tecnologia\n<ul>\n<li>Sistemas de Inova\u00e7\u00e3o<\/li>\n<li>Indicadores de Ci\u00eancia, Tecnologia e Inova\u00e7\u00e3o<\/li>\n<li>Intera\u00e7\u00e3o Universidade Empresa<\/li>\n<\/ul>\n<\/li>\n<li>Desenvolvimento Econ\u00f4mico\n<ul>\n<li>Sistemas de Inova\u00e7\u00e3o e desenvolvimento<\/li>\n<li>Estrutura Produtiva e desenvolvimento<\/li>\n<li>Multinacionais, internacionaliza\u00e7\u00e3o da produ\u00e7\u00e3o e desenvolvimento<\/li>\n<\/ul>\n<\/li>\n<li>Economia Regional\n<ul>\n<li>Desenvolvimento regional<\/li>\n<li>Sistemas de inova\u00e7\u00e3o regionalizados<\/li>\n<li>Aspectos regionais da inova\u00e7\u00e3o tecnol\u00f3gica<\/li>\n<\/ul>\n<\/li>\n<\/ul>\n","protected":false},"excerpt":{"rendered":"<p>Economia da Ci\u00eancia e Tecnologia Sistemas de Inova\u00e7\u00e3o Indicadores de Ci\u00eancia, Tecnologia e Inova\u00e7\u00e3o Intera\u00e7\u00e3o Universidade Empresa Desenvolvimento Econ\u00f4mico Sistemas de Inova\u00e7\u00e3o e desenvolvimento Estrutura Produtiva e desenvolvimento Multinacionais, internacionaliza\u00e7\u00e3o da produ\u00e7\u00e3o e desenvolvimento Economia Regional Desenvolvimento regional Sistemas de inova\u00e7\u00e3o regionalizados Aspectos regionais da inova\u00e7\u00e3o tecnol\u00f3gica<\/p>\n","protected":false},"author":1,"featured_media":0,"parent":0,"menu_order":0,"comment_status":"closed","ping_status":"closed","template":"","meta":{"_crdt_document":"","_exactmetrics_skip_tracking":false,"_exactmetrics_sitenote_active":false,"_exactmetrics_sitenote_note":"","_exactmetrics_sitenote_category":0,"footnotes":""},"class_list":["post-21","page","type-page","status-publish","hentry"],"_links":{"self":[{"href":"https:\/\/docentes.face.ufmg.br\/ulisses\/wp-json\/wp\/v2\/pages\/21","targetHints":{"allow":["GET"]}}],"collection":[{"href":"https:\/\/docentes.face.ufmg.br\/ulisses\/wp-json\/wp\/v2\/pages"}],"about":[{"href":"https:\/\/docentes.face.ufmg.br\/ulisses\/wp-json\/wp\/v2\/types\/page"}],"author":[{"embeddable":true,"href":"https:\/\/docentes.face.ufmg.br\/ulisses\/wp-json\/wp\/v2\/users\/1"}],"replies":[{"embeddable":true,"href":"https:\/\/docentes.face.ufmg.br\/ulisses\/wp-json\/wp\/v2\/comments?post=21"}],"version-history":[{"count":2,"href":"https:\/\/docentes.face.ufmg.br\/ulisses\/wp-json\/wp\/v2\/pages\/21\/revisions"}],"predecessor-version":[{"id":87,"href":"https:\/\/docentes.face.ufmg.br\/ulisses\/wp-json\/wp\/v2\/pages\/21\/revisions\/87"}],"wp:attachment":[{"href":"https:\/\/docentes.face.ufmg.br\/ulisses\/wp-json\/wp\/v2\/media?parent=21"}],"curies":[{"name":"wp","href":"https:\/\/api.w.org\/{rel}","templated":true}]}}