{"id":2,"date":"2016-06-09T14:03:11","date_gmt":"2016-06-09T17:03:11","guid":{"rendered":"http:\/\/docentes.face.ufmg.br\/john-doe\/?page_id=2"},"modified":"2024-01-11T11:51:21","modified_gmt":"2024-01-11T14:51:21","slug":"sobre","status":"publish","type":"page","link":"https:\/\/docentes.face.ufmg.br\/ulisses\/","title":{"rendered":"Sobre"},"content":{"rendered":"<p><img loading=\"lazy\" decoding=\"async\" class=\"size-medium wp-image-98 alignright\" src=\"http:\/\/docentes.face.ufmg.br\/ulisses\/wp-content\/uploads\/sites\/31\/2017\/10\/lattes2-223x300.jpg\" alt=\"\" width=\"223\" height=\"300\" srcset=\"https:\/\/docentes.face.ufmg.br\/ulisses\/wp-content\/uploads\/sites\/31\/2017\/10\/lattes2-223x300.jpg 223w, https:\/\/docentes.face.ufmg.br\/ulisses\/wp-content\/uploads\/sites\/31\/2017\/10\/lattes2-768x1033.jpg 768w, https:\/\/docentes.face.ufmg.br\/ulisses\/wp-content\/uploads\/sites\/31\/2017\/10\/lattes2-761x1024.jpg 761w, https:\/\/docentes.face.ufmg.br\/ulisses\/wp-content\/uploads\/sites\/31\/2017\/10\/lattes2-500x673.jpg 500w, https:\/\/docentes.face.ufmg.br\/ulisses\/wp-content\/uploads\/sites\/31\/2017\/10\/lattes2.jpg 1478w\" sizes=\"auto, (max-width: 223px) 100vw, 223px\" \/><\/p>\n<p>Doutor e mestre em Economia pelo Centro de Desenvolvimento e Planejamento Regional da Universidade Federal de Minas Gerais e graduado em Ci\u00eancias Econ\u00f4micas pela mesma universidade. Foi bolsista do programa de doutorado sandu\u00edche do CNPq no Technology Policy and Assessment Center (TPAC) no Georgia Institute of Technology, em Atlanta (US), entre os anos de 2012 e 2013.<\/p>\n<p>Professor do Departamento de Ci\u00eancias Econ\u00f4micas da UFMG e integrante do Grupo de Pesquisa em Economia da Ci\u00eancia e Tecnologia do CEDEPLAR\/FACE\/UFMG. Pesquisa em \u00e1reas relativas \u00e0 Economia da Inova\u00e7\u00e3o e Industrial,\u00a0 Desenvolvimento Econ\u00f4mico e Regional, Sistemas de Inova\u00e7\u00e3o e Redes Globais de Produ\u00e7\u00e3o e Inova\u00e7\u00e3o, coordenando projetos financiados pelo CNPq e pela FAPEMIG. Participou de diversos projetos de pesquisa em parceria com \u00f3rg\u00e3os p\u00fablicos, institui\u00e7\u00f5es internacionais e agentes da iniciativa privada.<\/p>\n<p>Foi o coordenador do Colegiado do curso de Gradua\u00e7\u00e3o em Ci\u00eancias Econ\u00f4micas da UFMG entre os anos de 2020 e 2022 e atualmente \u00e9 o chefe do <a href=\"https:\/\/face.ufmg.br\/departamentos\/ciencias-economicas\/o-departamento.html\">Departamento de Ci\u00eancias Econ\u00f4micas da UFMG<\/a>.<\/p>\n<p>Al\u00e9m da atua\u00e7\u00e3o nos cursos de gradua\u00e7\u00e3o, integra o Programa de P\u00f3s-gradua\u00e7ao em Economia do <a href=\"https:\/\/cedeplar.ufmg.br\/\">CEDEPLAR<\/a>, como docente e orientador. Leciona disciplinas relacionadas \u00e0 Economia da Inova\u00e7\u00e3o, ao Desenvolvimento Econ\u00f4mico e \u00e0 Economia Brasileira. Dentre elas se destacam:<\/p>\n<ul>\n<li>Economia Brasileira, gradua\u00e7\u00e3o em Ci\u00eancias Econ\u00f4micas e Rela\u00e7\u00f5es Econ\u00f4micas Internacionais;<\/li>\n<li>Hist\u00f3ria e Interpreta\u00e7\u00f5es da Sociedade Contempor\u00e2nea, gradua\u00e7\u00e3o em Ci\u00eancias Econ\u00f4micas;<\/li>\n<li>Sistemas Econ\u00f4micos Comparados, gradua\u00e7\u00e3o em Rela\u00e7\u00f5es Econ\u00f4micas Internacionais;<\/li>\n<li>Internacionaliza\u00e7\u00e3o da Produ\u00e7\u00e3o, optativa na gradua\u00e7\u00e3o<\/li>\n<li>Economia da Ci\u00eancia e Tecnologia,\u00a0 programas de p\u00f3s-gradua\u00e7\u00e3o em Economia e em Inova\u00e7\u00e3o Tecnol\u00f3gica da UFMG.<\/li>\n<li>Economia da Inova\u00e7\u00e3o e Desenvolvimento Regional, programa de p\u00f3s-gradua\u00e7\u00e3o em Economia.<\/li>\n<\/ul>\n","protected":false},"excerpt":{"rendered":"<p>Doutor e mestre em Economia pelo Centro de Desenvolvimento e Planejamento Regional da Universidade Federal de Minas Gerais e graduado em Ci\u00eancias Econ\u00f4micas pela mesma universidade. Foi bolsista do programa de doutorado sandu\u00edche do CNPq no Technology Policy and Assessment Center (TPAC) no Georgia Institute of Technology, em Atlanta (US), entre os anos de 2012 &hellip; <a href=\"https:\/\/docentes.face.ufmg.br\/ulisses\/\" class=\"more-link\">Continuar lendo <span class=\"screen-reader-text\">Sobre<\/span><\/a><\/p>\n","protected":false},"author":23,"featured_media":0,"parent":0,"menu_order":0,"comment_status":"closed","ping_status":"closed","template":"","meta":{"_crdt_document":"","_exactmetrics_skip_tracking":false,"_exactmetrics_sitenote_active":false,"_exactmetrics_sitenote_note":"","_exactmetrics_sitenote_category":0,"footnotes":""},"class_list":["post-2","page","type-page","status-publish","hentry"],"_links":{"self":[{"href":"https:\/\/docentes.face.ufmg.br\/ulisses\/wp-json\/wp\/v2\/pages\/2","targetHints":{"allow":["GET"]}}],"collection":[{"href":"https:\/\/docentes.face.ufmg.br\/ulisses\/wp-json\/wp\/v2\/pages"}],"about":[{"href":"https:\/\/docentes.face.ufmg.br\/ulisses\/wp-json\/wp\/v2\/types\/page"}],"author":[{"embeddable":true,"href":"https:\/\/docentes.face.ufmg.br\/ulisses\/wp-json\/wp\/v2\/users\/23"}],"replies":[{"embeddable":true,"href":"https:\/\/docentes.face.ufmg.br\/ulisses\/wp-json\/wp\/v2\/comments?post=2"}],"version-history":[{"count":18,"href":"https:\/\/docentes.face.ufmg.br\/ulisses\/wp-json\/wp\/v2\/pages\/2\/revisions"}],"predecessor-version":[{"id":178,"href":"https:\/\/docentes.face.ufmg.br\/ulisses\/wp-json\/wp\/v2\/pages\/2\/revisions\/178"}],"wp:attachment":[{"href":"https:\/\/docentes.face.ufmg.br\/ulisses\/wp-json\/wp\/v2\/media?parent=2"}],"curies":[{"name":"wp","href":"https:\/\/api.w.org\/{rel}","templated":true}]}}