{"id":16,"date":"2016-06-09T14:26:21","date_gmt":"2016-06-09T17:26:21","guid":{"rendered":"http:\/\/docentes.face.ufmg.br\/john-doe\/?page_id=16"},"modified":"2019-05-21T15:01:01","modified_gmt":"2019-05-21T18:01:01","slug":"linhas-de-pesquisa","status":"publish","type":"page","link":"https:\/\/docentes.face.ufmg.br\/ulisses\/linhas-de-pesquisa\/","title":{"rendered":"Linhas de Pesquisa e Projetos"},"content":{"rendered":"<ol>\n<li>Desenvolvimento Econ\u00f4mico<\/li>\n<li>Economia da Ci\u00eancia e Tecnologia<\/li>\n<li>Desenvolvimento Regional<\/li>\n<li>Empresas Multinacionais e Desenvolvimento<\/li>\n<\/ol>\n\n\n<p class=\"has-text-color has-dark-gray-color wp-block-paragraph\"><strong>Projetos de Pesquisa Vigentes<\/strong><\/p>\n\n\n\n<p class=\"wp-block-paragraph\"><\/p>\n\n\n\n<p class=\"wp-block-paragraph\"><strong>Determinantes Regionais para a Inser\u00e7\u00e3o em Redes Globais de Inova\u00e7\u00e3o: uma an\u00e1lise para as microrregi\u00f5es brasileiras <em>Financiadores:<a href=\"https:\/\/fapemig.br\/pt\/\"> FAPEMIG 2017 <\/a>\/ <a href=\"http:\/\/cnpq.br\/\">CNPq<\/a>&nbsp;2018<\/em><\/strong><\/p>\n\n\n\n<p class=\"wp-block-paragraph\"><br>Descri\u00e7\u00e3o: As Redes Globais de Produ\u00e7\u00e3o e Inova\u00e7\u00e3o (GINs), compostas por grandes empresas multinacionais (matrizes e subsidi\u00e1rias) e empresas locais de menor porte atreladas \u00e0 sua cadeia produtiva, resultam do recente aprofundamento da globaliza\u00e7\u00e3o da produ\u00e7\u00e3o. A partir dessas redes, regi\u00f5es subnacionais localizadas em diferentes pa\u00edses passaram a se conectar por meio de canais relativos \u00e0 produ\u00e7\u00e3o ao longo de cadeias produtivas internacionalizadas. Esse processo origina uma divis\u00e3o do trabalho em que cada elo das cadeias se responsabiliza por etapas espec\u00edficas da produ\u00e7\u00e3o e da inova\u00e7\u00e3o. No entanto, o papel dos integrantes dessas redes no processo de inova\u00e7\u00e3o, em especial, dependeria das capacita\u00e7\u00f5es locais presentes nas regi\u00f5es em que se localizam. Logo, a participa\u00e7\u00e3o de atores produtivos nas GINs seria influenciada pelo grau de desenvolvimento dos sistemas regionalizados de inova\u00e7\u00e3o em que se localizam. Gozar de uma avan\u00e7ada estrutura regional de C,T&amp;I figura, ent\u00e3o, como um determinante central para que subsidi\u00e1rias de multinacionais e fornecedores locais possam participar do desenvolvimento tecnol\u00f3gico nas cadeias das quais s\u00e3o parte. Frente a essa perspectiva, prop\u00f5e-se uma avalia\u00e7\u00e3o da participa\u00e7\u00e3o de regi\u00f5es subnacionais brasileiras nas GINs e a identifica\u00e7\u00e3o dos principais determinantes para tal, com foco, no grau de desenvolvimento de seus SRIs. Para cumprir com tais objetivos, pretende-se utilizar dados da Pesquisa de Inova\u00e7\u00e3o (PINTEC), para o per\u00edodo entre 2000 e 2014, al\u00e9m de dados regionais para caracterizar as estruturas de <a href=\"http:\/\/www.mctic.gov.br\">C,T&amp;I<\/a> presentes nas microrregi\u00f5es do pa\u00eds. Prop\u00f5e-se a realiza\u00e7\u00e3o de an\u00e1lise explorat\u00f3ria de dados e a estima\u00e7\u00e3o de um modelo econom\u00e9trico visando a observar como as estruturas microrregionais de C,T&amp;I favorecem a integra\u00e7\u00e3o de empresas brasileiras em GINs. Espera-se, com essa pesquisa, mapear a participa\u00e7\u00e3o das regi\u00f5es brasileiras no sistema global de produ\u00e7\u00e3o e inova\u00e7\u00e3o, identificando os principais determinantes microrregionais para tal.<\/p>\n\n\n\n<p class=\"wp-block-paragraph\"><strong>Spillovers espaciais de conhecimento e inova\u00e7\u00e3o tecnol\u00f3gica no Brasil<\/strong><\/p>\n\n\n\n<p class=\"wp-block-paragraph\"><strong><em>Financiamento: <a href=\"http:\/\/www.fundep.ufmg.br\/\">FUNDEP<\/a>\/UFMG<\/em><br><\/strong><\/p>\n\n\n\n<p class=\"wp-block-paragraph\">Descri\u00e7\u00e3o: Esta pesquisa objetiva observar se as institui\u00e7\u00f5es de pesquisa do sistema brasileiro de inova\u00e7\u00e3o influenciam a atividade tecnol\u00f3gica de empresas localizadas no seu entorno e, consequentemente, no desenvolvimento econ\u00f4mico local. Em termos metodol\u00f3gicos, prop\u00f5e-se, portanto, a realiza\u00e7\u00e3o de uma an\u00e1lise considerando as 558 microrregi\u00f5es brasileiras, segundo a defini\u00e7\u00e3o do <a href=\"https:\/\/www.ibge.gov.br\/\">IBGE<\/a>. Ser\u00e3o utilizados dados referentes \u00e0 estrutura de ensino e pesquisa, como o n\u00famero de artigos cient\u00edficos publicados por residentes nas localidades avaliadas, o n\u00famero de pesquisadores, docentes e discentes em cursos de p\u00f3s-gradua\u00e7\u00e3o stricto senso e a exist\u00eancia de intera\u00e7\u00f5es universidade-empresas. Al\u00e9m disso, ser\u00e3o utilizados dados referentes aos dep\u00f3sitos de patentes junto ao <a href=\"http:\/\/www.inpi.gov.br\">INPI<\/a>, que servir\u00e3o como proxy para a atividade tecnol\u00f3gica microrregional. A partir do uso destes dados ser\u00e3o avaliadas as poss\u00edveis evid\u00eancias acerca da exist\u00eancias de transbordamentos de conhecimento das universidades e institui\u00e7\u00f5es de pesquisa sobre as atividades produtivas do seu entorno..\u00a0<\/p>\n\n\n\n\n\n<p class=\"wp-block-paragraph\"><\/p>\n\n\n\n<p class=\"wp-block-paragraph\"><br><\/p>\n","protected":false},"excerpt":{"rendered":"<p>Desenvolvimento Econ\u00f4mico Economia da Ci\u00eancia e Tecnologia Desenvolvimento Regional Empresas Multinacionais e Desenvolvimento Projetos de Pesquisa Vigentes Determinantes Regionais para a Inser\u00e7\u00e3o em Redes Globais de Inova\u00e7\u00e3o: uma an\u00e1lise para as microrregi\u00f5es brasileiras Financiadores: FAPEMIG 2017 \/ CNPq&nbsp;2018 Descri\u00e7\u00e3o: As Redes Globais de Produ\u00e7\u00e3o e Inova\u00e7\u00e3o (GINs), compostas por grandes empresas multinacionais (matrizes e subsidi\u00e1rias) &hellip; <a href=\"https:\/\/docentes.face.ufmg.br\/ulisses\/linhas-de-pesquisa\/\" class=\"more-link\">Continuar lendo <span class=\"screen-reader-text\">Linhas de Pesquisa e Projetos<\/span><\/a><\/p>\n","protected":false},"author":23,"featured_media":0,"parent":0,"menu_order":0,"comment_status":"closed","ping_status":"closed","template":"","meta":{"_crdt_document":"","_exactmetrics_skip_tracking":false,"_exactmetrics_sitenote_active":false,"_exactmetrics_sitenote_note":"","_exactmetrics_sitenote_category":0,"footnotes":""},"class_list":["post-16","page","type-page","status-publish","hentry"],"_links":{"self":[{"href":"https:\/\/docentes.face.ufmg.br\/ulisses\/wp-json\/wp\/v2\/pages\/16","targetHints":{"allow":["GET"]}}],"collection":[{"href":"https:\/\/docentes.face.ufmg.br\/ulisses\/wp-json\/wp\/v2\/pages"}],"about":[{"href":"https:\/\/docentes.face.ufmg.br\/ulisses\/wp-json\/wp\/v2\/types\/page"}],"author":[{"embeddable":true,"href":"https:\/\/docentes.face.ufmg.br\/ulisses\/wp-json\/wp\/v2\/users\/23"}],"replies":[{"embeddable":true,"href":"https:\/\/docentes.face.ufmg.br\/ulisses\/wp-json\/wp\/v2\/comments?post=16"}],"version-history":[{"count":11,"href":"https:\/\/docentes.face.ufmg.br\/ulisses\/wp-json\/wp\/v2\/pages\/16\/revisions"}],"predecessor-version":[{"id":132,"href":"https:\/\/docentes.face.ufmg.br\/ulisses\/wp-json\/wp\/v2\/pages\/16\/revisions\/132"}],"wp:attachment":[{"href":"https:\/\/docentes.face.ufmg.br\/ulisses\/wp-json\/wp\/v2\/media?parent=16"}],"curies":[{"name":"wp","href":"https:\/\/api.w.org\/{rel}","templated":true}]}}