{"id":175,"date":"2020-07-18T10:52:35","date_gmt":"2020-07-18T13:52:35","guid":{"rendered":"http:\/\/docentes.face.ufmg.br\/suprinyak\/?page_id=175"},"modified":"2020-11-24T22:41:20","modified_gmt":"2020-11-25T01:41:20","slug":"publicacoes","status":"publish","type":"page","link":"https:\/\/docentes.face.ufmg.br\/suprinyak\/publicacoes\/","title":{"rendered":"Publica\u00e7\u00f5es"},"content":{"rendered":"<p>SUPRINYAK, Carlos E. &#8220;Nicholas Georgescu-Roegen, Development Economist&#8221;,\u00a0<em>Journal of the History of Economic Thought<\/em>, forthcoming, 2022.<\/p>\n<p>SUPRINYAK, Carlos E. &amp; FERN\u00c1NDEZ, Ram\u00f3n G.\u00a0&#8220;The Vanderbilt Boys and the Modernization of Brazilian Economics&#8221;,\u00a0<em>History of Political Economy<\/em>, forthcoming, 2021.<\/p>\n<p>CUNHA, Alexandre M. &amp; SUPRINYAK, Carlos E. (eds.) (2020). <em>Political Economy and International Order in Interwar Europe<\/em>. New York: Palgrave Macmillan.<\/p>\n<p>SUPRINYAK, Carlos E. (2020). &#8220;Pluralism and Political Economy in Interwar Britain: G.D.H. Cole on Economic Planning&#8221;. In: Alexandre M. Cunha &amp; Carlos E. Suprinyak (eds.). <em>Political Economy and International Order in Interwar Europe<\/em>, New York: Palgrave Macmillan, pp. 249-267.<\/p>\n<p>COUTINHO, Maur\u00edcio C. &amp; SUPRINYAK, Carlos E. (2020). &#8220;Steuart, Smith, and the &#8216;System of Commerce'&#8221;, <em>Research in the History of Economic Thought and Methodology<\/em>, 38C: 11-33.<\/p>\n<p>OLIVEIRA, Thiago D. &amp; SUPRINYAK, Carlos E. (2019). &#8220;Of Time, Uncertainty and Policy-Making: The Classical Origins of Lionel Robbins&#8217; Epistemology of Political Economy&#8221;, <em>History of Economic Ideas<\/em>, 27(3): 95-113.<\/p>\n<p>FERN\u00c1NDEZ, Ram\u00f3n G. &amp; SUPRINYAK, Carlos E. (2019). &#8220;Manufacturing Pluralism in Brazilian Economics&#8221;, <em>Journal of Economic Issues<\/em>, 53(3): 748-773.<\/p>\n<p>CUNHA, Alexandre M. &amp; SUPRINYAK, Carlos E. (2019). &#8220;A constru\u00e7\u00e3o institucional do processo de integra\u00e7\u00e3o&#8221;. In: Alexandre M. Cunha (ed.). <em>Uma introdu\u00e7\u00e3o \u00e0 Uni\u00e3o Europeia: hist\u00f3ria, pol\u00edtica e economia<\/em>, Belo Horizonte: Fino Tra\u00e7o, pp. 43-79.<\/p>\n<p>CUNHA, Alexandre M. &amp; SUPRINYAK, Carlos E. (2019). &#8220;A materializa\u00e7\u00e3o de uma ideia: o projeto de integra\u00e7\u00e3o europeia&#8221;. In: Alexandre M. Cunha (ed.).\u00a0<em>Uma introdu\u00e7\u00e3o \u00e0 Uni\u00e3o Europeia: hist\u00f3ria, pol\u00edtica e economia<\/em>, Belo Horizonte: Fino Tra\u00e7o, pp. 15-41.<\/p>\n<p>SUPRINYAK, Carlos E. &amp; CUNHA, Alexandre M. (2019). &#8220;A hist\u00f3ria do pensamento econ\u00f4mico no Brasil: um panorama&#8221;. In: Daniel V. Cosentino e Thiago F. G. Rosado (eds.).\u00a0<em>Hist\u00f3ria do Pensamento Econ\u00f4mico: pensamento econ\u00f4mico brasileiro<\/em>, Niter\u00f3i\/S\u00e3o Paulo: EDUFF\/Hucitec, pp. 23-58.<\/p>\n<p>SUPRINYAK, Carlos E. &amp; OLIVEIRA, Thiago D. (2018). &#8220;Economists, Social Scientists, and the Reconstruction of the World Order in Interwar Britain&#8221;, <em>European Journal of the History of Economic Thought<\/em>, 25(6): 1282-1310.<\/p>\n<p>FERN\u00c1NDEZ, Ram\u00f3n G. &amp; SUPRINYAK, Carlos E. (2018). &#8220;Creating Academic Economics in Brazil: the Ford Foundation and the beginnings of ANPEC&#8221;, <em>EconomiA<\/em>, 19(3): 314-329.<\/p>\n<p>SUPRINYAK, Carlos E. (2018). &#8220;Dreams of\u00a0Order and Freedom: debating trade management in early-17th century England&#8221;, <em>Journal of the History of Economic Thought<\/em>, 40(3): 401-418.<\/p>\n<p>OLIVEIRA, Thiago D. &amp; SUPRINYAK, Carlos E. (2018). &#8220;The Nature and Significance of Lionel Robbins&#8217;s Methodological Individualism&#8221;,\u00a0<em>EconomiA<\/em>, 19(1): 24-37.<\/p>\n<p>CUNHA, Alexandre M. &amp; SUPRINYAK, Carlos E. (2017).\u00a0<em>The Political Economy of Latin American Independence<\/em>, London: Routledge.<\/p>\n<p>CUNHA, Alexandre M. &amp; SUPRINYAK, Carlos E. (2017). &#8220;Political Economy and Latin American Independence from the 19th to the 20th Century&#8221;. In: Alexandre Mendes Cunha; Carlos Eduardo Suprinyak (orgs.). <em>The Political Economy of Latin American Independence,<\/em>\u00a0London: Routledge, pp. 5-31.<\/p>\n<p>SUPRINYAK, Carlos E. (2016). &#8220;Trade, Money, and the Grievances of the Commonwealth: economic debates in England during the commercial crisis of the early 1620s&#8221;, <em>History of Economic Ideas<\/em>\u00a0XXIV: 27-55.<br \/>\n<em><strong>Winner of the 2017 Craufurd Goodwin Best Article in the History of Economics Prize<\/strong><\/em><\/p>\n<p>PAULA, Jo\u00e3o A., CERQUEIRA, Hugo E., DEUS, Leonardo G., SUPRINYAK, Carlos E. &amp; ALBUQUERQUE, Eduardo M. (2016). &#8220;Investigating Financial Innovation and Stock Exchanges: Marx&#8217;s Notebooks on the Crisis of 1866 and Structural Changes in Capitalism&#8221;, <em>Beitr\u00e4ge zur Marx-Engels Forschung. Neue Folge<\/em>\u00a014\/15: 194-217.<\/p>\n<p>DEUS, Leonardo G., PAULA, Jo\u00e3o A., CERQUEIRA, Hugo E. &amp; SUPRINYAK, Carlos E. (2016). &#8220;A Theory in the Making: Marx&#8217;s Drafts of Capital and the Notebooks on the Crisis of 1866&#8221;, <em>Science &amp; Society<\/em>\u00a080: 468-480.<\/p>\n<p>SUPRINYAK, Carlos E. (2014). &#8220;Interpreting a Crisis: trade and money debates in England during the parliament of 1621&#8221;,\u00a0<em>Hist\u00f3ria Econ\u00f4mica &amp; Hist\u00f3ria de Empresas<\/em>\u00a017: 85-113.<\/p>\n<p>PAULA, Jo\u00e3o A., CERQUEIRA, Hugo E., CUNHA, Alexandre M., SUPRINYAK, Carlos E., DEUS, Leonardo G. &amp; ALBUQUERQUE, Eduardo M. (2012). &#8220;Notes on a Crisis: the Exzerpthefte and Marx&#8217;s method of research and composition&#8221;, <em>The Review of Radical Political Economics\u00a0<\/em>45: 162-182.<\/p>\n<p>SUPRINYAK, Carlos E. (2011). &#8220;Merchants and Councilors: intellectual divergences in 17th century British economic thought&#8221;, <em>Nova Economia<\/em>\u00a021: 459-482.<\/p>\n<p>SUPRINYAK, Carlos E. (2009). &#8220;Torricelli, energia a vapor e o sentido tecnol\u00f3gico da revolu\u00e7\u00e3o cient\u00edfica&#8221;, <em>Revista de Economia Pol\u00edtica<\/em>\u00a029: 302-318.<\/p>\n<p>SUPRINYAK, Carlos E. (2009). &#8220;Moeda, tesouro e riqueza: uma anatomia conceitual do mercantilismo brit\u00e2nico do in\u00edcio do s\u00e9culo XVII&#8221;, <em>Estudos Econ\u00f4micos<\/em>\u00a039: 571-596.<\/p>\n<p>SUPRINYAK, Carlos E. (2008).\u00a0<em>Tropas em Marcha:<\/em> o mercado de animais de carga no centro-sul do Brasil imperial, S\u00e3o Paulo: Annablume.<\/p>\n<p>SUPRINYAK, Carlos E. (2008). &#8220;O mercado de animais de carga no centro-sul do Brasil imperial: novas evid\u00eancias&#8221;, <em>Estudos Econ\u00f4micos<\/em>\u00a038: 319-347.<\/p>\n<p>SUPRINYAK, Carlos E. (2008). &#8220;A economia pol\u00edtica da popula\u00e7\u00e3o: poder e demografia no pensamento econ\u00f4mico brit\u00e2nico do s\u00e9culo XVII&#8221;, <em>Economia e Sociedade<\/em>\u00a017: 383-402.<\/p>\n<p>SUPRINYAK, Carlos E. &amp; MARCONDES, Renato L. (2007). &#8220;Movimenta\u00e7\u00e3o de tropas no Centro-Sul da Col\u00f4nia: aspectos estruturais do mercado de animais na segunda metade do s\u00e9culo XVIII&#8221;, <em>Estudos Hist\u00f3ricos<\/em>\u00a040: 47-69.<\/p>\n<p>SUPRINYAK, Carlos E. (2006). &#8220;Tropas conduzidas pela barreira de Itapetininga e o comportamento do mercado de muares, 1854-69&#8221;, <em>Hist\u00f3ria Econ\u00f4mica &amp; Hist\u00f3ria de Empresas\u00a0<\/em>IX: 49-72.<\/p>\n","protected":false},"excerpt":{"rendered":"<p>SUPRINYAK, Carlos E. &#8220;Nicholas Georgescu-Roegen, Development Economist&#8221;,\u00a0Journal of the History of Economic Thought, forthcoming, 2022. SUPRINYAK, Carlos E. &amp; FERN\u00c1NDEZ, Ram\u00f3n G.\u00a0&#8220;The Vanderbilt Boys and the Modernization of Brazilian Economics&#8221;,\u00a0History of Political Economy, forthcoming, 2021. CUNHA, Alexandre M. &amp; SUPRINYAK, Carlos E. (eds.) (2020). Political Economy and International Order in Interwar Europe. New York: Palgrave &hellip; <a href=\"https:\/\/docentes.face.ufmg.br\/suprinyak\/publicacoes\/\" class=\"more-link\">Continuar lendo <span class=\"screen-reader-text\">Publica\u00e7\u00f5es<\/span><\/a><\/p>\n","protected":false},"author":40,"featured_media":0,"parent":0,"menu_order":0,"comment_status":"closed","ping_status":"closed","template":"","meta":{"_crdt_document":"","_exactmetrics_skip_tracking":false,"_exactmetrics_sitenote_active":false,"_exactmetrics_sitenote_note":"","_exactmetrics_sitenote_category":0,"footnotes":""},"class_list":["post-175","page","type-page","status-publish","hentry"],"_links":{"self":[{"href":"https:\/\/docentes.face.ufmg.br\/suprinyak\/wp-json\/wp\/v2\/pages\/175","targetHints":{"allow":["GET"]}}],"collection":[{"href":"https:\/\/docentes.face.ufmg.br\/suprinyak\/wp-json\/wp\/v2\/pages"}],"about":[{"href":"https:\/\/docentes.face.ufmg.br\/suprinyak\/wp-json\/wp\/v2\/types\/page"}],"author":[{"embeddable":true,"href":"https:\/\/docentes.face.ufmg.br\/suprinyak\/wp-json\/wp\/v2\/users\/40"}],"replies":[{"embeddable":true,"href":"https:\/\/docentes.face.ufmg.br\/suprinyak\/wp-json\/wp\/v2\/comments?post=175"}],"version-history":[{"count":3,"href":"https:\/\/docentes.face.ufmg.br\/suprinyak\/wp-json\/wp\/v2\/pages\/175\/revisions"}],"predecessor-version":[{"id":206,"href":"https:\/\/docentes.face.ufmg.br\/suprinyak\/wp-json\/wp\/v2\/pages\/175\/revisions\/206"}],"wp:attachment":[{"href":"https:\/\/docentes.face.ufmg.br\/suprinyak\/wp-json\/wp\/v2\/media?parent=175"}],"curies":[{"name":"wp","href":"https:\/\/api.w.org\/{rel}","templated":true}]}}