{"id":165,"date":"2020-07-18T10:43:30","date_gmt":"2020-07-18T13:43:30","guid":{"rendered":"http:\/\/docentes.face.ufmg.br\/suprinyak\/?page_id=165"},"modified":"2020-07-18T10:49:58","modified_gmt":"2020-07-18T13:49:58","slug":"formacao-e-distincoes-academicas","status":"publish","type":"page","link":"https:\/\/docentes.face.ufmg.br\/suprinyak\/formacao-e-distincoes-academicas\/","title":{"rendered":"Forma\u00e7\u00e3o e distin\u00e7\u00f5es acad\u00eamicas"},"content":{"rendered":"<p><strong>2018<br \/>\n<\/strong>Pesquisador Visitante<br \/>\n<em>Rockefeller Archive Center<\/em><\/p>\n<p><strong>2018<br \/>\n<\/strong>Visiting Research Fellow<br \/>\n<em>Center for the History of Political Economy, Duke University<\/em><\/p>\n<p><strong>2017<br \/>\n<\/strong>Fulbright Visiting Scholar<br \/>\n<em>Center for Latin American Studies, University of Chicago<\/em><\/p>\n<p><strong>2017<br \/>\n<\/strong>Pesquisador Visitante<br \/>\n<em>Triangle, Universit\u00e9 Lumi\u00e8re Lyon 2<\/em><\/p>\n<p><strong>2006 &#8211; 2010<\/strong><br \/>\nDoutorado em Economia<br \/>\n<em>Universidade Federal de Minas Gerais\u00a0(UFMG)<\/em>, com per\u00edodo sandu\u00edche no <em>Goldsmiths College, University of London<\/em><br \/>\nTese: <a href=\"http:\/\/www.bibliotecadigital.ufmg.br\/dspace\/handle\/1843\/AMSA-8G3NHA?show=full\">Moeda, mercadoria e crise mercantil: os debates econ\u00f4micos na Inglaterra durante a d\u00e9cada de 1620<\/a><br \/>\nOrientador:<b>\u00a0<\/b>Hugo E. A. da Gama Cerqueira<\/p>\n<p><strong>2004 &#8211; 2006<\/strong><br \/>\nMestrado em Economia, com \u00eanfase em Hist\u00f3ria Econ\u00f4mica<br \/>\n<em>Universidade Estadual Paulista J\u00falio de Mesquita Filho (Unesp)<\/em>, Faculdade de Ci\u00eancias e Letras de Araraquara<br \/>\nDisserta\u00e7\u00e3o: <a href=\"https:\/\/repositorio.unesp.br\/handle\/11449\/90035\">Com\u00e9rcio de animais de carga no Brasil imperial: uma an\u00e1lise quantitativa das tropas negociadas nas prov\u00edncias do Paran\u00e1 e S\u00e3o Paulo<\/a><br \/>\nOrientador: Renato Leite Marcondes<\/p>\n<p><strong>1999 &#8211; 2003<\/strong><br \/>\nGradua\u00e7\u00e3o em Ci\u00eancias Econ\u00f4micas<br \/>\n<em>Universidade Federal do Paran\u00e1 (UFPR)<\/em><br \/>\nMonografia: Novas concep\u00e7\u00f5es filos\u00f3ficas da era moderna e a fundamenta\u00e7\u00e3o te\u00f3rica da economia pol\u00edtica cl\u00e1ssica<br \/>\nOrientador: Ram\u00f3n Garc\u00eda Fern\u00e1ndez<\/p>\n","protected":false},"excerpt":{"rendered":"<p>2018 Pesquisador Visitante Rockefeller Archive Center 2018 Visiting Research Fellow Center for the History of Political Economy, Duke University 2017 Fulbright Visiting Scholar Center for Latin American Studies, University of Chicago 2017 Pesquisador Visitante Triangle, Universit\u00e9 Lumi\u00e8re Lyon 2 2006 &#8211; 2010 Doutorado em Economia Universidade Federal de Minas Gerais\u00a0(UFMG), com per\u00edodo sandu\u00edche no Goldsmiths &hellip; <a href=\"https:\/\/docentes.face.ufmg.br\/suprinyak\/formacao-e-distincoes-academicas\/\" class=\"more-link\">Continuar lendo <span class=\"screen-reader-text\">Forma\u00e7\u00e3o e distin\u00e7\u00f5es acad\u00eamicas<\/span><\/a><\/p>\n","protected":false},"author":40,"featured_media":0,"parent":0,"menu_order":0,"comment_status":"closed","ping_status":"closed","template":"","meta":{"_crdt_document":"","_exactmetrics_skip_tracking":false,"_exactmetrics_sitenote_active":false,"_exactmetrics_sitenote_note":"","_exactmetrics_sitenote_category":0,"footnotes":""},"class_list":["post-165","page","type-page","status-publish","hentry"],"_links":{"self":[{"href":"https:\/\/docentes.face.ufmg.br\/suprinyak\/wp-json\/wp\/v2\/pages\/165","targetHints":{"allow":["GET"]}}],"collection":[{"href":"https:\/\/docentes.face.ufmg.br\/suprinyak\/wp-json\/wp\/v2\/pages"}],"about":[{"href":"https:\/\/docentes.face.ufmg.br\/suprinyak\/wp-json\/wp\/v2\/types\/page"}],"author":[{"embeddable":true,"href":"https:\/\/docentes.face.ufmg.br\/suprinyak\/wp-json\/wp\/v2\/users\/40"}],"replies":[{"embeddable":true,"href":"https:\/\/docentes.face.ufmg.br\/suprinyak\/wp-json\/wp\/v2\/comments?post=165"}],"version-history":[{"count":2,"href":"https:\/\/docentes.face.ufmg.br\/suprinyak\/wp-json\/wp\/v2\/pages\/165\/revisions"}],"predecessor-version":[{"id":170,"href":"https:\/\/docentes.face.ufmg.br\/suprinyak\/wp-json\/wp\/v2\/pages\/165\/revisions\/170"}],"wp:attachment":[{"href":"https:\/\/docentes.face.ufmg.br\/suprinyak\/wp-json\/wp\/v2\/media?parent=165"}],"curies":[{"name":"wp","href":"https:\/\/api.w.org\/{rel}","templated":true}]}}