{"id":160,"date":"2020-07-18T10:35:58","date_gmt":"2020-07-18T13:35:58","guid":{"rendered":"http:\/\/docentes.face.ufmg.br\/suprinyak\/?page_id=160"},"modified":"2020-07-18T12:04:53","modified_gmt":"2020-07-18T15:04:53","slug":"ensino-2","status":"publish","type":"page","link":"https:\/\/docentes.face.ufmg.br\/suprinyak\/ensino-2\/","title":{"rendered":"Ensino"},"content":{"rendered":"<h5><strong>Gradua\u00e7\u00e3o<\/strong><\/h5>\n<ul>\n<li>De Paris a Maastricht: ideias, teorias e processos decis\u00f3rios<\/li>\n<li>Economia e Pol\u00edtica Internacional no Per\u00edodo Entre-Guerras<\/li>\n<li>Fundamentos Intelectuais da Economia Pol\u00edtica<\/li>\n<li>Economia e Sociedade<\/li>\n<li>Hist\u00f3ria da Moeda e do Cr\u00e9dito<\/li>\n<li>Hist\u00f3ria do Pensamento Econ\u00f4mico<\/li>\n<li>Hist\u00f3ria do Pensamento Econ\u00f4mico II<\/li>\n<li>Introdu\u00e7\u00e3o \u00e0 Ci\u00eancia Econ\u00f4mica<\/li>\n<li>Metodologia da Economia<\/li>\n<li>T\u00e9cnicas de Pesquisa<\/li>\n<li>Teorias do Com\u00e9rcio Internacional<\/li>\n<\/ul>\n<h5><strong>P\u00f3s-Gradua\u00e7\u00e3o<\/strong><\/h5>\n<ul>\n<li>Hist\u00f3ria da Moeda e do Cr\u00e9dito<\/li>\n<li>Hist\u00f3ria do Pensamento Econ\u00f4mico<\/li>\n<li>Historiografia<\/li>\n<li>Pensamento Econ\u00f4mico Contempor\u00e2neo<\/li>\n<li>Teorias de An\u00e1lise de Redes Sociais<\/li>\n<li>Economia e Pol\u00edtica Internacional no Per\u00edodo Entre-Guerras<\/li>\n<\/ul>\n","protected":false},"excerpt":{"rendered":"<p>Gradua\u00e7\u00e3o De Paris a Maastricht: ideias, teorias e processos decis\u00f3rios Economia e Pol\u00edtica Internacional no Per\u00edodo Entre-Guerras Fundamentos Intelectuais da Economia Pol\u00edtica Economia e Sociedade Hist\u00f3ria da Moeda e do Cr\u00e9dito Hist\u00f3ria do Pensamento Econ\u00f4mico Hist\u00f3ria do Pensamento Econ\u00f4mico II Introdu\u00e7\u00e3o \u00e0 Ci\u00eancia Econ\u00f4mica Metodologia da Economia T\u00e9cnicas de Pesquisa Teorias do Com\u00e9rcio Internacional P\u00f3s-Gradua\u00e7\u00e3o &hellip; <a href=\"https:\/\/docentes.face.ufmg.br\/suprinyak\/ensino-2\/\" class=\"more-link\">Continuar lendo <span class=\"screen-reader-text\">Ensino<\/span><\/a><\/p>\n","protected":false},"author":40,"featured_media":0,"parent":0,"menu_order":0,"comment_status":"closed","ping_status":"closed","template":"","meta":{"_crdt_document":"","_exactmetrics_skip_tracking":false,"_exactmetrics_sitenote_active":false,"_exactmetrics_sitenote_note":"","_exactmetrics_sitenote_category":0,"footnotes":""},"class_list":["post-160","page","type-page","status-publish","hentry"],"_links":{"self":[{"href":"https:\/\/docentes.face.ufmg.br\/suprinyak\/wp-json\/wp\/v2\/pages\/160","targetHints":{"allow":["GET"]}}],"collection":[{"href":"https:\/\/docentes.face.ufmg.br\/suprinyak\/wp-json\/wp\/v2\/pages"}],"about":[{"href":"https:\/\/docentes.face.ufmg.br\/suprinyak\/wp-json\/wp\/v2\/types\/page"}],"author":[{"embeddable":true,"href":"https:\/\/docentes.face.ufmg.br\/suprinyak\/wp-json\/wp\/v2\/users\/40"}],"replies":[{"embeddable":true,"href":"https:\/\/docentes.face.ufmg.br\/suprinyak\/wp-json\/wp\/v2\/comments?post=160"}],"version-history":[{"count":4,"href":"https:\/\/docentes.face.ufmg.br\/suprinyak\/wp-json\/wp\/v2\/pages\/160\/revisions"}],"predecessor-version":[{"id":200,"href":"https:\/\/docentes.face.ufmg.br\/suprinyak\/wp-json\/wp\/v2\/pages\/160\/revisions\/200"}],"wp:attachment":[{"href":"https:\/\/docentes.face.ufmg.br\/suprinyak\/wp-json\/wp\/v2\/media?parent=160"}],"curies":[{"name":"wp","href":"https:\/\/api.w.org\/{rel}","templated":true}]}}