{"id":150,"date":"2020-07-18T10:32:49","date_gmt":"2020-07-18T13:32:49","guid":{"rendered":"http:\/\/docentes.face.ufmg.br\/suprinyak\/?page_id=150"},"modified":"2020-07-18T10:33:44","modified_gmt":"2020-07-18T13:33:44","slug":"areas-de-atuacao","status":"publish","type":"page","link":"https:\/\/docentes.face.ufmg.br\/suprinyak\/areas-de-atuacao\/","title":{"rendered":"\u00c1reas de atua\u00e7\u00e3o"},"content":{"rendered":"<ol>\n<li>Hist\u00f3ria do Pensamento Econ\u00f4mico<\/li>\n<li>Metodologia da Economia<\/li>\n<li>Hist\u00f3ria Econ\u00f4mica<\/li>\n<li>Sociologia do Conhecimento Cient\u00edfico<\/li>\n<li>Sociologia Econ\u00f4mica<\/li>\n<\/ol>\n","protected":false},"excerpt":{"rendered":"<p>Hist\u00f3ria do Pensamento Econ\u00f4mico Metodologia da Economia Hist\u00f3ria Econ\u00f4mica Sociologia do Conhecimento Cient\u00edfico Sociologia Econ\u00f4mica<\/p>\n","protected":false},"author":40,"featured_media":0,"parent":0,"menu_order":0,"comment_status":"closed","ping_status":"closed","template":"","meta":{"_crdt_document":"","_exactmetrics_skip_tracking":false,"_exactmetrics_sitenote_active":false,"_exactmetrics_sitenote_note":"","_exactmetrics_sitenote_category":0,"footnotes":""},"class_list":["post-150","page","type-page","status-publish","hentry"],"_links":{"self":[{"href":"https:\/\/docentes.face.ufmg.br\/suprinyak\/wp-json\/wp\/v2\/pages\/150","targetHints":{"allow":["GET"]}}],"collection":[{"href":"https:\/\/docentes.face.ufmg.br\/suprinyak\/wp-json\/wp\/v2\/pages"}],"about":[{"href":"https:\/\/docentes.face.ufmg.br\/suprinyak\/wp-json\/wp\/v2\/types\/page"}],"author":[{"embeddable":true,"href":"https:\/\/docentes.face.ufmg.br\/suprinyak\/wp-json\/wp\/v2\/users\/40"}],"replies":[{"embeddable":true,"href":"https:\/\/docentes.face.ufmg.br\/suprinyak\/wp-json\/wp\/v2\/comments?post=150"}],"version-history":[{"count":1,"href":"https:\/\/docentes.face.ufmg.br\/suprinyak\/wp-json\/wp\/v2\/pages\/150\/revisions"}],"predecessor-version":[{"id":152,"href":"https:\/\/docentes.face.ufmg.br\/suprinyak\/wp-json\/wp\/v2\/pages\/150\/revisions\/152"}],"wp:attachment":[{"href":"https:\/\/docentes.face.ufmg.br\/suprinyak\/wp-json\/wp\/v2\/media?parent=150"}],"curies":[{"name":"wp","href":"https:\/\/api.w.org\/{rel}","templated":true}]}}