{"id":11,"date":"2016-06-09T14:21:05","date_gmt":"2016-06-09T17:21:05","guid":{"rendered":"http:\/\/docentes.face.ufmg.br\/john-doe\/?page_id=11"},"modified":"2020-07-18T10:49:50","modified_gmt":"2020-07-18T13:49:50","slug":"formacao","status":"publish","type":"page","link":"https:\/\/docentes.face.ufmg.br\/suprinyak\/en\/formacao\/","title":{"rendered":"Education and distinctions"},"content":{"rendered":"<p><strong>2018<br \/>\n<\/strong>Visiting Researcher<br \/>\n<em>Rockefeller Archive Center<\/em><\/p>\n<p><strong>2018<br \/>\n<\/strong>Visiting Research Fellow<br \/>\n<em>Center for the History of Political Economy, Duke University<\/em><\/p>\n<p><strong>2017<br \/>\n<\/strong>Fulbright Visiting Scholar<br \/>\n<em>Center for Latin American Studies, University of Chicago<\/em><\/p>\n<p><strong>2017<br \/>\n<\/strong>Visiting Researcher<br \/>\n<em>Triangle, Universit\u00e9 Lumi\u00e8re Lyon 2<\/em><\/p>\n<p><strong>2006 &#8211; 2010<\/strong><br \/>\nPhD in Economics<br \/>\n<em>Universidade Federal de Minas Gerais\u00a0(UFMG)<\/em>, with a period as Visiting Research Student at <em>Goldsmiths College, University of London\u00a0<\/em>(2008-09)<br \/>\nDissertation: <a href=\"http:\/\/www.bibliotecadigital.ufmg.br\/dspace\/handle\/1843\/AMSA-8G3NHA?show=full\">Money, Commodities, and Mercantile Crisis: Economic Debates in England During the 1620s<\/a><br \/>\nSupervisor:<b>\u00a0<\/b>Hugo E. A. da Gama Cerqueira<\/p>\n<p><strong>2004 &#8211; 2006<\/strong><br \/>\nMA in Economic History<br \/>\n<em>Universidade Estadual Paulista J\u00falio de Mesquita Filho (Unesp)<\/em>, Faculdade de Ci\u00eancias e Letras de Araraquara<br \/>\nThesis: <a href=\"https:\/\/repositorio.unesp.br\/handle\/11449\/90035\">The Beasts of Burden Trade in Imperial Brazil: A Quantitative Analysis of Herds Traded in the Provinces of Paran\u00e1 and S\u00e3o Paulo<\/a><br \/>\nSupervisor: Renato Leite Marcondes<\/p>\n<p><strong>1999 &#8211; 2003<\/strong><br \/>\nBA in Economics<br \/>\n<em>Universidade Federal do Paran\u00e1 (UFPR)<\/em><br \/>\nHonors Thesis: New Philosophical Concepts in the Modern Era and the Theoretical Foundation of Classical Political Economy<br \/>\nSupervisor: Ram\u00f3n Garc\u00eda Fern\u00e1ndez<\/p>\n","protected":false},"excerpt":{"rendered":"<p>2018 Visiting Researcher Rockefeller Archive Center 2018 Visiting Research Fellow Center for the History of Political Economy, Duke University 2017 Fulbright Visiting Scholar Center for Latin American Studies, University of Chicago 2017 Visiting Researcher Triangle, Universit\u00e9 Lumi\u00e8re Lyon 2 2006 &#8211; 2010 PhD in Economics Universidade Federal de Minas Gerais\u00a0(UFMG), with a period as Visiting &hellip; <a href=\"https:\/\/docentes.face.ufmg.br\/suprinyak\/en\/formacao\/\" class=\"more-link\">Continuar lendo <span class=\"screen-reader-text\">Education and distinctions<\/span><\/a><\/p>\n","protected":false},"author":1,"featured_media":0,"parent":0,"menu_order":0,"comment_status":"closed","ping_status":"closed","template":"","meta":{"_crdt_document":"","_exactmetrics_skip_tracking":false,"_exactmetrics_sitenote_active":false,"_exactmetrics_sitenote_note":"","_exactmetrics_sitenote_category":0,"footnotes":""},"class_list":["post-11","page","type-page","status-publish","hentry"],"_links":{"self":[{"href":"https:\/\/docentes.face.ufmg.br\/suprinyak\/wp-json\/wp\/v2\/pages\/11","targetHints":{"allow":["GET"]}}],"collection":[{"href":"https:\/\/docentes.face.ufmg.br\/suprinyak\/wp-json\/wp\/v2\/pages"}],"about":[{"href":"https:\/\/docentes.face.ufmg.br\/suprinyak\/wp-json\/wp\/v2\/types\/page"}],"author":[{"embeddable":true,"href":"https:\/\/docentes.face.ufmg.br\/suprinyak\/wp-json\/wp\/v2\/users\/1"}],"replies":[{"embeddable":true,"href":"https:\/\/docentes.face.ufmg.br\/suprinyak\/wp-json\/wp\/v2\/comments?post=11"}],"version-history":[{"count":10,"href":"https:\/\/docentes.face.ufmg.br\/suprinyak\/wp-json\/wp\/v2\/pages\/11\/revisions"}],"predecessor-version":[{"id":169,"href":"https:\/\/docentes.face.ufmg.br\/suprinyak\/wp-json\/wp\/v2\/pages\/11\/revisions\/169"}],"wp:attachment":[{"href":"https:\/\/docentes.face.ufmg.br\/suprinyak\/wp-json\/wp\/v2\/media?parent=11"}],"curies":[{"name":"wp","href":"https:\/\/api.w.org\/{rel}","templated":true}]}}