{"id":28,"date":"2016-06-09T14:40:27","date_gmt":"2016-06-09T17:40:27","guid":{"rendered":"http:\/\/docentes.face.ufmg.br\/john-doe\/?page_id=28"},"modified":"2025-01-18T15:27:30","modified_gmt":"2025-01-18T18:27:30","slug":"producao-bibliografica","status":"publish","type":"page","link":"https:\/\/docentes.face.ufmg.br\/sibelled\/producao-bibliografica\/","title":{"rendered":"Publica\u00e7\u00f5es recentes"},"content":{"rendered":"<h5>Artigos<\/h5>\n<div class=\"layout-cell layout-cell-11\">\n<div>\n<div class=\"artigo-completo\">\n<div class=\"layout-cell layout-cell-11\">\n<div class=\"layout-cell-pad-5\">\n<div class=\"artigo-completo\">\n<ul>\n<li><span class=\"transform\">SOUZA, Isabela B. ;\u00a0DINIZ, Sibelle C.\u00a0; FERNANDES, Bruno S. . Rela\u00e7\u00f5es de trabalho e g\u00eanero de mulheres em empreendimentos solid\u00e1rios no contexto da Pandemia de COVID-19. <em>ECON\u00d4MICA (NITER\u00d3I)<\/em>, v. 25, p. 138-168, 2024.<\/span><\/li>\n<\/ul>\n<\/div>\n<\/div>\n<\/div>\n<\/div>\n<div class=\"artigo-completo\">\n<div class=\"layout-cell layout-cell-11\">\n<div class=\"layout-cell-pad-5\">\n<div class=\"artigo-completo\">\n<ul>\n<li class=\"layout-cell layout-cell-11\"><span class=\"transform\">FERNANDES, Bruno S. ; POZZATO, Diogo G. ; TONUCCI FILHO, Jo\u00e3o Bosco M. ; DELGADO, Lara A. ; SEABRA, Layla L. G. P. ; FARIA, Nina F. ;\u00a0DINIZ, Sibelle C.\u00a0. OUTRAS ECONOMIAS NO ESPA\u00c7O UNIVERSIT\u00c1RIO: a experi\u00eancia da feira de economia popular e solid\u00e1ria da FACE\/UFMG. <em>REVISTA TOCANTINENSE DE GEOGRAFIA<\/em>, v. 13, p. 245-263, 2024.<\/span><\/li>\n<\/ul>\n<\/div>\n<div class=\"artigo-completo\">\n<ul>\n<li class=\"layout-cell layout-cell-11\"><span class=\"transform\">PAGLIOTO, Barbara F. ; ALVARES, Evelyn Cristine S. ; SANTOS, Jonathan P. F. B. ; SILVA, Priscila G. M. ;\u00a0DINIZ, Sibelle C.\u00a0; SILVEIRA, Tamires B. ; SILVA, Wellington Luiz . A\u00e7\u00f5es educativas no Espa\u00e7o do Conhecimento UFMG. <em>INTERFACES &#8211; REVISTA DE EXTENS\u00c3O DA UFMG<\/em>, v. 11, p. 214-233, 2023.<\/span><\/li>\n<\/ul>\n<\/div>\n<\/div>\n<\/div>\n<div class=\"layout-cell layout-cell-11\">\n<div class=\"layout-cell-pad-5\">\n<ul>\n<li class=\"artigo-completo\"><span class=\"transform\">FERNANDES, Bruno S. ; SILVA, Gabrielle L. ; ALMEIDA, Gabriel Henrique C. ; BARBOSA, Lucas F. ;\u00a0DINIZ, Sibelle C. ; SILVA, Thiago N. . Elabora\u00e7\u00e3o do \u00cdndice de Desenvolvimento Inclusivo para Cooperativas Solid\u00e1rias &#8211; IDICS. <em>MERCADO DE TRABALHO<\/em> (RIO DE JANEIRO. 1996), v. 75, p. 1-19, 2023.<\/span><\/li>\n<\/ul>\n<\/div>\n<\/div>\n<\/div>\n<\/div>\n<\/div>\n<h5>CAP\u00cdTULOS DE LIVROS<\/h5>\n<div class=\"layout-cell layout-cell-11\">\n<ul>\n<li class=\"layout-cell layout-cell-11\"><span class=\"transform\">FERNANDES, Bruno S. ;\u00a0DINIZ, Sibelle C.\u00a0. Outras economias, autogest\u00e3o e revolu\u00e7\u00e3o urbana: uma interpreta\u00e7\u00e3o lefebvreana da Feira de Economia Popular e Solid\u00e1ria da Face\/UFMG. In: Geraldo Costa; Heloisa Costa; Rita Velloso; Roberto Monte-M\u00f3r. (Org.). <em>Teorias e pr\u00e1ticas urbanas<\/em>: caminhos. 1ed.Belo Horizonte: Cosm\u00f3polis, 2024, v. 2, p. 456-471.<\/span><\/li>\n<\/ul>\n<div><\/div>\n<ul>\n<li class=\"layout-cell layout-cell-11\"><span class=\"transform\">DINIZ, Sibelle C.. Elementos para uma discuss\u00e3o contempor\u00e2nea da economia popular. In: Renato Balbim; M\u00f3nica Arroyo; Cristine Santiago. (Org.). <em>Brasil popular, circuitos da economia urbana e pol\u00edticas p\u00fablicas<\/em>. 1ed.Bras\u00edlia: Ipea, 2024, v. , p. 195-224.<\/span><\/li>\n<\/ul>\n<\/div>\n<div class=\"layout-cell layout-cell-11\">\n<div><\/div>\n<ul>\n<li class=\"layout-cell layout-cell-11\"><span class=\"transform\">FERNANDES, Bruno S. ;\u00a0DINIZ, Sibelle C.\u00a0. Para uma multiplica\u00e7\u00e3o dos imagin\u00e1rios e das formas de fazer economia: a experiencia do grupo de estudos, pesquisa e extens\u00e3o em economia popular e solid\u00e1ria da FACE\/UFMG &#8211; Colmeia. In: Viviana Leonardi; Mar\u00eda Emilia Estrada; Luc\u00eda Clara Banchieri. (Org.). <em>Procesos colectivos, vinculaci\u00f3n y tecnol\u00f3gica social en tiempos de pandemia<\/em>. 1ed.Bah\u00eda Blanca: Ediuns, 2023, v. 1, p. 16-20.<\/span><\/li>\n<\/ul>\n<div><\/div>\n<ul>\n<li class=\"layout-cell layout-cell-11\"><span class=\"transform\">DINIZ, Sibelle C.; TONUCCI FILHO, Jo\u00e3o Bosco M. . A economia popular no Brasil contempor\u00e2neo: Uma an\u00e1lise a partir dos Censos Demogr\u00e1ficos 2000 e 2010. In: Ver\u00f3nica Gago; Cristina Cielo; Nico Tassi. (Org.). <em>Econom\u00edas populares. Una cartograf\u00eda cr\u00edtica latinoamericana<\/em>. 1ed.Buenos Aires: CLACSO, 2023, v. , p. 123-160.<\/span><\/li>\n<\/ul>\n<\/div>\n<div class=\"layout-cell layout-cell-11\">\n<ul>\n<li class=\"layout-cell layout-cell-11\"><span class=\"transform\">FARIA, Diomira M. C. P. ;\u00a0DINIZ, Sibelle C.\u00a0; VILLANI, Carlos Eduardo P. ; GINO, Maur\u00edcio ; MANTOVANI, Camila . Espa\u00e7o do Conhecimento UFMG: presente e futuro. In: Meily Assb\u00fa Linhales; Rita de C\u00e1ssia Marques. (Org.). <em>Rede de Museus e Espa\u00e7os de Ci\u00eancias e Cultura da UFMG<\/em>: Percursos e Experi\u00eancias Formativas. 1ed.Belo Horizonte: Pr\u00f3-reitoria de extens\u00e3o da UFMG, 2023, v. , p. 75-90.<\/span><\/li>\n<\/ul>\n<\/div>\n","protected":false},"excerpt":{"rendered":"<p>Artigos SOUZA, Isabela B. ;\u00a0DINIZ, Sibelle C.\u00a0; FERNANDES, Bruno S. . Rela\u00e7\u00f5es de trabalho e g\u00eanero de mulheres em empreendimentos solid\u00e1rios no contexto da Pandemia de COVID-19. ECON\u00d4MICA (NITER\u00d3I), v. 25, p. 138-168, 2024. FERNANDES, Bruno S. ; POZZATO, Diogo G. ; TONUCCI FILHO, Jo\u00e3o Bosco M. ; DELGADO, Lara A. ; SEABRA, Layla L. &hellip; <a href=\"https:\/\/docentes.face.ufmg.br\/sibelled\/producao-bibliografica\/\" class=\"more-link\">Continuar lendo <span class=\"screen-reader-text\">Publica\u00e7\u00f5es recentes<\/span><\/a><\/p>\n","protected":false},"author":1,"featured_media":0,"parent":0,"menu_order":0,"comment_status":"closed","ping_status":"closed","template":"","meta":{"_crdt_document":"","_exactmetrics_skip_tracking":false,"_exactmetrics_sitenote_active":false,"_exactmetrics_sitenote_note":"","_exactmetrics_sitenote_category":0,"footnotes":""},"class_list":["post-28","page","type-page","status-publish","hentry"],"_links":{"self":[{"href":"https:\/\/docentes.face.ufmg.br\/sibelled\/wp-json\/wp\/v2\/pages\/28","targetHints":{"allow":["GET"]}}],"collection":[{"href":"https:\/\/docentes.face.ufmg.br\/sibelled\/wp-json\/wp\/v2\/pages"}],"about":[{"href":"https:\/\/docentes.face.ufmg.br\/sibelled\/wp-json\/wp\/v2\/types\/page"}],"author":[{"embeddable":true,"href":"https:\/\/docentes.face.ufmg.br\/sibelled\/wp-json\/wp\/v2\/users\/1"}],"replies":[{"embeddable":true,"href":"https:\/\/docentes.face.ufmg.br\/sibelled\/wp-json\/wp\/v2\/comments?post=28"}],"version-history":[{"count":29,"href":"https:\/\/docentes.face.ufmg.br\/sibelled\/wp-json\/wp\/v2\/pages\/28\/revisions"}],"predecessor-version":[{"id":225,"href":"https:\/\/docentes.face.ufmg.br\/sibelled\/wp-json\/wp\/v2\/pages\/28\/revisions\/225"}],"wp:attachment":[{"href":"https:\/\/docentes.face.ufmg.br\/sibelled\/wp-json\/wp\/v2\/media?parent=28"}],"curies":[{"name":"wp","href":"https:\/\/api.w.org\/{rel}","templated":true}]}}