{"id":2,"date":"2016-06-09T14:03:11","date_gmt":"2016-06-09T17:03:11","guid":{"rendered":"http:\/\/docentes.face.ufmg.br\/john-doe\/?page_id=2"},"modified":"2025-01-18T15:11:49","modified_gmt":"2025-01-18T18:11:49","slug":"sobre","status":"publish","type":"page","link":"https:\/\/docentes.face.ufmg.br\/sibelled\/","title":{"rendered":"Sobre"},"content":{"rendered":"<p><img loading=\"lazy\" decoding=\"async\" class=\"wp-image-84 alignright\" src=\"http:\/\/docentes.face.ufmg.br\/sibelled\/wp-content\/uploads\/sites\/36\/2017\/01\/sibelle-2-224x300.jpg\" width=\"141\" height=\"189\" srcset=\"https:\/\/docentes.face.ufmg.br\/sibelled\/wp-content\/uploads\/sites\/36\/2017\/01\/sibelle-2-224x300.jpg 224w, https:\/\/docentes.face.ufmg.br\/sibelled\/wp-content\/uploads\/sites\/36\/2017\/01\/sibelle-2-768x1027.jpg 768w, https:\/\/docentes.face.ufmg.br\/sibelled\/wp-content\/uploads\/sites\/36\/2017\/01\/sibelle-2-766x1024.jpg 766w, https:\/\/docentes.face.ufmg.br\/sibelled\/wp-content\/uploads\/sites\/36\/2017\/01\/sibelle-2-500x669.jpg 500w, https:\/\/docentes.face.ufmg.br\/sibelled\/wp-content\/uploads\/sites\/36\/2017\/01\/sibelle-2.jpg 997w\" sizes=\"auto, (max-width: 141px) 100vw, 141px\" \/><\/p>\n<p>Sibelle Diniz \u00e9 economista, doutora em Economia e professora do Cedeplar-Face\/UFMG. Atua em projetos de pesquisa, ensino e extens\u00e3o nos seguintes temas: economia social, economia popular e solid\u00e1ria, economia da cultura. Coordena o Grupo Colmeia, da Face\/UFMG, que desenvolve a\u00e7\u00f5es junto a iniciativas econ\u00f4micas populares na Regi\u00e3o Metropolitana de Belo Horizonte. Atua ainda na interface entre educa\u00e7\u00e3o e cultura, como diretora do Espa\u00e7o do Conhecimento UFMG.<\/p>\n<p>Link para o curr\u00edculo <em>lattes<\/em>:\u00a0<a href=\"http:\/\/lattes.cnpq.br\/5362625614948481\">http:\/\/lattes.cnpq.br\/5362625614948481<\/a><\/p>\n","protected":false},"excerpt":{"rendered":"<p>Sibelle Diniz \u00e9 economista, doutora em Economia e professora do Cedeplar-Face\/UFMG. Atua em projetos de pesquisa, ensino e extens\u00e3o nos seguintes temas: economia social, economia popular e solid\u00e1ria, economia da cultura. Coordena o Grupo Colmeia, da Face\/UFMG, que desenvolve a\u00e7\u00f5es junto a iniciativas econ\u00f4micas populares na Regi\u00e3o Metropolitana de Belo Horizonte. Atua ainda na interface &hellip; <a href=\"https:\/\/docentes.face.ufmg.br\/sibelled\/\" class=\"more-link\">Continuar lendo <span class=\"screen-reader-text\">Sobre<\/span><\/a><\/p>\n","protected":false},"author":1,"featured_media":0,"parent":0,"menu_order":0,"comment_status":"closed","ping_status":"closed","template":"","meta":{"_crdt_document":"","_exactmetrics_skip_tracking":false,"_exactmetrics_sitenote_active":false,"_exactmetrics_sitenote_note":"","_exactmetrics_sitenote_category":0,"footnotes":""},"class_list":["post-2","page","type-page","status-publish","hentry"],"_links":{"self":[{"href":"https:\/\/docentes.face.ufmg.br\/sibelled\/wp-json\/wp\/v2\/pages\/2","targetHints":{"allow":["GET"]}}],"collection":[{"href":"https:\/\/docentes.face.ufmg.br\/sibelled\/wp-json\/wp\/v2\/pages"}],"about":[{"href":"https:\/\/docentes.face.ufmg.br\/sibelled\/wp-json\/wp\/v2\/types\/page"}],"author":[{"embeddable":true,"href":"https:\/\/docentes.face.ufmg.br\/sibelled\/wp-json\/wp\/v2\/users\/1"}],"replies":[{"embeddable":true,"href":"https:\/\/docentes.face.ufmg.br\/sibelled\/wp-json\/wp\/v2\/comments?post=2"}],"version-history":[{"count":20,"href":"https:\/\/docentes.face.ufmg.br\/sibelled\/wp-json\/wp\/v2\/pages\/2\/revisions"}],"predecessor-version":[{"id":219,"href":"https:\/\/docentes.face.ufmg.br\/sibelled\/wp-json\/wp\/v2\/pages\/2\/revisions\/219"}],"wp:attachment":[{"href":"https:\/\/docentes.face.ufmg.br\/sibelled\/wp-json\/wp\/v2\/media?parent=2"}],"curies":[{"name":"wp","href":"https:\/\/api.w.org\/{rel}","templated":true}]}}