{"id":111,"date":"2017-01-20T16:44:55","date_gmt":"2017-01-20T18:44:55","guid":{"rendered":"http:\/\/docentes.face.ufmg.br\/sibelled\/?page_id=111"},"modified":"2025-01-18T15:13:04","modified_gmt":"2025-01-18T18:13:04","slug":"projetos-de-extensao","status":"publish","type":"page","link":"https:\/\/docentes.face.ufmg.br\/sibelled\/projetos-de-extensao\/","title":{"rendered":"Projetos de extens\u00e3o em andamento"},"content":{"rendered":"<div class=\"layout-cell layout-cell-3 text-align-right\">\n<div class=\"layout-cell layout-cell-3 text-align-right\">\n<div class=\"layout-cell layout-cell-3 text-align-right\">\n<div class=\"layout-cell-pad-5 text-align-right\"><b>2022 &#8211; Atual<\/b><\/div>\n<\/div>\n<div class=\"layout-cell layout-cell-9\">\n<div class=\"layout-cell-pad-5\"><strong>Espa\u00e7o do Conhecimento UFMG (Diretoria)<\/strong><\/div>\n<\/div>\n<div class=\"layout-cell layout-cell-3 text-align-right\">\n<div class=\"layout-cell-pad-5 text-align-right\"><\/div>\n<\/div>\n<div class=\"layout-cell layout-cell-9\">\n<div class=\"layout-cell-pad-5\">Descri\u00e7\u00e3o: O Espa\u00e7o do Conhecimento UFMG \u00e9 um espa\u00e7o cultural diferenciado, que conjuga cultura, ci\u00eancia e arte, sendo vinculado \u00e0 Pr\u00f3-Reitoria de Cultura da UFMG. Sua miss\u00e3o n\u00e3o se limita \u00e0 divulga\u00e7\u00e3o do conhecimento cient\u00edfico, mas tamb\u00e9m \u00e0 produ\u00e7\u00e3o e \u00e0 valoriza\u00e7\u00e3o de diversos saberes, trabalhando no sentido de propor linguagens inovadoras que combinam e fruem conte\u00fados de forma transdisciplinar. Aberto ao p\u00fablico em 2010, atualmente \u00e9 fruto de uma parceria entre o governo do Estado de Minas Gerais e a UFMG, com patroc\u00ednios via leis de incentivo \u00e0 cultura.<\/div>\n<\/div>\n<\/div>\n<\/div>\n<div>\n<p><a name=\"PP_A\u00e7\u00f5es Educativas e Acessibilidade no Espa\u00e7o do Conhecimento UFMG\"><\/a><\/p>\n<div class=\"layout-cell layout-cell-3 text-align-right\">\n<div class=\"layout-cell-pad-5 text-align-right\"><\/div>\n<\/div>\n<\/div>\n<div class=\"layout-cell layout-cell-3 text-align-right\">\n<div class=\"layout-cell-pad-5 text-align-right\"><b>2016 &#8211; Atual<\/b><\/div>\n<\/div>\n<div class=\"layout-cell layout-cell-9\">\n<div class=\"layout-cell-pad-5\"><strong>Colmeia &#8211; Grupo de estudos, pesquisa e extens\u00e3o em economia popular e solid\u00e1ria da FACE\/UFMG (Coordena\u00e7\u00e3o)<\/strong><\/div>\n<\/div>\n<div class=\"layout-cell layout-cell-3 text-align-right\">\n<div class=\"layout-cell-pad-5 text-align-right\">Descri\u00e7\u00e3o: O grupo Colmeia surgiu de uma iniciativa de estudantes da Faculdade de Ci\u00eancias Econ\u00f4micas da UFMG que decidiram se aprofundar na discuss\u00e3o te\u00f3rica e pr\u00e1tica sobre Economia Popular e Solid\u00e1ria. Atualmente, o grupo conta com professores, alunos de gradua\u00e7\u00e3o e p\u00f3s-gradua\u00e7\u00e3o de v\u00e1rios cursos da UFMG. O programa de extens\u00e3o tem como objetivo principal construir uma agenda de forma\u00e7\u00f5es e espa\u00e7os comuns dentro e fora da Universidade, a fim de compreender as pr\u00e1ticas e os desafios da produ\u00e7\u00e3o de base popular e solid\u00e1ria em Belo Horizonte e Regi\u00e3o Metropolitana, bem como construir uma rede de solidariedade junto aos empreendimentos, movimentos sociais e organiza\u00e7\u00f5es de apoio e fomento.<\/div>\n<\/div>\n<p><a name=\"PP_A\u00e7\u00f5es Educativas e Acessibilidade no Espa\u00e7o do Conhecimento UFMG\"><\/a><\/p>\n<div class=\"layout-cell layout-cell-3 text-align-right\">\n<div class=\"layout-cell layout-cell-3 text-align-right\">\n<div class=\"layout-cell-pad-5 text-align-right\"><b>2018 &#8211; Atual<\/b><\/div>\n<\/div>\n<div class=\"layout-cell layout-cell-9\">\n<div class=\"layout-cell-pad-5\"><strong>Feira de economia popular e solid\u00e1ria da Face\/UFMG (Cocoordena\u00e7`\u00e3o)<\/strong><\/div>\n<\/div>\n<div class=\"layout-cell layout-cell-9\">\n<div class=\"layout-cell-pad-5\">Descri\u00e7\u00e3o: A Feira de Economia Popular e Solid\u00e1ria da FACE\/UFMG \u00e9 o projeto de longa dura\u00e7\u00e3o do programa de extens\u00e3o Colmeia. O projeto re\u00fane no espa\u00e7o da Faculdade variados grupos de produ\u00e7\u00e3o que adotam pr\u00e1ticas da economia popular e solid\u00e1ria na RMBH, visando tanto incentivar a produ\u00e7\u00e3o desses agentes via comercializa\u00e7\u00e3o quanto pautar no espa\u00e7o da universidade a discuss\u00e3o sobre as outras economias, a seguran\u00e7a alimentar e o com\u00e9rcio justo.<\/div>\n<\/div>\n<\/div>\n<div class=\"layout-cell layout-cell-3 text-align-right\">\n<div class=\"layout-cell-pad-5 text-align-right\"><\/div>\n<\/div>\n<div class=\"layout-cell layout-cell-9\">\n<div class=\"layout-cell-pad-5\"><\/div>\n<\/div>\n","protected":false},"excerpt":{"rendered":"<p>2022 &#8211; Atual Espa\u00e7o do Conhecimento UFMG (Diretoria) Descri\u00e7\u00e3o: O Espa\u00e7o do Conhecimento UFMG \u00e9 um espa\u00e7o cultural diferenciado, que conjuga cultura, ci\u00eancia e arte, sendo vinculado \u00e0 Pr\u00f3-Reitoria de Cultura da UFMG. Sua miss\u00e3o n\u00e3o se limita \u00e0 divulga\u00e7\u00e3o do conhecimento cient\u00edfico, mas tamb\u00e9m \u00e0 produ\u00e7\u00e3o e \u00e0 valoriza\u00e7\u00e3o de diversos saberes, trabalhando no &hellip; <a href=\"https:\/\/docentes.face.ufmg.br\/sibelled\/projetos-de-extensao\/\" class=\"more-link\">Continuar lendo <span class=\"screen-reader-text\">Projetos de extens\u00e3o em andamento<\/span><\/a><\/p>\n","protected":false},"author":27,"featured_media":0,"parent":0,"menu_order":0,"comment_status":"closed","ping_status":"closed","template":"","meta":{"_crdt_document":"","_exactmetrics_skip_tracking":false,"_exactmetrics_sitenote_active":false,"_exactmetrics_sitenote_note":"","_exactmetrics_sitenote_category":0,"footnotes":""},"class_list":["post-111","page","type-page","status-publish","hentry"],"_links":{"self":[{"href":"https:\/\/docentes.face.ufmg.br\/sibelled\/wp-json\/wp\/v2\/pages\/111","targetHints":{"allow":["GET"]}}],"collection":[{"href":"https:\/\/docentes.face.ufmg.br\/sibelled\/wp-json\/wp\/v2\/pages"}],"about":[{"href":"https:\/\/docentes.face.ufmg.br\/sibelled\/wp-json\/wp\/v2\/types\/page"}],"author":[{"embeddable":true,"href":"https:\/\/docentes.face.ufmg.br\/sibelled\/wp-json\/wp\/v2\/users\/27"}],"replies":[{"embeddable":true,"href":"https:\/\/docentes.face.ufmg.br\/sibelled\/wp-json\/wp\/v2\/comments?post=111"}],"version-history":[{"count":13,"href":"https:\/\/docentes.face.ufmg.br\/sibelled\/wp-json\/wp\/v2\/pages\/111\/revisions"}],"predecessor-version":[{"id":220,"href":"https:\/\/docentes.face.ufmg.br\/sibelled\/wp-json\/wp\/v2\/pages\/111\/revisions\/220"}],"wp:attachment":[{"href":"https:\/\/docentes.face.ufmg.br\/sibelled\/wp-json\/wp\/v2\/media?parent=111"}],"curies":[{"name":"wp","href":"https:\/\/api.w.org\/{rel}","templated":true}]}}