{"id":108,"date":"2017-01-20T16:42:56","date_gmt":"2017-01-20T18:42:56","guid":{"rendered":"http:\/\/docentes.face.ufmg.br\/sibelled\/?page_id=108"},"modified":"2025-01-18T15:06:12","modified_gmt":"2025-01-18T18:06:12","slug":"projetos-de-pesquisa","status":"publish","type":"page","link":"https:\/\/docentes.face.ufmg.br\/sibelled\/projetos-de-pesquisa\/","title":{"rendered":"Projetos de pesquisa em andamento"},"content":{"rendered":"<div class=\"layout-cell layout-cell-3 text-align-right\">\n<div>\n<div class=\"layout-cell layout-cell-9\">\n<div>\n<div class=\"layout-cell layout-cell-3 text-align-right\">\n<div class=\"layout-cell-pad-5 text-align-right\">\n<div class=\"layout-cell layout-cell-3 text-align-right\">\n<div>\n<div class=\"layout-cell layout-cell-3 text-align-right\">\n<div class=\"layout-cell-pad-5 text-align-right\"><b>2023 &#8211; Atual<\/b><\/div>\n<\/div>\n<div class=\"layout-cell layout-cell-9\">\n<div class=\"layout-cell-pad-5\"><strong>Mapeamento e sistematiza\u00e7\u00e3o de mercados e feiras populares na RMBH (Coordena\u00e7\u00e3o)<\/strong><\/div>\n<\/div>\n<div class=\"layout-cell layout-cell-9\">\n<div class=\"layout-cell-pad-5\">Descri\u00e7\u00e3o: O projeto tem como objetivo mapear e sistematizar diferentes experi\u00eancias de mercados e feiras populares nos territ\u00f3rios da Regi\u00e3o Metropolitana de Belo Horizonte, compreendendo essas infraestruturas como parte fundamental dos processos de reprodu\u00e7\u00e3o social na metr\u00f3pole.<\/div>\n<\/div>\n<div>\u00a0<\/div>\n<\/div>\n<\/div>\n<\/div>\n<\/div>\n<\/div>\n<div>\n<p><a name=\"PP_A\u00e7\u00f5es Educativas e Acessibilidade no Espa\u00e7o do Conhecimento UFMG\"><\/a><\/p>\n<div class=\"layout-cell layout-cell-3 text-align-right\"><b>2017 &#8211; Atual<br \/><\/b><\/div>\n<\/div>\n<\/div>\n<div class=\"layout-cell layout-cell-3 text-align-right\"><strong>Estudo de p\u00fablico no Espa\u00e7o do Conhecimento UFMG (Coordena\u00e7\u00e3o)<\/strong><\/div>\n<div class=\"layout-cell layout-cell-3 text-align-right\">\n<div class=\"layout-cell-pad-5 text-align-right\">Descri\u00e7\u00e3o: O projeto prop\u00f5e a constru\u00e7\u00e3o e aplica\u00e7\u00e3o de metodologia de avalia\u00e7\u00e3o da visita ao Espa\u00e7o do Conhecimento UFMG pelos diversos p\u00fablicos: &#8211; professores e educadores de institui\u00e7\u00f5es p\u00fablicas e privadas que visitam o espa\u00e7o; &#8211; crian\u00e7as e adolescentes (sejam alunos ou visitantes isolados); &#8211; fam\u00edlias e grupos; &#8211; visitantes com necessidades especiais. O objetivo geral \u00e9 avaliar os perfis dos p\u00fablicos visitantes, bem como suas intera\u00e7\u00f5es com o museu, obtendo da\u00ed subs\u00eddios para os processos educativos e formativos que ocorrem nesse espa\u00e7o cultural.<\/div>\n<\/div>\n<div class=\"layout-cell layout-cell-9\">\n<div class=\"layout-cell-pad-5\">\u00a0<\/div>\n<\/div>\n<\/div>\n<div>\n<div class=\"layout-cell layout-cell-9\">\u00a0<\/div>\n<\/div>\n<\/div>\n<div class=\"layout-cell layout-cell-9\">\n<div class=\"layout-cell-pad-5\">\u00a0<\/div>\n<\/div>\n\n\n<p class=\"wp-block-paragraph\"><\/p>\n","protected":false},"excerpt":{"rendered":"<p>2023 &#8211; Atual Mapeamento e sistematiza\u00e7\u00e3o de mercados e feiras populares na RMBH (Coordena\u00e7\u00e3o) Descri\u00e7\u00e3o: O projeto tem como objetivo mapear e sistematizar diferentes experi\u00eancias de mercados e feiras populares nos territ\u00f3rios da Regi\u00e3o Metropolitana de Belo Horizonte, compreendendo essas infraestruturas como parte fundamental dos processos de reprodu\u00e7\u00e3o social na metr\u00f3pole. \u00a0 2017 &#8211; Atual &hellip; <a href=\"https:\/\/docentes.face.ufmg.br\/sibelled\/projetos-de-pesquisa\/\" class=\"more-link\">Continuar lendo <span class=\"screen-reader-text\">Projetos de pesquisa em andamento<\/span><\/a><\/p>\n","protected":false},"author":27,"featured_media":0,"parent":0,"menu_order":0,"comment_status":"closed","ping_status":"closed","template":"","meta":{"_crdt_document":"","_exactmetrics_skip_tracking":false,"_exactmetrics_sitenote_active":false,"_exactmetrics_sitenote_note":"","_exactmetrics_sitenote_category":0,"footnotes":""},"class_list":["post-108","page","type-page","status-publish","hentry"],"_links":{"self":[{"href":"https:\/\/docentes.face.ufmg.br\/sibelled\/wp-json\/wp\/v2\/pages\/108","targetHints":{"allow":["GET"]}}],"collection":[{"href":"https:\/\/docentes.face.ufmg.br\/sibelled\/wp-json\/wp\/v2\/pages"}],"about":[{"href":"https:\/\/docentes.face.ufmg.br\/sibelled\/wp-json\/wp\/v2\/types\/page"}],"author":[{"embeddable":true,"href":"https:\/\/docentes.face.ufmg.br\/sibelled\/wp-json\/wp\/v2\/users\/27"}],"replies":[{"embeddable":true,"href":"https:\/\/docentes.face.ufmg.br\/sibelled\/wp-json\/wp\/v2\/comments?post=108"}],"version-history":[{"count":15,"href":"https:\/\/docentes.face.ufmg.br\/sibelled\/wp-json\/wp\/v2\/pages\/108\/revisions"}],"predecessor-version":[{"id":216,"href":"https:\/\/docentes.face.ufmg.br\/sibelled\/wp-json\/wp\/v2\/pages\/108\/revisions\/216"}],"wp:attachment":[{"href":"https:\/\/docentes.face.ufmg.br\/sibelled\/wp-json\/wp\/v2\/media?parent=108"}],"curies":[{"name":"wp","href":"https:\/\/api.w.org\/{rel}","templated":true}]}}