{"id":36,"date":"2016-06-10T09:32:40","date_gmt":"2016-06-10T12:32:40","guid":{"rendered":"http:\/\/docentes.face.ufmg.br\/john-doe\/?page_id=36"},"modified":"2022-08-23T18:11:41","modified_gmt":"2022-08-23T21:11:41","slug":"currentcourses","status":"publish","type":"page","link":"https:\/\/docentes.face.ufmg.br\/rsmribeiro\/en\/currentcourses\/","title":{"rendered":"Current Courses"},"content":{"rendered":"\n<p class=\"wp-block-paragraph\"><strong>Econometria I<\/strong><\/p>\n\n\n\n<p class=\"wp-block-paragraph\">Modelos econom\u00e9tricos de equa\u00e7\u00e3o \u00fanica (an\u00e1lise de regress\u00e3o simples e m\u00faltipla). Modelos com vari\u00e1veis discretas (Logit, Probit e Tobit). Modelos econom\u00e9tricos de equa\u00e7\u00f5es simult\u00e2neas. Estima\u00e7\u00e3o de Vari\u00e1veis Instrumentais e M\u00ednimos Quadrados de Dois Est\u00e1gios<\/p>\n\n\n\n<p class=\"wp-block-paragraph\"><strong>Econometria II<\/strong><\/p>\n\n\n\n<p class=\"wp-block-paragraph\">Problemas de especifica\u00e7\u00e3o e de dados. Modelos econom\u00e9tricos simples e avan\u00e7ados com uso de dados de painel. Modelos econom\u00e9tricos din\u00e2micos. Econometria de s\u00e9ries temporais: an\u00e1lise cl\u00e1ssica, co-integra\u00e7\u00e3o e modelos ARIMA e VAR.<\/p>\n\n\n\n<p class=\"wp-block-paragraph\"><strong>Econometria de Dados em Painel<\/strong><\/p>\n\n\n\n<p class=\"wp-block-paragraph\">Modelos de dados em painel com regressores estritamente ex\u00f3genos: Efeitos Fixos e Efeitos Aleat\u00f3rios; Modelos de dados em painel din\u00e2micos com T curto: M\u00e9todo de Momentos Generalizados em Diferen\u00e7as e em Sistemas; Modelos de dados em painel heterog\u00eaneos: Estimador de Grupo M\u00e9dio e Estimador de Grupo M\u00e9dio Empilhado; Raiz unit\u00e1ria e cointegra\u00e7\u00e3o em dados de painel; Vetor autorregressivo com dados em painel. Os softwares econom\u00e9tricos utilizados s\u00e3o o STATA e o R.<\/p>\n\n\n\n<p class=\"wp-block-paragraph\"><strong>Economia Pol\u00edtica Comparada<\/strong><\/p>\n\n\n\n<p class=\"wp-block-paragraph\">T\u00f3picos cl\u00e1ssicos e contempor\u00e2neos sobre a rela\u00e7\u00e3o entre democracia e capitalismo, tais como transi\u00e7\u00e3o e consolida\u00e7\u00e3o democr\u00e1tica, autoritarismo, redistribui\u00e7\u00e3o, voto econ\u00f4mico, institui\u00e7\u00f5es, polariza\u00e7\u00e3o pol\u00edtica, grupos de interesse e coaliz\u00f5es.<\/p>\n\n\n\n<p class=\"wp-block-paragraph\"><strong>Introdu\u00e7\u00e3o a Economia<\/strong><\/p>\n\n\n\n<p class=\"wp-block-paragraph\">Princ\u00edpios de oferta e demanda: como funcionam os mercados; Aplica\u00e7\u00f5es: funcionamento dos principais mercados (mercado de bens, mercado de trabalho, com\u00e9rcio internacional, mercado financeiro e de c\u00e2mbio); Economia do Setor P\u00fablico: sistema tribut\u00e1rio, bens p\u00fablicos e externalidades; Organiza\u00e7\u00e3o Industrial: teoria da firma e estruturas de concorr\u00eancia; Economia de Longo Prazo: crescimento, poupan\u00e7a, investimento e emprego; Moeda e Bancos; Introdu\u00e7\u00e3o \u00e0 Macroeconomia Aberta; Economia de Curto Prazo: pol\u00edticas macroecon\u00f4micas.<\/p>\n\n\n\n<p class=\"wp-block-paragraph\"><strong>Com\u00e9rcio Internacional e Crescimento<\/strong><\/p>\n\n\n\n<p class=\"wp-block-paragraph\">Fundamentos e Modelos de Com\u00e9rcio Internacional. Abertura comercial e crescimento: an\u00e1lise emp\u00edrica. Pol\u00edtica Comercial e Economia Pol\u00edtica da Pol\u00edtica Comercial. Com\u00e9rcio e absor\u00e7\u00e3o de tecnologia. Com\u00e9rcio e Investimento Direto Estrangeiro.<\/p>\n","protected":false},"excerpt":{"rendered":"<p>Econometria I Modelos econom\u00e9tricos de equa\u00e7\u00e3o \u00fanica (an\u00e1lise de regress\u00e3o simples e m\u00faltipla). Modelos com vari\u00e1veis discretas (Logit, Probit e Tobit). Modelos econom\u00e9tricos de equa\u00e7\u00f5es simult\u00e2neas. Estima\u00e7\u00e3o de Vari\u00e1veis Instrumentais e M\u00ednimos Quadrados de Dois Est\u00e1gios Econometria II Problemas de especifica\u00e7\u00e3o e de dados. Modelos econom\u00e9tricos simples e avan\u00e7ados com uso de dados de painel. &hellip; <a href=\"https:\/\/docentes.face.ufmg.br\/rsmribeiro\/en\/currentcourses\/\" class=\"more-link\">Continuar lendo <span class=\"screen-reader-text\">Current Courses<\/span><\/a><\/p>\n","protected":false},"author":1,"featured_media":0,"parent":0,"menu_order":0,"comment_status":"closed","ping_status":"closed","template":"","meta":{"_crdt_document":"","_exactmetrics_skip_tracking":false,"_exactmetrics_sitenote_active":false,"_exactmetrics_sitenote_note":"","_exactmetrics_sitenote_category":0,"footnotes":""},"class_list":["post-36","page","type-page","status-publish","hentry"],"_links":{"self":[{"href":"https:\/\/docentes.face.ufmg.br\/rsmribeiro\/wp-json\/wp\/v2\/pages\/36","targetHints":{"allow":["GET"]}}],"collection":[{"href":"https:\/\/docentes.face.ufmg.br\/rsmribeiro\/wp-json\/wp\/v2\/pages"}],"about":[{"href":"https:\/\/docentes.face.ufmg.br\/rsmribeiro\/wp-json\/wp\/v2\/types\/page"}],"author":[{"embeddable":true,"href":"https:\/\/docentes.face.ufmg.br\/rsmribeiro\/wp-json\/wp\/v2\/users\/1"}],"replies":[{"embeddable":true,"href":"https:\/\/docentes.face.ufmg.br\/rsmribeiro\/wp-json\/wp\/v2\/comments?post=36"}],"version-history":[{"count":12,"href":"https:\/\/docentes.face.ufmg.br\/rsmribeiro\/wp-json\/wp\/v2\/pages\/36\/revisions"}],"predecessor-version":[{"id":222,"href":"https:\/\/docentes.face.ufmg.br\/rsmribeiro\/wp-json\/wp\/v2\/pages\/36\/revisions\/222"}],"wp:attachment":[{"href":"https:\/\/docentes.face.ufmg.br\/rsmribeiro\/wp-json\/wp\/v2\/media?parent=36"}],"curies":[{"name":"wp","href":"https:\/\/api.w.org\/{rel}","templated":true}]}}