{"id":2,"date":"2016-06-09T14:03:11","date_gmt":"2016-06-09T17:03:11","guid":{"rendered":"http:\/\/docentes.face.ufmg.br\/john-doe\/?page_id=2"},"modified":"2022-08-23T18:18:23","modified_gmt":"2022-08-23T21:18:23","slug":"sobre","status":"publish","type":"page","link":"https:\/\/docentes.face.ufmg.br\/rsmribeiro\/en\/sobre\/","title":{"rendered":"Home"},"content":{"rendered":"<pre>RAFAEL S.M. RIBEIRO\nProfessor Adjunto Faculdade de Ci\u00eancias Econ\u00f4micas | Centro de Desenvolvimento e Planejamento Regional\nCoordenador do Programa de P\u00f3s-Gradua\u00e7\u00e3o em Economia do Centro de Desenvolvimento e Planejamento Regional\n<a href=\"http:\/\/www.face.ufmg.br\/\">Faculdade de Ci\u00eancias Econ\u00f4micas (FACE)<\/a> | <a href=\"http:\/\/www.cedeplar.ufmg.br\/\">Centro de Desenvolvimento e Planejamento Regional (CEDEPLAR)<\/a>\n<a href=\"https:\/\/ufmg.br\/\">UNIVERSIDADE FEDERAL DE MINAS GERAIS<\/a> \nAv. Pres. Antonio Carlos, 6627 | Belo Horizonte MG 31270-901\nSala 3007 \n<strong>T<\/strong> +55 31 3409 7081 | <strong>C<\/strong> +55 31 9 9808 4097 \n<strong>E<\/strong> <a href=\"mailto:rsmribeiro@cedeplar.ufmg.br\" target=\"_blank\" rel=\"noopener\">rsmribeiro@cedeplar.ufmg.br<\/a> | <a href=\"https:\/\/docentes.face.ufmg.br\/rsmribeiro\/\" target=\"_blank\" rel=\"noopener\">Cedeplar<\/a> \n<a href=\"https:\/\/scholar.google.com.br\/citations?user=ZkfRBnsAAAAJ&amp;hl=en\" target=\"_blank\" rel=\"noopener\">Google Scholar<\/a> | <a href=\"https:\/\/orcid.org\/0000-0002-2355-2460\" target=\"_blank\" rel=\"noopener\">ORCID<\/a> | <a href=\"http:\/\/buscatextual.cnpq.br\/buscatextual\/visualizacv.do?metodo=apresentar&amp;id=K4403506A0\" target=\"_blank\" rel=\"noopener\">Lattes<\/a>\n\n\n\n\nRAFAEL S.M. RIBEIRO\n<a href=\"http:\/\/www.face.ufmg.br\/\">Faculty of Economics (FACE)<\/a> |\u00a0<a href=\"http:\/\/www.cedeplar.ufmg.br\/\">Center for Development and Regional Planning (Cedeplar)<\/a>\n<a href=\"https:\/\/ufmg.br\/\">Federal University of Minas Gerais (UFMG)<\/a>, Brazil<\/pre>\n","protected":false},"excerpt":{"rendered":"<p>RAFAEL S.M. RIBEIRO Professor Adjunto Faculdade de Ci\u00eancias Econ\u00f4micas | Centro de Desenvolvimento e Planejamento Regional Coordenador do Programa de P\u00f3s-Gradua\u00e7\u00e3o em Economia do Centro de Desenvolvimento e Planejamento Regional Faculdade de Ci\u00eancias Econ\u00f4micas (FACE) | Centro de Desenvolvimento e Planejamento Regional (CEDEPLAR) UNIVERSIDADE FEDERAL DE MINAS GERAIS Av. Pres. Antonio Carlos, 6627 | Belo &hellip; <a href=\"https:\/\/docentes.face.ufmg.br\/rsmribeiro\/en\/sobre\/\" class=\"more-link\">Continuar lendo <span class=\"screen-reader-text\">Home<\/span><\/a><\/p>\n","protected":false},"author":54,"featured_media":0,"parent":0,"menu_order":0,"comment_status":"closed","ping_status":"closed","template":"","meta":{"_crdt_document":"","_exactmetrics_skip_tracking":false,"_exactmetrics_sitenote_active":false,"_exactmetrics_sitenote_note":"","_exactmetrics_sitenote_category":0,"footnotes":""},"class_list":["post-2","page","type-page","status-publish","hentry"],"_links":{"self":[{"href":"https:\/\/docentes.face.ufmg.br\/rsmribeiro\/wp-json\/wp\/v2\/pages\/2","targetHints":{"allow":["GET"]}}],"collection":[{"href":"https:\/\/docentes.face.ufmg.br\/rsmribeiro\/wp-json\/wp\/v2\/pages"}],"about":[{"href":"https:\/\/docentes.face.ufmg.br\/rsmribeiro\/wp-json\/wp\/v2\/types\/page"}],"author":[{"embeddable":true,"href":"https:\/\/docentes.face.ufmg.br\/rsmribeiro\/wp-json\/wp\/v2\/users\/54"}],"replies":[{"embeddable":true,"href":"https:\/\/docentes.face.ufmg.br\/rsmribeiro\/wp-json\/wp\/v2\/comments?post=2"}],"version-history":[{"count":20,"href":"https:\/\/docentes.face.ufmg.br\/rsmribeiro\/wp-json\/wp\/v2\/pages\/2\/revisions"}],"predecessor-version":[{"id":226,"href":"https:\/\/docentes.face.ufmg.br\/rsmribeiro\/wp-json\/wp\/v2\/pages\/2\/revisions\/226"}],"wp:attachment":[{"href":"https:\/\/docentes.face.ufmg.br\/rsmribeiro\/wp-json\/wp\/v2\/media?parent=2"}],"curies":[{"name":"wp","href":"https:\/\/api.w.org\/{rel}","templated":true}]}}