{"id":2,"date":"2016-06-09T14:03:11","date_gmt":"2016-06-09T17:03:11","guid":{"rendered":"http:\/\/docentes.face.ufmg.br\/john-doe\/?page_id=2"},"modified":"2017-11-23T22:42:57","modified_gmt":"2017-11-24T00:42:57","slug":"sobre","status":"publish","type":"page","link":"https:\/\/docentes.face.ufmg.br\/rodrigosimoes\/","title":{"rendered":"Sobre"},"content":{"rendered":"<p>Rodrigo Ferreira Sim\u00f5es (1966 &#8211; 2016) foi\u00a0Professor do Departamento de Ci\u00eancias Econ\u00f4micas da Universidade Federal de Minas Gerais entre 2003 e 2016 e professor da Pontif\u00edcia Universidade Cat\u00f3lica de Minas Gerais entre 1993 e 2003.<\/p>\n<p>Graduado em Ci\u00eancias Econ\u00f4micas na UFMG,\u00a0se formou doutor em Economia pela Universidade Estadual de Campinas. Foi Visiting Scholar no Land Economy Department da University of Cambridge, Reino Unido, nos per\u00edodos entre 1999-2000 e 2007-2008. Foi Associate Researcher no Departament of Geography and Environment da London School of Economics and Political Science (LSE) em London-UK entre 2007-2008.<\/p>\n<p>Na UFMG foi tamb\u00e9m chefe do Departamento de Ci\u00eancias Econ\u00f4micas entre 2009 e 2012 e Vice-Diretor do Centro de Desenvolvimento e Planejamento Regional (CEDEPLAR) entre 2014 e 2016.<\/p>\n<p>Foi Presidente da Associa\u00e7\u00e3o Nacional de P\u00f3s-gradua\u00e7\u00e3o e Pesquisa em Planejamento Urbano e Regional (ANPUR) para o bi\u00eanio 2015-2016, tendo sido do Conselho Fiscal da mesma Associa\u00e7\u00e3o nos bi\u00eanios 2005-2007 e 2009-2011 e Diretor para o bi\u00eanio 2013-2015. Editor-Associado da Revista Brasileira de Inova\u00e7\u00e3o e Membro do Conselho Gestor da Revista Planejamento e Pol\u00edticas Regionais. S\u00f3cio-Fundador e Membro Titular do Conselho Cient\u00edfico da Associa\u00e7\u00e3o Brasileira de Estudos Regionais &#8211; Se\u00e7\u00e3o Brasileira da Regional Science Association International. Na Associa\u00e7\u00e3o Brasileira de Estudos Populacionais (ABEP) foi membro fundador do Grupo de Trabalho em Popula\u00e7\u00e3o e Piano.<\/p>\n<p>Publicou dezenas de artigos em peri\u00f3dicos especializados e trabalhos completos em anais de eventos. Possui cap\u00edtulos de livros e um livro publicados. Orientou disserta\u00e7\u00f5es de mestrado, teses de doutorado, al\u00e9m de mais de dezenas trabalhos de inicia\u00e7\u00e3o cient\u00edfica e de conclus\u00e3o de curso na \u00e1rea de Economia. Recebeu diversos pr\u00eamios e homenagens acad\u00eamicas.<\/p>\n","protected":false},"excerpt":{"rendered":"<p>Rodrigo Ferreira Sim\u00f5es (1966 &#8211; 2016) foi\u00a0Professor do Departamento de Ci\u00eancias Econ\u00f4micas da Universidade Federal de Minas Gerais entre 2003 e 2016 e professor da Pontif\u00edcia Universidade Cat\u00f3lica de Minas Gerais entre 1993 e 2003. Graduado em Ci\u00eancias Econ\u00f4micas na UFMG,\u00a0se formou doutor em Economia pela Universidade Estadual de Campinas. Foi Visiting Scholar no Land &hellip; <a href=\"https:\/\/docentes.face.ufmg.br\/rodrigosimoes\/\" class=\"more-link\">Continuar lendo <span class=\"screen-reader-text\">Sobre<\/span><\/a><\/p>\n","protected":false},"author":1,"featured_media":0,"parent":0,"menu_order":0,"comment_status":"closed","ping_status":"closed","template":"","meta":{"_crdt_document":"","_exactmetrics_skip_tracking":false,"_exactmetrics_sitenote_active":false,"_exactmetrics_sitenote_note":"","_exactmetrics_sitenote_category":0,"footnotes":""},"class_list":["post-2","page","type-page","status-publish","hentry"],"_links":{"self":[{"href":"https:\/\/docentes.face.ufmg.br\/rodrigosimoes\/wp-json\/wp\/v2\/pages\/2","targetHints":{"allow":["GET"]}}],"collection":[{"href":"https:\/\/docentes.face.ufmg.br\/rodrigosimoes\/wp-json\/wp\/v2\/pages"}],"about":[{"href":"https:\/\/docentes.face.ufmg.br\/rodrigosimoes\/wp-json\/wp\/v2\/types\/page"}],"author":[{"embeddable":true,"href":"https:\/\/docentes.face.ufmg.br\/rodrigosimoes\/wp-json\/wp\/v2\/users\/1"}],"replies":[{"embeddable":true,"href":"https:\/\/docentes.face.ufmg.br\/rodrigosimoes\/wp-json\/wp\/v2\/comments?post=2"}],"version-history":[{"count":15,"href":"https:\/\/docentes.face.ufmg.br\/rodrigosimoes\/wp-json\/wp\/v2\/pages\/2\/revisions"}],"predecessor-version":[{"id":133,"href":"https:\/\/docentes.face.ufmg.br\/rodrigosimoes\/wp-json\/wp\/v2\/pages\/2\/revisions\/133"}],"wp:attachment":[{"href":"https:\/\/docentes.face.ufmg.br\/rodrigosimoes\/wp-json\/wp\/v2\/media?parent=2"}],"curies":[{"name":"wp","href":"https:\/\/api.w.org\/{rel}","templated":true}]}}