{"id":11,"date":"2016-06-09T14:21:05","date_gmt":"2016-06-09T17:21:05","guid":{"rendered":"http:\/\/docentes.face.ufmg.br\/john-doe\/?page_id=11"},"modified":"2017-11-23T22:32:10","modified_gmt":"2017-11-24T00:32:10","slug":"formacao","status":"publish","type":"page","link":"https:\/\/docentes.face.ufmg.br\/rodrigosimoes\/formacao\/","title":{"rendered":"Forma\u00e7\u00e3o"},"content":{"rendered":"<div class=\"title-wrapper\">\n<h2>Forma\u00e7\u00e3o acad\u00eamica\/titula\u00e7\u00e3o<\/h2>\n<hr class=\"separator\" \/>\n<div class=\"layout-cell layout-cell-12 data-cell\">\n<div class=\"layout-cell layout-cell-3 text-align-right\">\n<div class=\"layout-cell-pad-5 text-align-right\"><b>1998 &#8211; 2003<\/b><\/div>\n<\/div>\n<div class=\"layout-cell layout-cell-9\">\n<div class=\"layout-cell-pad-5\">Doutorado em Ci\u00eancia Econ\u00f4mica<span class=\"ajaxCAPES\">s<\/span>\u00a0<br class=\"clear\" \/>Universidade Estadual de Campinas, UNICAMP, Brasil,\u00a0<br class=\"clear\" \/>com per\u00edodo sandu\u00edche na University of Cambridge (Orientador: Professor Bernard Fingleton).<\/div>\n<div><\/div>\n<div class=\"layout-cell-pad-5\">T\u00edtulo: <em>Localiza\u00e7\u00e3o Industrial e Rela\u00e7\u00f5es Intersetoriais: uma an\u00e1lise de fuzzy cluster para Minas Gerais<\/em><br class=\"clear\" \/>Orientadora: Angela Antonia Kageyama.<\/div>\n<div class=\"layout-cell-pad-5\"><b>1985 &#8211; 1988<\/b><\/div>\n<\/div>\n<div class=\"layout-cell layout-cell-9\">\n<div class=\"layout-cell-pad-5\">Gradua\u00e7\u00e3o em Ci\u00eancias Econ\u00f4micas. <br class=\"clear\" \/>Universidade Federal de Minas Gerais, UFMG, Brasil.<\/div>\n<\/div>\n<\/div>\n<\/div>\n<p>&nbsp;<\/p>\n<div class=\"title-wrapper\">\n<h2>P\u00f3s-doutorado<\/h2>\n<hr class=\"separator\" \/>\n<div class=\"layout-cell layout-cell-12 data-cell\">\n<div class=\"layout-cell layout-cell-3 text-align-right\">\n<div class=\"layout-cell-pad-5 text-align-right\"><b>2008 &#8211; 2008<\/b><\/div>\n<\/div>\n<div class=\"layout-cell layout-cell-9\">\n<div class=\"layout-cell-pad-5\">P\u00f3s-Doutorado. <br class=\"clear\" \/>London School of Economics, LSE, Inglaterra.<\/div>\n<\/div>\n<div class=\"layout-cell layout-cell-3 text-align-right\">\n<div class=\"layout-cell-pad-5 text-align-right\"><b>2007 &#8211; 2007<\/b><\/div>\n<\/div>\n<div class=\"layout-cell layout-cell-9\">\n<div class=\"layout-cell-pad-5\">P\u00f3s-Doutorado. <br class=\"clear\" \/>University of Cambridge, CAMBRIDGE, Gr\u00e3-Bretanha.<\/div>\n<\/div>\n<\/div>\n<\/div>\n","protected":false},"excerpt":{"rendered":"<p>Forma\u00e7\u00e3o acad\u00eamica\/titula\u00e7\u00e3o 1998 &#8211; 2003 Doutorado em Ci\u00eancia Econ\u00f4micas\u00a0Universidade Estadual de Campinas, UNICAMP, Brasil,\u00a0com per\u00edodo sandu\u00edche na University of Cambridge (Orientador: Professor Bernard Fingleton). T\u00edtulo: Localiza\u00e7\u00e3o Industrial e Rela\u00e7\u00f5es Intersetoriais: uma an\u00e1lise de fuzzy cluster para Minas GeraisOrientadora: Angela Antonia Kageyama. 1985 &#8211; 1988 Gradua\u00e7\u00e3o em Ci\u00eancias Econ\u00f4micas. Universidade Federal de Minas Gerais, UFMG, Brasil. &hellip; <a href=\"https:\/\/docentes.face.ufmg.br\/rodrigosimoes\/formacao\/\" class=\"more-link\">Continuar lendo <span class=\"screen-reader-text\">Forma\u00e7\u00e3o<\/span><\/a><\/p>\n","protected":false},"author":1,"featured_media":0,"parent":0,"menu_order":0,"comment_status":"closed","ping_status":"closed","template":"","meta":{"_crdt_document":"","_exactmetrics_skip_tracking":false,"_exactmetrics_sitenote_active":false,"_exactmetrics_sitenote_note":"","_exactmetrics_sitenote_category":0,"footnotes":""},"class_list":["post-11","page","type-page","status-publish","hentry"],"_links":{"self":[{"href":"https:\/\/docentes.face.ufmg.br\/rodrigosimoes\/wp-json\/wp\/v2\/pages\/11","targetHints":{"allow":["GET"]}}],"collection":[{"href":"https:\/\/docentes.face.ufmg.br\/rodrigosimoes\/wp-json\/wp\/v2\/pages"}],"about":[{"href":"https:\/\/docentes.face.ufmg.br\/rodrigosimoes\/wp-json\/wp\/v2\/types\/page"}],"author":[{"embeddable":true,"href":"https:\/\/docentes.face.ufmg.br\/rodrigosimoes\/wp-json\/wp\/v2\/users\/1"}],"replies":[{"embeddable":true,"href":"https:\/\/docentes.face.ufmg.br\/rodrigosimoes\/wp-json\/wp\/v2\/comments?post=11"}],"version-history":[{"count":15,"href":"https:\/\/docentes.face.ufmg.br\/rodrigosimoes\/wp-json\/wp\/v2\/pages\/11\/revisions"}],"predecessor-version":[{"id":128,"href":"https:\/\/docentes.face.ufmg.br\/rodrigosimoes\/wp-json\/wp\/v2\/pages\/11\/revisions\/128"}],"wp:attachment":[{"href":"https:\/\/docentes.face.ufmg.br\/rodrigosimoes\/wp-json\/wp\/v2\/media?parent=11"}],"curies":[{"name":"wp","href":"https:\/\/api.w.org\/{rel}","templated":true}]}}