{"id":100,"date":"2017-10-25T17:34:03","date_gmt":"2017-10-25T19:34:03","guid":{"rendered":"http:\/\/docentes.face.ufmg.br\/rodrigosimoes\/?page_id=100"},"modified":"2019-09-19T19:38:07","modified_gmt":"2019-09-19T22:38:07","slug":"homenagem","status":"publish","type":"page","link":"https:\/\/docentes.face.ufmg.br\/rodrigosimoes\/homenagem\/","title":{"rendered":"Homenagem"},"content":{"rendered":"<p class=\"western\" align=\"JUSTIFY\"><span lang=\"pt-BR\">Em 19 de agosto de 2016, aos 50 anos de idade, faleceu no Rio de Janeiro o professor Rodrigo Ferreira Sim\u00f5es. <\/span><\/p>\n<p class=\"western\" align=\"JUSTIFY\"><span lang=\"pt-BR\">Nascido em Belo Horizonte, Rodrigo era casado com Tereza Bruzzi e pai de In\u00e1cio. Era filho do saudoso Seu David e de Dona Maria e irm\u00e3o de Gustavo e Leandro. De fam\u00edlia origin\u00e1ria \u201cdos Pains\u201d (interior de Minas) suas disciplinas e pesquisa sempre tiveram forte capacidade de motivar a discuss\u00e3o e an\u00e1lise de redes urbanas, regionaliza\u00e7\u00e3o e polariza\u00e7\u00e3o. \u201cMeus mortos s\u00f3 morrem em Divin\u00f3polis ou, se a complexidade \u00e9 muita, em Belo Horizonte\u201d. <\/span><\/p>\n<p class=\"western\" align=\"JUSTIFY\"><span lang=\"pt-BR\">Rodrigo fez gradua\u00e7\u00e3o em Economia na Faculdade de Ci\u00eancias Econ\u00f4micas da UFMG, e doutorado em Economia pela Universidade Estadual de Campinas no per\u00edodo de 1998-2003. Iniciou sua carreira docente ainda muito jovem, como professor da Pontif\u00edcia Universidade Cat\u00f3lica de Minas Gerais. Em 2003 fez concurso para professor do departamento de Economia da UFMG, onde construiu sua carreira acad\u00eamica com forte concentra\u00e7\u00e3o na \u00e1rea de Economia Regional e Urbana. <\/span><\/p>\n<p class=\"western\" align=\"JUSTIFY\"><span lang=\"pt-BR\">Rodrigo foi um dos economistas regionais mais inspiradores do pa\u00eds, sendo conhecido por ser um artista em sala de aula e se tornou refer\u00eancia entre alunos e colegas, distribuindo suas m\u00e1ximas e acumulando premia\u00e7\u00f5es e reconhecimentos diversos. <\/span><\/p>\n<p class=\"western\" align=\"JUSTIFY\"><span lang=\"pt-BR\">Com presen\u00e7a marcante na ANPUR, exerceu sua presid\u00eancia em 2015-16, foi diretor de 2013 a 2015 e membro do conselho fiscal entre 2005 e 2007 e de 2009 a 2011. Era ainda vice-diretor do Centro de Desenvolvimento e Planejamento Regional (CEDEPLAR) \u2013 UFMG desde 2014 e foi um dos membros fundadores da Associa\u00e7\u00e3o Brasileira de Estudos Regionais (ABER). <\/span><\/p>\n<p class=\"western\" align=\"JUSTIFY\"><span lang=\"pt-BR\">Com imenso zelo pelas institui\u00e7\u00f5es, se manifestava constantemente preocupado com a \u201cexacerba\u00e7\u00e3o sem precedentes de intoler\u00e2ncia, de preconceito, de rejei\u00e7\u00e3o \u00e0 diversidade\u201d no \u00e2mbito global e tamb\u00e9m com o momento de crise pol\u00edtica institucional no Brasil, em que \u201cvalores e princ\u00edpios b\u00e1sicos da vida republicana e democr\u00e1tica est\u00e3o sendo amea\u00e7ados de forma sistem\u00e1tica\u201d. Orientador nato em todas as dimens\u00f5es da vida acad\u00eamica \u2013 e em tantas outras fora dela \u2013 transferiu para as novas gera\u00e7\u00f5es a primazia da dedica\u00e7\u00e3o \u00e0 dimens\u00e3o institucional da vida universit\u00e1ria, caminho que trilhou de maneira singular.<\/span><\/p>\n<p class=\"western\" align=\"JUSTIFY\"><span lang=\"pt-BR\">Transdisciplinar de forma\u00e7\u00e3o, Rodrigo transitava confortavelmente pelos encontros internacionais, nacionais e regionais das mais diversas associa\u00e7\u00f5es, inclusive ANPEC. Foi membro fundador do GT Popula\u00e7\u00e3o e Piano na ABEP, em cujos encontros podia-se ouvi-lo cantar junto a seus colegas de GT.<\/span><\/p>\n<p class=\"western\" align=\"JUSTIFY\"><span lang=\"pt-BR\">Rodrigo nutria verdadeira paix\u00e3o por todas modalidades esportivas e por isso se gabava de ser \u201cpolidesportivo\u201d. Quando jovem, foi \u00e1rbitro de handebol de n\u00edvel Nacional \u201cA\u201d, sendo mais tarde homenageado pela Federa\u00e7\u00e3o Mineira. De todas as paix\u00f5es esportivas, a maior era mesmo o Atl\u00e9tico-MG. Sua presen\u00e7a nos est\u00e1dios era um reflexo de sua passagem pela vida: nunca passava despercebido e, por vezes, despontava como atra\u00e7\u00e3o principal do evento.<\/span><\/p>\n<p class=\"western\" align=\"JUSTIFY\"><span lang=\"pt-BR\">A risada larga e a voz de timbre forte e rouco foram substitu\u00eddas pelo sil\u00eancio. Ficam a enorme saudade e a certeza de que aqueles que formou e tocou foram privilegiados por privar de sua conviv\u00eancia, mesmo que por t\u00e3o pouco tempo.<\/span><\/p>\n","protected":false},"excerpt":{"rendered":"<p>Em 19 de agosto de 2016, aos 50 anos de idade, faleceu no Rio de Janeiro o professor Rodrigo Ferreira Sim\u00f5es. Nascido em Belo Horizonte, Rodrigo era casado com Tereza Bruzzi e pai de In\u00e1cio. Era filho do saudoso Seu David e de Dona Maria e irm\u00e3o de Gustavo e Leandro. De fam\u00edlia origin\u00e1ria \u201cdos &hellip; <a href=\"https:\/\/docentes.face.ufmg.br\/rodrigosimoes\/homenagem\/\" class=\"more-link\">Continuar lendo <span class=\"screen-reader-text\">Homenagem<\/span><\/a><\/p>\n","protected":false},"author":38,"featured_media":0,"parent":0,"menu_order":0,"comment_status":"closed","ping_status":"closed","template":"","meta":{"_crdt_document":"","_exactmetrics_skip_tracking":false,"_exactmetrics_sitenote_active":false,"_exactmetrics_sitenote_note":"","_exactmetrics_sitenote_category":0,"footnotes":""},"class_list":["post-100","page","type-page","status-publish","hentry"],"_links":{"self":[{"href":"https:\/\/docentes.face.ufmg.br\/rodrigosimoes\/wp-json\/wp\/v2\/pages\/100","targetHints":{"allow":["GET"]}}],"collection":[{"href":"https:\/\/docentes.face.ufmg.br\/rodrigosimoes\/wp-json\/wp\/v2\/pages"}],"about":[{"href":"https:\/\/docentes.face.ufmg.br\/rodrigosimoes\/wp-json\/wp\/v2\/types\/page"}],"author":[{"embeddable":true,"href":"https:\/\/docentes.face.ufmg.br\/rodrigosimoes\/wp-json\/wp\/v2\/users\/38"}],"replies":[{"embeddable":true,"href":"https:\/\/docentes.face.ufmg.br\/rodrigosimoes\/wp-json\/wp\/v2\/comments?post=100"}],"version-history":[{"count":2,"href":"https:\/\/docentes.face.ufmg.br\/rodrigosimoes\/wp-json\/wp\/v2\/pages\/100\/revisions"}],"predecessor-version":[{"id":144,"href":"https:\/\/docentes.face.ufmg.br\/rodrigosimoes\/wp-json\/wp\/v2\/pages\/100\/revisions\/144"}],"wp:attachment":[{"href":"https:\/\/docentes.face.ufmg.br\/rodrigosimoes\/wp-json\/wp\/v2\/media?parent=100"}],"curies":[{"name":"wp","href":"https:\/\/api.w.org\/{rel}","templated":true}]}}