{"id":52,"date":"2018-01-11T15:20:09","date_gmt":"2018-01-11T17:20:09","guid":{"rendered":"http:\/\/docentes.face.ufmg.br\/raic\/?page_id=52"},"modified":"2020-05-13T13:21:33","modified_gmt":"2020-05-13T16:21:33","slug":"blog","status":"publish","type":"page","link":"https:\/\/docentes.face.ufmg.br\/raic\/blog\/","title":{"rendered":"Blog"},"content":{"rendered":"<p><\/p>\n\n\n<h2 class=\"wp-block-heading\">As informa\u00e7\u00f5es de mobilidade do Google<\/h2>\n\n\n\n<p class=\"wp-block-paragraph\">Durante a pandemia do Covid-19 o google liberou informa\u00e7\u00f5es sobre a mobilidade das pessoas <a rel=\"noreferrer noopener\" href=\"https:\/\/www.google.com\/covid19\/mobility\/\" target=\"_blank\">https:\/\/www.google.com\/covid19\/mobility\/<\/a><\/p>\n\n\n\n<p class=\"wp-block-paragraph\">Os gr\u00e1ficos  abaixo mostram e evolu\u00e7\u00e3o at\u00e9 o dia 13\/05\/2020, por diferentes categorias. <\/p>\n\n\n\n<p class=\"wp-block-paragraph\">Segundo informa\u00e7\u00f5es do Google:<\/p>\n\n\n\n<p class=\"wp-block-paragraph\">&#8220;As mudan\u00e7as de cada dia s\u00e3o comparadas com um valor de refer\u00eancia correspondente ao mesmo dia da semana.<\/p>\n\n\n\n<p class=\"wp-block-paragraph\">O valor de refer\u00eancia \u00e9 a mediana do dia da semana correspondente, durante o per\u00edodo de cinco semanas de 3 de janeiro a 6 de fevereiro de 2020.<\/p>\n\n\n\n<p class=\"wp-block-paragraph\">Os conjuntos de dados mostram tend\u00eancias ao longo de v\u00e1rios meses, e os dados mais recentes representam aproximadamente 2 a 3 dias atr\u00e1s, que \u00e9 o tempo necess\u00e1rio para produzir os conjuntos de dados.&#8221;<\/p>\n\n\n\n<h1 class=\"wp-block-heading\">Varejo e recrea\u00e7\u00e3o<\/h1>\n\n\n\n<p class=\"wp-block-paragraph\">Tend\u00eancias de mobilidade de lugares como restaurantes, caf\u00e9s, shopping centers, parques tem\u00e1ticos, museus, bibliotecas e cinemas.<\/p>\n\n\n\n<figure class=\"wp-block-image size-large is-resized\"><img loading=\"lazy\" decoding=\"async\" src=\"https:\/\/docentes.face.ufmg.br\/raic\/wp-content\/uploads\/sites\/34\/2020\/05\/Retail_Recreation.png\" alt=\"\" class=\"wp-image-123\" width=\"650\" height=\"650\" srcset=\"https:\/\/docentes.face.ufmg.br\/raic\/wp-content\/uploads\/sites\/34\/2020\/05\/Retail_Recreation.png 480w, https:\/\/docentes.face.ufmg.br\/raic\/wp-content\/uploads\/sites\/34\/2020\/05\/Retail_Recreation-300x300.png 300w, https:\/\/docentes.face.ufmg.br\/raic\/wp-content\/uploads\/sites\/34\/2020\/05\/Retail_Recreation-150x150.png 150w\" sizes=\"auto, (max-width: 650px) 100vw, 650px\" \/><\/figure>\n\n\n\n<h1 class=\"wp-block-heading\">Mercados e farm\u00e1cias<\/h1>\n\n\n\n<p class=\"wp-block-paragraph\">Tend\u00eancias de mobilidade de lugares como mercados, armaz\u00e9ns de alimentos, feiras, lojas especializadas em alimentos, drogarias e farm\u00e1cias.<\/p>\n\n\n\n<figure class=\"wp-block-image size-large is-resized\"><img loading=\"lazy\" decoding=\"async\" src=\"https:\/\/docentes.face.ufmg.br\/raic\/wp-content\/uploads\/sites\/34\/2020\/05\/Grocery_Pharmacy.png\" alt=\"\" class=\"wp-image-125\" width=\"655\" height=\"655\" srcset=\"https:\/\/docentes.face.ufmg.br\/raic\/wp-content\/uploads\/sites\/34\/2020\/05\/Grocery_Pharmacy.png 480w, https:\/\/docentes.face.ufmg.br\/raic\/wp-content\/uploads\/sites\/34\/2020\/05\/Grocery_Pharmacy-300x300.png 300w, https:\/\/docentes.face.ufmg.br\/raic\/wp-content\/uploads\/sites\/34\/2020\/05\/Grocery_Pharmacy-150x150.png 150w\" sizes=\"auto, (max-width: 655px) 100vw, 655px\" \/><\/figure>\n\n\n\n<h1 class=\"wp-block-heading\">Parques<\/h1>\n\n\n\n<p class=\"wp-block-paragraph\">Tend\u00eancias de mobilidade de lugares como parques locais e nacionais, praias p\u00fablicas, marinas, parques para c\u00e3es, pra\u00e7as e jardins p\u00fablicos.<\/p>\n\n\n\n<figure class=\"wp-block-image size-large is-resized\"><img loading=\"lazy\" decoding=\"async\" src=\"https:\/\/docentes.face.ufmg.br\/raic\/wp-content\/uploads\/sites\/34\/2020\/05\/Parks.png\" alt=\"\" class=\"wp-image-126\" width=\"660\" height=\"660\" srcset=\"https:\/\/docentes.face.ufmg.br\/raic\/wp-content\/uploads\/sites\/34\/2020\/05\/Parks.png 480w, https:\/\/docentes.face.ufmg.br\/raic\/wp-content\/uploads\/sites\/34\/2020\/05\/Parks-300x300.png 300w, https:\/\/docentes.face.ufmg.br\/raic\/wp-content\/uploads\/sites\/34\/2020\/05\/Parks-150x150.png 150w\" sizes=\"auto, (max-width: 660px) 100vw, 660px\" \/><\/figure>\n\n\n\n<h1 class=\"wp-block-heading\">Esta\u00e7\u00f5es de transporte p\u00fablico<\/h1>\n\n\n\n<p class=\"wp-block-paragraph\">Tend\u00eancias de mobilidade de lugares como terminais de transporte p\u00fablico, tipo esta\u00e7\u00f5es de metr\u00f4, \u00f4nibus e trem.<\/p>\n\n\n\n<figure class=\"wp-block-image size-large is-resized\"><img loading=\"lazy\" decoding=\"async\" src=\"https:\/\/docentes.face.ufmg.br\/raic\/wp-content\/uploads\/sites\/34\/2020\/05\/Transit_stations.png\" alt=\"\" class=\"wp-image-127\" width=\"659\" height=\"659\" srcset=\"https:\/\/docentes.face.ufmg.br\/raic\/wp-content\/uploads\/sites\/34\/2020\/05\/Transit_stations.png 480w, https:\/\/docentes.face.ufmg.br\/raic\/wp-content\/uploads\/sites\/34\/2020\/05\/Transit_stations-300x300.png 300w, https:\/\/docentes.face.ufmg.br\/raic\/wp-content\/uploads\/sites\/34\/2020\/05\/Transit_stations-150x150.png 150w\" sizes=\"auto, (max-width: 659px) 100vw, 659px\" \/><\/figure>\n\n\n\n<h1 class=\"wp-block-heading\">Locais de trabalho<\/h1>\n\n\n\n<p class=\"wp-block-paragraph\">Tend\u00eancias de mobilidade de locais de trabalho.<\/p>\n\n\n\n<figure class=\"wp-block-image size-large is-resized\"><img loading=\"lazy\" decoding=\"async\" src=\"https:\/\/docentes.face.ufmg.br\/raic\/wp-content\/uploads\/sites\/34\/2020\/05\/Workplaces.png\" alt=\"\" class=\"wp-image-128\" width=\"667\" height=\"667\" srcset=\"https:\/\/docentes.face.ufmg.br\/raic\/wp-content\/uploads\/sites\/34\/2020\/05\/Workplaces.png 480w, https:\/\/docentes.face.ufmg.br\/raic\/wp-content\/uploads\/sites\/34\/2020\/05\/Workplaces-300x300.png 300w, https:\/\/docentes.face.ufmg.br\/raic\/wp-content\/uploads\/sites\/34\/2020\/05\/Workplaces-150x150.png 150w\" sizes=\"auto, (max-width: 667px) 100vw, 667px\" \/><\/figure>\n\n\n\n<h1 class=\"wp-block-heading\">Residencial<\/h1>\n\n\n\n<p class=\"wp-block-paragraph\">Tend\u00eancias de mobilidade de \u00e1reas residenciais.<\/p>\n\n\n\n<figure class=\"wp-block-image size-large is-resized\"><img loading=\"lazy\" decoding=\"async\" src=\"https:\/\/docentes.face.ufmg.br\/raic\/wp-content\/uploads\/sites\/34\/2020\/05\/Residential.png\" alt=\"\" class=\"wp-image-129\" width=\"646\" height=\"646\" srcset=\"https:\/\/docentes.face.ufmg.br\/raic\/wp-content\/uploads\/sites\/34\/2020\/05\/Residential.png 480w, https:\/\/docentes.face.ufmg.br\/raic\/wp-content\/uploads\/sites\/34\/2020\/05\/Residential-300x300.png 300w, https:\/\/docentes.face.ufmg.br\/raic\/wp-content\/uploads\/sites\/34\/2020\/05\/Residential-150x150.png 150w\" sizes=\"auto, (max-width: 646px) 100vw, 646px\" \/><\/figure>\n","protected":false},"excerpt":{"rendered":"<p>As informa\u00e7\u00f5es de mobilidade do Google Durante a pandemia do Covid-19 o google liberou informa\u00e7\u00f5es sobre a mobilidade das pessoas https:\/\/www.google.com\/covid19\/mobility\/ Os gr\u00e1ficos abaixo mostram e evolu\u00e7\u00e3o at\u00e9 o dia 13\/05\/2020, por diferentes categorias. Segundo informa\u00e7\u00f5es do Google: &#8220;As mudan\u00e7as de cada dia s\u00e3o comparadas com um valor de refer\u00eancia correspondente ao mesmo dia da &hellip; <a href=\"https:\/\/docentes.face.ufmg.br\/raic\/blog\/\" class=\"more-link\">Continuar lendo <span class=\"screen-reader-text\">Blog<\/span><\/a><\/p>\n","protected":false},"author":26,"featured_media":92,"parent":0,"menu_order":0,"comment_status":"closed","ping_status":"closed","template":"template-blog.php","meta":{"_crdt_document":"","_exactmetrics_skip_tracking":false,"_exactmetrics_sitenote_active":false,"_exactmetrics_sitenote_note":"","_exactmetrics_sitenote_category":0,"footnotes":""},"class_list":["post-52","page","type-page","status-publish","has-post-thumbnail","hentry"],"_links":{"self":[{"href":"https:\/\/docentes.face.ufmg.br\/raic\/wp-json\/wp\/v2\/pages\/52","targetHints":{"allow":["GET"]}}],"collection":[{"href":"https:\/\/docentes.face.ufmg.br\/raic\/wp-json\/wp\/v2\/pages"}],"about":[{"href":"https:\/\/docentes.face.ufmg.br\/raic\/wp-json\/wp\/v2\/types\/page"}],"author":[{"embeddable":true,"href":"https:\/\/docentes.face.ufmg.br\/raic\/wp-json\/wp\/v2\/users\/26"}],"replies":[{"embeddable":true,"href":"https:\/\/docentes.face.ufmg.br\/raic\/wp-json\/wp\/v2\/comments?post=52"}],"version-history":[{"count":4,"href":"https:\/\/docentes.face.ufmg.br\/raic\/wp-json\/wp\/v2\/pages\/52\/revisions"}],"predecessor-version":[{"id":131,"href":"https:\/\/docentes.face.ufmg.br\/raic\/wp-json\/wp\/v2\/pages\/52\/revisions\/131"}],"wp:featuredmedia":[{"embeddable":true,"href":"https:\/\/docentes.face.ufmg.br\/raic\/wp-json\/wp\/v2\/media\/92"}],"wp:attachment":[{"href":"https:\/\/docentes.face.ufmg.br\/raic\/wp-json\/wp\/v2\/media?parent=52"}],"curies":[{"name":"wp","href":"https:\/\/api.w.org\/{rel}","templated":true}]}}