{"id":28,"date":"2018-01-09T14:40:27","date_gmt":"2018-01-09T16:40:27","guid":{"rendered":"http:\/\/docentes.face.ufmg.br\/john-doe\/?page_id=28"},"modified":"2025-07-15T14:39:51","modified_gmt":"2025-07-15T17:39:51","slug":"producao-bibliografica","status":"publish","type":"page","link":"https:\/\/docentes.face.ufmg.br\/raic\/producao-bibliografica\/","title":{"rendered":"Produ\u00e7\u00e3o bibliogr\u00e1fica"},"content":{"rendered":"<h5>Artigos relevantes<\/h5>\n<ol>\n<li>SILVA, S. E. ; FONSECA, S.E. ; ROMA, C. M. S. ; HAN, S. H. ; IQUIAPAZA, R.A. Investor sentiment and equity mutual fund performance in Brazil. <em>Journal Of Economics Finance And Administrative Science<\/em>, p. ahead-of-print, 2025.<\/li>\n<li>CHAIN, DIEGO REIS ; ABREU, DANIEL PEREIRA ALVES ; IQUIAPAZA, Robert Aldo . Governan\u00e7a Corporativa no Metaverso: Perspectivas de Aplicabilidades e Desafios sob a \u00d3tica da Teoria da Firma. BBR. <em>Brazilian Business Review<\/em> (English Ed.), v. 22, p. 1-16, 2025.<\/li>\n<li>FONDAIK, N. P. ; BRUM, J. A. ; ROMA, C. M. S. ; IQUIAPAZA, Robert Aldo . Brazilian stock market reaction to the Covid-19 pandemic and firm characteristics. RAM. <em>REVISTA DE ADMINISTRA\u00c7\u00c3O MACKENZIE<\/em> (ONLINE), v. 25, p. eRAMF240002, 2024.<\/li>\n<li>ABREU, D. P. A. ; IQUIAPAZA, R.A.\u00a0 Diversification with international assets and cryptocurrencies using Black-Litterman. <em>REGE. REVISTA DE GEST\u00c3O USP<\/em>, v. 31, p. 185, 2024.<\/li>\n<li>FONSECA, S.E. ; SILVA, S. E. ; ROMA, C. M. S. ; IQUIAPAZA, Robert Aldo . Investimento Corporativo, Incerteza da Pol\u00edtica Econ\u00f4mica e Risco Geopol\u00edtico em Pa\u00edses do BRICS. <em>ADVANCES IN SCIENTIFIC AND APPLIED ACCOUNTING<\/em>, v. 17, p. 97-110, 2024.<\/li>\n<li>BITENCOURT, W. A. ; IQUIAPAZA, Robert Aldo . A incerteza da pol\u00edtica econ\u00f4mica, sentimento e o desempenho do mercado de a\u00e7\u00f5es brasileiro. <em>REVISTA CONTABILIDADE &amp; FINAN\u00c7AS<\/em> (ONLINE), v. 35, p. e1877, 2024.<\/li>\n<li>SANTOS, W. C. ; SOUZA, G. H. D. ; IQUIAPAZA, Robert Aldo ; TAKAMATSU, R. T. . Influ\u00eancia da Incerteza da Pol\u00edtica Econ\u00f4mica nos n\u00edveis de Accruals e Retornos Anormais. <em>ADVANCES IN SCIENTIFIC AND APPLIED ACCOUNTING<\/em>, p. 3-17, 2023.<\/li>\n<li>SILVA, S. E. ; PEREIRA, L. F. ; IQUIAPAZA, Robert Aldo . Taxas de administra\u00e7\u00e3o de fundos: o papel da concorr\u00eancia da ind\u00fastria e do sentimento do investidor. <em>REVISTA CONTABILIDADE &amp; FINAN\u00c7AS<\/em> (ONLINE), v. 34, p. e1737, 2023.<\/li>\n<li>da SILVA, S. E. ; IQUIAPAZA, Robert Aldo ; PEREIRA, M. V. L. ; ROMA, C. M. S. . Rela\u00e7\u00e3o Entre Capacita\u00e7\u00e3o Profissional do Gestor e Desempenho de Fundos de Investimento em A\u00e7\u00f5es. <em>REVISTA EVIDENCIACAO CONTABIL &amp; FINANCAS<\/em>, v. 11, p. 102-119, 2023.<\/li>\n<li>SILVA, S. N. A. ; BARBOSA, Francisco Vidal ; IQUIAPAZA, R.A. . Influ\u00eancia da estrutura de propriedade e do desempenho financeiro na responsabilidade socioambiental de companhias abertas brasileiras. <em>Revista Gest\u00e3o e Tecnologia<\/em>, v. 23, p. 26-50, 2023.<\/li>\n<li>PAULA, J. S. ; IQUIAPAZA, Robert Aldo. Investment fund selection techniques from the perspective of Brazilian pension funds. <em>REVISTA CONTABILIDADE &amp; FINAN\u00c7AS<\/em> (ONLINE), v. 33, p. 167-182, 2022.<\/li>\n<li>SILVA, S. E. ; PEREIRA, L. F. ; FONSECA, S.E. ; IQUIAPAZA, Robert Aldo. Industry Competition and Performance Persistence in Brazilian Equity Mutual Funds. BBR. B<em>razilian Business Review<\/em> (English Ed.), v. 19, p. 268-287, 2022.<\/li>\n<li>ABREU, D. P. A. ; IQUIAPAZA, Robert Aldo ; CAMARGOS, M. A. Evolution of the degree of efficiency of the cryptocurrency market from 2014 to 2020: an analysis based on its fractal components. <em>Revista de administra\u00e7\u00e3o da UFSM<\/em>, v. 15, p. 216-235, 2022.<\/li>\n<li>TELES, P. P. P. ; LIMA, G. A. ; SILVA, S. E. ; IQUIAPAZA, Robert Aldo . Desempenho e risco de fundos de investimento em a\u00e7\u00f5es brasileiros no contexto da pandemia de COVID-19. <em>Revista Catarinense da Ci\u00eancia Cont\u00e1bil<\/em>, v. 21, p. e3282, 2022.<\/li>\n<li>IQUIAPAZA, Robert Aldo; CARNEIRO, R. L. D. ; AMARAL, H. F. ; FERREIRA, BP . Desempenho dos fundos de A\u00e7\u00f5es \u00cdndice Ativos utilizando o CAPM de 1997 a 2019. <em>Management in Perspective<\/em>, v. 2, p. 37-63, 2021.<\/li>\n<li>SILVA, S. E. ; ROMA, C. M. S. ; IQUIAPAZA, Robert Aldo . Turnover da Carteira e o Desempenho de Fundos de Investimentos em A\u00e7\u00f5es no Brasil. <em>REVISTA CONTABILIDADE &amp; FINAN\u00c7AS<\/em> (ONLINE), v. 31, p. 332-347, 2020.<\/li>\n<li>PEREIRA, M. V. L. ; ARAUJO, L. C. ; IQUIAPAZA, Robert Aldo . Cointegra\u00e7\u00e3o e previsibilidade de abordagens VECM para o Ibovespa. <em>REVISTA BRASILEIRA DE FINAN\u00c7AS<\/em> (IMPRESSO), v. 18, p. 82-121, 2020.<\/li>\n<li>SILVA, S. E. ; CAMARGOS, M. A. ; FONSECA, S.E. ; IQUIAPAZA, Robert Aldo . Determinantes da necessidade de capital de giro e do ciclo financeiro das empresas brasileiras listadas na B3. <em>Revista Catarinense da Ci\u00eancia Cont\u00e1bil<\/em>, v. 18, p. 2842, 2019.<\/li>\n<li>FONSECA, S.E. ; FERNANDES, A. R. J. ; CUNHA, C. L. ; IQUIAPAZA, Robert Aldo . Fundos de Investimento: Performance Aplicando Modelo Carhart e An\u00e1lise Envolt\u00f3ria de Dados. <em>RAC. REVISTA DE ADMINISTRA\u00c7\u00c3O CONTEMPOR\u00c2NEA<\/em> (ONLINE), v. 22, p. 355-379, 2018.<\/li>\n<li>SILVA, S. A. L. E. ; JANUZZI, F. V. ;\u00a0BRESSAN, Aureliano Angel\u00a0;\u00a0IQUIAPAZA, Robert Aldo\u00a0. CAPTA\u00c7\u00c3O, RESGATES E LIQUIDEZ: IMPACTO NA RENTABILIDADE DE FUNDOS MULTIMERCADOS DE VAREJO. <em>Revista de Administra\u00e7\u00e3o Faces Journal<\/em>, v. 17, p. 29-47, 2018.<\/li>\n<li>PAZ, R. L. ;\u00a0IQUIAPAZA, ROBERT\u00a0;\u00a0BRESSAN, Aureliano Angel\u00a0. INFLUENCE OF INVESTORS&#8217; MONITORING ON EQUITY MUTUAL FUNDS&#8217; PERFORMANCE. <em>Revista de Gest\u00e3o, Finan\u00e7as e Contabilidade<\/em>, v. 7, p. 79-101, 2017.<\/li>\n<li>DE ANDRADE, L\u00c9LIS PEDRO\u00a0;\u00a0BRESSAN, Aureliano Angel\u00a0;\u00a0IQUIAPAZA, Robert Aldo\u00a0. Dual class shares, board of directors&#8217; effectiveness and firm&#8217;s market value: an empirical study. <em>Journal of Management &amp; Governance<\/em>, v. 21, p. 1053-1092, 2017.<\/li>\n<li>IQUIAPAZA, Robert Aldo; VAZ, G. F. C.; BORGES, S. L. . Portfolio evaluation volatility timing and reward to risk timing investment strategies: the Brazilian case. <em>Revista de Finan\u00e7as Aplicadas<\/em>, v. 7, p. 1-19, 2016.<\/li>\n<li>MATOS, G.A.S.; IQUIAPAZA, Robert Aldo; FERREIRA, BP. Analysis of the Exposure to Losses of Brazilian ETFs According to the Value at Risk (VAR) and Expected Shortfall (ES) Market Risk Assessment Techniques. <em>BBR. Brazilian Business Review<\/em> (English Edition. Online), v. 11, p. 84-106, 2014.<\/li>\n<li>IQUIAPAZA, Robert Aldo; BRESSAN, Aureliano Angel; AMARAL, Hudson Fernandes. Previs\u00e3o n\u00e3o-linear de retornos na BOVESPA: volume negociado em um modelo auto-regressivo de transi\u00e7\u00e3o suave. <em>Revista de Administra\u00e7\u00e3o Contempor\u00e2nea<\/em> (Impresso), v. 14, p. 149-171, 2010.<\/li>\n<li>IQUIAPAZA, Robert Aldo; AMARAL, Hudson Fernandes; BRESSAN, Aureliano Angel. Evolu\u00e7\u00e3o da pesquisa em finan\u00e7as: epistemologia, paradigma e cr\u00edticas. O<em>rganiza\u00e7\u00f5es &amp; Sociedade<\/em> (Online), v. 16, p. 351-370, 2009.<\/li>\n<\/ol>\n<h5>DEmais Produ\u00e7\u00f5es<\/h5>\n<ol>\n<li>Ver <a href=\"http:\/\/lattes.cnpq.br\/4502340100367919\" target=\"_blank\" rel=\"noopener\">Curr\u00edculo Lattes<\/a> (http:\/\/lattes.cnpq.br\/4502340100367919) ou <a href=\"https:\/\/orcid.org\/0000-0003-1657-2823\" target=\"_blank\" rel=\"noopener\">Orcid<\/a>.<\/li>\n<\/ol>\n<h5>Grupo de PESQUISA<\/h5>\n<ol>\n<li><a href=\"https:\/\/pesquisas.face.ufmg.br\/nufi\/\" target=\"_blank\" rel=\"noopener\">N\u00facleo de Ensino, Pesquisa e Consultoria em Finan\u00e7as e Contabilidade (NUFI)<\/a><\/li>\n<\/ol>\n<h5><strong>Outros perfis<\/strong><\/h5>\n<p>Nesta se\u00e7\u00e3o encontrar\u00e1 links a outras p\u00e1ginas do autor:<\/p>\n<ol>\n<li><a href=\"https:\/\/sites.google.com\/site\/robertiquiapaza\/\" target=\"_blank\" rel=\"noopener noreferrer\">Google Sites<\/a><\/li>\n<li><a href=\"https:\/\/www.researchgate.net\/profile\/Robert_Iquiapaza\" target=\"_blank\" rel=\"noopener noreferrer\">ResearchGate<\/a><\/li>\n<li><a href=\"https:\/\/scholar.google.com.br\/citations?user=4pfQn8AAAAAJ\" target=\"_blank\" rel=\"noopener noreferrer\">Google Scholar<\/a><\/li>\n<li><a href=\"https:\/\/publons.com\/author\/1354733\/robert-iquiapaza\" target=\"_blank\" rel=\"noopener noreferrer\">Publons<\/a><\/li>\n<li><a href=\"http:\/\/www.spell.org.br\/autores\/perfil\/4520\/robert-aldo-iquiapaza\">SPELL ANPAD<\/a><\/li>\n<li><a href=\"https:\/\/www.linkedin.com\/in\/robertiquiapaza\" target=\"_blank\" rel=\"noopener noreferrer\">LinkedIn<\/a><\/li>\n<\/ol>\n","protected":false},"excerpt":{"rendered":"<p>Artigos relevantes SILVA, S. E. ; FONSECA, S.E. ; ROMA, C. M. S. ; HAN, S. H. ; IQUIAPAZA, R.A. Investor sentiment and equity mutual fund performance in Brazil. Journal Of Economics Finance And Administrative Science, p. ahead-of-print, 2025. CHAIN, DIEGO REIS ; ABREU, DANIEL PEREIRA ALVES ; IQUIAPAZA, Robert Aldo . Governan\u00e7a Corporativa no &hellip; <a href=\"https:\/\/docentes.face.ufmg.br\/raic\/producao-bibliografica\/\" class=\"more-link\">Continuar lendo <span class=\"screen-reader-text\">Produ\u00e7\u00e3o bibliogr\u00e1fica<\/span><\/a><\/p>\n","protected":false},"author":26,"featured_media":0,"parent":0,"menu_order":0,"comment_status":"closed","ping_status":"closed","template":"","meta":{"_crdt_document":"","_exactmetrics_skip_tracking":false,"_exactmetrics_sitenote_active":false,"_exactmetrics_sitenote_note":"","_exactmetrics_sitenote_category":0,"footnotes":""},"class_list":["post-28","page","type-page","status-publish","hentry"],"_links":{"self":[{"href":"https:\/\/docentes.face.ufmg.br\/raic\/wp-json\/wp\/v2\/pages\/28","targetHints":{"allow":["GET"]}}],"collection":[{"href":"https:\/\/docentes.face.ufmg.br\/raic\/wp-json\/wp\/v2\/pages"}],"about":[{"href":"https:\/\/docentes.face.ufmg.br\/raic\/wp-json\/wp\/v2\/types\/page"}],"author":[{"embeddable":true,"href":"https:\/\/docentes.face.ufmg.br\/raic\/wp-json\/wp\/v2\/users\/26"}],"replies":[{"embeddable":true,"href":"https:\/\/docentes.face.ufmg.br\/raic\/wp-json\/wp\/v2\/comments?post=28"}],"version-history":[{"count":14,"href":"https:\/\/docentes.face.ufmg.br\/raic\/wp-json\/wp\/v2\/pages\/28\/revisions"}],"predecessor-version":[{"id":196,"href":"https:\/\/docentes.face.ufmg.br\/raic\/wp-json\/wp\/v2\/pages\/28\/revisions\/196"}],"wp:attachment":[{"href":"https:\/\/docentes.face.ufmg.br\/raic\/wp-json\/wp\/v2\/media?parent=28"}],"curies":[{"name":"wp","href":"https:\/\/api.w.org\/{rel}","templated":true}]}}