{"id":2,"date":"2016-06-09T14:03:11","date_gmt":"2016-06-09T17:03:11","guid":{"rendered":"http:\/\/docentes.face.ufmg.br\/john-doe\/?page_id=2"},"modified":"2025-07-15T14:32:35","modified_gmt":"2025-07-15T17:32:35","slug":"sobre","status":"publish","type":"page","link":"https:\/\/docentes.face.ufmg.br\/raic\/sobre\/","title":{"rendered":"Sobre"},"content":{"rendered":"<p><img loading=\"lazy\" decoding=\"async\" class=\"wp-image-75 size-medium alignleft\" src=\"http:\/\/docentes.face.ufmg.br\/raic\/wp-content\/uploads\/sites\/34\/2016\/06\/DSC_9772p2-300x252.jpg\" width=\"300\" height=\"252\" srcset=\"https:\/\/docentes.face.ufmg.br\/raic\/wp-content\/uploads\/sites\/34\/2016\/06\/DSC_9772p2-300x252.jpg 300w, https:\/\/docentes.face.ufmg.br\/raic\/wp-content\/uploads\/sites\/34\/2016\/06\/DSC_9772p2.jpg 402w\" sizes=\"auto, (max-width: 300px) 100vw, 300px\" \/>Possui gradua\u00e7\u00e3o em Economia (1994) e Agronomia (1992) &#8211; Universidad Nacional de San Agustin, especializa\u00e7\u00e3o em Mercado de Capitais (1996) pela CONASEV-Per\u00fa, mestrado em Administra\u00e7\u00e3o\/Finan\u00e7as (2004) e doutorado em Administra\u00e7\u00e3o\/Finan\u00e7as (2009) pela Universidade Federal de Minas Gerais (UFMG), com per\u00edodo Sandu\u00edche (2008) na Columbia University, Columbia Business School (Finance and Economics) e na New York University, Stern School of Business (Finance).<\/p>\n<p>Atualmente \u00e9 Professor Associado do Departamento de Ci\u00eancias Administrativas, Faculdade de Ci\u00eancias Econ\u00f4micas da Universidade Federal de Minas Gerais, Professor de Finan\u00e7as no CEPEAD\/UFMG e do CEPCON\/UFMG, l\u00edder e pesquisador do Grupo de pesquisa NUFI\/CEPEAD e do Laborat\u00f3rio de Finan\u00e7as da UFMG. Membro do Comit\u00e9 Cient\u00edfico da \u00c1rea de Finan\u00e7as da ANPAD\/EnANPAD (2021 &#8211; 2023). L\u00edder do Tema 2 &#8211; Finan\u00e7as Sustent\u00e1veis, Responsabilidade Social e Governan\u00e7a Corporativa da ANPAD 2024-2026. Foi l\u00edder do Tema Precifica\u00e7\u00e3o de Ativos da divis\u00e3o de Finan\u00e7as da ANPAD 2018-2020 e de &#8220;T\u00f3picos Especiais em Finan\u00e7as 2021&#8221;. Foi coordenador do Colegiado de Gradua\u00e7\u00e3o em Controladoria e Finan\u00e7as da UFMG (2013-2014). Editor Associado da RAE, Contabilidade e Finan\u00e7as, e outras. \u00c9 Avaliador ad-hoc da RAE, RCF &#8211; Revista de Contabilidade e Finan\u00e7as, RBFin &#8211; Revista Brasileira de Finan\u00e7as, BAR &#8211; Brazilian Administration Review, RAUSP &#8211; Revista de Administra\u00e7\u00e3o de Empresas da Universidade de S\u00e3o Paulo, RAC, RAM &#8211; Revista de Administra\u00e7\u00e3o Mackenzie, Revista Organiza\u00e7\u00f5es Sociedade OS, Revista BASE, Revista Eletr\u00f4nica GES &#8211; Gest\u00e3o e Sociedade, Financial Inovation, PlosONE, entre outras. Membro da Comiss\u00e3o da CAPES para a avalia\u00e7\u00e3o quadrienal da P\u00f3s-gradua\u00e7\u00e3o 2025 da \u00e1rea de Administra\u00e7\u00e3o P\u00fablica e de Empresas, Ci\u00eancias Cont\u00e1beis e Turismo. Foi membro da Comiss\u00e3o da CAPES para a avalia\u00e7\u00e3o quadrienal da P\u00f3s-gradua\u00e7\u00e3o 2021-2022 da \u00e1rea de Administra\u00e7\u00e3o P\u00fablica e de Empresas, Ci\u00eancias Cont\u00e1beis e Turismo. Parecerista da CAPES desde 2022 para diversos editais como APCN, PAEP, etc. Avaliador do CNPq em diversos editais e chamadas. Tem experi\u00eancia na \u00e1rea de Administra\u00e7\u00e3o e Economia, com \u00eanfase em Finan\u00e7as, atuando principalmente nos seguintes temas: finan\u00e7as corporativas, mercado de capitais e financeiros, modelos econom\u00e9tricos, s\u00e9ries financeiras, modelagem e simula\u00e7\u00e3o computacional.<\/p>\n","protected":false},"excerpt":{"rendered":"<p>Possui gradua\u00e7\u00e3o em Economia (1994) e Agronomia (1992) &#8211; Universidad Nacional de San Agustin, especializa\u00e7\u00e3o em Mercado de Capitais (1996) pela CONASEV-Per\u00fa, mestrado em Administra\u00e7\u00e3o\/Finan\u00e7as (2004) e doutorado em Administra\u00e7\u00e3o\/Finan\u00e7as (2009) pela Universidade Federal de Minas Gerais (UFMG), com per\u00edodo Sandu\u00edche (2008) na Columbia University, Columbia Business School (Finance and Economics) e na New York &hellip; <a href=\"https:\/\/docentes.face.ufmg.br\/raic\/sobre\/\" class=\"more-link\">Continuar lendo <span class=\"screen-reader-text\">Sobre<\/span><\/a><\/p>\n","protected":false},"author":26,"featured_media":0,"parent":0,"menu_order":0,"comment_status":"closed","ping_status":"closed","template":"","meta":{"_crdt_document":"","_exactmetrics_skip_tracking":false,"_exactmetrics_sitenote_active":false,"_exactmetrics_sitenote_note":"","_exactmetrics_sitenote_category":0,"footnotes":""},"class_list":["post-2","page","type-page","status-publish","hentry"],"_links":{"self":[{"href":"https:\/\/docentes.face.ufmg.br\/raic\/wp-json\/wp\/v2\/pages\/2","targetHints":{"allow":["GET"]}}],"collection":[{"href":"https:\/\/docentes.face.ufmg.br\/raic\/wp-json\/wp\/v2\/pages"}],"about":[{"href":"https:\/\/docentes.face.ufmg.br\/raic\/wp-json\/wp\/v2\/types\/page"}],"author":[{"embeddable":true,"href":"https:\/\/docentes.face.ufmg.br\/raic\/wp-json\/wp\/v2\/users\/26"}],"replies":[{"embeddable":true,"href":"https:\/\/docentes.face.ufmg.br\/raic\/wp-json\/wp\/v2\/comments?post=2"}],"version-history":[{"count":7,"href":"https:\/\/docentes.face.ufmg.br\/raic\/wp-json\/wp\/v2\/pages\/2\/revisions"}],"predecessor-version":[{"id":194,"href":"https:\/\/docentes.face.ufmg.br\/raic\/wp-json\/wp\/v2\/pages\/2\/revisions\/194"}],"wp:attachment":[{"href":"https:\/\/docentes.face.ufmg.br\/raic\/wp-json\/wp\/v2\/media?parent=2"}],"curies":[{"name":"wp","href":"https:\/\/api.w.org\/{rel}","templated":true}]}}