{"id":16,"date":"2016-06-09T14:26:21","date_gmt":"2016-06-09T17:26:21","guid":{"rendered":"http:\/\/docentes.face.ufmg.br\/john-doe\/?page_id=16"},"modified":"2021-05-11T21:15:16","modified_gmt":"2021-05-12T00:15:16","slug":"linhas-de-pesquisa","status":"publish","type":"page","link":"https:\/\/docentes.face.ufmg.br\/raic\/linhas-de-pesquisa\/","title":{"rendered":"Linhas de pesquisa"},"content":{"rendered":"<ol>\n<li>\n<p class=\"layout-cell-pad-5 text-align-right\">Sistema Financeiro<\/p>\n<\/li>\n<li>\n<p class=\"layout-cell-pad-5 text-align-right\">Finan\u00e7as Empresariais<\/p>\n<\/li>\n<li>\n<p class=\"layout-cell-pad-5 text-align-right\">Econometria Financeira<\/p>\n<\/li>\n<li>\n<p class=\"layout-cell-pad-5 text-align-right\">Finan\u00e7as computacionais<\/p>\n<\/li>\n<li>\n<p class=\"layout-cell-pad-5 text-align-right\">Mercado de Capitais<\/p>\n<\/li>\n<li>M\u00e9todos Quantitativos Aplicados<\/li>\n<\/ol>\n<p><strong>Principais disciplinas na P\u00f3s-Gradua\u00e7\u00e3o (strictu sensu):<\/strong><\/p>\n<ol>\n<li>M\u00e9todos Computacionais em Finan\u00e7as (Mestrado\/Doutorado)<\/li>\n<li>M\u00e9todos Econom\u00e9tricos (M\/D)<\/li>\n<li>Estudos Emp\u00edricos em Finan\u00e7as (M\/D)<\/li>\n<li>Teoria da Firma (M\/D)<\/li>\n<li>Metodologia da Pesquisa (M &#8211; participa\u00e7\u00e3o)<\/li>\n<\/ol>\n<p><strong>Principais disciplinas na P\u00f3s-Gradua\u00e7\u00e3o (latu sensu):<\/strong><\/p>\n<ol>\n<li>M\u00e9todos Quantitativos Aplicados em Finan\u00e7as<\/li>\n<li>Matem\u00e1tica Financeira<\/li>\n<li>Instrumentos de Renda Fixa<\/li>\n<li>Avalia\u00e7\u00e3o de Investimentos<\/li>\n<li>Mercado de Capitais<\/li>\n<li>Derivativos<\/li>\n<li>Temas Emergentes em Finan\u00e7as<\/li>\n<\/ol>\n<p><strong>Principais disciplinas na Gradua\u00e7\u00e3o:<\/strong><\/p>\n<ol>\n<li>Finan\u00e7as Empresariais I<\/li>\n<li>Finan\u00e7as Empresariais II<\/li>\n<li>Fundos de Investimentos<\/li>\n<li>An\u00e1lise T\u00e9cnica<\/li>\n<li>Mercado de Capitais<\/li>\n<li>Administra\u00e7\u00e3o Financeira<\/li>\n<li>Investimento e C\u00e1lculo Financeiro<\/li>\n<li>Programa\u00e7\u00e3o em R<\/li>\n<li>M\u00e9todos Computacionais no Mercado de Capitais<\/li>\n<li>Estrat\u00e9gia para Finan\u00e7as<\/li>\n<\/ol>\n","protected":false},"excerpt":{"rendered":"<p>Sistema Financeiro Finan\u00e7as Empresariais Econometria Financeira Finan\u00e7as computacionais Mercado de Capitais M\u00e9todos Quantitativos Aplicados Principais disciplinas na P\u00f3s-Gradua\u00e7\u00e3o (strictu sensu): M\u00e9todos Computacionais em Finan\u00e7as (Mestrado\/Doutorado) M\u00e9todos Econom\u00e9tricos (M\/D) Estudos Emp\u00edricos em Finan\u00e7as (M\/D) Teoria da Firma (M\/D) Metodologia da Pesquisa (M &#8211; participa\u00e7\u00e3o) Principais disciplinas na P\u00f3s-Gradua\u00e7\u00e3o (latu sensu): M\u00e9todos Quantitativos Aplicados em Finan\u00e7as Matem\u00e1tica &hellip; <a href=\"https:\/\/docentes.face.ufmg.br\/raic\/linhas-de-pesquisa\/\" class=\"more-link\">Continuar lendo <span class=\"screen-reader-text\">Linhas de pesquisa<\/span><\/a><\/p>\n","protected":false},"author":26,"featured_media":0,"parent":0,"menu_order":0,"comment_status":"closed","ping_status":"closed","template":"","meta":{"_crdt_document":"","_exactmetrics_skip_tracking":false,"_exactmetrics_sitenote_active":false,"_exactmetrics_sitenote_note":"","_exactmetrics_sitenote_category":0,"footnotes":""},"class_list":["post-16","page","type-page","status-publish","hentry"],"_links":{"self":[{"href":"https:\/\/docentes.face.ufmg.br\/raic\/wp-json\/wp\/v2\/pages\/16","targetHints":{"allow":["GET"]}}],"collection":[{"href":"https:\/\/docentes.face.ufmg.br\/raic\/wp-json\/wp\/v2\/pages"}],"about":[{"href":"https:\/\/docentes.face.ufmg.br\/raic\/wp-json\/wp\/v2\/types\/page"}],"author":[{"embeddable":true,"href":"https:\/\/docentes.face.ufmg.br\/raic\/wp-json\/wp\/v2\/users\/26"}],"replies":[{"embeddable":true,"href":"https:\/\/docentes.face.ufmg.br\/raic\/wp-json\/wp\/v2\/comments?post=16"}],"version-history":[{"count":4,"href":"https:\/\/docentes.face.ufmg.br\/raic\/wp-json\/wp\/v2\/pages\/16\/revisions"}],"predecessor-version":[{"id":176,"href":"https:\/\/docentes.face.ufmg.br\/raic\/wp-json\/wp\/v2\/pages\/16\/revisions\/176"}],"wp:attachment":[{"href":"https:\/\/docentes.face.ufmg.br\/raic\/wp-json\/wp\/v2\/media?parent=16"}],"curies":[{"name":"wp","href":"https:\/\/api.w.org\/{rel}","templated":true}]}}