{"id":138,"date":"2020-06-04T15:20:50","date_gmt":"2020-06-04T18:20:50","guid":{"rendered":"http:\/\/docentes.face.ufmg.br\/raic\/?page_id=138"},"modified":"2020-06-04T16:54:53","modified_gmt":"2020-06-04T19:54:53","slug":"finanmod","status":"publish","type":"page","link":"https:\/\/docentes.face.ufmg.br\/raic\/finanmod\/","title":{"rendered":"Como assim: FINAN\u00c7AS MODERNAS"},"content":{"rendered":"\n<p class=\"has-text-align-center wp-block-paragraph\"><strong>Robert Iquiapaza &#8211; FACE\/UFMG<br>04 Junho de 2020<\/strong><\/p>\n\n\n\n<h2 class=\"wp-block-heading\"><strong>O INICIO<\/strong><\/h2>\n\n\n\n<p class=\"has-drop-cap wp-block-paragraph\">Entre os anos cinquenta e sessenta do s\u00e9culo XX existiu uma esp\u00e9cie de revolu\u00e7\u00e3o te\u00f3rico-metodol\u00f3gica na pesquisa em finan\u00e7as que, pela ado\u00e7\u00e3o dos fundamentos do funcionalismo positivista, levou-a a ser mais normativa, quantitativa e pr\u00f3xima das ci\u00eancias naturais.<\/p>\n\n\n\n<p class=\"wp-block-paragraph\">Com isso, essa \u00e1rea perde suas caracter\u00edsticas cl\u00e1ssicas de ser positiva e o reconhecimento de sua capacidade de afetar seu objeto de estudo, o comportamento financeiro de indiv\u00edduos e empresas.<\/p>\n\n\n\n<figure class=\"wp-block-image\"><img decoding=\"async\" src=\"https:\/\/docentes.face.ufmg.br\/raic\/wp-content\/uploads\/sites\/34\/2020\/06\/trendfinance.jpg\" alt=\"Finan\u00e7as\" title=\"Capa Finan\u00e7as\" \/><\/figure>\n\n\n\n<h2 class=\"wp-block-heading\"><strong>A EVOLU\u00c7\u00c3O TE\u00d3RICA<\/strong><\/h2>\n\n\n\n<p class=\"has-drop-cap wp-block-paragraph\">A an\u00e1lise do comportamento dos pre\u00e7os das a\u00e7\u00f5es e os princ\u00edpios de sele\u00e7\u00e3o racional de portf\u00f3lios de a\u00e7\u00f5es, foi fundamentada no desenvolvimento do \u201cmodelo de passeio aleat\u00f3rio\u201d dos pre\u00e7os:<\/p>\n\n\n\n<p class=\"wp-block-paragraph\">A evolu\u00e7\u00e3o futura &#8220;do pre\u00e7o de um t\u00edtulo n\u00e3o \u00e9 mais previs\u00edvel do que o caminho de uma s\u00e9rie acumulada de n\u00fameros aleat\u00f3rios (&#8230;) isto insinua que a s\u00e9rie de mudan\u00e7as de pre\u00e7o n\u00e3o tem mem\u00f3ria (&#8230;) o passado n\u00e3o pode ser usado para predizer o futuro &#8230;. (FAMA, 1965, p.34).&#8221;<\/p>\n\n\n\n<p class=\"wp-block-paragraph\">==&gt; *HIP\u00d3TESE DE EFICI\u00caNCIA DOS MERCADOS DE CAPITAIS*<\/p>\n\n\n\n<figure class=\"wp-block-image\"><img decoding=\"async\" src=\"https:\/\/docentes.face.ufmg.br\/raic\/wp-content\/uploads\/sites\/34\/2020\/06\/Fama.png\" alt=\"Eugene Fama\" title=\"Eugene Fama\" \/><\/figure>\n\n\n\n<p class=\"wp-block-paragraph\">Nobel de Economia de 2013, junto com:<br>Lars P. Hansen e Robert J. Shiller<\/p>\n\n\n\n<h2 class=\"wp-block-heading\"><strong>DIVERSIFICAR O RISCO<\/strong><\/h2>\n\n\n\n<figure class=\"wp-block-image\"><img decoding=\"async\" src=\"https:\/\/docentes.face.ufmg.br\/raic\/wp-content\/uploads\/sites\/34\/2020\/06\/markowitznobel.jpg\" alt=\"Harry M. Markowitz\" title=\"Harry M. Markowitz\"><\/figure>\n\n\n\n<p class=\"wp-block-paragraph\">Nobel de Economia de 1990,<br>Junto com: Merton H. Miller William F. Sharpe<\/p>\n\n\n\n<p class=\"wp-block-paragraph\">Teoria de portf\u00f3lios de Markowitz (1952, 1959) enfatiza o benef\u00edcio de diversifica\u00e7\u00e3o de risco nos portf\u00f3lios e fundamenta a formula\u00e7\u00e3o da outras teorias\/modelos.<\/p>\n\n\n\n<figure class=\"wp-block-image size-large\"><img loading=\"lazy\" decoding=\"async\" width=\"217\" height=\"52\" src=\"http:\/\/docentes.face.ufmg.br\/raic\/wp-content\/uploads\/sites\/34\/2020\/06\/EquationRisco.png\" alt=\"sp=(X'.C.X)^0.5\" class=\"wp-image-162\" \/><\/figure>\n\n\n\n<pre class=\"wp-block-code\"><code><\/code><\/pre>\n\n\n\n<p class=\"wp-block-paragraph\">Entre eles o mais famoso Modelo CAPM ou Teoria de avalia\u00e7\u00e3o de ativos de capital:<\/p>\n\n\n\n<div class=\"wp-block-group\"><div class=\"wp-block-group__inner-container is-layout-flow wp-block-group-is-layout-flow\">\n<figure class=\"wp-block-image size-large\"><img decoding=\"async\" src=\"http:\/\/docentes.face.ufmg.br\/raic\/wp-content\/uploads\/sites\/34\/2020\/06\/EquationCAPM.png\" alt=\"Ri=Rf+b(Rm-Rf)\" class=\"wp-image-162\" \/><\/figure>\n<\/div><\/div>\n\n\n\n<p class=\"wp-block-paragraph\">E a Teoria de avalia\u00e7\u00e3o de op\u00e7\u00f5es de Black e Scholes (1972) e Merton (1973) (Nobel 1997), que permitem a avalia\u00e7\u00e3o de op\u00e7\u00f5es e outros derivativos.<\/p>\n\n\n\n<figure class=\"wp-block-image\"><img decoding=\"async\" src=\"http:\/\/docentes.face.ufmg.br\/raic\/wp-content\/uploads\/sites\/34\/2020\/06\/EquationBS.png\" alt=\"BS Call e Put\" class=\"wp-image-162\" \/><\/figure>\n\n\n\n<div class=\"wp-block-group\"><div class=\"wp-block-group__inner-container is-layout-flow wp-block-group-is-layout-flow\">\n<h2 class=\"wp-block-heading\">Risco e Retorno<\/h2>\n\n\n\n<pre class=\"wp-block-preformatted\"><\/pre>\n<\/div><\/div>\n\n\n\n<p class=\"has-drop-cap wp-block-paragraph\">O pressuposto fundamental foi o da diversifica\u00e7\u00e3o: o risco idiossincr\u00e1tico (espec\u00edfico) de uma a\u00e7\u00e3o particular poderia ser diversificado, mas n\u00e3o o risco gen\u00e9rico de flutua\u00e7\u00f5es globais do mercado (sist\u00eamico).<\/p>\n\n\n\n<p class=\"wp-block-paragraph\">Os investidores racionais requererem, ent\u00e3o, lucros esperados mais altos para manter a\u00e7\u00f5es com um $\\beta$ (risco sist\u00eamico) alto, em contraposi\u00e7\u00e3o a a\u00e7\u00f5es de $\\beta$ baixo.<\/p>\n\n\n\n<figure class=\"wp-block-image\"><img decoding=\"async\" src=\"https:\/\/docentes.face.ufmg.br\/raic\/wp-content\/uploads\/sites\/34\/2020\/06\/RR2-1.png\" alt=\"Fronteira Eficiente\" title=\"Fronteira Eficiente\" \/><\/figure>\n\n\n\n<figure class=\"wp-block-image\"><img decoding=\"async\" src=\"https:\/\/docentes.face.ufmg.br\/raic\/wp-content\/uploads\/sites\/34\/2020\/06\/RR3-1.png\" alt=\"Carteira Hipot\u00e9tica\" title=\"Carteira Hipot\u00e9tica\" \/><\/figure>\n\n\n\n<h2 class=\"wp-block-heading\"><strong>FINAN\u00c7AS CORPORATIVAS<\/strong><\/h2>\n\n\n\n<p class=\"has-drop-cap wp-block-paragraph\">Estrutura e Custo de Capital: A mudan\u00e7a de paradigma no campo acad\u00eamico acontece com a publica\u00e7\u00e3o do artigo de Modigliani e Miller (1958). De acordo com Ross (1988),<\/p>\n\n\n\n<p class=\"wp-block-paragraph\">\u201c&#8230; um dos paradigmas que tem m\u00e9rito,&#8230;, o trabalho de Miller e Modigliani fornece um exemplo de laborat\u00f3rio de uma violenta mudan\u00e7a de paradigma\u201d.<\/p>\n\n\n\n<p class=\"wp-block-paragraph\">McGoun (1992) acrescenta: o processo \u201cde simplifica\u00e7\u00e3o, matematiza\u00e7\u00e3o e o esquema da arbitragem nas suas provas, teve um profundo impacto no modo como os economistas financeiros t\u00eam procedido desde ent\u00e3o\u201d.<\/p>\n\n\n\n<img decoding=\"async\" style=\"margin: auto\" title=\"Midigliani e Miller (MM)\" src=\"https:\/\/docentes.face.ufmg.br\/raic\/wp-content\/uploads\/sites\/34\/2020\/06\/MM5863.png\" alt=\"Midigliani e Miller (MM)\"><\/p>\n\n\n\n<h2 class=\"wp-block-heading\"><strong>Outras contribui\u00e7\u00f5es<\/strong><\/h2>\n\n\n\n<p class=\"wp-block-paragraph\">Modigliani e Miller (1963), incorpora impostos \u00e0 MM 1958. A empresa deve utilizar D\u00edvida para financiar seus Investimentos de Capital.<\/p>\n\n\n\n<p class=\"wp-block-paragraph\">Jensen e Meckling (1976), integra a teoria da ag\u00eancia, dos direitos de propriedade e da teoria das finan\u00e7as para desenvolver uma teoria da estrutura de propriedade da empresa. Kraus e Litzenberger (1973) introdu\u00e7\u00e3o da vantagem tribut\u00e1ria da d\u00edvida e seu custo de fal\u00eancia no financiamento. Junto a DeAngelo e Masulis (1980) e Myers (1984) fundamentam a Hip\u00f3tese de Trade-off.<\/p>\n\n\n\n<p class=\"wp-block-paragraph\">Myers e Majluf (1984) incorporam a assimetria de informa\u00e7\u00e3o de Akertlof (1970) nas decis\u00f5es de investimento e financiamento empresarial. Junto a Ross (1977), Leland e Pyle (1977), Myers (1984) fundamentam a Hip\u00f3tese de Hierarquiza\u00e7\u00e3o das fontes de financiamento (Pecking Order).<\/p>\n\n\n\n<p class=\"wp-block-paragraph\">Aggarwal (1993) prov\u00ea uma avalia\u00e7\u00e3o de or\u00e7amento de capital sob incerteza.<\/p>\n\n\n\n<figure class=\"wp-block-image\"><img decoding=\"async\" src=\"https:\/\/docentes.face.ufmg.br\/raic\/wp-content\/uploads\/sites\/34\/2020\/06\/MM2-1.png\" alt=\"Modigliani e Miller - 1963\" title=\"Modigliani e Miller - 1963\" \/><\/figure>\n\n\n\n<h2 class=\"wp-block-heading\"><strong>INVESTIDORES\/AGENTES RACIONAIS?<\/strong><\/h2>\n\n\n\n<p class=\"has-drop-cap wp-block-paragraph\">Os fundamentos sobre os quais a moderna teoria financeira foi desenvolvida (Markowitz (1952), Modigliani e Miller (1958) e Sharpe (1964)) foram importados da teoria econ\u00f4mica neocl\u00e1ssica: assume como racional o comportamento dos indiv\u00edduos. Nesse momento, professores e profissionais das finan\u00e7as foram alterando mudando de um quadro em que os investidores s\u00e3o \u201cnormais\u201d para um em que os investidores s\u00e3o \u201cracionais\u201d (Statman, 2005).<\/p>\n\n\n\n<h2 class=\"wp-block-heading\"><strong>Finan\u00e7as Comportamentais?<\/strong><\/h2>\n\n\n\n<p class=\"wp-block-paragraph\">A teoria atual n\u00e3o apresenta todas as imagens da realidade.<\/p>\n\n\n\n<p class=\"wp-block-paragraph\">Economia e Finan\u00e7as comportamentais<\/p>\n\n\n\n<p class=\"wp-block-paragraph\">[Pr\u00eamio Nobel](<a href=\"https:\/\/www.britannica.com\/topic\/Winners-of-the-Nobel-Prize-for-Economics-1856936\" target=\"_blank\" rel=\"noreferrer noopener\">https:\/\/www.britannica.com\/topic\/Winners-of-the-Nobel-Prize-for-Economics-1856936<\/a>): 2001 &#8211; George Akerlof , 2002- Daniel Kahneman, 2013 &#8211; Robert J. Shiller e 2017 &#8211; Richard H. Thaler<br><br>Fatores psicol\u00f3gicos, sociol\u00f3gicos afetam o comportamento dos indiv\u00edduos. N\u00e3o necessariamente racionais na tomada de decis\u00f5es.<\/p>\n\n\n\n<figure class=\"wp-block-image\"><img decoding=\"async\" src=\"https:\/\/docentes.face.ufmg.br\/raic\/wp-content\/uploads\/sites\/34\/2020\/06\/behavior-1.png\" alt=\"Teoria do Prospecto\" title=\"Teoria do Prospecto\" \/><\/figure>\n\n\n\n<h4 class=\"wp-block-heading\"><strong>FONTES<\/strong><\/h4>\n\n\n\n<p class=\"wp-block-paragraph\">Iquiapaza, R. A., Amaral, H. F., &amp; Bressan, A. A. (2009). Evolu\u00e7\u00e3o da pesquisa em finan\u00e7as: epistemologia, paradigma e cr\u00edticas. [<em>Organiza\u00e7\u00f5es &amp; Sociedade<\/em>](<a href=\"https:\/\/doi.org\/10.1590\/S1984-92302009000200008\" target=\"_blank\" rel=\"noreferrer noopener\">https:\/\/doi.org\/10.1590\/S1984-92302009000200008<\/a>), 16(49), 351-370.<\/p>\n\n\n\n<p class=\"wp-block-paragraph\">Faria, E. R., Souza Mendes, M. A., &amp; Gon\u00e7alves, M. A. (2016). Por Que (N\u00e3o) Ler os Cl\u00e1ssicos? Uma Cr\u00edtica ao Mainstream dos Estudos em Estrat\u00e9gia e Finan\u00e7as. [<em>Revista Administra\u00e7\u00e3o em Di\u00e1logo<\/em>]( <a href=\"https:\/\/doi.org\/10.20946\/rad.v18i1.11590\" target=\"_blank\" rel=\"noreferrer noopener\">https:\/\/doi.org\/10.20946\/rad.v18i1.11590<\/a>), 18(1), 1-28.<\/p>\n\n\n\n<p class=\"has-normal-font-size wp-block-paragraph\"><b>Direitos<\/b>:<br><a href=\"http:\/\/creativecommons.org\/licenses\/by-nc-sa\/4.0\/\" rel=\"license\"><img decoding=\"async\" style=\"border-width: 0\" src=\"https:\/\/i.creativecommons.org\/l\/by-nc-sa\/4.0\/80x15.png\" alt=\"Licen\u00e7a Creative Commons\"><\/a><br>Este trabalho est\u00e1 licenciado com uma Licen\u00e7a <a href=\"http:\/\/creativecommons.org\/licenses\/by-nc-sa\/4.0\/\" rel=\"license\">Creative Commons &#8211; Atribui\u00e7\u00e3o-N\u00e3oComercial-CompartilhaIgual 4.0 Internacional<\/a>.<\/p>\n","protected":false},"excerpt":{"rendered":"<p>Robert Iquiapaza &#8211; FACE\/UFMG04 Junho de 2020 O INICIO Entre os anos cinquenta e sessenta do s\u00e9culo XX existiu uma esp\u00e9cie de revolu\u00e7\u00e3o te\u00f3rico-metodol\u00f3gica na pesquisa em finan\u00e7as que, pela ado\u00e7\u00e3o dos fundamentos do funcionalismo positivista, levou-a a ser mais normativa, quantitativa e pr\u00f3xima das ci\u00eancias naturais. Com isso, essa \u00e1rea perde suas caracter\u00edsticas cl\u00e1ssicas &hellip; <a href=\"https:\/\/docentes.face.ufmg.br\/raic\/finanmod\/\" class=\"more-link\">Continuar lendo <span class=\"screen-reader-text\">Como assim: FINAN\u00c7AS MODERNAS<\/span><\/a><\/p>\n","protected":false},"author":26,"featured_media":0,"parent":0,"menu_order":0,"comment_status":"closed","ping_status":"closed","template":"","meta":{"_crdt_document":"","_exactmetrics_skip_tracking":false,"_exactmetrics_sitenote_active":false,"_exactmetrics_sitenote_note":"","_exactmetrics_sitenote_category":0,"footnotes":""},"class_list":["post-138","page","type-page","status-publish","hentry"],"_links":{"self":[{"href":"https:\/\/docentes.face.ufmg.br\/raic\/wp-json\/wp\/v2\/pages\/138","targetHints":{"allow":["GET"]}}],"collection":[{"href":"https:\/\/docentes.face.ufmg.br\/raic\/wp-json\/wp\/v2\/pages"}],"about":[{"href":"https:\/\/docentes.face.ufmg.br\/raic\/wp-json\/wp\/v2\/types\/page"}],"author":[{"embeddable":true,"href":"https:\/\/docentes.face.ufmg.br\/raic\/wp-json\/wp\/v2\/users\/26"}],"replies":[{"embeddable":true,"href":"https:\/\/docentes.face.ufmg.br\/raic\/wp-json\/wp\/v2\/comments?post=138"}],"version-history":[{"count":13,"href":"https:\/\/docentes.face.ufmg.br\/raic\/wp-json\/wp\/v2\/pages\/138\/revisions"}],"predecessor-version":[{"id":163,"href":"https:\/\/docentes.face.ufmg.br\/raic\/wp-json\/wp\/v2\/pages\/138\/revisions\/163"}],"wp:attachment":[{"href":"https:\/\/docentes.face.ufmg.br\/raic\/wp-json\/wp\/v2\/media?parent=138"}],"curies":[{"name":"wp","href":"https:\/\/api.w.org\/{rel}","templated":true}]}}