{"id":11,"date":"2016-06-09T14:21:05","date_gmt":"2016-06-09T17:21:05","guid":{"rendered":"http:\/\/docentes.face.ufmg.br\/john-doe\/?page_id=11"},"modified":"2020-05-13T13:28:12","modified_gmt":"2020-05-13T16:28:12","slug":"formacao","status":"publish","type":"page","link":"https:\/\/docentes.face.ufmg.br\/raic\/formacao\/","title":{"rendered":"Forma\u00e7\u00e3o"},"content":{"rendered":"<h5><\/h5>\n<div class=\"layout-cell layout-cell-3 text-align-right\">\n<h5 class=\"layout-cell-pad-5 text-align-right\"><b>2006 &#8211; 2009 &#8211;\u00a0<\/b>Doutorado em Administra\u00e7\u00e3o<span class=\"ajaxCAPES\">\u00a0(Conceito CAPES 6)<\/span>.<\/h5>\n<\/div>\n<div class=\"layout-cell layout-cell-9\">\n<div class=\"layout-cell-pad-5\"><strong>Universidade Federal de Minas Gerais<\/strong>, UFMG, Brasil,\u00a0com per\u00edodo sandu\u00edche em Columbia Business School, Columbia University.<\/div>\n<div class=\"layout-cell-pad-5\"><strong>\u00c1rea<\/strong>: Finan\u00e7as<br class=\"clear\" \/><strong>T\u00edtulo<\/strong>: <a href=\"#\">Performance, Capta\u00e7\u00e3o e Foco das Fam\u00edlias de Fundos de Investimento<\/a>. <br class=\"clear\" \/><strong>Palavras-chave<\/strong>: Fundos m\u00fatuos de investimento; Capta\u00e7\u00e3o l\u00edquida dos fundos; Persist\u00eancia da performance; Fam\u00edlias de fundos.<\/div>\n<\/div>\n<h5><\/h5>\n<div class=\"layout-cell layout-cell-3 text-align-right\">\n<h5 class=\"layout-cell-pad-5 text-align-right\"><b>2003 &#8211; 2004 &#8211;\u00a0<\/b>Mestrado em Administra\u00e7\u00e3o<span class=\"ajaxCAPES\"> (Conceito CAPES 6)<\/span>.<\/h5>\n<\/div>\n<div class=\"layout-cell layout-cell-9\">\n<div class=\"layout-cell-pad-5\"><strong>Universidade Federal de Minas Gerais<\/strong>, UFMG, Brasil.<\/div>\n<div class=\"layout-cell-pad-5\"><strong>\u00c1rea<\/strong>: Finan\u00e7as<br class=\"clear\" \/><strong>T\u00edtulo<\/strong>: <a href=\"#\">Condicionantes do crescimento dos fundos m\u00fatuos de investimento no Brasil e no Peru: um estudo das capta\u00e7\u00f5es l\u00edquidas agregadas<\/a>, Ano de Obten\u00e7\u00e3o: 2005.<br class=\"clear\" \/><strong>Palavras-chave<\/strong>: Fundos m\u00fatuos de investimento; Capta\u00e7\u00e3o l\u00edquida dos fundos; Modelos econom\u00e9tricos; Estimadores robustos; Brasil-Peru.<\/div>\n<div class=\"layout-cell-pad-5\"><\/div>\n<\/div>\n<div class=\"layout-cell layout-cell-3 text-align-right\">\n<h5 class=\"layout-cell-pad-5 text-align-right\"><b>1996 &#8211; 1996 &#8211;\u00a0<\/b>Especializa\u00e7\u00e3o em II Curso de Especializaci\u00f3n em Mercado de Valores. (Carga Hor\u00e1ria: 432h).<\/h5>\n<\/div>\n<div class=\"layout-cell layout-cell-9\">\n<div class=\"layout-cell-pad-5\"><strong>Superintendencia del Mercado de Valores<\/strong> (antes Comisi\u00f3n Nacional Supervisora de Empresas y Valores, CONASEV), Peru. <br class=\"clear\" \/>\n<\/div>\n<\/div>\n<div class=\"layout-cell layout-cell-3 text-align-right\">\n<h5 class=\"layout-cell-pad-5 text-align-right\"><b>1994 &#8211; 1994 &#8211;\u00a0<\/b>Aperfei\u00e7oamento em XLI Curso de Extensi\u00f3n Universit\u00e1ria. (Carga Hor\u00e1ria: 390h).<\/h5>\n<\/div>\n<div class=\"layout-cell layout-cell-9\">\n<div class=\"layout-cell-pad-5\"><strong>Banco Central de Reserva Del Per\u00fa<\/strong>, BCRP, Peru. <br class=\"clear\" \/>\n<\/div>\n<\/div>\n<div class=\"layout-cell layout-cell-3 text-align-right\">\n<h5 class=\"layout-cell-pad-5 text-align-right\"><b>1990 &#8211; 1994 &#8211;\u00a0<\/b>Gradua\u00e7\u00e3o em Economia.<\/h5>\n<\/div>\n<div class=\"layout-cell layout-cell-9\">\n<div class=\"layout-cell-pad-5\"><strong>Universidad Nacional de San Agustin<\/strong>, UNSA, Peru.<\/div>\n<h5 class=\"layout-cell-pad-5\"><b>1988 &#8211; 1992 &#8211;\u00a0<\/b>Gradua\u00e7\u00e3o em Ciencias Agrarias.<\/h5>\n<\/div>\n<div class=\"layout-cell layout-cell-9\">\n<div class=\"layout-cell-pad-5\"><strong>Universidad Nacional de San Agustin<\/strong>, UNSA, Peru.<\/div>\n<\/div>\n","protected":false},"excerpt":{"rendered":"<p>2006 &#8211; 2009 &#8211;\u00a0Doutorado em Administra\u00e7\u00e3o\u00a0(Conceito CAPES 6). Universidade Federal de Minas Gerais, UFMG, Brasil,\u00a0com per\u00edodo sandu\u00edche em Columbia Business School, Columbia University. \u00c1rea: Finan\u00e7asT\u00edtulo: Performance, Capta\u00e7\u00e3o e Foco das Fam\u00edlias de Fundos de Investimento. Palavras-chave: Fundos m\u00fatuos de investimento; Capta\u00e7\u00e3o l\u00edquida dos fundos; Persist\u00eancia da performance; Fam\u00edlias de fundos. 2003 &#8211; 2004 &#8211;\u00a0Mestrado em &hellip; <a href=\"https:\/\/docentes.face.ufmg.br\/raic\/formacao\/\" class=\"more-link\">Continuar lendo <span class=\"screen-reader-text\">Forma\u00e7\u00e3o<\/span><\/a><\/p>\n","protected":false},"author":26,"featured_media":0,"parent":0,"menu_order":0,"comment_status":"closed","ping_status":"closed","template":"","meta":{"_crdt_document":"","_exactmetrics_skip_tracking":false,"_exactmetrics_sitenote_active":false,"_exactmetrics_sitenote_note":"","_exactmetrics_sitenote_category":0,"footnotes":""},"class_list":["post-11","page","type-page","status-publish","hentry"],"_links":{"self":[{"href":"https:\/\/docentes.face.ufmg.br\/raic\/wp-json\/wp\/v2\/pages\/11","targetHints":{"allow":["GET"]}}],"collection":[{"href":"https:\/\/docentes.face.ufmg.br\/raic\/wp-json\/wp\/v2\/pages"}],"about":[{"href":"https:\/\/docentes.face.ufmg.br\/raic\/wp-json\/wp\/v2\/types\/page"}],"author":[{"embeddable":true,"href":"https:\/\/docentes.face.ufmg.br\/raic\/wp-json\/wp\/v2\/users\/26"}],"replies":[{"embeddable":true,"href":"https:\/\/docentes.face.ufmg.br\/raic\/wp-json\/wp\/v2\/comments?post=11"}],"version-history":[{"count":7,"href":"https:\/\/docentes.face.ufmg.br\/raic\/wp-json\/wp\/v2\/pages\/11\/revisions"}],"predecessor-version":[{"id":78,"href":"https:\/\/docentes.face.ufmg.br\/raic\/wp-json\/wp\/v2\/pages\/11\/revisions\/78"}],"wp:attachment":[{"href":"https:\/\/docentes.face.ufmg.br\/raic\/wp-json\/wp\/v2\/media?parent=11"}],"curies":[{"name":"wp","href":"https:\/\/api.w.org\/{rel}","templated":true}]}}