{"id":2,"date":"2016-06-09T14:03:11","date_gmt":"2016-06-09T17:03:11","guid":{"rendered":"http:\/\/docentes.face.ufmg.br\/john-doe\/?page_id=2"},"modified":"2024-08-08T10:36:21","modified_gmt":"2024-08-08T13:36:21","slug":"sobre","status":"publish","type":"page","link":"https:\/\/docentes.face.ufmg.br\/quelzanatta\/","title":{"rendered":"Sobre"},"content":{"rendered":"<p><span style=\"font-weight: 400\">Professora Adjunta &#8211; N\u00edvel III no Departamento de Demografia e no Programa de P\u00f3s-Gradua\u00e7\u00e3o em Demografia da Faculdade de Ci\u00eancias Econ\u00f4micas e do Centro de Desenvolvimento e Planejamento Regional (CEDEPLAR) da Universidade Federal de Minas Gerais (UFMG).\u00a0<\/span><\/p>\n<p>\u00c9 bolsista de Produtividade em Pesquisa do CNPq &#8211; N\u00edvel 2. Em 2023 recebeu os pr\u00eamios 2023 IUSSP Early Career Awardee for Latin America (International Union for the Scientific Study of Population) e Doc\u00eancia: sucessos do of\u00edcio (Pr\u00f3-reitoria de Gradua\u00e7\u00e3o e Diretoria de Inova\u00e7\u00e3o e Metodologias de Ensino GIZ\/PROGRAD).<\/p>\n<p>Atualmente desenvolve pesquisas nas \u00e1reas de Fecundidade, Sa\u00fade Sexual e Reprodutiva, Fam\u00edlia e Curso de Vida.\u00a0<\/p>\n<p><span style=\"font-weight: 400\">Foi bolsista do Programa Nacional de P\u00f3s-doutorado da Coordena\u00e7\u00e3o de Aperfei\u00e7oamento de Pessoal de N\u00edvel Superior (PNPD\/CAPES) no Cedeplar\/FACE\/UFMG desenvolvendo um projeto sobre inten\u00e7\u00f5es reprodutivas e estrat\u00e9gias de redu\u00e7\u00e3o da vulnerabilidade em tempos de Zika v\u00edrus.\u00a0<\/span><\/p>\n<p><span style=\"font-weight: 400\">Doutorado em Sociologia pela University of North Carolina at Chapel Hill, Estados Unidos. Foi Teaching Fellow no mesmo departamento e predoctoral trainee no Population Research Center da mesma universidade.\u00a0<\/span><\/p>\n<p><span style=\"font-weight: 400\">Mestrado em Demografia pelo Cedeplar\/FACE\/UFMG (CNPq) e mestrado em Sociologia pela University of North Carolina at Chapel Hill.\u00a0<\/span><\/p>\n<p><span style=\"font-weight: 400\">Gradua\u00e7\u00e3o em Comunica\u00e7\u00e3o Social na UFMG, com habilita\u00e7\u00f5es em Jornalismo e Rela\u00e7\u00f5es P\u00fablicas (bolsista Capes no Programa de Inicia\u00e7\u00e3o \u00e0 Doc\u00eancia do Departamento de Comunica\u00e7\u00e3o Social e bolsista Fapemig no Programa de Inicia\u00e7\u00e3o Cient\u00edfica no Departamento de Demografia Cedeplar\/UFMG). <\/span><\/p>\n<p><span style=\"font-weight: 400\">\u00c9 m\u00e3e de dois filhos (mar\u00e7o de 2015 e junho de 2018).<\/span><\/p>\n\n\n<p class=\"wp-block-paragraph\"><a href=\"http:\/\/lattes.cnpq.br\/0432825836089426\">Lattes<\/a> <\/p>\n\n\n\n<p class=\"wp-block-paragraph\"><a href=\"https:\/\/orcid.org\/0000-0002-2841-1480\">ORCID<\/a><\/p>\n\n\n\n<p class=\"wp-block-paragraph\"><a href=\"https:\/\/scholar.google.com\/citations?user=kBNKU1YAAAAJ&amp;hl=en\">Google Scholar<\/a><\/p>\n\n\n\n<p class=\"wp-block-paragraph\"><\/p>\n","protected":false},"excerpt":{"rendered":"<p>Professora Adjunta &#8211; N\u00edvel III no Departamento de Demografia e no Programa de P\u00f3s-Gradua\u00e7\u00e3o em Demografia da Faculdade de Ci\u00eancias Econ\u00f4micas e do Centro de Desenvolvimento e Planejamento Regional (CEDEPLAR) da Universidade Federal de Minas Gerais (UFMG).\u00a0 \u00c9 bolsista de Produtividade em Pesquisa do CNPq &#8211; N\u00edvel 2. Em 2023 recebeu os pr\u00eamios 2023 IUSSP &hellip; <a href=\"https:\/\/docentes.face.ufmg.br\/quelzanatta\/\" class=\"more-link\">Continuar lendo <span class=\"screen-reader-text\">Sobre<\/span><\/a><\/p>\n","protected":false},"author":1,"featured_media":0,"parent":0,"menu_order":0,"comment_status":"closed","ping_status":"closed","template":"","meta":{"_crdt_document":"","_exactmetrics_skip_tracking":false,"_exactmetrics_sitenote_active":false,"_exactmetrics_sitenote_note":"","_exactmetrics_sitenote_category":0,"footnotes":""},"class_list":["post-2","page","type-page","status-publish","hentry"],"_links":{"self":[{"href":"https:\/\/docentes.face.ufmg.br\/quelzanatta\/wp-json\/wp\/v2\/pages\/2","targetHints":{"allow":["GET"]}}],"collection":[{"href":"https:\/\/docentes.face.ufmg.br\/quelzanatta\/wp-json\/wp\/v2\/pages"}],"about":[{"href":"https:\/\/docentes.face.ufmg.br\/quelzanatta\/wp-json\/wp\/v2\/types\/page"}],"author":[{"embeddable":true,"href":"https:\/\/docentes.face.ufmg.br\/quelzanatta\/wp-json\/wp\/v2\/users\/1"}],"replies":[{"embeddable":true,"href":"https:\/\/docentes.face.ufmg.br\/quelzanatta\/wp-json\/wp\/v2\/comments?post=2"}],"version-history":[{"count":9,"href":"https:\/\/docentes.face.ufmg.br\/quelzanatta\/wp-json\/wp\/v2\/pages\/2\/revisions"}],"predecessor-version":[{"id":164,"href":"https:\/\/docentes.face.ufmg.br\/quelzanatta\/wp-json\/wp\/v2\/pages\/2\/revisions\/164"}],"wp:attachment":[{"href":"https:\/\/docentes.face.ufmg.br\/quelzanatta\/wp-json\/wp\/v2\/media?parent=2"}],"curies":[{"name":"wp","href":"https:\/\/api.w.org\/{rel}","templated":true}]}}