{"id":187,"date":"2024-08-08T11:42:26","date_gmt":"2024-08-08T14:42:26","guid":{"rendered":"https:\/\/docentes.face.ufmg.br\/quelzanatta\/?page_id=187"},"modified":"2024-08-16T19:25:31","modified_gmt":"2024-08-16T22:25:31","slug":"ola-bem-vinda-ao-site-da-nossa-pesquisa","status":"publish","type":"page","link":"https:\/\/docentes.face.ufmg.br\/quelzanatta\/ola-bem-vinda-ao-site-da-nossa-pesquisa\/","title":{"rendered":"Ol\u00e1, bem vinda ao site da nossa pesquisa"},"content":{"rendered":"<p>Ol\u00e1.<br \/>\nSe voc\u00ea chegou at\u00e9 aqui \u00e9 porque j\u00e1 \u00e9 participante ou est\u00e1 sendo convidada a participar da pesquisa \u201cSa\u00fade Sexual e Reprodutiva, G\u00eanero e Conjugalidade em Minas Gerais em Tempos de COVID-19\u201d. Essa pesquisa est\u00e1 sendo feita por pesquisadoras da Universidade Federal de Minas Gerais (UFMG). A coordena\u00e7\u00e3o est\u00e1 sob a responsabilidade da professora Raquel Zanatta Coutinho, do Centro de Desenvolvimento e Planejamento Regional (CEDEPLAR) da Faculdade de Ci\u00eancias Econ\u00f4micas da UFMG.<\/p>\n<p>Os objetivos da pesquisa s\u00e3o investigar os efeitos da pandemia de Covid-19 na sa\u00fade da mulher (como o acesso aos servi\u00e7os de sa\u00fade), nas ideias sobre maternidade (como a decis\u00e3o sobre o n\u00famero desejado de filhos, o momento de ter filhos e o espa\u00e7amento entre as gesta\u00e7\u00f5es) e na din\u00e2mica familiar e domiciliar, (como o trabalho dom\u00e9stico, o trabalho remunerado, o cuidado com os filhos, al\u00e9m das rela\u00e7\u00f5es conjugais e sexuais). Os resultados da pesquisa nos permitir\u00e3o expandir o conhecimento sobre estas quest\u00f5es, fornecendo orienta\u00e7\u00e3o para as pol\u00edticas p\u00fablicas e a\u00e7\u00f5es de sa\u00fade.<\/p>\n<p>Nesta p\u00e1gina voc\u00ea encontrar\u00e1 alguns documentos importantes. Basta clicar sobre eles para baix\u00e1-los no seu computador ou celular. S\u00e3o eles:<\/p>\n<p><a href=\"https:\/\/docs.google.com\/document\/d\/1CgDu3_GC6mIfMKKN0osK_Hw0LRCJPb9s\/edit?usp=drive_link&amp;ouid=118295751828064021988&amp;rtpof=true&amp;sd=true\">TCLE &#8211; Termo de Consentimento Livre e Esclarecido<\/a> (cont\u00e9m todas as informa\u00e7\u00f5es sobre como se dar\u00e1 a sua participa\u00e7\u00e3o nessa pesquisa. Voc\u00ea j\u00e1 deve ter recebido um Termo assinado pelas nossas pesquisadoras ou vai receber em breve).<\/p>\n<p><a href=\"https:\/\/docs.google.com\/presentation\/d\/1RFld3ClCWYKC7jJsGlegoid8YphQ0zMAJFB1wGrSAHM\/edit?usp=sharing\">Fotos e nomes completos das nossas entrevistadoras<\/a>.<\/p>\n<p>Lembramos que a pesquisa recebeu parecer positivo do Comit\u00ea de \u00c9tica em Pesquisa da UFMG (CEP\/UFMG). O n\u00famero de registro dela \u00e9 CAAE 74106423.9.0000.5149.<\/p>\n<p>Caso queira falar com a gente, entre em contato pelo email <strong>saudemulher.ufmg@gmail.com<\/strong> ou pelo telefone e <strong>Whatsapp (31) 97547-9680<\/strong>.<\/p>\n","protected":false},"excerpt":{"rendered":"<p>Ol\u00e1. Se voc\u00ea chegou at\u00e9 aqui \u00e9 porque j\u00e1 \u00e9 participante ou est\u00e1 sendo convidada a participar da pesquisa \u201cSa\u00fade Sexual e Reprodutiva, G\u00eanero e Conjugalidade em Minas Gerais em Tempos de COVID-19\u201d. Essa pesquisa est\u00e1 sendo feita por pesquisadoras da Universidade Federal de Minas Gerais (UFMG). A coordena\u00e7\u00e3o est\u00e1 sob a responsabilidade da professora &hellip; <a href=\"https:\/\/docentes.face.ufmg.br\/quelzanatta\/ola-bem-vinda-ao-site-da-nossa-pesquisa\/\" class=\"more-link\">Continuar lendo <span class=\"screen-reader-text\">Ol\u00e1, bem vinda ao site da nossa pesquisa<\/span><\/a><\/p>\n","protected":false},"author":61,"featured_media":0,"parent":0,"menu_order":0,"comment_status":"closed","ping_status":"closed","template":"","meta":{"_crdt_document":"","_exactmetrics_skip_tracking":false,"_exactmetrics_sitenote_active":false,"_exactmetrics_sitenote_note":"","_exactmetrics_sitenote_category":0,"footnotes":""},"class_list":["post-187","page","type-page","status-publish","hentry"],"_links":{"self":[{"href":"https:\/\/docentes.face.ufmg.br\/quelzanatta\/wp-json\/wp\/v2\/pages\/187","targetHints":{"allow":["GET"]}}],"collection":[{"href":"https:\/\/docentes.face.ufmg.br\/quelzanatta\/wp-json\/wp\/v2\/pages"}],"about":[{"href":"https:\/\/docentes.face.ufmg.br\/quelzanatta\/wp-json\/wp\/v2\/types\/page"}],"author":[{"embeddable":true,"href":"https:\/\/docentes.face.ufmg.br\/quelzanatta\/wp-json\/wp\/v2\/users\/61"}],"replies":[{"embeddable":true,"href":"https:\/\/docentes.face.ufmg.br\/quelzanatta\/wp-json\/wp\/v2\/comments?post=187"}],"version-history":[{"count":6,"href":"https:\/\/docentes.face.ufmg.br\/quelzanatta\/wp-json\/wp\/v2\/pages\/187\/revisions"}],"predecessor-version":[{"id":214,"href":"https:\/\/docentes.face.ufmg.br\/quelzanatta\/wp-json\/wp\/v2\/pages\/187\/revisions\/214"}],"wp:attachment":[{"href":"https:\/\/docentes.face.ufmg.br\/quelzanatta\/wp-json\/wp\/v2\/media?parent=187"}],"curies":[{"name":"wp","href":"https:\/\/api.w.org\/{rel}","templated":true}]}}