{"id":167,"date":"2024-08-08T10:39:30","date_gmt":"2024-08-08T13:39:30","guid":{"rendered":"https:\/\/docentes.face.ufmg.br\/quelzanatta\/?page_id=167"},"modified":"2024-08-08T10:42:49","modified_gmt":"2024-08-08T13:42:49","slug":"pesquisas-com-coletas-de-dado-finalizadas","status":"publish","type":"page","link":"https:\/\/docentes.face.ufmg.br\/quelzanatta\/pesquisas-com-coletas-de-dado-finalizadas\/","title":{"rendered":"Pesquisas com coletas de dados finalizadas"},"content":{"rendered":"<p><strong>Projeto Brumadinho &#8211; Subprojeto 03<\/strong><\/p>\n<p>O Projeto Brumadinho UFMG tem como objetivo geral auxiliar o Ju\u00edzo da 2\u00aa Vara da Fazenda P\u00fablica da Comarca de Belo Horizonte por meio de estudos que permitam identificar e avaliar os impactos decorrentes do rompimento da Barragem I da Mina C\u00f3rrego do Feij\u00e3o.<\/p>\n<p>Os objetivos espec\u00edficos s\u00e3o: identificar e avaliar as necessidades emergenciais dos impactos socioecon\u00f4micos, ambientais, na sa\u00fade, na educa\u00e7\u00e3o, nas estruturas urbanas, no patrim\u00f4nio cultural material e imaterial e nas popula\u00e7\u00f5es ribeirinhas, dentre outros impactos, em escala local, microrregional, mesorregional e regional; e apresentar as necessidades de recupera\u00e7\u00e3o e reconstru\u00e7\u00e3o em Relat\u00f3rio de Avalia\u00e7\u00e3o Consolidado e desenvolver Plano de Recupera\u00e7\u00e3o.<\/p>\n<p>Acesse aqui o <a href=\"http:\/\/www.projetobrumadinho.ufmg.br\/subprojetos\/socioeconomico\/subprojeto-03\">site<\/a> da pesquisa.<\/p>\n<p><strong>Investiga\u00e7\u00e3o da percep\u00e7\u00e3o das mulheres sobre a assist\u00eancia obst\u00e9trica recebida em Belo Horizonte e suas consequ\u00eancias para a sa\u00fade da mulher e da crian\u00e7a<\/strong><\/p>\n<p>A viol\u00eancia obst\u00e9trica \u00e9 um problema de sa\u00fade p\u00fablica relatado pelas brasileiras e traz graves consequ\u00eancias para as mulheres e seus beb\u00eas, como a prematuridade iatrog\u00eanica, maior risco de problemas respirat\u00f3rios, complica\u00e7\u00f5es p\u00f3s-operat\u00f3rias, depress\u00e3o e outros. O presente estudo busca avaliar, por meio de question\u00e1rio auto-aplic\u00e1vel via internet, as respostas das mulheres sobre a assist\u00eancia que receberam durante o pr\u00e9-natal, parto, p\u00f3s-parto ou situa\u00e7\u00f5es de perdas gestacionais ou abortamentos.<\/p>\n<p>Acesse <a href=\"https:\/\/docentes.face.ufmg.br\/quelzanatta\/percepcao-das-mulheres-sobre-a-assistencia-obstetrica-e-suas-consequencias-para-a-saude-da-mulher-e-da-crianca-em-belo-horizonte\/\">aqui<\/a> a p\u00e1gina da pesquisa.<\/p>\n","protected":false},"excerpt":{"rendered":"<p>Projeto Brumadinho &#8211; Subprojeto 03 O Projeto Brumadinho UFMG tem como objetivo geral auxiliar o Ju\u00edzo da 2\u00aa Vara da Fazenda P\u00fablica da Comarca de Belo Horizonte por meio de estudos que permitam identificar e avaliar os impactos decorrentes do rompimento da Barragem I da Mina C\u00f3rrego do Feij\u00e3o. Os objetivos espec\u00edficos s\u00e3o: identificar e &hellip; <a href=\"https:\/\/docentes.face.ufmg.br\/quelzanatta\/pesquisas-com-coletas-de-dado-finalizadas\/\" class=\"more-link\">Continuar lendo <span class=\"screen-reader-text\">Pesquisas com coletas de dados finalizadas<\/span><\/a><\/p>\n","protected":false},"author":61,"featured_media":0,"parent":0,"menu_order":0,"comment_status":"closed","ping_status":"closed","template":"","meta":{"_crdt_document":"","_exactmetrics_skip_tracking":false,"_exactmetrics_sitenote_active":false,"_exactmetrics_sitenote_note":"","_exactmetrics_sitenote_category":0,"footnotes":""},"class_list":["post-167","page","type-page","status-publish","hentry"],"_links":{"self":[{"href":"https:\/\/docentes.face.ufmg.br\/quelzanatta\/wp-json\/wp\/v2\/pages\/167","targetHints":{"allow":["GET"]}}],"collection":[{"href":"https:\/\/docentes.face.ufmg.br\/quelzanatta\/wp-json\/wp\/v2\/pages"}],"about":[{"href":"https:\/\/docentes.face.ufmg.br\/quelzanatta\/wp-json\/wp\/v2\/types\/page"}],"author":[{"embeddable":true,"href":"https:\/\/docentes.face.ufmg.br\/quelzanatta\/wp-json\/wp\/v2\/users\/61"}],"replies":[{"embeddable":true,"href":"https:\/\/docentes.face.ufmg.br\/quelzanatta\/wp-json\/wp\/v2\/comments?post=167"}],"version-history":[{"count":3,"href":"https:\/\/docentes.face.ufmg.br\/quelzanatta\/wp-json\/wp\/v2\/pages\/167\/revisions"}],"predecessor-version":[{"id":174,"href":"https:\/\/docentes.face.ufmg.br\/quelzanatta\/wp-json\/wp\/v2\/pages\/167\/revisions\/174"}],"wp:attachment":[{"href":"https:\/\/docentes.face.ufmg.br\/quelzanatta\/wp-json\/wp\/v2\/media?parent=167"}],"curies":[{"name":"wp","href":"https:\/\/api.w.org\/{rel}","templated":true}]}}