{"id":16,"date":"2016-06-09T14:26:21","date_gmt":"2016-06-09T17:26:21","guid":{"rendered":"http:\/\/docentes.face.ufmg.br\/john-doe\/?page_id=16"},"modified":"2024-08-08T10:29:49","modified_gmt":"2024-08-08T13:29:49","slug":"linhas-de-pesquisa","status":"publish","type":"page","link":"https:\/\/docentes.face.ufmg.br\/quelzanatta\/linhas-de-pesquisa\/","title":{"rendered":"Disciplinas lecionadas"},"content":{"rendered":"<p><strong>2017<\/strong><\/p>\n<p><span style=\"font-weight: 400\">Introdu\u00e7\u00e3o \u00e0 M\u00e9todos Demogr\u00e1ficos aplicados \u00e0 sa\u00fade POP013<\/span><\/p>\n<p><span style=\"font-weight: 400\">Base de Dados POP004<\/span><\/p>\n<p><span style=\"font-weight: 400\">M\u00e9todos Quantitativos POP008\u00a0<\/span><\/p>\n<p><strong>2018<\/strong><\/p>\n<p><span style=\"font-weight: 400\">Matem\u00e1tica POP872 (Programa de P\u00f3s-Gradua\u00e7\u00e3o em Demografia)<\/span><\/p>\n<p><span style=\"font-weight: 400\">Din\u00e2mica Demogr\u00e1fica POP019<\/span><\/p>\n<p><span style=\"font-weight: 400\">-&gt;Licen\u00e7a maternidade<\/span><\/p>\n<p><strong>2019<\/strong><\/p>\n<p><span style=\"font-weight: 400\">Curso de Vida aplicado \u00e0 Demografia POP859 (Programa de P\u00f3s-Gradua\u00e7\u00e3o em Demografia)<\/span><\/p>\n<p><span style=\"font-weight: 400\">Base de Dados em Ci\u00eancias Atuariais POP013<\/span><\/p>\n<p><span style=\"font-weight: 400\">Componentes da Din\u00e2mica Demogr\u00e1fica POP015<\/span><\/p>\n<p><span style=\"font-weight: 400\">Matem\u00e1tica POP872 (Programa de P\u00f3s-Gradua\u00e7\u00e3o em Demografia)<\/span><\/p>\n<p><span style=\"font-weight: 400\">Din\u00e2mica Demogr\u00e1fica POP019<\/span><\/p>\n<p><strong>2020<\/strong><\/p>\n<p><span style=\"font-weight: 400\">Matem\u00e1tica POP872 (Programa de P\u00f3s-Gradua\u00e7\u00e3o em Demografia)<\/span><\/p>\n<p><span style=\"font-weight: 400\">Din\u00e2mica Demogr\u00e1fica POP019\u00a0<\/span><\/p>\n<p><span style=\"font-weight: 400\">Introduction to Population Studies UNI174 &#8211; interrompida devido a pandemia<\/span><\/p>\n<p><span style=\"font-weight: 400\">Curso de Vida aplicado \u00e0 Demografia POP859 (Programa de P\u00f3s-Gradua\u00e7\u00e3o em Demografia)<\/span><\/p>\n<p><span style=\"font-weight: 400\">Componentes da Din\u00e2mica Demogr\u00e1fica POP015<\/span><\/p>\n<p><span style=\"font-weight: 400\">Indicadores de Sa\u00fade Sexual e Reprodutiva POP013<\/span><\/p>\n<p><strong>2021<\/strong><\/p>\n<p><span style=\"font-weight: 400\">Din\u00e2mica Demogr\u00e1fica POP019\u00a0<\/span><\/p>\n<p><span style=\"font-weight: 400\">Componentes da Din\u00e2mica Demogr\u00e1fica POP015<\/span><\/p>\n<p><span style=\"font-weight: 400\">Indicadores de Sa\u00fade Sexual e Reprodutiva POP013<\/span><\/p>\n<p>M\u00e9todos Quantitativos INU 007<\/p>\n<p>Semin\u00e1rio de Publica\u00e7\u00e3o em Demografia POP859 <span style=\"font-weight: 400\">(Programa de P\u00f3s-Gradua\u00e7\u00e3o em Demografia)<\/span><\/p>\n<p><strong>2022<\/strong><\/p>\n<p><span style=\"font-weight: 400\">Din\u00e2mica Demogr\u00e1fica POP019\u00a0<\/span><\/p>\n<p><span style=\"font-weight: 400\">Componentes da Din\u00e2mica Demogr\u00e1fica POP015<\/span><\/p>\n<p>Semin\u00e1rio de Disserta\u00e7\u00e3o POP836 <span style=\"font-weight: 400\">(Programa de P\u00f3s-Gradua\u00e7\u00e3o em Demografia)<\/span><\/p>\n<p><span style=\"font-weight: 400\">Curso de Vida aplicado \u00e0 Demografia POP859 (Programa de P\u00f3s-Gradua\u00e7\u00e3o em Demografia)<\/span><\/p>\n<p><span style=\"font-weight: 400\">Indicadores de Sa\u00fade Sexual e Reprodutiva POP013<\/span><\/p>\n<p><strong>2023<\/strong><\/p>\n<p><span style=\"font-weight: 400\">Din\u00e2mica Demogr\u00e1fica POP019\u00a0<\/span><\/p>\n<p><span style=\"font-weight: 400\">Componentes da Din\u00e2mica Demogr\u00e1fica POP015<\/span><\/p>\n<p>Semin\u00e1rio de Disserta\u00e7\u00e3o POP836 <span style=\"font-weight: 400\">(Programa de P\u00f3s-Gradua\u00e7\u00e3o em Demografia)<\/span><\/p>\n<p>Introdu\u00e7\u00e3o \u00e0s Ci\u00eancias Socioambientais UNI 033<\/p>\n<p><span style=\"font-weight: 400\">Indicadores de Sa\u00fade Sexual e Reprodutiva POP013<\/span><\/p>\n<p><strong>2024<\/strong><\/p>\n<p><span style=\"font-weight: 400\">Componentes da Din\u00e2mica Demogr\u00e1fica POP015<\/span><\/p>\n<p>Semin\u00e1rio de Disserta\u00e7\u00e3o POP836 <span style=\"font-weight: 400\">(Programa de P\u00f3s-Gradua\u00e7\u00e3o em Demografia)<\/span><\/p>\n<p><span style=\"font-weight: 400\">Curso de Vida aplicado \u00e0 Demografia POP859 (Programa de P\u00f3s-Gradua\u00e7\u00e3o em Demografia)<\/span><\/p>\n<p><span style=\"font-weight: 400\">Indicadores de Sa\u00fade Sexual e Reprodutiva POP013 &#8211; (previsto em 2024\/02)<\/span><\/p>\n<p>Semin\u00e1rio de Publica\u00e7\u00e3o em Demografia POP859 <span style=\"font-weight: 400\">(Programa de P\u00f3s-Gradua\u00e7\u00e3o em Demografia) &#8211; (previsto em 2024\/02)<\/span><\/p>\n","protected":false},"excerpt":{"rendered":"<p>2017 Introdu\u00e7\u00e3o \u00e0 M\u00e9todos Demogr\u00e1ficos aplicados \u00e0 sa\u00fade POP013 Base de Dados POP004 M\u00e9todos Quantitativos POP008\u00a0 2018 Matem\u00e1tica POP872 (Programa de P\u00f3s-Gradua\u00e7\u00e3o em Demografia) Din\u00e2mica Demogr\u00e1fica POP019 -&gt;Licen\u00e7a maternidade 2019 Curso de Vida aplicado \u00e0 Demografia POP859 (Programa de P\u00f3s-Gradua\u00e7\u00e3o em Demografia) Base de Dados em Ci\u00eancias Atuariais POP013 Componentes da Din\u00e2mica Demogr\u00e1fica POP015 Matem\u00e1tica &hellip; <a href=\"https:\/\/docentes.face.ufmg.br\/quelzanatta\/linhas-de-pesquisa\/\" class=\"more-link\">Continuar lendo <span class=\"screen-reader-text\">Disciplinas lecionadas<\/span><\/a><\/p>\n","protected":false},"author":1,"featured_media":0,"parent":0,"menu_order":0,"comment_status":"closed","ping_status":"closed","template":"","meta":{"_crdt_document":"","_exactmetrics_skip_tracking":false,"_exactmetrics_sitenote_active":false,"_exactmetrics_sitenote_note":"","_exactmetrics_sitenote_category":0,"footnotes":""},"class_list":["post-16","page","type-page","status-publish","hentry"],"_links":{"self":[{"href":"https:\/\/docentes.face.ufmg.br\/quelzanatta\/wp-json\/wp\/v2\/pages\/16","targetHints":{"allow":["GET"]}}],"collection":[{"href":"https:\/\/docentes.face.ufmg.br\/quelzanatta\/wp-json\/wp\/v2\/pages"}],"about":[{"href":"https:\/\/docentes.face.ufmg.br\/quelzanatta\/wp-json\/wp\/v2\/types\/page"}],"author":[{"embeddable":true,"href":"https:\/\/docentes.face.ufmg.br\/quelzanatta\/wp-json\/wp\/v2\/users\/1"}],"replies":[{"embeddable":true,"href":"https:\/\/docentes.face.ufmg.br\/quelzanatta\/wp-json\/wp\/v2\/comments?post=16"}],"version-history":[{"count":5,"href":"https:\/\/docentes.face.ufmg.br\/quelzanatta\/wp-json\/wp\/v2\/pages\/16\/revisions"}],"predecessor-version":[{"id":163,"href":"https:\/\/docentes.face.ufmg.br\/quelzanatta\/wp-json\/wp\/v2\/pages\/16\/revisions\/163"}],"wp:attachment":[{"href":"https:\/\/docentes.face.ufmg.br\/quelzanatta\/wp-json\/wp\/v2\/media?parent=16"}],"curies":[{"name":"wp","href":"https:\/\/api.w.org\/{rel}","templated":true}]}}