{"id":2,"date":"2016-06-09T14:03:11","date_gmt":"2016-06-09T17:03:11","guid":{"rendered":"http:\/\/docentes.face.ufmg.br\/john-doe\/?page_id=2"},"modified":"2018-04-19T14:12:52","modified_gmt":"2018-04-19T17:12:52","slug":"sobre","status":"publish","type":"page","link":"https:\/\/docentes.face.ufmg.br\/pedrovma\/","title":{"rendered":"Sobre"},"content":{"rendered":"<p>Sou Professor Adjunto da Faculdade de Ci\u00eancias Econ\u00f4micas da UFMG e Fellow do Center for Spatial Data Science (University of Chicago). Ph.D. em Land Economy pela University of Cambridge, co-editor dos journals Spatial Economic Analysis (2014-atual) e Regional Studies, Regional Science (2013-atual), membro do Conselho Gestor da Revista Planejamento e Pol\u00edticas Regionais (2015-atual), embaixador da Regional Studies Association no Brasil (2017-atual) e bolsista de produtividade em pesquisa do CNPq. Fui secret\u00e1rio adjunto (2015-17) e secret\u00e1rio executivo (2017) da Associa\u00e7\u00e3o Nacional de P\u00f3s-gradua\u00e7\u00e3o e Pesquisa em Planejamento Urbano e Regional (ANPUR) e presidente fundador da Divis\u00e3o Am\u00e9rica Latina da Regional Studies Association (2015-2017).<\/p>\n<p>Minha pesquisa se concentra na \u00e1rea de Planejamento Regional e Urbano, atuando principalmente na aplica\u00e7\u00e3o de m\u00e9todos de econometria espacial e an\u00e1lise multivariada em estudos sobre disparidades regionais e urbanas.<\/p>\n","protected":false},"excerpt":{"rendered":"<p>Sou Professor Adjunto da Faculdade de Ci\u00eancias Econ\u00f4micas da UFMG e Fellow do Center for Spatial Data Science (University of Chicago). Ph.D. em Land Economy pela University of Cambridge, co-editor dos journals Spatial Economic Analysis (2014-atual) e Regional Studies, Regional Science (2013-atual), membro do Conselho Gestor da Revista Planejamento e Pol\u00edticas Regionais (2015-atual), embaixador da &hellip; <a href=\"https:\/\/docentes.face.ufmg.br\/pedrovma\/\" class=\"more-link\">Continuar lendo <span class=\"screen-reader-text\">Sobre<\/span><\/a><\/p>\n","protected":false},"author":1,"featured_media":0,"parent":0,"menu_order":0,"comment_status":"closed","ping_status":"closed","template":"","meta":{"_crdt_document":"","_exactmetrics_skip_tracking":false,"_exactmetrics_sitenote_active":false,"_exactmetrics_sitenote_note":"","_exactmetrics_sitenote_category":0,"footnotes":""},"class_list":["post-2","page","type-page","status-publish","hentry"],"_links":{"self":[{"href":"https:\/\/docentes.face.ufmg.br\/pedrovma\/wp-json\/wp\/v2\/pages\/2","targetHints":{"allow":["GET"]}}],"collection":[{"href":"https:\/\/docentes.face.ufmg.br\/pedrovma\/wp-json\/wp\/v2\/pages"}],"about":[{"href":"https:\/\/docentes.face.ufmg.br\/pedrovma\/wp-json\/wp\/v2\/types\/page"}],"author":[{"embeddable":true,"href":"https:\/\/docentes.face.ufmg.br\/pedrovma\/wp-json\/wp\/v2\/users\/1"}],"replies":[{"embeddable":true,"href":"https:\/\/docentes.face.ufmg.br\/pedrovma\/wp-json\/wp\/v2\/comments?post=2"}],"version-history":[{"count":8,"href":"https:\/\/docentes.face.ufmg.br\/pedrovma\/wp-json\/wp\/v2\/pages\/2\/revisions"}],"predecessor-version":[{"id":88,"href":"https:\/\/docentes.face.ufmg.br\/pedrovma\/wp-json\/wp\/v2\/pages\/2\/revisions\/88"}],"wp:attachment":[{"href":"https:\/\/docentes.face.ufmg.br\/pedrovma\/wp-json\/wp\/v2\/media?parent=2"}],"curies":[{"name":"wp","href":"https:\/\/api.w.org\/{rel}","templated":true}]}}