{"id":69,"date":"2016-12-02T17:45:39","date_gmt":"2016-12-02T19:45:39","guid":{"rendered":"http:\/\/docentes.face.ufmg.br\/mviegas\/?page_id=69"},"modified":"2017-01-10T18:38:17","modified_gmt":"2017-01-10T20:38:17","slug":"projetos-de-pesquisa","status":"publish","type":"page","link":"https:\/\/docentes.face.ufmg.br\/mviegas\/linhas-de-pesquisa\/projetos-de-pesquisa\/","title":{"rendered":"Projetos de Pesquisa"},"content":{"rendered":"<p>2015 &#8211; Atual<br \/>\nEQ-5D for monitoring population health: a comparison of general population survey data in Argentina, Brazil, Chile and Uruguay.<\/p>\n<p>Descri\u00e7\u00e3o: In recent years, EQ-5D has been increasingly used and local value sets developed- in selected Latin- American countries. Argentina, Brazil and Chile Researchers met with Paul Kind in 2014 and discussed potential collaborations. Two proposals (the present -research oriented- and another led by Victor Zarate for diffusion and training) are being presented to this call. The aim of this proposal is to describe and compare general population health reported through the EQ-5D instrument based on survey data from for Latin-American countries. We will include individual data of four surveys from Argentina (n=34,372), Brazil (n=3,362), Chile (n=2,000) and Uruguay (n=1010). Besides replicating previous standardized descriptive analyses and incorporating countries not previously incorporated (i.e Szende et al, Self- Reported Population Health: An International Perspective based on EQ-5D), mean VAS value attached to self-reported EQ- 5D health states will be reported per country with the intention of examining the extent to which these values vary according to demographic factors within the four surveys. We will perform a cross- country analysis correlating EQ-5D data and country-specific economic and health system. Additionally we will explore the relation between EQ-5D dimensions and the EQ-VAS through OLS regression. We expect also, to explore novel methods for displaying\/presenting EQ-5D data based on self-reported description and VAS valuation. This proposal will help to estimate and understand the use of EQ-5D as a measure of population health in Latin-America, set reference standards for future studies, promote regional collaboration and foster the incorporation of EQ-5D in population health and routine healthcare delivery analyses.<br \/>\nIntegrantes: M\u00f4nica Viegas Andrade, Kenya Noronha, Paul Kind, Vitor Zarate,\u00a0Federico Augustovski (Coordenador), Lucila Rey \u00a0Aires<\/p>\n<p>Financiador: Euroqol Group<\/p>\n<p>2013 &#8211;\u00a02015<br \/>\nAtualiza\u00e7\u00e3o da Metodologia de Defini\u00e7\u00e3o de Mercado Relevante para operadoras de planos de sa\u00fade<\/p>\n<p>Descri\u00e7\u00e3o: O projeto objetiva atualizar a metodologia de defini\u00e7\u00e3o de mercado relevante para o mercado de operadoras de sa\u00fade no Brasil. O projeto \u00e9 desenvolvido conjuntamente \u00e0 Agencia Nacional de Sa\u00fade Suplementar..<br \/>\nIntegrantes: M\u00f4nica Viegas Andrade (Coordenador), \u00a0Mirian Martins Ribeiro, Ana Carolina Maia<br \/>\nFinanciador(es): Organizac\u00e3o Pan-Americana da Saude<\/p>\n<p>2013 &#8211; Atual<br \/>\nCONCORR\u00caNCIA NO MERCADO HOSPITALAR DO SETOR SUPLEMENTAR SA\u00daDE NO BRASIL<\/p>\n<p>Descri\u00e7\u00e3o: EDITAL UNIVERSAL CNPQ 2013.<br \/>\nIntegrantes: M\u00f4nica Viegas Andrade (Coordenador), Ana Carolina Maia<br \/>\nFinanciador(es): (CNPq) Conselho Nacional de Desenvolvimento Cient\u00edfico e Tecnol\u00f3gico &#8211; Aux\u00edlio financeiro.<\/p>\n<p>2013 &#8211; Atual<\/p>\n<p>Avalia\u00e7\u00e3o de custos e efetividade dos transplantes hep\u00e1ticos no Brasil<\/p>\n<p>Descri\u00e7\u00e3o: O objetivo das avalia\u00e7\u00f5es em pol\u00edticas de sa\u00fade \u00e9 auxiliar na tomada de decis\u00e3o entre diferentes interven\u00e7\u00f5es dispon\u00edveis de forma a implementar as alternativas que gerem aloca\u00e7\u00f5es mais eficientes dos recursos, atrav\u00e9s de uma abordagem comparativa entre custos e benef\u00edcios associados \u00e0s interven\u00e7\u00f5es em sa\u00fade. Esses crescentes estudos de avalia\u00e7\u00e3o de tecnologia em sa\u00fade s\u00e3o importantes instrumentos a servi\u00e7o dos gestores de sa\u00fade. Nesse trabalho analisamos os custos e efetividade dos procedimentos de transplantes hep\u00e1tico realizados no Brasil pelo Sistema \u00danico de Sa\u00fade. O estudo utilizar\u00e1 os microdados de tr\u00eas bases de dados oficiais a serem disponibilizados pelo Minist\u00e9rio da Sa\u00fade: SIH (Sistema de Informa\u00e7\u00e3o Hospitalar), Sistema APAC (Autoriza\u00e7\u00e3o de Procedimentos Ambulatoriais de Alta Complexidade e Custo) e o SIM (Sistema de Informa\u00e7\u00e3o de Mortalidade). O per\u00edodo de refer\u00eancia do estudo \u00e9 de 10 anos, janeiro de 2001 a dezembro de 2011. Essas tr\u00eas bases dados contemplam os principais procedimentos hospitalares e ambulatoriais de alta complexidade necess\u00e1rios para realiza\u00e7\u00e3o de estudos de custo e efetividade atinentes a transplantes. O SIM permitir\u00e1 aferir a mortalidade dos pacientes submetidos a procedimentos de transplante que \u00e9 uma medida de resultado relevante em avalia\u00e7\u00f5es econ\u00f4micas. O relacionamento dos tr\u00eas sistemas ser\u00e1 realizado mediante implementa\u00e7\u00e3o de t\u00e9cnicas de pareamento, mais especificamente, a t\u00e9cnica de probabilistic record linkage. Atrav\u00e9s do pareamento as informa\u00e7\u00f5es dessas tr\u00eas fontes de dados associadas em um \u00fanico banco de dados que ter\u00e1 como unidade de an\u00e1lise a identifica\u00e7\u00e3o un\u00edvoca do paciente. O pareamento ser\u00e1 realizado a partir de um conjunto de caracter\u00edsticas presente nos tr\u00eas bancos de dados tais como: nome do paciente, nome da m\u00e3e, idade, CPF, CNS (Cart\u00e3o Nacional de Sa\u00fade), data de nascimento, dentre outros..<br \/>\nIntegrantes: M\u00f4nica Viegas Andrade (Coordenador), Kenya Noronha, Eliza queiroz<br \/>\nFinanciador(es): Funda\u00e7\u00e3o de Amparo \u00e0 Pesquisa do Estado de Minas Gerais<\/p>\n<p>2013 &#8211; Atual<br \/>\nAvalia\u00e7\u00e3o Econ\u00f4mica do Laborat\u00f3rio de Inova\u00e7\u00f5es na Aten\u00e7\u00e3o \u00e0s condi\u00e7\u00f5es cr\u00f4nicas<\/p>\n<p>Descri\u00e7\u00e3o: Conduzir avalia\u00e7\u00e3o econ\u00f4mica do LIACC, incluindo quatro condi\u00e7\u00f5es cr\u00f4nicas: hipertensos, diab\u00e9ticos, gestantes e crian\u00e7as menores de 01 ano. A avalia\u00e7\u00e3o ser\u00e1 realizada em um desenho quase-experimental com avalia\u00e7\u00e3o antes e ap\u00f3s da interven\u00e7\u00e3o de indicadores referentes a aten\u00e7\u00e3o prim\u00e1ria ambulatorial e especializada representativa da popula\u00e7\u00e3o e dos grupos alvo estudados.<br \/>\nIntegrantes: M\u00f4nica Viegas Andrade (Coordenador) Kenya Noronha, Clareci Silva Cardoso, Claudia di Lorenzi<br \/>\nFinanciador(es): Conselho Nacional de Secret\u00e1rios Municipais de Sa\u00fade &#8211; Aux\u00edlio financeiro \/ SECRETARIA DE ESTADO DE SA\u00daDE \/Organizac\u00e3o Pan-Americana da Saude\/Organizac\u00e3o Mundial da Saude<\/p>\n<p>2012 &#8211; Atual<br \/>\nValida\u00e7\u00e3o de m\u00e9todo para valora\u00e7\u00e3o de estados de sa\u00fade atrav\u00e9s do question\u00e1rio EQ-5D para a popula\u00e7\u00e3o brasileira<\/p>\n<p>Descri\u00e7\u00e3o: Objetivo: validar e realizar a adapta\u00e7\u00e3o transcultural do question\u00e1rio de avalia\u00e7\u00e3o de qualidade de vida e utilidades EQ-5D para a popula\u00e7\u00e3o brasileira Estudo conjunto com Universidade Federal do Rio Grande do Sul, Universidade Estadual do Rio de Janeiro, Cedeplar\/UFMG.<br \/>\nSitua\u00e7\u00e3o: Em andamento; Natureza: Pesquisa.<br \/>\nAlunos envolvidos: Gradua\u00e7\u00e3o: (2) \/ Mestrado acad\u00eamico: (2) \/ Doutorado: (1) .<\/p>\n<p>Integrantes: M\u00f4nica Viegas Andrade (Coordenador), Kenya Noronha, Luciane Nascimento Cruz.<br \/>\nFinanciador(es): Conselho Nacional de Desenvolvimento Cient\u00edfico e Tecnol\u00f3gico<\/p>\n<p>2011 &#8211; 2012<br \/>\nEquidade na sa\u00fade: um estudo a partir do Sa\u00fade em Casa em Minas Gerais<\/p>\n<p>Descri\u00e7\u00e3o: ? Analisar a equidade na utiliza\u00e7\u00e3o efetiva de servi\u00e7os ofertados pelo programa Sa\u00fade em Casa por meio de marcadores espec\u00edficos, atrav\u00e9s de coleta de dados prim\u00e1rios. Os marcadores escolhidos pela equipe t\u00e9cnica da SES-MG foram: \uf0a7 Consultas de pr\u00e9-natal (4+ ou 7+); \uf0a7 Papanicolau para mulheres entre 25 e 60 anos \uf0a7 Vacina\u00e7\u00e3o de tetravalente. 3 doses do menor de um ano. ? Al\u00e9m disto, ser\u00e3o considerados para fins de compara\u00e7\u00e3o com a PNAD: \uf0a7 Composi\u00e7\u00e3o domiciliar \uf0a7 Informa\u00e7\u00f5es socioecon\u00f4micas (renda e escolaridade) de todas as pessoas do domic\u00edlio \uf0a7 Auto-avalia\u00e7\u00e3o do estado de sa\u00fade \uf0a7 Presen\u00e7a de doen\u00e7as cr\u00f4nicas; \uf0a7 Mobilidade na popula\u00e7\u00e3o idosa + 60 anos..<\/p>\n<p>Integrantes: M\u00f4nica Viegas Andrade (Coordenador) Kenya Noronha, Allan Claudius Barbosa<br \/>\nFinanciador(es): SECRETARIA DE ESTADO DE SA\u00daDE<\/p>\n<p>&nbsp;<\/p>\n","protected":false},"excerpt":{"rendered":"<p>2015 &#8211; Atual EQ-5D for monitoring population health: a comparison of general population survey data in Argentina, Brazil, Chile and Uruguay. Descri\u00e7\u00e3o: In recent years, EQ-5D has been increasingly used and local value sets developed- in selected Latin- American countries. Argentina, Brazil and Chile Researchers met with Paul Kind in 2014 and discussed potential collaborations. &hellip; <a href=\"https:\/\/docentes.face.ufmg.br\/mviegas\/linhas-de-pesquisa\/projetos-de-pesquisa\/\" class=\"more-link\">Continuar lendo <span class=\"screen-reader-text\">Projetos de Pesquisa<\/span><\/a><\/p>\n","protected":false},"author":16,"featured_media":0,"parent":16,"menu_order":0,"comment_status":"closed","ping_status":"closed","template":"","meta":{"_crdt_document":"","_exactmetrics_skip_tracking":false,"_exactmetrics_sitenote_active":false,"_exactmetrics_sitenote_note":"","_exactmetrics_sitenote_category":0,"footnotes":""},"class_list":["post-69","page","type-page","status-publish","hentry"],"_links":{"self":[{"href":"https:\/\/docentes.face.ufmg.br\/mviegas\/wp-json\/wp\/v2\/pages\/69","targetHints":{"allow":["GET"]}}],"collection":[{"href":"https:\/\/docentes.face.ufmg.br\/mviegas\/wp-json\/wp\/v2\/pages"}],"about":[{"href":"https:\/\/docentes.face.ufmg.br\/mviegas\/wp-json\/wp\/v2\/types\/page"}],"author":[{"embeddable":true,"href":"https:\/\/docentes.face.ufmg.br\/mviegas\/wp-json\/wp\/v2\/users\/16"}],"replies":[{"embeddable":true,"href":"https:\/\/docentes.face.ufmg.br\/mviegas\/wp-json\/wp\/v2\/comments?post=69"}],"version-history":[{"count":4,"href":"https:\/\/docentes.face.ufmg.br\/mviegas\/wp-json\/wp\/v2\/pages\/69\/revisions"}],"predecessor-version":[{"id":133,"href":"https:\/\/docentes.face.ufmg.br\/mviegas\/wp-json\/wp\/v2\/pages\/69\/revisions\/133"}],"up":[{"embeddable":true,"href":"https:\/\/docentes.face.ufmg.br\/mviegas\/wp-json\/wp\/v2\/pages\/16"}],"wp:attachment":[{"href":"https:\/\/docentes.face.ufmg.br\/mviegas\/wp-json\/wp\/v2\/media?parent=69"}],"curies":[{"name":"wp","href":"https:\/\/api.w.org\/{rel}","templated":true}]}}