{"id":28,"date":"2016-06-09T14:40:27","date_gmt":"2016-06-09T17:40:27","guid":{"rendered":"http:\/\/docentes.face.ufmg.br\/john-doe\/?page_id=28"},"modified":"2017-01-10T15:08:29","modified_gmt":"2017-01-10T17:08:29","slug":"producao-bibliografica","status":"publish","type":"page","link":"https:\/\/docentes.face.ufmg.br\/mviegas\/producao-bibliografica\/","title":{"rendered":"Produ\u00e7\u00e3o bibliogr\u00e1fica Recente"},"content":{"rendered":"<p>1.PEROBELLI, F. ; Andrade, Monica Viegas. ; Domingues, Edson ; Santiago, Flaviane ; BARBOSA, L. ; CABRAL, J. A. . An\u00e1lise sist\u00eamica do setor de sa\u00fade utilizando a matriz de insumo produto 2000-2005.. Revista de la CEPAL (Impresa), v. 116, p. 103-130, 2015.<\/p>\n<p>2.VIEGAS ANDRADE, M\u00d4NICA; NORONHA, K. M. S. ; Barbosa, Allan Claudius ; ROCHA, T. A. H. ; SILVA, N. C. ; CALAZANS, J. ; Souza MN ; CARVALHO, L. R. ; SOUZA, A. . A Equidade na Cobertura da Estrat\u00e9gia Sa\u00fade da Fam\u00edlia em Minas Gerais. Cadernos de Sa\u00fade P\u00fablica (ENSP. Impresso), v. 31, p. 1175-1187, 2015.<\/p>\n<p>3. MENEZES, RENATA DE MIRANDA ; ANDRADE, M\u00d4NICA VIEGAS ; NORONHA, Kenya Val\u00e9ria Micaela de Souza ; KIND, PAUL . EQ-5D-3L as a health measure of Brazilian adult population. Quality of Life Research, v. 38, p. 1-15, 2015.<br \/>\nCita\u00e7\u00f5es:2|1<\/p>\n<p>4.VIEGAS ANDRADE, M\u00d4NICA; NORONHA, Kenya ; KIND, PAUL ; Reis CB ; Carvalho L . LOGICAL INCONSISTENCIES IN THREE PREFERENCE-ELICITATION METHODS FOR EQ-5D HEALTH STATES: A STUDY IN THE BRAZILIAN POPULATION. Medical Decision Making, v. 1, p. 1-20, 2015.<\/p>\n<p>5.<br \/>\nSANTOS, M. ; CINTRA, M. A. C. T. ; MONTEIRO, A. L. ; SANTOS, B. ; GUSMAO-FILHO, F. ; ANDRADE, M. V. ; NORONHA, K. ; CRUZ, L. N. ; CAMEY, S. ; TURA, B. ; KIND, P. . Brazilian Valuation of EQ-5D-3L Health States: Results from a Saturation Study. Medical Decision Making, v. oct, p. 1-11, 2015.<br \/>\nCita\u00e7\u00f5es:2|2<\/p>\n<p>6.<br \/>\nDomingues, Edson ; Andrade, Monica Viegas. ; Chein, Flavia ; Santiago, Flaviane ; PEROBELLI, F. ; MOTTA, G. . UMA AN\u00c1LISE DOS IMPACTOS ECON\u00d4MICOS E SETORIAIS DO PROGRAMA FARM\u00c1CIA POPULAR DO BRASIL1. Pesquisa e Planejamento Econ\u00f4mico (Rio de Janeiro), v. 45, p. 459-504, 2015.<\/p>\n<p>7.<br \/>\nAndrade, Monica Viegas.; MAIA, Ana Carolina ; Rodrigues, Cristina . INDICADORES DE GASTOS COM SERVI\u00c7OS M\u00c9DICOS POR STATUS DE SOBREVIV\u00caNCIA NO SETOR DE SA\u00daDE SUPLEMENTAR NO BRASIL. Revista Brasileira de Estudos de Popula\u00e7\u00e3o (Impresso), v. 30, p. s103-s117, 2013.<\/p>\n<p>8.<br \/>\nAndrade, Monica Viegas.; NORONHA, Kenya ; MAIA, Ana Carolina ; KIND, PAUL . What matters most?: evidence-based findings of health dimensions affecting the societal preferences for EQ-5D health states. Cadernos de Sa\u00fade P\u00fablica (ENSP. Impresso), v. 29, p. s59-s72, 2013.<br \/>\nCita\u00e7\u00f5es:1|1<\/p>\n<p>9.<br \/>\nVIEGAS ANDRADE, M\u00d4NICA; NORONHA, Kenya ; KIND, PAUL ; MENEZES, R. ; BARROS, C. ; CALAZANS, J. ; MASCARENHAS, T. ; MARTINS, D. ; NEPOMUCENO, M. ; NICHELE, D. P. ; GOMES, L. ; CARVALHO, L. . ESTIMA\u00c7\u00c3O DOS PARAMETROS DE VALORIZA\u00c7\u00c3O DOS ESTADOS DE SA\u00daDE EM MINAS GERAIS A PARTIR DO EQ-5D. REVISTA DE SAUDE PUBLICA DO SUS\/MG, v. 1, p. 49, 2013.<\/p>\n<p>10.<br \/>\nVIEGAS ANDRADE, M\u00d4NICA; NORONHA, Kenya ; KIND, PAUL ; MAIA, Ana Carolina ; MIRANDA DE MENEZES, RENATA ; DE BARROS REIS, CARLA ; NEPOMUCENO SOUZA, MICHELLE ; MARTINS, DIEGO ; GOMES, LUCAS ; NICHELE, DANIEL ; CALAZANS, JULIA ; MASCARENHAS, TAMIRES ; CARVALHO, LUCAS ; LINS, CAMILA . Societal Preferences for EQ-5D Health States from a Brazilian Population Survey. Value in Health Regional Issues, v. 2, p. 405-412, 2013.<br \/>\nCita\u00e7\u00f5es:6<\/p>\n<p>11.<br \/>\nAndrade, Monica Viegas.; Chein, Flavia ; Ribas, Rafael ; Puig Junoy, Jaume . Income Transfer Policies and Nutritional Condition of Children: An Evaluation of ?Bolsa Fam\u00edlia. Econ\u00f4mica (Niter\u00f3i), v. 2, p. 120-140, 2013.<\/p>\n<p>12.<br \/>\nANDRADE, M\u00d4NICA VIEGAS; NORONHA, Kenya Val\u00e9ria Micaela de Souza ; MENEZES, RENATA DE MIRANDA ; SOUZA, MICHELLE NEPOMUCENO ; REIS, CARLA DE BARROS ; MARTINS, DIEGO RESENDE ; GOMES, LUCAS . Desigualdade socioecon\u00f4mica no acesso aos servi\u00e7os de sa\u00fade no Brasil: um estudo comparativo entre as regi\u00f5es brasileiras em 1998 e 2008. Economia Aplicada (Impresso), v. 17, p. 623-645, 2013.<br \/>\nCita\u00e7\u00f5es:3|5<\/p>\n<p>13.<br \/>\nMACHADO, Ana Fl\u00e1via ; Andrade, Monica Viegas. ; MAIA, Ana Carolina . A rela\u00e7\u00e3o entre estrutura ocupacional e acesso a plano de sa\u00fade no Brasil: uma an\u00e1lise para 1998 e 2003. Cadernos de Sa\u00fade P\u00fablica (ENSP. Impresso), v. 28, p. 758-768, 2012.<br \/>\nCita\u00e7\u00f5es:2|2|2<\/p>\n<p>14.<br \/>\nAndrade, Monica Viegas.; Chein, Flavia ; RODRIGUES, L. ; Puig Junoy, Jaume . IncomeTransfer Policies and the Impacts on the Immunization of Children:The Bolsa Fam\u00edlia Program. Cadernos de Sa\u00fade P\u00fablica (ENSP. Impresso), v. 28, p. 1347-1358, 2012.<br \/>\nCita\u00e7\u00f5es:5|4|5<\/p>\n<p>15.<br \/>\nAndrade, Monica Viegas.; NORONHA, Kenya ; Singh, Abhishek ; Rodrigues, Cristina ; Padmadas S. . Antenatal care use in Brazil and India: Scale, outreach and socioeconomic inequality. Health and Place, v. 18, p. 942-950, 2012.<br \/>\nCita\u00e7\u00f5es:7|8<\/p>\n<p>16.<br \/>\nCHANNON, A. A. ; Andrade, Monica Viegas. ; NORONHA, Kenya ; LEONE, T. ; DILIP, T. . Inpatient care of the elderly in Brazil and India: Assessing social inequalities. Social Science &amp; Medicine (1982), v. 75, p. 2394-2402, 2012.<br \/>\nCita\u00e7\u00f5es:4|6<\/p>\n<p>17.<br \/>\nAndrade, Monica Viegas.; GAMA, M. M. ; RUIZ, R. ; MAIA, Ana Carolina ; MODENESI, B. ; TIBURCIO, D. . MERCADOS E CONCENTRA\u00c7\u00c3O NO SETOR SUPLEMENTAR DE PLANOS E SEGUROS SA\u00daDE NO BRASIL#. Pesquisa e Planejamento Econ\u00f4mico (Rio de Janeiro), v. 42, p. 239-270, 2012.<\/p>\n<p>18.<br \/>\nResende, J. P. ; Andrade, Monica Viegas. . Crime Social, Castigo Social: o Efeito da Desigualdade de renda sobre as taxas de criminalidade nos grandes munic\u00edpios brasileiros. Estudos Econ\u00f4micos (USP. Impresso), v. 41, p. 173-195, 2011.<br \/>\nCita\u00e7\u00f5es:2<\/p>\n<p>19.<br \/>\nMATTA, Rafael ; Andrade, Monica Viegas. . A model of local crime displacement. International Review of Law and Economics, v. 31, p. 30-36, 2011.<\/p>\n<p>20.<br \/>\nMARRI, I. G. ; WANJAM, S. ; Andrade, Monica Viegas. . Reforma da previd\u00eancia social: simula\u00e7\u00f5es e impactos sobre os diferenciais de g\u00eanero?. Revista Brasileira de Estudos de Popula\u00e7\u00e3o (Impresso), v. 28, p. 37-56, 2011.<br \/>\nCita\u00e7\u00f5es:4|2<\/p>\n<p>21.<br \/>\nAndrade, Monica Viegas.; MAIA, Ana Carolina ; ALKIMIM, M. B. ; Cardoso, Clareci ; RIBEIRO, A. L. P. . CUSTO-BENEF\u00cdCIO DO SERVI\u00c7O DE TELECARDIOLOGIA NO ESTADO DE MINAS GERAIS: PROJETO MINAS TELEC\u00c1RDIO. Arquivos Brasileiros de Cardiologia (Impresso), v. 2, p. 1-10, 2011.<br \/>\nCita\u00e7\u00f5es:6<\/p>\n<p>22.<br \/>\nRIBEIRO, A. L. P. ; Cardoso, Clareci ; ALKIMIM, M. B. ; R.CARVALHO, G. G. ; CAIAFFA, W. T. ; Andrade, Monica Viegas. ; CUNHA, D. F. ; ANTUNES, A. P. ; RESENDE, A. G. A. ; RESENDE, E. S. . Implanta\u00e7\u00e3o de um sistema de telecardiologia em Minas Gerais: Projeto Minas Telecardio. Arquivos Brasileiros de Cardiologia (Impresso), v. 95, p. 70-78, 2010.<br \/>\nCita\u00e7\u00f5es:16|15<\/p>\n<p>23.<br \/>\nAndrade, Monica Viegas.; Acurcio, Francisco ; ANDRADE, E. I. G. ; CHERCHIGLIA, M. ; Puig Junoy, Jaume ; Almeida, Alessandra ; SZUSTER, D. ; Sesso, Ricardo ; Gomes, Isabel Cristina ; Queiroz, Odilon Vanni . Allocation of initial modality for renal replacement therapy in Brazil. Clinical Journal of the American Society of Nephrology, v. 5, p. 637-644, 2010.<br \/>\nCita\u00e7\u00f5es:10|11<\/p>\n<p>24.<br \/>\nNORONHA, Kenia Valeria Micaela de Souza ; FIGUEIREDO, Lizia ; Andrade, Monica Viegas. . Health and Economic Growth among Brazilian states between 1991 and 2000. Revista Brasileira de Estudos de Popula\u00e7\u00e3o (Impresso), v. 27, p. 1-20, 2010.<\/p>\n<p>25.<br \/>\nCHERCHIGLIA, M. ; Gomes, Isabel Cristina ; Alvares, Juliana ; Guerra Jr, Augusto ; Acurcio, Francisco ; Almeida, Alessandra ; SZUSTER, D. ; Andrade, Monica Viegas. ; Queiroz, Odilon Vanni . Determinantes dos gastos com di\u00e1lises no Sistema \u00danico de Sa\u00fade (SUS) &#8211; Brasil 2000 a 2004. Cadernos de Sa\u00fade P\u00fablica (ENSP. Impresso), v. 26, p. 1627-1641, 2010.<br \/>\nCita\u00e7\u00f5es:4|18|6<\/p>\n<p>26.<br \/>\nMAIA, Ana Carolina ; Andrade, Monica Viegas. . Diferenciais de utiliza\u00e7ao do cidado de saude no sistema de saude suplementar brasileiro. Estudos Econ\u00f4micos. Instituto de Pesquisas Econ\u00f4micas, v. 39, p. 7-38, 2009.<\/p>\n<p>27.<br \/>\nNORONHA, Kenia Valeria Micaela de Souza ; Andrade, Monica Viegas. . O efeito da distribui\u00e7\u00e3o de renda sobre o estado de sa\u00fade individual. Pesquisa e Planejamento Econ\u00f4mico (Rio de Janeiro), v. 37, p. 521-556, 2007.<\/p>\n<p>28.<br \/>\nAndrade, Monica Viegas.; OLIVEIRA, Thiago Bastos ; NORONHA, Kenya . Determinantes dos Gastos com Sa\u00fade no Brasil. Economia (Campinas), 2006.<\/p>\n<p>29.<br \/>\nPOVOA, Luciano Martins ; Andrade, Monica Viegas. . Distribui\u00e7\u00e3o geogr\u00e1fica dos m\u00e9dicos no Brasil:uma an\u00e1lise a partir do modelo de escolha locacional. Cadernos de Sa\u00fade P\u00fablica (FIOCRUZ), Rio de Janeiro, v. 22, n.8, 2006.<\/p>\n<p>30.<br \/>\nMAIA, Ana Carolina ; Andrade, Monica Viegas. ; OLIVEIRA, Ana Maria Hermeto Camilo de . A sobreutiliza\u00e7\u00e3o do cuidado de sa\u00fade no sistema suplementar brasileiro. Bahia Analise &amp; Dados, v. 16, p. 269-284, 2006.<\/p>\n<p>31.<br \/>\nVIEGAS ANDRADE, M\u00d4NICA; NORONHA, Kenia Valeria Micaela de Souza ; OLIVEIRA, Thiago Barros de . Determinantes dos Gastos das Fam\u00edlias com Sa\u00fade no Brasil. Economia (Bras\u00edlia), v. 7, p. 485-508, 2006.<\/p>\n<p>32.<br \/>\nAndrade, Monica Viegas.; MAIA, Ana Carolina ; NORONHA, K. M. S. ; MORO, S. ; MACHADO, Edite Mata . METODOLOGIA DE ALOCA\u00c7\u00c3O EQUITATIVA DE RECURSOS ESTADUAIS PARA OS SERVI\u00c7OS HOSPITALARES EM MINAS GERAIS. Bahia Analise &amp; Dados, v. 16, p. 269-284, 2006.<\/p>\n<p>33.<br \/>\nNORONHA, Kenya Val\u00e9ria Micaela de Souza ; Andrade, Monica Viegas. . Social Inequality in health and the utilization of health services among the elderly in Latin America. Revista Panamericana de Salud P\u00fablica (Impresa) \/ Pan American Journal of Public Health (Impresa), Washington, D.C., v. 17, n.5-6, p. 410-419, 2005.<br \/>\nCita\u00e7\u00f5es:23|92|34<\/p>\n<p>34.<br \/>\nMACHADO, Ana Fl\u00e1via ; Andrade, Monica Viegas. ; ALBUQUERQUE, Eduardo da Motta e . Atraso tecnol\u00f3gico, atraso social: um modelo introdut\u00f3rio para investigar as rela\u00e7\u00f5es entre produ\u00e7\u00e3o cient\u00edfico-tecnol\u00f3gica e desenvolvimento humano. Ensaios FEE, Porto Alegre, v. 26, n.1, 2005.<\/p>\n<p>35.<br \/>\nRONDON, Vinicius Velasco ; Andrade, Monica Viegas. . Uma estima\u00e7\u00e3o dos custos da Criminalidade em Belo Horizonte. Ensaios FEE, Porto Alegre, v. 26, n.2, p. 829-854, 2005.<\/p>\n<p>36.<br \/>\nBEATO, Claudio ; Andrade, Monica Viegas. ; PEIXOTO, Betania Totino . Crime, Oportunidade e Vitimiza\u00e7\u00e3o. Revista Brasileira de Ci\u00eancias Sociais, v. 19, p. 73-89, 2004.<br \/>\nCita\u00e7\u00f5es:6<\/p>\n<p>37.<br \/>\nALVES, Luiz Fernando ; Andrade, Monica Viegas. . Impactos da Sa\u00fade nos Rendimentos Individuais no Brasil. Economia Aplicada (Impresso), S\u00e3o Paulo, v. 7, p. 359-388, 2003.<\/p>\n<p>38.<br \/>\nRONDON, Vinicius Velasco ; Andrade, Monica Viegas. . Custo da Criminalidade em Belo Horizonte. Economia (Campinas), Recife, v. 4, n.2, p. 223-260, 2003.<\/p>\n<p>39.<br \/>\nAndrade, Monica Viegas.. Globalisation and Health. Nord Sud Aktuell, Hamburgo, v. XVI, n.3, p. 471-479, 2002.<\/p>\n<p>40.<br \/>\nAndrade, Monica Viegas.; LISBOA, M. B. . Mortalidade nos Estados do Rio de Janeiro, S\u00e3o Paulo e MInas Gerais. Estudos Econ\u00f4micos (USP. Impresso), S\u00e3o Paulo, v. 31, n.1, p. 05-56, 2001.<\/p>\n<p>41.<br \/>\nAndrade, Monica Viegas.; NORONHA, Kenia Valeria Micaela de Souza . Desigualdades Sociais em Sa\u00fade: Evid\u00eancias Emp\u00edricas sobre o Caso Brasileiro. Revista Econ\u00f4mica do Nordeste, Fortaleza, v. 32, p. 877-897, 2001.<\/p>\n<p>42.<br \/>\nAndrade, Monica Viegas.; LISBOA, M. B. . Sistema Privado de Seguro-Saude: Li\u00e7\u00f5es do Caso Americano. Revista Brasileira de Economia (Impresso), Rio de Janeiro, v. 1, p. 1-20, 2000.<\/p>\n<p>43.<br \/>\nAndrade, Monica Viegas.; LISBOA, M. B. . Velhos Dilemas no provimento de bens e servi\u00e7os de sa\u00fade:uma compara\u00e7\u00e3o dos casos canadense, ingl\u00eas e americano. Nova Economia (UFMG), Belo Horizonte, v. 10, n.2, p. 73-116, 2000.<\/p>\n","protected":false},"excerpt":{"rendered":"<p>1.PEROBELLI, F. ; Andrade, Monica Viegas. ; Domingues, Edson ; Santiago, Flaviane ; BARBOSA, L. ; CABRAL, J. A. . An\u00e1lise sist\u00eamica do setor de sa\u00fade utilizando a matriz de insumo produto 2000-2005.. Revista de la CEPAL (Impresa), v. 116, p. 103-130, 2015. 2.VIEGAS ANDRADE, M\u00d4NICA; NORONHA, K. M. S. ; Barbosa, Allan Claudius ; &hellip; <a href=\"https:\/\/docentes.face.ufmg.br\/mviegas\/producao-bibliografica\/\" class=\"more-link\">Continuar lendo <span class=\"screen-reader-text\">Produ\u00e7\u00e3o bibliogr\u00e1fica Recente<\/span><\/a><\/p>\n","protected":false},"author":13,"featured_media":0,"parent":0,"menu_order":0,"comment_status":"closed","ping_status":"closed","template":"","meta":{"_crdt_document":"","_exactmetrics_skip_tracking":false,"_exactmetrics_sitenote_active":false,"_exactmetrics_sitenote_note":"","_exactmetrics_sitenote_category":0,"footnotes":""},"class_list":["post-28","page","type-page","status-publish","hentry"],"_links":{"self":[{"href":"https:\/\/docentes.face.ufmg.br\/mviegas\/wp-json\/wp\/v2\/pages\/28","targetHints":{"allow":["GET"]}}],"collection":[{"href":"https:\/\/docentes.face.ufmg.br\/mviegas\/wp-json\/wp\/v2\/pages"}],"about":[{"href":"https:\/\/docentes.face.ufmg.br\/mviegas\/wp-json\/wp\/v2\/types\/page"}],"author":[{"embeddable":true,"href":"https:\/\/docentes.face.ufmg.br\/mviegas\/wp-json\/wp\/v2\/users\/13"}],"replies":[{"embeddable":true,"href":"https:\/\/docentes.face.ufmg.br\/mviegas\/wp-json\/wp\/v2\/comments?post=28"}],"version-history":[{"count":28,"href":"https:\/\/docentes.face.ufmg.br\/mviegas\/wp-json\/wp\/v2\/pages\/28\/revisions"}],"predecessor-version":[{"id":128,"href":"https:\/\/docentes.face.ufmg.br\/mviegas\/wp-json\/wp\/v2\/pages\/28\/revisions\/128"}],"wp:attachment":[{"href":"https:\/\/docentes.face.ufmg.br\/mviegas\/wp-json\/wp\/v2\/media?parent=28"}],"curies":[{"name":"wp","href":"https:\/\/api.w.org\/{rel}","templated":true}]}}