{"id":24,"date":"2016-06-09T14:33:03","date_gmt":"2016-06-09T17:33:03","guid":{"rendered":"http:\/\/docentes.face.ufmg.br\/john-doe\/?page_id=24"},"modified":"2017-01-10T18:43:28","modified_gmt":"2017-01-10T20:43:28","slug":"premios","status":"publish","type":"page","link":"https:\/\/docentes.face.ufmg.br\/mviegas\/premios\/","title":{"rendered":"Pr\u00eamios"},"content":{"rendered":"<p>2016 ISPOR Value in Health Regional Issues Excellent Article Award, International Society for Pharmaeconomics and Outcomes Research.<\/p>\n<p>2013\u00a0Professor Patrono da Primeira turma do curso de Gest\u00e3o em Servi\u00e7os de Sa\u00fade da Universidade Federal de Minas Gerais, UFMG.<\/p>\n<p>2012\u00a0Pr\u00eamio de Incentivo em Ci\u00eancia e Tecnologia para o SUS &#8211; Categoria Trabalho Publicado &#8211; Implanta\u00e7\u00e3o de um sistema de telecardiologia em Minas Gerais: Projeto Minas Telecardio, Minist\u00e9rio da Sa\u00fade., MINISTERIO DA SAUDE.<\/p>\n<p>2007\u00a019o Premio Minas de Economia &#8211; Categoria Profissional (Segundo Lugar), Corecon &#8211; MG e BDMG.<\/p>\n<p>2002\u00a0Men\u00e7\u00e3o Honrosa na Categoria Profissional do XIV Pr\u00eamio Minas de Economia, Conselho Regional de Economia 10 Regi\u00e3o &#8211; MG.<\/p>\n<p>2000\u00a0Pr\u00eamio Haralambos Simeonidis &#8211; Categoria Livros e Teses com o Trabalho &#8220;Ensaios em Economia da Sa\u00fade&#8221; &#8211; Tese de Doutorado orientada por Marcos B. Lisboa &#8211; Escola de P\u00f3s-Gradua\u00e7\u00e3o em Economia da FGV\/RJ, Associa\u00e7\u00e3o Nacional de P\u00f3s Gradua\u00e7\u00e3o em Economia &#8211; ANPEC.<\/p>\n","protected":false},"excerpt":{"rendered":"<p>2016 ISPOR Value in Health Regional Issues Excellent Article Award, International Society for Pharmaeconomics and Outcomes Research. 2013\u00a0Professor Patrono da Primeira turma do curso de Gest\u00e3o em Servi\u00e7os de Sa\u00fade da Universidade Federal de Minas Gerais, UFMG. 2012\u00a0Pr\u00eamio de Incentivo em Ci\u00eancia e Tecnologia para o SUS &#8211; Categoria Trabalho Publicado &#8211; Implanta\u00e7\u00e3o de um &hellip; <a href=\"https:\/\/docentes.face.ufmg.br\/mviegas\/premios\/\" class=\"more-link\">Continuar lendo <span class=\"screen-reader-text\">Pr\u00eamios<\/span><\/a><\/p>\n","protected":false},"author":13,"featured_media":0,"parent":0,"menu_order":0,"comment_status":"closed","ping_status":"closed","template":"","meta":{"_crdt_document":"","_exactmetrics_skip_tracking":false,"_exactmetrics_sitenote_active":false,"_exactmetrics_sitenote_note":"","_exactmetrics_sitenote_category":0,"footnotes":""},"class_list":["post-24","page","type-page","status-publish","hentry"],"_links":{"self":[{"href":"https:\/\/docentes.face.ufmg.br\/mviegas\/wp-json\/wp\/v2\/pages\/24","targetHints":{"allow":["GET"]}}],"collection":[{"href":"https:\/\/docentes.face.ufmg.br\/mviegas\/wp-json\/wp\/v2\/pages"}],"about":[{"href":"https:\/\/docentes.face.ufmg.br\/mviegas\/wp-json\/wp\/v2\/types\/page"}],"author":[{"embeddable":true,"href":"https:\/\/docentes.face.ufmg.br\/mviegas\/wp-json\/wp\/v2\/users\/13"}],"replies":[{"embeddable":true,"href":"https:\/\/docentes.face.ufmg.br\/mviegas\/wp-json\/wp\/v2\/comments?post=24"}],"version-history":[{"count":4,"href":"https:\/\/docentes.face.ufmg.br\/mviegas\/wp-json\/wp\/v2\/pages\/24\/revisions"}],"predecessor-version":[{"id":135,"href":"https:\/\/docentes.face.ufmg.br\/mviegas\/wp-json\/wp\/v2\/pages\/24\/revisions\/135"}],"wp:attachment":[{"href":"https:\/\/docentes.face.ufmg.br\/mviegas\/wp-json\/wp\/v2\/media?parent=24"}],"curies":[{"name":"wp","href":"https:\/\/api.w.org\/{rel}","templated":true}]}}