{"id":2,"date":"2016-06-09T14:03:11","date_gmt":"2016-06-09T17:03:11","guid":{"rendered":"http:\/\/docentes.face.ufmg.br\/john-doe\/?page_id=2"},"modified":"2016-12-15T11:26:22","modified_gmt":"2016-12-15T13:26:22","slug":"sobre","status":"publish","type":"page","link":"https:\/\/docentes.face.ufmg.br\/mviegas\/","title":{"rendered":"Sobre"},"content":{"rendered":"<p style=\"text-align: left;\"><img loading=\"lazy\" decoding=\"async\" class=\"wp-image-52 size-medium alignright\" src=\"http:\/\/docentes.face.ufmg.br\/mviegas\/wp-content\/uploads\/sites\/24\/2016\/06\/IMG-20160501-WA0001-e1481638152784-254x300.jpg\" width=\"254\" height=\"300\" srcset=\"https:\/\/docentes.face.ufmg.br\/mviegas\/wp-content\/uploads\/sites\/24\/2016\/06\/IMG-20160501-WA0001-e1481638152784-254x300.jpg 254w, https:\/\/docentes.face.ufmg.br\/mviegas\/wp-content\/uploads\/sites\/24\/2016\/06\/IMG-20160501-WA0001-e1481638152784-500x591.jpg 500w, https:\/\/docentes.face.ufmg.br\/mviegas\/wp-content\/uploads\/sites\/24\/2016\/06\/IMG-20160501-WA0001-e1481638152784.jpg 533w\" sizes=\"auto, (max-width: 254px) 100vw, 254px\" \/><\/p>\n<p style=\"text-align: left;\">M\u00f4nica Viegas \u00e9 economista, possui gradua\u00e7\u00e3o em Ciencias Economicas pela Universidade Federal de Minas Gerais (1990), Mestrado em Economia pelo Centro de Desenvolvimento e Planejamento Regional- UFMG (1992-1994) e doutorado em Economia pela Escola de P\u00f3s Gradua\u00e7\u00e3o Em Economia Funda\u00e7\u00e3o Getulio Vargas (19962000). Em 2001 ganhou o pr\u00eamio Haralambos Simeonidis de melhor tese no Brasil concedido pela Associa\u00e7\u00e3o Nacional de P\u00f3s-Gradua\u00e7\u00e3o em Economia &#8211; ANPEC com a tese Ensaios em Economia da Sa\u00fade. Em 2008\/2009 realizou p\u00f3s-doutorado na Universidade Pompeu Fabra, trabalhando especificamente no Centro de Pesquisa em Economia da Sa\u00fade. Em 2015-2016 fez p\u00f3s-doutorado na Universidade de Harvard como Takemi Fellow, Global Health Department, Harvard School of Public Health. Desde 1995 \u00e9 professora do departamento de economia, lecionando para a gradua\u00e7\u00e3o em Economia e Gest\u00e3o de Servi\u00e7os de Sa\u00fade e para os programas de p\u00f3sgradua\u00e7ao em Economia e Demografia do CEDEPLAR\/Universidade Federal de Minas Gerais sendo atualmente professora associada Iv. De 2004 a 2007 foi coordenadora do programa de p\u00f3s-gradua\u00e7\u00e3o em Economia do Cedeplar. Atualmente \u00e9 vice-coordenadora do Programa. A pesquisa acad\u00eamica concentra-se em economia aplicada com \u00eanfase em Economia do Bem-Estar Social, atuando principalmente nas seguintes sub-\u00e1reas: economia da sa\u00fade, economia da criminalidade, avalia\u00e7\u00e3o tecnologias em sa\u00fade e avalia\u00e7\u00e3o de pol\u00edticas publicas e desenvolvimento econ\u00f4mico. J\u00e1 orientou 27 disserta\u00e7\u00f5es e teses de doutorado, tendo 05 trabalhos premiados. \u00c9 lider do grupo de pesquisa em Economia da Sa\u00fade e Criminalidade &#8211; GEESC no CNPQ. Pesquisadora de produtividade 1D do CNPQ.<\/p>\n","protected":false},"excerpt":{"rendered":"<p>M\u00f4nica Viegas \u00e9 economista, possui gradua\u00e7\u00e3o em Ciencias Economicas pela Universidade Federal de Minas Gerais (1990), Mestrado em Economia pelo Centro de Desenvolvimento e Planejamento Regional- UFMG (1992-1994) e doutorado em Economia pela Escola de P\u00f3s Gradua\u00e7\u00e3o Em Economia Funda\u00e7\u00e3o Getulio Vargas (19962000). Em 2001 ganhou o pr\u00eamio Haralambos Simeonidis de melhor tese no Brasil &hellip; <a href=\"https:\/\/docentes.face.ufmg.br\/mviegas\/\" class=\"more-link\">Continuar lendo <span class=\"screen-reader-text\">Sobre<\/span><\/a><\/p>\n","protected":false},"author":13,"featured_media":0,"parent":0,"menu_order":0,"comment_status":"closed","ping_status":"closed","template":"","meta":{"_crdt_document":"","_exactmetrics_skip_tracking":false,"_exactmetrics_sitenote_active":false,"_exactmetrics_sitenote_note":"","_exactmetrics_sitenote_category":0,"footnotes":""},"class_list":["post-2","page","type-page","status-publish","hentry"],"_links":{"self":[{"href":"https:\/\/docentes.face.ufmg.br\/mviegas\/wp-json\/wp\/v2\/pages\/2","targetHints":{"allow":["GET"]}}],"collection":[{"href":"https:\/\/docentes.face.ufmg.br\/mviegas\/wp-json\/wp\/v2\/pages"}],"about":[{"href":"https:\/\/docentes.face.ufmg.br\/mviegas\/wp-json\/wp\/v2\/types\/page"}],"author":[{"embeddable":true,"href":"https:\/\/docentes.face.ufmg.br\/mviegas\/wp-json\/wp\/v2\/users\/13"}],"replies":[{"embeddable":true,"href":"https:\/\/docentes.face.ufmg.br\/mviegas\/wp-json\/wp\/v2\/comments?post=2"}],"version-history":[{"count":10,"href":"https:\/\/docentes.face.ufmg.br\/mviegas\/wp-json\/wp\/v2\/pages\/2\/revisions"}],"predecessor-version":[{"id":103,"href":"https:\/\/docentes.face.ufmg.br\/mviegas\/wp-json\/wp\/v2\/pages\/2\/revisions\/103"}],"wp:attachment":[{"href":"https:\/\/docentes.face.ufmg.br\/mviegas\/wp-json\/wp\/v2\/media?parent=2"}],"curies":[{"name":"wp","href":"https:\/\/api.w.org\/{rel}","templated":true}]}}