{"id":11,"date":"2016-06-09T14:21:05","date_gmt":"2016-06-09T17:21:05","guid":{"rendered":"http:\/\/docentes.face.ufmg.br\/john-doe\/?page_id=11"},"modified":"2017-01-10T18:20:57","modified_gmt":"2017-01-10T20:20:57","slug":"formacao","status":"publish","type":"page","link":"https:\/\/docentes.face.ufmg.br\/mviegas\/formacao\/","title":{"rendered":"Forma\u00e7\u00e3o"},"content":{"rendered":"<p><strong>2015<\/strong><\/p>\n<p>P\u00f3s-Doutorado.<br \/>\nHarvard School of Public Health, HSPH, Estados Unidos.<br \/>\nTakemi Fellow, Department of Global Health and Population<br \/>\nSupervisor: Marcia Castro<\/p>\n<p><strong>2008 &#8211; 2009<\/strong><\/p>\n<p>P\u00f3s-Doutorado.<br \/>\nUniversitat Pompeu Fabra, UPF, Espanha.<br \/>\nCentro de Investiga\u00e7\u00e3o em Economia da Sa\u00fade<br \/>\nOrientador: Jaume Puig-Junoy<\/p>\n<p><strong>1996 &#8211; 2000<\/strong><br \/>\nDoutorado em Economia.<br \/>\nEscola de P\u00f3s Gradua\u00e7\u00e3o em Economia da Funda\u00e7\u00e3o Getulio Vargas, EPGE\/FGV, Brasil.<br \/>\nT\u00edtulo: Ensaios em Economia da Sa\u00fade, Ano de obten\u00e7\u00e3o: 2000.<br \/>\nOrientador: Marcos de Barros Lisboa<\/p>\n<p><strong>1992 &#8211; 1994<\/strong><br \/>\nMestrado em Mestrado em Economia.<br \/>\nCentro de Desenvolvimento e Planejamento Regional- UFMG, CEDEPLAR\/UFMG, Brasil.<br \/>\nT\u00edtulo: O Setor de Servi\u00e7os no Brasil: A dualidade revisitada (1981\/1990),Ano de Obten\u00e7\u00e3o: 1994.<br \/>\nOrientador: Mauro Borges Lemos<\/p>\n<p><strong>1986 &#8211; 1990<\/strong><br \/>\nGradua\u00e7\u00e3o em Ciencias Economicas<br \/>\nUniversidade Federal de Minas Gerais, UFMG, Brasil<\/p>\n","protected":false},"excerpt":{"rendered":"<p>2015 P\u00f3s-Doutorado. Harvard School of Public Health, HSPH, Estados Unidos. Takemi Fellow, Department of Global Health and Population Supervisor: Marcia Castro 2008 &#8211; 2009 P\u00f3s-Doutorado. Universitat Pompeu Fabra, UPF, Espanha. Centro de Investiga\u00e7\u00e3o em Economia da Sa\u00fade Orientador: Jaume Puig-Junoy 1996 &#8211; 2000 Doutorado em Economia. Escola de P\u00f3s Gradua\u00e7\u00e3o em Economia da Funda\u00e7\u00e3o Getulio &hellip; <a href=\"https:\/\/docentes.face.ufmg.br\/mviegas\/formacao\/\" class=\"more-link\">Continuar lendo <span class=\"screen-reader-text\">Forma\u00e7\u00e3o<\/span><\/a><\/p>\n","protected":false},"author":13,"featured_media":0,"parent":0,"menu_order":0,"comment_status":"closed","ping_status":"closed","template":"","meta":{"_crdt_document":"","_exactmetrics_skip_tracking":false,"_exactmetrics_sitenote_active":false,"_exactmetrics_sitenote_note":"","_exactmetrics_sitenote_category":0,"footnotes":""},"class_list":["post-11","page","type-page","status-publish","hentry"],"_links":{"self":[{"href":"https:\/\/docentes.face.ufmg.br\/mviegas\/wp-json\/wp\/v2\/pages\/11","targetHints":{"allow":["GET"]}}],"collection":[{"href":"https:\/\/docentes.face.ufmg.br\/mviegas\/wp-json\/wp\/v2\/pages"}],"about":[{"href":"https:\/\/docentes.face.ufmg.br\/mviegas\/wp-json\/wp\/v2\/types\/page"}],"author":[{"embeddable":true,"href":"https:\/\/docentes.face.ufmg.br\/mviegas\/wp-json\/wp\/v2\/users\/13"}],"replies":[{"embeddable":true,"href":"https:\/\/docentes.face.ufmg.br\/mviegas\/wp-json\/wp\/v2\/comments?post=11"}],"version-history":[{"count":12,"href":"https:\/\/docentes.face.ufmg.br\/mviegas\/wp-json\/wp\/v2\/pages\/11\/revisions"}],"predecessor-version":[{"id":130,"href":"https:\/\/docentes.face.ufmg.br\/mviegas\/wp-json\/wp\/v2\/pages\/11\/revisions\/130"}],"wp:attachment":[{"href":"https:\/\/docentes.face.ufmg.br\/mviegas\/wp-json\/wp\/v2\/media?parent=11"}],"curies":[{"name":"wp","href":"https:\/\/api.w.org\/{rel}","templated":true}]}}