{"id":28,"date":"2016-06-09T14:40:27","date_gmt":"2016-06-09T17:40:27","guid":{"rendered":"http:\/\/docentes.face.ufmg.br\/john-doe\/?page_id=28"},"modified":"2023-09-20T15:30:05","modified_gmt":"2023-09-20T18:30:05","slug":"producao-bibliografica","status":"publish","type":"page","link":"https:\/\/docentes.face.ufmg.br\/msrapini\/producao-bibliografica\/","title":{"rendered":"Produ\u00e7\u00e3o bibliogr\u00e1fica"},"content":{"rendered":"<p>Artigos relevantes<\/p>\n<ol>\n<li>REINA, D. R. ;\u00a0<b>RAPINI, M\u00e1rcia Siqueira<\/b>\u00a0;\u00a0<b><a class=\"tooltip\" href=\"http:\/\/lattes.cnpq.br\/7670878068781009\" target=\"_blank\" rel=\"noopener\">RAPINI, M\u00e1rcia Siqueira<\/a><\/b>\u00a0; CORRADI, A. A. . Motivations for University-Industry interaction: A typology of academic scientists at the National University of Colombia. Revista INNOVAR<sup><img decoding=\"async\" id=\"01215051_1\" class=\"ajaxJCR jcrTip\" style=\"background: none 0px 0px repeat scroll transparent;border: 0px none;font-size: 11px;margin: 0px;padding: 0px;vertical-align: baseline;text-align: left\" src=\"https:\/\/buscatextual.cnpq.br\/buscatextual\/images\/curriculo\/jcr.gif\" data-issn=\"01215051\" \/><\/sup>, v. 34, p. A, 2024.<\/li>\n<li><b><a class=\"tooltip\" href=\"http:\/\/lattes.cnpq.br\/7670878068781009\" target=\"_blank\" rel=\"noopener\">RAPINI, M\u00e1rcia Siqueira<\/a><\/b>;\u00a0<a class=\"tooltip\" href=\"http:\/\/lattes.cnpq.br\/0373570418292111\" target=\"_blank\" rel=\"noopener\">CHIARINI, T.<\/a>\u00a0; STEIN, A. Q. . Universities in inclusive regional innovation systems: Academic engagement and uneven knowledge use in Brazil. JOURNAL OF REGIONAL SCIENCE<sup><img decoding=\"async\" id=\"00224146_5\" class=\"ajaxJCR jcrTip\" style=\"background: none 0px 0px repeat scroll transparent;border: 0px none;font-size: 11px;margin: 0px;padding: 0px;vertical-align: baseline;text-align: left\" src=\"https:\/\/buscatextual.cnpq.br\/buscatextual\/images\/curriculo\/jcr.gif\" data-issn=\"00224146\" \/><\/sup>, p. 1-28, 2023.<\/li>\n<li>LIBOREIRO, K. R. ; CORRADI, A. A. ;\u00a0<b>RAPINI, M\u00e1rcia Siqueira<\/b>\u00a0;\u00a0<b><a class=\"tooltip\" href=\"http:\/\/lattes.cnpq.br\/7670878068781009\" target=\"_blank\" rel=\"noopener\">RAPINI, M\u00e1rcia Siqueira<\/a><\/b>\u00a0. The role of the university research laboratory in technology transfer to firms in Brazil: Two case studies in biotechnology. INDUSTRY &amp; HIGHER EDUCATION<sup><img decoding=\"async\" id=\"09504222_7\" class=\"ajaxJCR jcrTip\" style=\"background: none 0px 0px repeat scroll transparent;border: 0px none;font-size: 11px;margin: 0px;padding: 0px;vertical-align: baseline;text-align: left\" src=\"https:\/\/buscatextual.cnpq.br\/buscatextual\/images\/curriculo\/jcr.gif\" data-issn=\"09504222\" \/><\/sup>, v. 7, p. 095042222211053-37, 2022.<\/li>\n<li>REINA, D. R. ; CORRADI, A. A. ;\u00a0<b>RAPINI, M\u00e1rcia Siqueira<\/b>\u00a0;\u00a0<b><a class=\"tooltip\" href=\"http:\/\/lattes.cnpq.br\/7670878068781009\" target=\"_blank\" rel=\"noopener\">RAPINI, M\u00e1rcia Siqueira<\/a><\/b>\u00a0. Emergence and Scale-up of Frugal Innovations: The Relevance of University-Industry Interaction. Journal of Technology Management &amp; Innovation, v. 16, p. 3-12, 2021.<\/li>\n<li><a class=\"tooltip\" href=\"http:\/\/lattes.cnpq.br\/3515610512015478\" target=\"_blank\" rel=\"noopener\">TEIXEIRA, A.L.S<\/a> ; RAPINI, M. S. ;\u00a0 CALLIARI, T. Organizational determinants and idiosyncrasies of firms? absorptive capacity in a developing country. SCIENCE AND PUBLIC POLICY (ONLINE)<sup><img decoding=\"async\" id=\"14715430_3\" class=\"ajaxJCR jcrTip\" style=\"background: none 0px 0px repeat scroll transparent;border: 0px none;font-size: 11px;margin: 0px;padding: 0px;vertical-align: baseline;text-align: left\" src=\"http:\/\/buscatextual.cnpq.br\/buscatextual\/images\/curriculo\/jcr.gif\" data-issn=\"14715430\" \/><\/sup>, p. 1-12, 2020.<\/li>\n<li>SALLES, F. C. ; CHIARINI, T. ;\u00a0RAPINI, M. S<b>. <\/b>\u00a0The political economy of innovation: why is Brazil stuck in the technological ladder?. BRAZILIAN POLITICAL SCIENCE REVIEW, 2020.<\/li>\n<li>CALLIARI, T. ; MENDES, P. S. ;\u00a0RAPINI, M. S<b>. <\/b>; TOLENTINO, C. M. A. . Technological cumulativeness and innovation in Brazilian Manufacturing industry: evidences from Brazilian Innovation Surveys 2008, 2011 and 2014. Journal of Knowledge Economy, 2020.<\/li>\n<li>CALLIARI, T. ;\u00a0RAPINI, M.S ; CHIARINI, T. . Research infrastructures in less developed countries: the Brazilian case. SCIENTOMETRICS<sup><img decoding=\"async\" id=\"01389130_4\" class=\"ajaxJCR jcrTip\" style=\"background: none 0px 0px repeat scroll transparent;border: 0px none;font-size: 11px;margin: 0px;padding: 0px;vertical-align: baseline;text-align: left\" src=\"http:\/\/buscatextual.cnpq.br\/buscatextual\/images\/curriculo\/jcr.gif\" data-issn=\"01389130\" \/><\/sup>, p. 1-25, 2019.<\/li>\n<li>CALLIARI, T. ; CHIARINI, T. ;\u00a0RAPINI, M.S. U.S. R&amp;D internationalization in less-developed countries: Determinants and insights from Brazil, China, and India. Review of Development Economics<sup><img decoding=\"async\" id=\"14679361_5\" class=\"ajaxJCR jcrTip\" style=\"background: none 0px 0px repeat scroll transparent;border: 0px none;font-size: 11px;margin: 0px;padding: 0px;vertical-align: baseline;text-align: left\" src=\"http:\/\/buscatextual.cnpq.br\/buscatextual\/images\/curriculo\/jcr.gif\" data-issn=\"14679361\" \/><\/sup>, p. 1-28, 2019.<\/li>\n<li>CHIARINI, T. ; RAPINI, M\u00e1rcia Siqueira ; SILVA, Leandro Alves . Access to knowledge and catch-up: Exploring some intellectual property rights data from Brazil and South Korea. Science and Public Policy, p. scw034-110, 2016.<\/li>\n<li>RAPINI, M\u00e1rcia Siqueira; CHIARINI, T. ;\u00a0BITTENCOURT, Pablo Felipe\u00a0. University-firm interactions in Brazil: Beyond human resources and training missions. INDUSTRY &amp; HIGHER EDUCATION, v. 29, p. 111-127, 2015.<\/li>\n<li>POVOA, L. C.\u00a0;\u00a0RAPINI, M\u00e1rcia Siqueira\u00a0. Technology transfer from universities and public research institutes to firms in Brazil: what is transferred and how the transfer is carried out. Science and Public Policy, v. 37, p. 147-159, 2010.<\/li>\n<li>RAPINI, M\u00e1rcia Siqueira; CHAVES, C. V. ; ALBUQUERQUE, Eduardo da Motta e ; SILVA, Leandro ; SOUZA, Sara Gon\u00e7alves Antunes de ; RIGHI, Herica Morais ; CRUZ, Wellington Marcelo Silva da . University-industry interactions in an immature system of innovation: evidence from Minas Gerais, Brazil. Science &amp; Public Policy (Print), v. 36, p. 373-386, 2009.<\/li>\n<li>RAPINI, M\u00e1rcia Siqueira. Intera\u00e7\u00e3o universidade-empresa no Brasil: Evid\u00eancias do Diret\u00f3rio dos Grupos de Pesquisa do CNPq. Estudos Econ\u00f4micos. Instituto de Pesquisas Econ\u00f4micas, v. 37, p. 211-233, 2007.<\/li>\n<\/ol>\n<h5>Livros organizados<\/h5>\n<ol>\n<li>RAPINI, M\u00e1rcia Siqueira; SILVA, Leandro Alves ; ALBUQUERQUE, Eduardo da Motta e . Economia da Ci\u00eancia, Tecnologia e Inova\u00e7\u00e3o &#8211; Fundamentos Te\u00f3ricos e a Economia Global. 2. ed. Belo Horizonte: Cole\u00e7\u00e3o Popula\u00e7\u00e3o e Economia, 2021. 704p.<\/li>\n<li><b><a class=\"tooltip\" title=\"Clique para visualizar o curr\u00edculo\" href=\"http:\/\/lattes.cnpq.br\/7670878068781009\" target=\"_blank\" rel=\"noopener\">RAPINI, M\u00e1rcia Siqueira<\/a><\/b>; BARBOSA, A. C. Q. . Inova\u00e7\u00e3o, Ci\u00eancia, Tecnologia e Gest\u00e3o ? A UFMG em Perspectiva. 1. ed. Belo Horizonte: Cedeplar\/UFMG, 2021. v. 1. 607p .<\/li>\n<li>GARCIA.\u00a0R.;\u00a0RAPINI, M\u00e1rcia Siqueira\u00a0; Cario, S. . Estudos de Caso da Intera\u00e7\u00e3o Universidade-Empresa no Brasil. 1. ed. Belo Horizonte: FACE\/UFMG, 2018. v. 1. 483p .<\/li>\n<\/ol>\n<h5>Cap\u00edtulos de Livros<\/h5>\n<div class=\"layout-cell layout-cell-11\">\n<ol>\n<li>\n<div class=\"layout-cell layout-cell-11\">\n<div class=\"layout-cell-pad-5\">MACIEL, R. F. C. ; LAZARONE, L. P. ; MESQUITA, A. J. D. ;\u00a0<b>RAPINI, M\u00e1rcia Siqueira<\/b>\u00a0;\u00a0<b><a class=\"tooltip\" title=\"Clique para visualizar o curr\u00edculo\" href=\"http:\/\/lattes.cnpq.br\/7670878068781009\" target=\"_blank\" rel=\"noopener\">RAPINI, M\u00e1rcia Siqueira<\/a><\/b>\u00a0;\u00a0<a class=\"tooltip\" title=\"Clique para visualizar o curr\u00edculo\" href=\"http:\/\/lattes.cnpq.br\/3515610512015478\" target=\"_blank\" rel=\"noopener\">TEIXEIRA, A. L. S.<\/a> . As universidades brasileiras e o enfrentamento da pandemia de Covid-19. In: Albuquerque, E.; Gonzaga, F.J.; Britto, G.R.. (Org.). Crise, pandemia e alternativas. 1ed.Belo Horizonte: Cedeplar, 2022, v. 1, p. 134-164.<\/div>\n<\/div>\n<\/li>\n<li>MEDEIROS, J. C. C. ; <b>RAPINI, M\u00e1rcia Siqueira<\/b>\u00a0;\u00a0<b><a class=\"tooltip\" href=\"http:\/\/lattes.cnpq.br\/7670878068781009\" target=\"_blank\" rel=\"noopener\">RAPINI, M\u00e1rcia Siqueira<\/a><\/b>\u00a0; SINISTERRA, R. D. . Novo arranjo jur\u00eddico para a colabora\u00e7\u00e3o entre ICT e empresas com base no artigo 3\u00ba da Lei n\u00ba 10.973\/04, alterado pela Lei n\u00ba 13.243\/16: a experi\u00eancia da UFMG. In: Vitor Monteiro; Andr\u00e9 Tortato Rauen; Carolina Mota Mour\u00e3o. (Org.). Solu\u00e7\u00f5es jur\u00eddicas para a inova\u00e7\u00e3o. 1ed.S\u00e3o Paulo: IEA-USP, 2022, v. 3, p. 242-259.<\/li>\n<li class=\"layout-cell-pad-5\" style=\"text-align: left\">RAPINI, M\u00e1rcia Siqueira. Coopera\u00e7\u00e3o universidade-empresa: realidade e desafios. In: Eduardo da Motta e Albuquerque; M\u00f4nica Viegas. (Org.). Alternativas para uma crise de m\u00faltiplas dimens\u00f5es. 1ed.Belo Horizonte: Cedeplar, 2018, v. , p. 375-389.<\/li>\n<li>\u00a0CAVALCANTE, A. ; SILVA, Leandro Alves ;\u00a0RAPINI, M\u00e1rcia Siqueira. Startups: conceitos, especificidades e financiamento. In: Parentoni, L.; Gontijo, B.M.; Lima, H.C.S. (Org.). Direito, Tecnologia e Inova\u00e7\u00e3o. 1ed.Belo Horizonte: D\u00b4Pl\u00e1cido, 2018, v. 1, p. 671-697.<\/li>\n<\/ol>\n<\/div>\n<h5>Artigos aceitos para publica\u00e7\u00e3o<\/h5>\n<div class=\"layout-cell layout-cell-11\">\n<\/div>\n","protected":false},"excerpt":{"rendered":"<p>Artigos relevantes REINA, D. R. ;\u00a0RAPINI, M\u00e1rcia Siqueira\u00a0;\u00a0RAPINI, M\u00e1rcia Siqueira\u00a0; CORRADI, A. A. . Motivations for University-Industry interaction: A typology of academic scientists at the National University of Colombia. Revista INNOVAR, v. 34, p. A, 2024. RAPINI, M\u00e1rcia Siqueira;\u00a0CHIARINI, T.\u00a0; STEIN, A. Q. . Universities in inclusive regional innovation systems: Academic engagement and uneven knowledge &hellip; <a href=\"https:\/\/docentes.face.ufmg.br\/msrapini\/producao-bibliografica\/\" class=\"more-link\">Continuar lendo <span class=\"screen-reader-text\">Produ\u00e7\u00e3o bibliogr\u00e1fica<\/span><\/a><\/p>\n","protected":false},"author":1,"featured_media":0,"parent":0,"menu_order":0,"comment_status":"closed","ping_status":"closed","template":"","meta":{"_crdt_document":"","_exactmetrics_skip_tracking":false,"_exactmetrics_sitenote_active":false,"_exactmetrics_sitenote_note":"","_exactmetrics_sitenote_category":0,"footnotes":""},"class_list":["post-28","page","type-page","status-publish","hentry"],"_links":{"self":[{"href":"https:\/\/docentes.face.ufmg.br\/msrapini\/wp-json\/wp\/v2\/pages\/28","targetHints":{"allow":["GET"]}}],"collection":[{"href":"https:\/\/docentes.face.ufmg.br\/msrapini\/wp-json\/wp\/v2\/pages"}],"about":[{"href":"https:\/\/docentes.face.ufmg.br\/msrapini\/wp-json\/wp\/v2\/types\/page"}],"author":[{"embeddable":true,"href":"https:\/\/docentes.face.ufmg.br\/msrapini\/wp-json\/wp\/v2\/users\/1"}],"replies":[{"embeddable":true,"href":"https:\/\/docentes.face.ufmg.br\/msrapini\/wp-json\/wp\/v2\/comments?post=28"}],"version-history":[{"count":11,"href":"https:\/\/docentes.face.ufmg.br\/msrapini\/wp-json\/wp\/v2\/pages\/28\/revisions"}],"predecessor-version":[{"id":143,"href":"https:\/\/docentes.face.ufmg.br\/msrapini\/wp-json\/wp\/v2\/pages\/28\/revisions\/143"}],"wp:attachment":[{"href":"https:\/\/docentes.face.ufmg.br\/msrapini\/wp-json\/wp\/v2\/media?parent=28"}],"curies":[{"name":"wp","href":"https:\/\/api.w.org\/{rel}","templated":true}]}}