{"id":24,"date":"2016-06-09T14:33:03","date_gmt":"2016-06-09T17:33:03","guid":{"rendered":"http:\/\/docentes.face.ufmg.br\/john-doe\/?page_id=24"},"modified":"2023-09-20T15:34:14","modified_gmt":"2023-09-20T18:34:14","slug":"premios","status":"publish","type":"page","link":"https:\/\/docentes.face.ufmg.br\/msrapini\/premios\/","title":{"rendered":"Pr\u00eamios"},"content":{"rendered":"\n<p class=\"wp-block-paragraph\"><\/p>\n\n\n\n<p class=\"wp-block-paragraph\">Primeiro Lugar no Pr\u00eamio de Artigo em Economia Industrial e Inova\u00e7\u00e3o do VII ENEI (2023) da Associa\u00e7\u00e3o Brasileira de Economia Industrial e Inova\u00e7\u00e3o com o artigo &#8220;Gera\u00e7\u00e3o de ci\u00eancia para o enfrentamento do Covid-19 no Brasil por g\u00eanero&#8221;. <\/p>\n\n\n\n<p class=\"wp-block-paragraph\"><\/p>\n\n\n\n<p class=\"wp-block-paragraph\">Pr\u00eamio de Excel\u00eancia em Pesquisa Ipea Roberto Campos com o artigo \u201cFinanciamento p\u00fablico \u00e0 inova\u00e7\u00e3o no Brasil: contribui\u00e7\u00e3o para uma distribui\u00e7\u00e3o regional mais equilibrada?\u201d, publicado na revista Planejamento e Pol\u00edticas P\u00fablicas (PPP), n\u00famero 52, de 2019.<\/p>\n","protected":false},"excerpt":{"rendered":"<p>Primeiro Lugar no Pr\u00eamio de Artigo em Economia Industrial e Inova\u00e7\u00e3o do VII ENEI (2023) da Associa\u00e7\u00e3o Brasileira de Economia Industrial e Inova\u00e7\u00e3o com o artigo &#8220;Gera\u00e7\u00e3o de ci\u00eancia para o enfrentamento do Covid-19 no Brasil por g\u00eanero&#8221;. Pr\u00eamio de Excel\u00eancia em Pesquisa Ipea Roberto Campos com o artigo \u201cFinanciamento p\u00fablico \u00e0 inova\u00e7\u00e3o no Brasil: &hellip; <a href=\"https:\/\/docentes.face.ufmg.br\/msrapini\/premios\/\" class=\"more-link\">Continuar lendo <span class=\"screen-reader-text\">Pr\u00eamios<\/span><\/a><\/p>\n","protected":false},"author":1,"featured_media":0,"parent":0,"menu_order":0,"comment_status":"closed","ping_status":"closed","template":"","meta":{"_crdt_document":"","_exactmetrics_skip_tracking":false,"_exactmetrics_sitenote_active":false,"_exactmetrics_sitenote_note":"","_exactmetrics_sitenote_category":0,"footnotes":""},"class_list":["post-24","page","type-page","status-publish","hentry"],"_links":{"self":[{"href":"https:\/\/docentes.face.ufmg.br\/msrapini\/wp-json\/wp\/v2\/pages\/24","targetHints":{"allow":["GET"]}}],"collection":[{"href":"https:\/\/docentes.face.ufmg.br\/msrapini\/wp-json\/wp\/v2\/pages"}],"about":[{"href":"https:\/\/docentes.face.ufmg.br\/msrapini\/wp-json\/wp\/v2\/types\/page"}],"author":[{"embeddable":true,"href":"https:\/\/docentes.face.ufmg.br\/msrapini\/wp-json\/wp\/v2\/users\/1"}],"replies":[{"embeddable":true,"href":"https:\/\/docentes.face.ufmg.br\/msrapini\/wp-json\/wp\/v2\/comments?post=24"}],"version-history":[{"count":10,"href":"https:\/\/docentes.face.ufmg.br\/msrapini\/wp-json\/wp\/v2\/pages\/24\/revisions"}],"predecessor-version":[{"id":148,"href":"https:\/\/docentes.face.ufmg.br\/msrapini\/wp-json\/wp\/v2\/pages\/24\/revisions\/148"}],"wp:attachment":[{"href":"https:\/\/docentes.face.ufmg.br\/msrapini\/wp-json\/wp\/v2\/media?parent=24"}],"curies":[{"name":"wp","href":"https:\/\/api.w.org\/{rel}","templated":true}]}}