{"id":21,"date":"2016-06-09T14:31:19","date_gmt":"2016-06-09T17:31:19","guid":{"rendered":"http:\/\/docentes.face.ufmg.br\/john-doe\/?page_id=21"},"modified":"2021-01-29T20:38:36","modified_gmt":"2021-01-29T23:38:36","slug":"area-de-atuacao","status":"publish","type":"page","link":"https:\/\/docentes.face.ufmg.br\/msrapini\/area-de-atuacao\/","title":{"rendered":"\u00c1rea de atua\u00e7\u00e3o"},"content":{"rendered":"<div class=\"layout-cell layout-cell-9\">\n<ol>\n<li class=\"layout-cell-pad-5\">Grande \u00e1rea: Ci\u00eancias Sociais Aplicadas \/ \u00c1rea: Economia \/ Sub\u00e1rea: Economia da Ci\u00eancia e da Tecnologia.<\/li>\n<li class=\"layout-cell-pad-5\">Grande \u00e1rea: Ci\u00eancias Sociais Aplicadas \/ \u00c1rea: Economia \/ Sub\u00e1rea: Economia da Inova\u00e7\u00e3o.<\/li>\n<li class=\"layout-cell-pad-5\">Grande \u00e1rea: Ci\u00eancias Sociais Aplicadas \/ \u00c1rea: Economia \/ Sub\u00e1rea: Economia Industrial.<\/li>\n<li class=\"layout-cell-pad-5\">Grande \u00e1rea: Ci\u00eancias Sociais Aplicadas \/ \u00c1rea: Economia \/ Sub\u00e1rea: Economia Industrial\/Especialidade: Organiza\u00e7\u00e3o Industrial e Estudos Industriais.<\/li>\n<\/ol>\n<\/div>\n","protected":false},"excerpt":{"rendered":"<p>Grande \u00e1rea: Ci\u00eancias Sociais Aplicadas \/ \u00c1rea: Economia \/ Sub\u00e1rea: Economia da Ci\u00eancia e da Tecnologia. Grande \u00e1rea: Ci\u00eancias Sociais Aplicadas \/ \u00c1rea: Economia \/ Sub\u00e1rea: Economia da Inova\u00e7\u00e3o. Grande \u00e1rea: Ci\u00eancias Sociais Aplicadas \/ \u00c1rea: Economia \/ Sub\u00e1rea: Economia Industrial. Grande \u00e1rea: Ci\u00eancias Sociais Aplicadas \/ \u00c1rea: Economia \/ Sub\u00e1rea: Economia Industrial\/Especialidade: Organiza\u00e7\u00e3o Industrial &hellip; <a href=\"https:\/\/docentes.face.ufmg.br\/msrapini\/area-de-atuacao\/\" class=\"more-link\">Continuar lendo <span class=\"screen-reader-text\">\u00c1rea de atua\u00e7\u00e3o<\/span><\/a><\/p>\n","protected":false},"author":1,"featured_media":0,"parent":0,"menu_order":0,"comment_status":"closed","ping_status":"closed","template":"","meta":{"_crdt_document":"","_exactmetrics_skip_tracking":false,"_exactmetrics_sitenote_active":false,"_exactmetrics_sitenote_note":"","_exactmetrics_sitenote_category":0,"footnotes":""},"class_list":["post-21","page","type-page","status-publish","hentry"],"_links":{"self":[{"href":"https:\/\/docentes.face.ufmg.br\/msrapini\/wp-json\/wp\/v2\/pages\/21","targetHints":{"allow":["GET"]}}],"collection":[{"href":"https:\/\/docentes.face.ufmg.br\/msrapini\/wp-json\/wp\/v2\/pages"}],"about":[{"href":"https:\/\/docentes.face.ufmg.br\/msrapini\/wp-json\/wp\/v2\/types\/page"}],"author":[{"embeddable":true,"href":"https:\/\/docentes.face.ufmg.br\/msrapini\/wp-json\/wp\/v2\/users\/1"}],"replies":[{"embeddable":true,"href":"https:\/\/docentes.face.ufmg.br\/msrapini\/wp-json\/wp\/v2\/comments?post=21"}],"version-history":[{"count":3,"href":"https:\/\/docentes.face.ufmg.br\/msrapini\/wp-json\/wp\/v2\/pages\/21\/revisions"}],"predecessor-version":[{"id":124,"href":"https:\/\/docentes.face.ufmg.br\/msrapini\/wp-json\/wp\/v2\/pages\/21\/revisions\/124"}],"wp:attachment":[{"href":"https:\/\/docentes.face.ufmg.br\/msrapini\/wp-json\/wp\/v2\/media?parent=21"}],"curies":[{"name":"wp","href":"https:\/\/api.w.org\/{rel}","templated":true}]}}