{"id":2,"date":"2016-06-09T14:03:11","date_gmt":"2016-06-09T17:03:11","guid":{"rendered":"http:\/\/docentes.face.ufmg.br\/john-doe\/?page_id=2"},"modified":"2023-09-20T17:28:23","modified_gmt":"2023-09-20T20:28:23","slug":"sobre","status":"publish","type":"page","link":"https:\/\/docentes.face.ufmg.br\/msrapini\/","title":{"rendered":"Sobre"},"content":{"rendered":"<p><img loading=\"lazy\" decoding=\"async\" class=\"alignleft size-full wp-image-6\" src=\"http:\/\/docentes.face.ufmg.br\/john-doe\/wp-content\/uploads\/sites\/57\/2016\/06\/silhouette.png\" alt=\"silhouette\" width=\"128\" height=\"128\" \/>Possui gradua\u00e7\u00e3o em Ci\u00eancias Econ\u00f4micas pela Universidade Federal de Minas Gerais (2000), Mestrado (2004) e Doutorado (2010) em Economia da Industria e da Tecnologia pela Universidade Federal do Rio de Janeiro. \u00c9 Professora Associada da FACE\/UFMG e professora e pesquisadora do CEDEPLAR\/UFMG e sub-coordenadora do Grupo de Pesquisa em Economia da Ci\u00eancia e da Tecnologia. \u00c9 professora colaboradora do Mestrado Profissional em Inova\u00e7\u00e3o Tecnol\u00f3gica e Propriedade Intelectual e do Programa de P\u00f3s-gradua\u00e7\u00e3o em Inova\u00e7\u00e3o Tecnol\u00f3gica da UFMG. Membro da Associa\u00e7\u00e3o Brasileira de Economia Industrial e Inova\u00e7\u00e3o (ABEIN). Entre 2017-2020 foi Tutora do Programa de Educa\u00e7\u00e3o Tutorial do MEC do Curso de Ci\u00eancias Econ\u00f4micas. Membro da C\u00e2mara Especial de Avalia\u00e7\u00e3o de Projetos de Pol\u00edticas P\u00fablicas CEPP da Fapemig (2019-2022). Possui experi\u00eancia na \u00e1rea de Economia, com \u00eanfase em Economia Industrial e Economia da Ci\u00eancia e da Tecnologia, atuando principalmente nos seguintes temas: intera\u00e7\u00e3o universidade-empresa, financiamento \u00e0 inova\u00e7\u00e3o, sistema nacional de inova\u00e7\u00e3o, indicadores de ci\u00eancia, tecnologia e inova\u00e7\u00e3o, pol\u00edtica industrial e de inova\u00e7\u00e3o.<\/p>\n\n\n<figure class=\"wp-block-gallery has-nested-images columns-default is-cropped wp-block-gallery-1 is-layout-flex wp-block-gallery-is-layout-flex\"><\/figure>\n","protected":false},"excerpt":{"rendered":"<p>Possui gradua\u00e7\u00e3o em Ci\u00eancias Econ\u00f4micas pela Universidade Federal de Minas Gerais (2000), Mestrado (2004) e Doutorado (2010) em Economia da Industria e da Tecnologia pela Universidade Federal do Rio de Janeiro. \u00c9 Professora Associada da FACE\/UFMG e professora e pesquisadora do CEDEPLAR\/UFMG e sub-coordenadora do Grupo de Pesquisa em Economia da Ci\u00eancia e da Tecnologia. &hellip; <a href=\"https:\/\/docentes.face.ufmg.br\/msrapini\/\" class=\"more-link\">Continuar lendo <span class=\"screen-reader-text\">Sobre<\/span><\/a><\/p>\n","protected":false},"author":52,"featured_media":0,"parent":0,"menu_order":0,"comment_status":"closed","ping_status":"closed","template":"","meta":{"_crdt_document":"","_exactmetrics_skip_tracking":false,"_exactmetrics_sitenote_active":false,"_exactmetrics_sitenote_note":"","_exactmetrics_sitenote_category":0,"footnotes":""},"class_list":["post-2","page","type-page","status-publish","hentry"],"_links":{"self":[{"href":"https:\/\/docentes.face.ufmg.br\/msrapini\/wp-json\/wp\/v2\/pages\/2","targetHints":{"allow":["GET"]}}],"collection":[{"href":"https:\/\/docentes.face.ufmg.br\/msrapini\/wp-json\/wp\/v2\/pages"}],"about":[{"href":"https:\/\/docentes.face.ufmg.br\/msrapini\/wp-json\/wp\/v2\/types\/page"}],"author":[{"embeddable":true,"href":"https:\/\/docentes.face.ufmg.br\/msrapini\/wp-json\/wp\/v2\/users\/52"}],"replies":[{"embeddable":true,"href":"https:\/\/docentes.face.ufmg.br\/msrapini\/wp-json\/wp\/v2\/comments?post=2"}],"version-history":[{"count":11,"href":"https:\/\/docentes.face.ufmg.br\/msrapini\/wp-json\/wp\/v2\/pages\/2\/revisions"}],"predecessor-version":[{"id":150,"href":"https:\/\/docentes.face.ufmg.br\/msrapini\/wp-json\/wp\/v2\/pages\/2\/revisions\/150"}],"wp:attachment":[{"href":"https:\/\/docentes.face.ufmg.br\/msrapini\/wp-json\/wp\/v2\/media?parent=2"}],"curies":[{"name":"wp","href":"https:\/\/api.w.org\/{rel}","templated":true}]}}