{"id":16,"date":"2016-06-09T14:26:21","date_gmt":"2016-06-09T17:26:21","guid":{"rendered":"http:\/\/docentes.face.ufmg.br\/john-doe\/?page_id=16"},"modified":"2023-04-10T11:51:10","modified_gmt":"2023-04-10T14:51:10","slug":"linhas-de-pesquisa","status":"publish","type":"page","link":"https:\/\/docentes.face.ufmg.br\/msrapini\/linhas-de-pesquisa\/","title":{"rendered":"Linhas de pesquisa"},"content":{"rendered":"<ol>\n<li>Intera\u00e7\u00e3o universidade-empresa<\/li>\n<li>Financiamento da\u00a0 Inova\u00e7\u00e3o<\/li>\n<li>Sistema Nacional de Inova\u00e7\u00e3o<\/li>\n<li>Pol\u00edtica Industrial<\/li>\n<\/ol>\n<div class=\"layout-cell layout-cell-9\"><\/div>\n","protected":false},"excerpt":{"rendered":"<p>Intera\u00e7\u00e3o universidade-empresa Financiamento da\u00a0 Inova\u00e7\u00e3o Sistema Nacional de Inova\u00e7\u00e3o Pol\u00edtica Industrial<\/p>\n","protected":false},"author":1,"featured_media":0,"parent":0,"menu_order":0,"comment_status":"closed","ping_status":"closed","template":"","meta":{"_crdt_document":"","_exactmetrics_skip_tracking":false,"_exactmetrics_sitenote_active":false,"_exactmetrics_sitenote_note":"","_exactmetrics_sitenote_category":0,"footnotes":""},"class_list":["post-16","page","type-page","status-publish","hentry"],"_links":{"self":[{"href":"https:\/\/docentes.face.ufmg.br\/msrapini\/wp-json\/wp\/v2\/pages\/16","targetHints":{"allow":["GET"]}}],"collection":[{"href":"https:\/\/docentes.face.ufmg.br\/msrapini\/wp-json\/wp\/v2\/pages"}],"about":[{"href":"https:\/\/docentes.face.ufmg.br\/msrapini\/wp-json\/wp\/v2\/types\/page"}],"author":[{"embeddable":true,"href":"https:\/\/docentes.face.ufmg.br\/msrapini\/wp-json\/wp\/v2\/users\/1"}],"replies":[{"embeddable":true,"href":"https:\/\/docentes.face.ufmg.br\/msrapini\/wp-json\/wp\/v2\/comments?post=16"}],"version-history":[{"count":5,"href":"https:\/\/docentes.face.ufmg.br\/msrapini\/wp-json\/wp\/v2\/pages\/16\/revisions"}],"predecessor-version":[{"id":151,"href":"https:\/\/docentes.face.ufmg.br\/msrapini\/wp-json\/wp\/v2\/pages\/16\/revisions\/151"}],"wp:attachment":[{"href":"https:\/\/docentes.face.ufmg.br\/msrapini\/wp-json\/wp\/v2\/media?parent=16"}],"curies":[{"name":"wp","href":"https:\/\/api.w.org\/{rel}","templated":true}]}}