{"id":11,"date":"2016-06-09T14:21:05","date_gmt":"2016-06-09T17:21:05","guid":{"rendered":"http:\/\/docentes.face.ufmg.br\/john-doe\/?page_id=11"},"modified":"2021-01-29T20:40:36","modified_gmt":"2021-01-29T23:40:36","slug":"formacao","status":"publish","type":"page","link":"https:\/\/docentes.face.ufmg.br\/msrapini\/formacao\/","title":{"rendered":"Forma\u00e7\u00e3o"},"content":{"rendered":"<h5>2007 &#8211; 2010 &#8211;&nbsp;Doutorado em Economia da Ind\u00fastria e da Tecnologia (Conceito CAPES 6).<\/h5>\n<p><strong>Universidade Federal do Rio de Janeiro<\/strong>, UFRJ, Rio de Janeiro, Brasil.<br \/>\n<strong>T\u00edtulo:<\/strong> &nbsp;Financiamento aos investimentos em inova\u00e7\u00e3o no Brasil.<\/p>\n<p><strong>Orientador:<\/strong> Jos\u00e9 Eduardo Cassiolato<\/p>\n<p><strong>Co-orientador:<\/strong> Luiz Martins de Melo<br \/>\n<strong>Palavras-chave:<\/strong>&nbsp;Financiamento; inova\u00e7\u00e3o; Brasil.<\/p>\n<h5>2002 &#8211; 2004 &#8211;&nbsp;Mestrado em Economia da Ind\u00fastria e da Tecnologia (Conceito CAPES 6).<\/h5>\n<p><strong>Universidade Federal do Rio de Janeiro<\/strong>, UFRJ, Rio de Janeiro, Brasil.<\/p>\n<p><strong>T\u00edtulo:<\/strong> Intera\u00e7\u00e3o Universidade-Ind\u00fastria no Brasil: uma an\u00e1lise explorat\u00f3ria \u00e0 partir do Diret\u00f3rio dos Grupos de Pesquisa do CNPq<a href=\"#\">)<\/a>.<br \/>\n<strong>Orientador:<\/strong>&nbsp;Jos\u00e9 Eduardo Cassiolato.<br \/>\n<strong>Palavras-chave:<\/strong>&nbsp;Intera\u00e7\u00e3o universidade-empresa; grupos de pesquisa, CNPq; Brasil<br \/>\nGrande \u00e1rea: Ci\u00eancias Sociais Aplicadas<\/p>\n<h5>1997 &#8211; 2000 &#8211;&nbsp;Gradua\u00e7\u00e3o em Economia.<\/h5>\n<p>Universidade Federal de Minhas Gerais, UFMG, Minas Gerais, Brasil.<\/p>\n","protected":false},"excerpt":{"rendered":"<p>2007 &#8211; 2010 &#8211;&nbsp;Doutorado em Economia da Ind\u00fastria e da Tecnologia (Conceito CAPES 6). Universidade Federal do Rio de Janeiro, UFRJ, Rio de Janeiro, Brasil. T\u00edtulo: &nbsp;Financiamento aos investimentos em inova\u00e7\u00e3o no Brasil. Orientador: Jos\u00e9 Eduardo Cassiolato Co-orientador: Luiz Martins de Melo Palavras-chave:&nbsp;Financiamento; inova\u00e7\u00e3o; Brasil. 2002 &#8211; 2004 &#8211;&nbsp;Mestrado em Economia da Ind\u00fastria e da &hellip; <a href=\"https:\/\/docentes.face.ufmg.br\/msrapini\/formacao\/\" class=\"more-link\">Continuar lendo <span class=\"screen-reader-text\">Forma\u00e7\u00e3o<\/span><\/a><\/p>\n","protected":false},"author":1,"featured_media":0,"parent":0,"menu_order":0,"comment_status":"closed","ping_status":"closed","template":"","meta":{"_crdt_document":"","_exactmetrics_skip_tracking":false,"_exactmetrics_sitenote_active":false,"_exactmetrics_sitenote_note":"","_exactmetrics_sitenote_category":0,"footnotes":""},"class_list":["post-11","page","type-page","status-publish","hentry"],"_links":{"self":[{"href":"https:\/\/docentes.face.ufmg.br\/msrapini\/wp-json\/wp\/v2\/pages\/11","targetHints":{"allow":["GET"]}}],"collection":[{"href":"https:\/\/docentes.face.ufmg.br\/msrapini\/wp-json\/wp\/v2\/pages"}],"about":[{"href":"https:\/\/docentes.face.ufmg.br\/msrapini\/wp-json\/wp\/v2\/types\/page"}],"author":[{"embeddable":true,"href":"https:\/\/docentes.face.ufmg.br\/msrapini\/wp-json\/wp\/v2\/users\/1"}],"replies":[{"embeddable":true,"href":"https:\/\/docentes.face.ufmg.br\/msrapini\/wp-json\/wp\/v2\/comments?post=11"}],"version-history":[{"count":6,"href":"https:\/\/docentes.face.ufmg.br\/msrapini\/wp-json\/wp\/v2\/pages\/11\/revisions"}],"predecessor-version":[{"id":125,"href":"https:\/\/docentes.face.ufmg.br\/msrapini\/wp-json\/wp\/v2\/pages\/11\/revisions\/125"}],"wp:attachment":[{"href":"https:\/\/docentes.face.ufmg.br\/msrapini\/wp-json\/wp\/v2\/media?parent=11"}],"curies":[{"name":"wp","href":"https:\/\/api.w.org\/{rel}","templated":true}]}}