{"id":16,"date":"2016-06-09T14:26:21","date_gmt":"2016-06-09T17:26:21","guid":{"rendered":"http:\/\/docentes.face.ufmg.br\/john-doe\/?page_id=16"},"modified":"2024-10-12T14:34:48","modified_gmt":"2024-10-12T17:34:48","slug":"linhas-de-pesquisa","status":"publish","type":"page","link":"https:\/\/docentes.face.ufmg.br\/lanza\/linhas-de-pesquisa\/","title":{"rendered":"Research"},"content":{"rendered":"<p><span style=\"font-size: medium\">I specialize in economic demography, population aging, and demographic methods (indirect demographic techniques). Currently, my research is centered on studying retirement behavior and old age support systems in developing countries and methods to estimate mortality for small areas.<\/span><\/p>\n<p>In particular, I am studying how demographic and institutional changes affect labor force participation and retirement behavior of workers in less developed economies and how societies are adjusting themselves to population aging. I am also researching methods to measure adult mortality in small areas using both demographic and statistical methods.<\/p>\n<p><span style=\"font-size: medium\">Below there is a list of the projects and papers I am currently working on.<br \/>\n<\/span><\/p>\n<h3>Working Papers and Work in Progress<\/h3>\n<ol>\n<li>O impacto das Doen\u00e7as Tropicais Negligenciadas na expectativa de vida do Brasil e das regi\u00f5es brasileiras, 2010-2019 &#8211; with Ellen Ara\u00fajo (R&amp;R)<\/li>\n<li>LIMA, E. E. C. ;\u00a0<b>Queiroz, Bernardo Lanza<\/b>\u00a0; Freire, F.H.M.A (Fl\u00e1vio Henrique Miranda de Araujo Freire) ;\u00a0<a class=\"tooltip\" href=\"http:\/\/lattes.cnpq.br\/3332143224735260\" target=\"_blank\" rel=\"noopener\">GONZAGA, M. R.<\/a>\u00a0. Analyzing regional patterns of mortality data quality and adult mortality for small areas in Brazil, 1980-2010<\/li>\n<li>Spatial patterns of excess mortality during the Covid-19 pandemic across municipalities in Brazil, 2020-2022<\/li>\n<li>SANTOS, M. M. ;\u00a0<b>Queiroz, Bernardo L.<\/b>\u00a0. Income Fluctuations and First Childbirth Timing Among Young Couples: Analyzing Social Heterogeneity, 1982?2012.<\/li>\n<li><b><a class=\"tooltip\" href=\"http:\/\/lattes.cnpq.br\/7581282834093314\" target=\"_blank\" rel=\"noopener\">Queiroz, Bernardo Lanza<\/a><\/b>; SKIRBEKK, VEGARD F. . Ageing Preparedness in an Age of Robotization: Which Countries Are Better Prepared to Grow Old?.<\/li>\n<li>FERNANDES, A. R. J. ;\u00a0<b>Queiroz, Bernardo Lanza<\/b>\u00a0. A DIN\u00c2MICA DO MERCADO DE TRABALHO DOS ADULTOS MAIS VELHOS NO CONTEXTO DA PANDEMIA<\/li>\n<li>VILELA, E. ;\u00a0<b>Queiroz, Bernardo Lanza<\/b>\u00a0. TRAJET\u00d3RIAS ESCOLARES NO BRASIL ENTRE 2008 E 2018 UMA AN\u00c1LISE DE SEQU\u00caNCIA<\/li>\n<\/ol>\n","protected":false},"excerpt":{"rendered":"<p>I specialize in economic demography, population aging, and demographic methods (indirect demographic techniques). Currently, my research is centered on studying retirement behavior and old age support systems in developing countries and methods to estimate mortality for small areas. In particular, I am studying how demographic and institutional changes affect labor force participation and retirement behavior &hellip; <a href=\"https:\/\/docentes.face.ufmg.br\/lanza\/linhas-de-pesquisa\/\" class=\"more-link\">Continuar lendo <span class=\"screen-reader-text\">Research<\/span><\/a><\/p>\n","protected":false},"author":13,"featured_media":0,"parent":0,"menu_order":0,"comment_status":"closed","ping_status":"closed","template":"","meta":{"_crdt_document":"","_exactmetrics_skip_tracking":false,"_exactmetrics_sitenote_active":false,"_exactmetrics_sitenote_note":"","_exactmetrics_sitenote_category":0,"footnotes":""},"class_list":["post-16","page","type-page","status-publish","hentry"],"_links":{"self":[{"href":"https:\/\/docentes.face.ufmg.br\/lanza\/wp-json\/wp\/v2\/pages\/16","targetHints":{"allow":["GET"]}}],"collection":[{"href":"https:\/\/docentes.face.ufmg.br\/lanza\/wp-json\/wp\/v2\/pages"}],"about":[{"href":"https:\/\/docentes.face.ufmg.br\/lanza\/wp-json\/wp\/v2\/types\/page"}],"author":[{"embeddable":true,"href":"https:\/\/docentes.face.ufmg.br\/lanza\/wp-json\/wp\/v2\/users\/13"}],"replies":[{"embeddable":true,"href":"https:\/\/docentes.face.ufmg.br\/lanza\/wp-json\/wp\/v2\/comments?post=16"}],"version-history":[{"count":11,"href":"https:\/\/docentes.face.ufmg.br\/lanza\/wp-json\/wp\/v2\/pages\/16\/revisions"}],"predecessor-version":[{"id":367,"href":"https:\/\/docentes.face.ufmg.br\/lanza\/wp-json\/wp\/v2\/pages\/16\/revisions\/367"}],"wp:attachment":[{"href":"https:\/\/docentes.face.ufmg.br\/lanza\/wp-json\/wp\/v2\/media?parent=16"}],"curies":[{"name":"wp","href":"https:\/\/api.w.org\/{rel}","templated":true}]}}