{"id":24,"date":"2016-06-09T14:33:03","date_gmt":"2016-06-09T17:33:03","guid":{"rendered":"http:\/\/docentes.face.ufmg.br\/john-doe\/?page_id=24"},"modified":"2021-06-06T21:18:40","modified_gmt":"2021-06-07T00:18:40","slug":"premios","status":"publish","type":"page","link":"https:\/\/docentes.face.ufmg.br\/jpromero\/premios\/","title":{"rendered":"Awards"},"content":{"rendered":"<div class=\"layout-cell layout-cell-3 text-align-right\">\n<div>\n<div><strong>2017<\/strong> <a href=\"http:\/\/www.abde.org.br\/uploads\/docs\/MIOLO%20PREMIO%20ABDE%202017_WEB.pdf\" target=\"_blank\" rel=\"noopener\">Pr\u00eamio ABDE-BID &#8211; Desenvolvimento em Debate (1\u00ba Place)<\/a><\/div>\n<p>Associa\u00e7\u00e3o Brasileira de Desenvolvimento (ABDE) and Banco Interamericano de Desenvolvimento (BID).<\/p>\n<div><b>2016\u00a0<\/b><a href=\"https:\/\/www.eximbankindia.in\/awards\" target=\"_blank\" rel=\"noopener\">BRICS Economic Research Award<\/a><\/div>\n<\/div>\n<p class=\"layout-cell-pad-5 text-align-right\">Export-Import Bank of India.<\/p>\n<p class=\"layout-cell-pad-5 text-align-right\"><b>2015\u00a0<\/b>Pr\u00eamio CNI de Economia &#8211; Ind\u00fastria Brasileira (1\u00ba Place)<br \/>\nConfedera\u00e7\u00e3o Nacional da Ind\u00fastria (CNI).<\/p>\n<\/div>\n<div class=\"layout-cell layout-cell-3 text-align-right\">\n<p class=\"layout-cell-pad-5 text-align-right\"><b>2010\u00a0<\/b><a href=\"http:\/\/www.bndes.gov.br\/wps\/portal\/site\/home\/conhecimento\/estudos\/pde\/pde\/projetos-selecionados-e-artigos-elaborados-no-pde\/!ut\/p\/z1\/xVTBbqMwFPyV9sDRsQOkG_aGsmnSlm60arsJXCoDD3AFNrEdaP5-DUkvVUJVVdVyMPbz83g8fmMc4Q2OOG1YTjUTnJZmHEZXz4F3N1-6KxIsfgU28YPJNbn-83sxmzp43SeQM59PcDS8_i-OcJRwXesChzFPQT0zrjTTu6RnYJFCVGCRRPACElYB18IiNajtjil6ARcpTYWyCCi96zt1Cm-NFC-ghUIKSujRTAICRKVmedcraSxkH-QCmSUdlTphKQ69BOx0nFHkEY8iF8YOiokLKElsJ_UgyzxKjkcfOFs0rMztR9oY8dnLdhv5RiHBNbxqvPnfEhlOtryf3edGKqoLxHgm8KafOTSfRlx3sp8Xwn0k7xNWN86c-MtZMHHnd-OF5xwTBrQOzV39OKv1ysbrhkGLn7iQlSn7h0-WwvLDHZwv7jAM77rfC3_1vfCTL8IbJ-WliA_vlc9jZ2rKU0IGEuRoJ0240Lr-aRGLtG076j00ykUziqWJ1J0lhNSdkxTTcNpPp92TS1pRlALKRJ-HKHozHoLKTCjgjSibA8opeoVQxtbvaeG6eqqmzh5F8b7NHm5QeNu07WNWzeLp8bd3yvzy8h-143aB\/dz\/d5\/L2dBISEvZ0FBIS9nQSEh\/\" target=\"_blank\" rel=\"noopener\">Programa de Fomento \u00e0 Pesquisa em Desenvolvimento Econ\u00f4mico (PDE)<\/a><br \/>\nBanco Nacional do Desenvolvimento Econ\u00f4mico e Social (BNDES).<\/p>\n<\/div>\n<div class=\"layout-cell layout-cell-3 text-align-right\">\n<div class=\"layout-cell-pad-5 text-align-right\"><b>2009\u00a0<\/b><a href=\"http:\/\/www.anpec.org.br\/revista\/vol11\/vol11n1p217_263.pdf\" target=\"_blank\" rel=\"noopener\">Pr\u00eamio CNI de Economia &#8211; Intermedia\u00e7\u00e3o Financeira e Crescimento Industrial (1\u00ba Place)<\/a><\/div>\n<p class=\"layout-cell-pad-5 text-align-right\">Confedera\u00e7\u00e3o Nacional da Ind\u00fastria (CNI).<\/p>\n<\/div>\n<div class=\"layout-cell layout-cell-3 text-align-right\">\n<div class=\"layout-cell-pad-5 text-align-right\"><b>2008\u00a0<\/b>Pr\u00eamio BNB de Talentos Universit\u00e1rios (1\u00ba Place)<\/div>\n<div class=\"layout-cell-pad-5 text-align-right\">Banco do Nordeste do Brasil (BNB).<\/div>\n<\/div>\n","protected":false},"excerpt":{"rendered":"<p>2017 Pr\u00eamio ABDE-BID &#8211; Desenvolvimento em Debate (1\u00ba Place) Associa\u00e7\u00e3o Brasileira de Desenvolvimento (ABDE) and Banco Interamericano de Desenvolvimento (BID). 2016\u00a0BRICS Economic Research Award Export-Import Bank of India. 2015\u00a0Pr\u00eamio CNI de Economia &#8211; Ind\u00fastria Brasileira (1\u00ba Place) Confedera\u00e7\u00e3o Nacional da Ind\u00fastria (CNI). 2010\u00a0Programa de Fomento \u00e0 Pesquisa em Desenvolvimento Econ\u00f4mico (PDE) Banco Nacional do Desenvolvimento &hellip; <a href=\"https:\/\/docentes.face.ufmg.br\/jpromero\/premios\/\" class=\"more-link\">Continuar lendo <span class=\"screen-reader-text\">Awards<\/span><\/a><\/p>\n","protected":false},"author":1,"featured_media":0,"parent":0,"menu_order":0,"comment_status":"closed","ping_status":"closed","template":"","meta":{"_crdt_document":"","_exactmetrics_skip_tracking":false,"_exactmetrics_sitenote_active":false,"_exactmetrics_sitenote_note":"","_exactmetrics_sitenote_category":0,"footnotes":""},"class_list":["post-24","page","type-page","status-publish","hentry"],"_links":{"self":[{"href":"https:\/\/docentes.face.ufmg.br\/jpromero\/wp-json\/wp\/v2\/pages\/24","targetHints":{"allow":["GET"]}}],"collection":[{"href":"https:\/\/docentes.face.ufmg.br\/jpromero\/wp-json\/wp\/v2\/pages"}],"about":[{"href":"https:\/\/docentes.face.ufmg.br\/jpromero\/wp-json\/wp\/v2\/types\/page"}],"author":[{"embeddable":true,"href":"https:\/\/docentes.face.ufmg.br\/jpromero\/wp-json\/wp\/v2\/users\/1"}],"replies":[{"embeddable":true,"href":"https:\/\/docentes.face.ufmg.br\/jpromero\/wp-json\/wp\/v2\/comments?post=24"}],"version-history":[{"count":11,"href":"https:\/\/docentes.face.ufmg.br\/jpromero\/wp-json\/wp\/v2\/pages\/24\/revisions"}],"predecessor-version":[{"id":244,"href":"https:\/\/docentes.face.ufmg.br\/jpromero\/wp-json\/wp\/v2\/pages\/24\/revisions\/244"}],"wp:attachment":[{"href":"https:\/\/docentes.face.ufmg.br\/jpromero\/wp-json\/wp\/v2\/media?parent=24"}],"curies":[{"name":"wp","href":"https:\/\/api.w.org\/{rel}","templated":true}]}}