{"id":199,"date":"2020-05-24T12:00:46","date_gmt":"2020-05-24T15:00:46","guid":{"rendered":"http:\/\/docentes.face.ufmg.br\/jpromero\/?page_id=199"},"modified":"2021-06-06T23:59:16","modified_gmt":"2021-06-07T02:59:16","slug":"textos-de-opiniao-2","status":"publish","type":"page","link":"https:\/\/docentes.face.ufmg.br\/jpromero\/pt\/textos-de-opiniao-2\/","title":{"rendered":"Textos de Opini\u00e3o"},"content":{"rendered":"<p>Romero, J. P. <a href=\"https:\/\/theintercept.com\/2020\/11\/06\/paulo-guedes-ricardo-salles-meio-ambiente-crescimento-verde\/\">Como Paulo Guedes ajuda Ricardo Salles a destruir o meio ambiente<\/a>. The Intercept Brasil. 06 nov. 2020.<\/p>\n<p>Romero, J. P.; Cardoso, D. F. <a href=\"https:\/\/www.nexojornal.com.br\/ensaio\/2020\/Rebaixar-o-piso-dos-gastos-p%C3%BAblicos-%C3%A9-elevar-a-desigualdade\">Rebaixar o piso dos gastos p\u00fablicos \u00e9 elevar a desigualdade<\/a>. Nexo Jornal, 30 ago. 2020.<\/p>\n<p>Romero, J. P. <a href=\"https:\/\/theintercept.com\/2020\/04\/29\/coronavirus-paulo-guedes-radicalismo-ideologico-liberal\/\">Coronav\u00edrus: O radicalismo ideol\u00f3gico de Guedes pode custar vidas e aprofundar a recess\u00e3o<\/a>. The Intercept Brasil, 29 abr. 2020.<\/p>\n<p>Romero, J. P. <a href=\"https:\/\/theintercept.com\/2020\/03\/05\/teto-de-gastos-pib\/\">Teremos pibinho todo ano se o teto de gastos n\u00e3o for modernizado<\/a>. The Intercept Brasil, 05 mar. 2020.<\/p>\n<p>Romero, J. P. <a href=\"https:\/\/theintercept.com\/2020\/01\/29\/abertura-comercial-guedes-prejudica-industria-nacional\/\">Abertura comercial de Guedes amea\u00e7a o que restou da ind\u00fastria brasileira de alta tecnologia<\/a>. The Intercept Brasil, 29 jan. 2020.<\/p>\n<p>Romero, J. P. <a href=\"https:\/\/theintercept.com\/2019\/12\/19\/agenda-ultraliberal-paulo-guedes-produtividade\/\">Agenda ultraliberal de Paulo Guedes prometeu aumento da produtividade da economia, mas entrega queda<\/a>. The Intercept Brasil, 19 dez. 2019.<\/p>\n<p>Romero, J. P. <a href=\"https:\/\/www1.folha.uol.com.br\/mercado\/2019\/10\/as-receitas-para-sair-da-crise.shtml\">As receitas para sair da crise<\/a>. Folha de S\u00e3o Paulo, 01 out. 2019.<\/p>\n<p>Romero, J. P. <a href=\"https:\/\/valor.globo.com\/opiniao\/coluna\/o-que-esperar-do-acordo-comercial-mercosul-ue.ghtml\">O que esperar do acordo comercial Mercosul-UE<\/a>. Valor Econ\u00f4mico, 05 ago. 2019.<\/p>\n<p>Romero, J. P. <a href=\"https:\/\/diplomatique.org.br\/brasil-o-desenvolvimento-interditado\/\">Brasil: o desenvolvimento interditado<\/a>. Le Monde Diplomatique Brasil, Brasil, 11 jan. 2019.<\/p>\n<p>Romero, J. P. <a href=\"https:\/\/valor.globo.com\/opiniao\/coluna\/e-preciso-rever-o-teto-de-gastos.ghtml\">\u00c9 preciso rever o teto de gastos<\/a>. Valor Econ\u00f4mico, 02 ago. 2018.<\/p>\n","protected":false},"excerpt":{"rendered":"<p>Romero, J. P. Como Paulo Guedes ajuda Ricardo Salles a destruir o meio ambiente. The Intercept Brasil. 06 nov. 2020. Romero, J. P.; Cardoso, D. F. Rebaixar o piso dos gastos p\u00fablicos \u00e9 elevar a desigualdade. Nexo Jornal, 30 ago. 2020. Romero, J. P. Coronav\u00edrus: O radicalismo ideol\u00f3gico de Guedes pode custar vidas e aprofundar &hellip; <a href=\"https:\/\/docentes.face.ufmg.br\/jpromero\/pt\/textos-de-opiniao-2\/\" class=\"more-link\">Continuar lendo <span class=\"screen-reader-text\">Textos de Opini\u00e3o<\/span><\/a><\/p>\n","protected":false},"author":43,"featured_media":0,"parent":0,"menu_order":0,"comment_status":"closed","ping_status":"closed","template":"","meta":{"_crdt_document":"","_exactmetrics_skip_tracking":false,"_exactmetrics_sitenote_active":false,"_exactmetrics_sitenote_note":"","_exactmetrics_sitenote_category":0,"footnotes":""},"class_list":["post-199","page","type-page","status-publish","hentry"],"_links":{"self":[{"href":"https:\/\/docentes.face.ufmg.br\/jpromero\/wp-json\/wp\/v2\/pages\/199","targetHints":{"allow":["GET"]}}],"collection":[{"href":"https:\/\/docentes.face.ufmg.br\/jpromero\/wp-json\/wp\/v2\/pages"}],"about":[{"href":"https:\/\/docentes.face.ufmg.br\/jpromero\/wp-json\/wp\/v2\/types\/page"}],"author":[{"embeddable":true,"href":"https:\/\/docentes.face.ufmg.br\/jpromero\/wp-json\/wp\/v2\/users\/43"}],"replies":[{"embeddable":true,"href":"https:\/\/docentes.face.ufmg.br\/jpromero\/wp-json\/wp\/v2\/comments?post=199"}],"version-history":[{"count":2,"href":"https:\/\/docentes.face.ufmg.br\/jpromero\/wp-json\/wp\/v2\/pages\/199\/revisions"}],"predecessor-version":[{"id":252,"href":"https:\/\/docentes.face.ufmg.br\/jpromero\/wp-json\/wp\/v2\/pages\/199\/revisions\/252"}],"wp:attachment":[{"href":"https:\/\/docentes.face.ufmg.br\/jpromero\/wp-json\/wp\/v2\/media?parent=199"}],"curies":[{"name":"wp","href":"https:\/\/api.w.org\/{rel}","templated":true}]}}