{"id":180,"date":"2020-05-14T08:30:12","date_gmt":"2020-05-14T11:30:12","guid":{"rendered":"http:\/\/docentes.face.ufmg.br\/jpromero\/?page_id=180"},"modified":"2021-07-08T10:19:01","modified_gmt":"2021-07-08T13:19:01","slug":"publicacoes","status":"publish","type":"page","link":"https:\/\/docentes.face.ufmg.br\/jpromero\/pt\/publicacoes\/","title":{"rendered":"Publica\u00e7\u00f5es"},"content":{"rendered":"<h5><strong>ARTIGOS<\/strong><\/h5>\n<p>Romero, Jo\u00e3o P.; Gramkow, C. <a href=\"https:\/\/www.sciencedirect.com\/science\/article\/abs\/pii\/S0305750X20304447\" target=\"_blank\" rel=\"noopener\">Economic Complexity and Greenhouse Gas Emissions.<\/a> World Development, forthcoming, 2021.<\/p>\n<p>Bottega, A. C.;\u00a0Romero, J. P. <a href=\"https:\/\/www.sciencedirect.com\/science\/article\/abs\/pii\/S0954349X2100059X?dgcid=author\" target=\"_blank\" rel=\"noopener\">Innovation, export performance and trade elasticities across different sectors.<\/a> Structural Change and Economic Dynamics, 2021.<\/p>\n<p>Cordeiro, A. B.; Romero, J. P.\u00a0 <a href=\"https:\/\/www.tandfonline.com\/eprint\/IQFCNVC6KXUKXZVNJPNT\/full?target=10.1080\/09538259.2021.1939939\">Reconciling Supply and Demand: New Evidence on the Adjustment Mechanisms between Actual and Potential Growth Rates<\/a>. Review of Political Economy, forthcoming, 2021.<\/p>\n<p>Pereira, H. I. C.; Romero, J. P.; Medeiros, V.\u00a0 <a href=\"https:\/\/academic.oup.com\/cje\/article-abstract\/45\/3\/511\/6124081?redirectedFrom=fulltext\">Kaldor-Verdoorns Law and Institutions: Evidence from Brazilian Municipalities<\/a>. Cambridge Journal of Economics, 45(3), p. 511-36, 2021.<\/p>\n<p>Romero, J. P. <a href=\"https:\/\/periodicos.sbu.unicamp.br\/ojs\/index.php\/rbi\/article\/view\/8654621\/22636\" target=\"_blank\" rel=\"noopener\">Aggregate growth models from a Schumpeterian perspective<\/a>. Revista Brasileira de Inova\u00e7\u00e3o, v. 19, p. 1-30, 2020.<\/p>\n<p>Figueiredo, G. R.;\u00a0Cimini, F.;\u00a0Romero, J. P. <a href=\"http:\/\/www.teoriaepesquisa.ufscar.br\/index.php\/tp\/article\/view\/851\/481\" target=\"_blank\" rel=\"noopener\">A economia pol\u00edtica de reforma trabalhista brasileira<\/a>. Teoria &amp; Pesquisa, v. 29, p. 74-95, 2020.<\/p>\n<p>Britto, G.; Romero, J. P.; Freitas, E. ; Coelho, C. <a href=\"https:\/\/www.cepal.org\/en\/publications\/44721-great-divide-economic-complexity-and-development-paths-brazil-and-republic-korea\" target=\"_blank\" rel=\"noopener\">The great divide: economic complexity and development paths in Brazil and the Republic of Korea<\/a>. Cepal Review, v. 127, p. 191-213, 2019.<\/p>\n<p>Romero, J. P. <a href=\"https:\/\/academic.oup.com\/cje\/advance-article\/doi\/10.1093\/cje\/bez003\/5381887?guestAccessKey=21526b7b-41fd-4aba-97e9-14be49f46d8a\" target=\"_blank\" rel=\"noopener\">A Kaldor-Schumpeter model of cumulative growth<\/a>, Cambridge Journal of Economics, v. 43(6), p. 1597-1621, 2019.<\/p>\n<p>Romero, J. P.; McCombie, J. S. L. <a href=\"http:\/\/onlinelibrary.wiley.com\/doi\/10.1111\/meca.12185\/full\" target=\"_blank\" rel=\"noopener\">Thirlwall&#8217;s law and the specification of export and import functions<\/a>. Metroeconomica,\u00a0v. 69, p. 366-395, 2018.<\/p>\n<p>Alencar, J. F. L.; Freitas, E.;\u00a0Romero, J. P.;\u00a0Britto, G. <a href=\"https:\/\/www.researchgate.net\/publication\/327085962_Complexidade_produtiva_e_desenvolvimento_economico_uma_analise_do_caso_latino-americano\" target=\"_blank\" rel=\"noopener\">Complexidade Econ\u00f4mica e Desenvolvimento: Uma an\u00e1lise do caso latino\u2011americano.<\/a> Novos Estudos. CEBRAP, v. 37, p. 247-271, 2018.<\/p>\n<p>Romero, J. P.; Britto, G. <a href=\"https:\/\/academic.oup.com\/cje\/article\/41\/2\/391\/2625401\/Increasing-returns-to-scale-technological-catch-up\" target=\"_blank\" rel=\"noopener\">Increasing returns to scale, technological catch-up and research intensity: endogenising the Verdoorn coefficient<\/a>. Cambridge Journal of Economics, v. 41, p. 391-412, 2017.<\/p>\n<p>Romero, J. P.; McCombie, J. S. L. <a href=\"http:\/\/www.emeraldinsight.com\/doi\/full\/10.1108\/JES-03-2015-0045\" target=\"_blank\" rel=\"noopener\">Differences in increasing returns between technological sectors<\/a>. Journal of Economic Studies, v. 43, p. 863-878, 2016.<\/p>\n<p>Romero, J. P.; McCombie, J. S. L. <a href=\"http:\/\/www.tandfonline.com\/doi\/abs\/10.1080\/02692171.2015.1102207?journalCode=cira20\" target=\"_blank\" rel=\"noopener\">The Multi-Sectoral Thirlwall&#8217;s Law: evidence from 14 developed European countries using product-level data<\/a>. International Review of Applied Economics, v. 30, p. 301-325, 2016.<\/p>\n<p>Romero, J. P. <a href=\"http:\/\/www.akb.org.br\/revista\/index.php\/BKR\/article\/view\/55\" target=\"_blank\" rel=\"noopener\">Economic Growth from a Kaldorian Perspective: Theory, Evidence and Agenda<\/a>. Brazilian Keynesian Review, v. 2, p. 189-210, 2016.<\/p>\n<p>Romero, J. P. <a href=\"http:\/\/www.sciencedirect.com\/science\/article\/pii\/S1517758014000149\" target=\"_blank\" rel=\"noopener\">Mr. Keynes and the neo-Schumpeterians: Contributions to the analysis of the determinants of innovation from a post-Keynesian perspective<\/a>. Economia (Bras\u00edlia), v. 15, p. 189-205, 2014.<\/p>\n<p>Romero, J. P.;\u00a0Jayme Jr, F. G. <a href=\"https:\/\/revistas.dee.spgg.rs.gov.br\/index.php\/ensaios\/article\/view\/2530\/3158\" target=\"_blank\" rel=\"noopener\">Cr\u00e9dito, prefer\u00eancia pela liquidez e desenvolvimento regional: o papel dos bancos p\u00fablicos e privados no sistema financeiro brasileiro<\/a> (2001 &#8211; 2006). Ensaios FEE (Impresso), v. 34, p. 253-286, 2013.<\/p>\n<p>Romero, J. P.;\u00a0Jayme Jr., F. G. <a href=\"http:\/\/www.tandfonline.com\/doi\/abs\/10.1080\/09538259.2012.729934\" target=\"_blank\" rel=\"noopener\">Financial System, Innovation and Regional Development: The Relationship between Liquidity Preference and Innovation in Brazil<\/a>. Review of Political Economy, v. 24, p. 623-642, 2012.<\/p>\n<p>Romero, J. P.; Silveira, F.;\u00a0Jayme Jr., F. G. <a href=\"http:\/\/repositorio.cepal.org\/bitstream\/handle\/11362\/11545\/105173195I.pdf?sequence=1\" target=\"_blank\" rel=\"noopener\">Brazil: structural change and balance-of-payments-constrained growth<\/a>. Cepal Review, v. 105, p. 185-208, 2011.<\/p>\n<h5><strong>Cap\u00edtulos de livros<\/strong><\/h5>\n<p>Romero, J. P.;\u00a0Silveira, F. Mudan\u00e7a estrutural e complexidade econ\u00f4mica: identificando setores promissores para o desenvolvimento dos estados brasileiros. In: Chilliatto-Leite, M. V. (Org.). <a href=\"https:\/\/repositorio.cepal.org\/handle\/11362\/44616\" target=\"_blank\" rel=\"noopener\">Alternativas para o desenvolvimento brasileiro: Novos horizontes para a mudan\u00e7a estrutural com igualdade<\/a>. 1ed. Bras\u00edlia: CEPAL, 2019, v. 1, p. 137-160.<\/p>\n<p>Romero, J. P.; Britto, G. Sophistication, Productivity and Trade: A Sectoral Investigation. Alternative Approaches in Macroeconomics. 1ed.: Springer International Publishing, 2018, v., p. 235-267.<\/p>\n<p>Romero, J. P.; Freitas, E. Setores promissores para o desenvolvimento do Brasil: complexidade e espa\u00e7o do produto como instrumentos de pol\u00edtica. In: M\u00f4nica Viegas, Eduardo Albuquerque. (Org.). <a href=\"https:\/\/www.cedeplar.ufmg.br\/publicacoes\/colecao-populacao-economia\/1067-alternativas-para-uma-crise-de-mu-ltiplas-dimenso-es-1-volume\" target=\"_blank\" rel=\"noopener\">Alternativas para uma crise de m\u00faltiplas dimens\u00f5es.<\/a> 1ed.Belo Horizonte: Cedeplar-UFMG, 2018, v. 1, p. 358-374.<\/p>\n<p>Resende, L. V.;\u00a0Romero, J. P. Estrutura produtiva e crescimento: uma an\u00e1lise comparativa de Brasil, Austr\u00e1lia e Canad\u00e1. <a href=\"https:\/\/www.researchgate.net\/publication\/323918171_Estrutura_produtiva_e_crescimento_Uma_analise_comparativa_de_Brasil_Australia_e_Canada\" target=\"_blank\" rel=\"noopener\">Pr\u00eamio ABDE-BID: Colet\u00e2nea de Trabalhos.<\/a> 1ed.Rio de Janeiro: ABDE Editorial, 2017, v., p. 89-120.<\/p>\n<p>Romero, J. P. Mr. Keynes and The Neo-Schumpeterians: contributions to the analysis of the determinants of innovation from a Post-Keynesian perspective. In: Fabio H. B. Terra; Fernando Ferrari Filho. (Org.). <a href=\"https:\/\/www.sciencedirect.com\/science\/article\/pii\/S1517758014000149\" target=\"_blank\" rel=\"noopener\">Keynes: Ensaios sobre os 80 anos da Teoria Geral<\/a>. 1ed.Porto Alegre: Tomo Editorial, 2016, v., p. 203-234.<\/p>\n<p>Britto, G.;\u00a0Romero, J. P.; Freitas, E.; Tonon, M.; Coelho, C. Competitividade industrial, complexidade e intensidade tecnol\u00f3gica em Portugal. In: Joaquim Ramos Silva, Allan Claudius Queiroz Barbosa. (Org.). <a href=\"https:\/\/www.edi-colibri.pt\/Detalhes.aspx?ItemID=1976\" target=\"_blank\" rel=\"noopener\">Inova\u00e7\u00e3o, Conhecimento e Tecnologia: uma perspectiva luso-brasileira.<\/a> 1ed.: 2015, v., p. 1-17.<\/p>\n<p>Britto, G.; Freitas, E.;\u00a0Romero, J. P. Competitividade industrial e inova\u00e7\u00e3o na abordagem da complexidade: uma an\u00e1lise do caso brasileiro. In: Nelson Barbosa; Nelson Marconi; Mauricio Can\u00eado Pinheiro; Laura Carvalho. (Org.). <a href=\"https:\/\/www.researchgate.net\/publication\/276411060_Competitividade_industrial_e_inovacao_na_abordagem_da_complexidade_uma_analise_do_caso_brasileiro\" target=\"_blank\" rel=\"noopener\">Ind\u00fastria e Desenvolvimento Produtivo no Brasil.<\/a> 1ed.Rio de Janeiro: Elsevier, 2015, v., p. 417-440.<\/p>\n","protected":false},"excerpt":{"rendered":"<p>ARTIGOS Romero, Jo\u00e3o P.; Gramkow, C. Economic Complexity and Greenhouse Gas Emissions. World Development, forthcoming, 2021. Bottega, A. C.;\u00a0Romero, J. P. Innovation, export performance and trade elasticities across different sectors. Structural Change and Economic Dynamics, 2021. Cordeiro, A. B.; Romero, J. P.\u00a0 Reconciling Supply and Demand: New Evidence on the Adjustment Mechanisms between Actual and &hellip; <a href=\"https:\/\/docentes.face.ufmg.br\/jpromero\/pt\/publicacoes\/\" class=\"more-link\">Continuar lendo <span class=\"screen-reader-text\">Publica\u00e7\u00f5es<\/span><\/a><\/p>\n","protected":false},"author":43,"featured_media":0,"parent":0,"menu_order":0,"comment_status":"closed","ping_status":"closed","template":"","meta":{"_crdt_document":"","_exactmetrics_skip_tracking":false,"_exactmetrics_sitenote_active":false,"_exactmetrics_sitenote_note":"","_exactmetrics_sitenote_category":0,"footnotes":""},"class_list":["post-180","page","type-page","status-publish","hentry"],"_links":{"self":[{"href":"https:\/\/docentes.face.ufmg.br\/jpromero\/wp-json\/wp\/v2\/pages\/180","targetHints":{"allow":["GET"]}}],"collection":[{"href":"https:\/\/docentes.face.ufmg.br\/jpromero\/wp-json\/wp\/v2\/pages"}],"about":[{"href":"https:\/\/docentes.face.ufmg.br\/jpromero\/wp-json\/wp\/v2\/types\/page"}],"author":[{"embeddable":true,"href":"https:\/\/docentes.face.ufmg.br\/jpromero\/wp-json\/wp\/v2\/users\/43"}],"replies":[{"embeddable":true,"href":"https:\/\/docentes.face.ufmg.br\/jpromero\/wp-json\/wp\/v2\/comments?post=180"}],"version-history":[{"count":10,"href":"https:\/\/docentes.face.ufmg.br\/jpromero\/wp-json\/wp\/v2\/pages\/180\/revisions"}],"predecessor-version":[{"id":283,"href":"https:\/\/docentes.face.ufmg.br\/jpromero\/wp-json\/wp\/v2\/pages\/180\/revisions\/283"}],"wp:attachment":[{"href":"https:\/\/docentes.face.ufmg.br\/jpromero\/wp-json\/wp\/v2\/media?parent=180"}],"curies":[{"name":"wp","href":"https:\/\/api.w.org\/{rel}","templated":true}]}}