{"id":2,"date":"2016-06-09T14:03:11","date_gmt":"2016-06-09T17:03:11","guid":{"rendered":"http:\/\/docentes.face.ufmg.br\/john-doe\/?page_id=2"},"modified":"2020-12-22T17:26:15","modified_gmt":"2020-12-22T20:26:15","slug":"sobre","status":"publish","type":"page","link":"https:\/\/docentes.face.ufmg.br\/joaotonucci\/","title":{"rendered":"Sobre"},"content":{"rendered":"<p style=\"text-align: left\"><strong>Jo\u00e3o Bosco Moura Tonucci Filho<\/strong> \u00e9 bacharel em Ci\u00eancias Econ\u00f4micas (UFMG), mestre em Arquitetura e Urbanismo (USP) e doutor em Geografia (UFMG). Realizou est\u00e1gio doutoral no <a href=\"https:\/\/city.apps01.yorku.ca\/\">City Institute<\/a> da York University, Toronto. \u00c9 Professor Adjunto de Economia Regional e Urbana do <a href=\"https:\/\/www.cedeplar.ufmg.br\/\">Centro de Desenvolvimento e Planejamento Regional<\/a> e da <a href=\"https:\/\/www.face.ufmg.br\/\">Faculdade de Ci\u00eancias Econ\u00f4micas<\/a> da Universidade Federal de Minas Gerais (Cedeplar\/FACE\/UFMG). \u00c9 tamb\u00e9m professor colaborador do <a href=\"https:\/\/sites.arq.ufmg.br\/posgraduacao\/arquiteturaeurbanismo\/\">Programa de P\u00f3s-Gradua\u00e7\u00e3o em Arquitetura e Urbanismo<\/a> (NPGAU\/EA\/UFMG), e pesquisador do <a href=\"https:\/\/www.observatoriodasmetropoles.net.br\/belo-horizonte\/\">N\u00facleo Belo Horizonte do INCT Observat\u00f3rio das Metr\u00f3poles<\/a>.<\/p>\n<p style=\"text-align: left\">Tem experi\u00eancia em pesquisa, ensino e extens\u00e3o na \u00e1rea de Planejamento Urbano e Regional, Economia Urbana, Teoria Urbana, Geografia Econ\u00f4mica, Economia Pol\u00edtica e Outras Economias. Seus interesses e linhas de pesquisa incluem: Din\u00e2mica Imobili\u00e1ria e Produ\u00e7\u00e3o do Espa\u00e7o Metropolitano; Planejamento Metropolitano e Pol\u00edticas Urbano-Regionais; Recursos Comuns e Propriedade Fundi\u00e1ria; Economia Popular e Solid\u00e1ria e Outras Economias; Habita\u00e7\u00e3o, Ocupa\u00e7\u00f5es Urbanas e Direito \u00e0 Cidade; Teorias e Epistemologias do Urbano.<\/p>\n<p style=\"text-align: left\">\u00c9 l\u00edder do Grupo de Pesquisa &#8220;URBANO &#8211; Laborat\u00f3rio de Estudos em Urbaniza\u00e7\u00e3o, Planejamento e Outras Economias&#8221;, sediado no Cedeplar\/FACE\/UFMG.<span class=\"texto\">\u00a0<\/span><\/p>\n\n\n<p class=\"wp-block-paragraph\">Outras informa\u00e7\u00f5es acad\u00eamicas:<br><a rel=\"noreferrer noopener\" href=\"http:\/\/lattes.cnpq.br\/1814079278350942\" target=\"_blank\">Curr\u00edculo Lattes<\/a>&nbsp;|&nbsp;<a rel=\"noreferrer noopener\" href=\"http:\/\/somos.ufmg.br\/professor\/joao-bosco-moura-tonucci-filho\" target=\"_blank\">Perfil no Somos UFMG<\/a> <br><a rel=\"noreferrer noopener\" href=\"https:\/\/ufmg.academia.edu\/Jo%C3%A3oTonucci\" target=\"_blank\">Perfil no Academia.edu<\/a>&nbsp;| <a rel=\"noreferrer noopener\" href=\"https:\/\/scholar.google.com.br\/citations?user=FWlAR6IAAAAJ&amp;hl=pt-BR\" target=\"_blank\">Perfil no Google Scholar<\/a>&nbsp;|&nbsp;<a rel=\"noreferrer noopener\" href=\"https:\/\/orcid.org\/0000-0002-4298-455X\" target=\"_blank\">Perfil no Orcid<\/a>&nbsp;<\/p>\n\n\n\n<p class=\"wp-block-paragraph\">Twitter:&nbsp;<a rel=\"noreferrer noopener\" href=\"https:\/\/twitter.com\/joaotonucci\" target=\"_blank\">@joaotonucci<\/a>&nbsp;| Email:&nbsp;<a rel=\"noreferrer noopener\" href=\"mailto:joaotonucci@cedeplar.ufmg.br\" target=\"_blank\">joaotonucci@cedeplar.ufmg.br<\/a><\/p>\n","protected":false},"excerpt":{"rendered":"<p>Jo\u00e3o Bosco Moura Tonucci Filho \u00e9 bacharel em Ci\u00eancias Econ\u00f4micas (UFMG), mestre em Arquitetura e Urbanismo (USP) e doutor em Geografia (UFMG). Realizou est\u00e1gio doutoral no City Institute da York University, Toronto. \u00c9 Professor Adjunto de Economia Regional e Urbana do Centro de Desenvolvimento e Planejamento Regional e da Faculdade de Ci\u00eancias Econ\u00f4micas da Universidade &hellip; <a href=\"https:\/\/docentes.face.ufmg.br\/joaotonucci\/\" class=\"more-link\">Continuar lendo <span class=\"screen-reader-text\">Sobre<\/span><\/a><\/p>\n","protected":false},"author":1,"featured_media":0,"parent":0,"menu_order":0,"comment_status":"closed","ping_status":"closed","template":"","meta":{"_crdt_document":"","_exactmetrics_skip_tracking":false,"_exactmetrics_sitenote_active":false,"_exactmetrics_sitenote_note":"","_exactmetrics_sitenote_category":0,"footnotes":""},"class_list":["post-2","page","type-page","status-publish","hentry"],"_links":{"self":[{"href":"https:\/\/docentes.face.ufmg.br\/joaotonucci\/wp-json\/wp\/v2\/pages\/2","targetHints":{"allow":["GET"]}}],"collection":[{"href":"https:\/\/docentes.face.ufmg.br\/joaotonucci\/wp-json\/wp\/v2\/pages"}],"about":[{"href":"https:\/\/docentes.face.ufmg.br\/joaotonucci\/wp-json\/wp\/v2\/types\/page"}],"author":[{"embeddable":true,"href":"https:\/\/docentes.face.ufmg.br\/joaotonucci\/wp-json\/wp\/v2\/users\/1"}],"replies":[{"embeddable":true,"href":"https:\/\/docentes.face.ufmg.br\/joaotonucci\/wp-json\/wp\/v2\/comments?post=2"}],"version-history":[{"count":14,"href":"https:\/\/docentes.face.ufmg.br\/joaotonucci\/wp-json\/wp\/v2\/pages\/2\/revisions"}],"predecessor-version":[{"id":120,"href":"https:\/\/docentes.face.ufmg.br\/joaotonucci\/wp-json\/wp\/v2\/pages\/2\/revisions\/120"}],"wp:attachment":[{"href":"https:\/\/docentes.face.ufmg.br\/joaotonucci\/wp-json\/wp\/v2\/media?parent=2"}],"curies":[{"name":"wp","href":"https:\/\/api.w.org\/{rel}","templated":true}]}}