{"id":395,"date":"2020-02-24T11:11:10","date_gmt":"2020-02-24T14:11:10","guid":{"rendered":"http:\/\/docentes.face.ufmg.br\/hugo\/?page_id=395"},"modified":"2025-12-13T16:25:39","modified_gmt":"2025-12-13T19:25:39","slug":"pesquisa","status":"publish","type":"page","link":"https:\/\/docentes.face.ufmg.br\/hugo\/pesquisa\/","title":{"rendered":"Pesquisa"},"content":{"rendered":"<p>As linhas de pesquisa conduzidas pelo Professor Hugo da Gama Cerqueira dividem-se entre os temas da economia e filosofia moral do Iluminismo escoc\u00eas e os relacionados \u00e0 cr\u00edtica da economia pol\u00edtica de Karl Marx.<\/p>\n<p><a href=\"https:\/\/doi.org\/10.20911\/21769389v32n103p181-202\/2005\" target=\"_blank\" rel=\"noopener noreferrer\"><img loading=\"lazy\" decoding=\"async\" class=\"size-medium wp-image-396 alignright\" src=\"http:\/\/docentes.face.ufmg.br\/hugo\/wp-content\/uploads\/sites\/27\/2020\/02\/Adam_Smith_The_Muir_portrait-233x300.jpg\" alt=\"Retrato de Adam Smith\" width=\"233\" height=\"300\" srcset=\"https:\/\/docentes.face.ufmg.br\/hugo\/wp-content\/uploads\/sites\/27\/2020\/02\/Adam_Smith_The_Muir_portrait-233x300.jpg 233w, https:\/\/docentes.face.ufmg.br\/hugo\/wp-content\/uploads\/sites\/27\/2020\/02\/Adam_Smith_The_Muir_portrait.jpg 540w\" sizes=\"auto, (max-width: 233px) 100vw, 233px\" \/><\/a>Na primeira linha, os trabalhos remontam ao per\u00edodo de seu doutoramento, quando investigou a natureza das rela\u00e7\u00f5es entre a filosofia moral e a economia pol\u00edtica de Adam Smith. Esta pesquisa desdobrou-se, posteriormente, para alcan\u00e7ar outros iluministas escoceses, como Hume, e resultou na publica\u00e7\u00e3o de artigos e na orienta\u00e7\u00e3o de monografias e disserta\u00e7\u00f5es de estudantes que integraram o grupo de pesquisa em <a href=\"http:\/\/dgp.cnpq.br\/dgp\/espelhogrupo\/0260562676297844\" target=\"_blank\" rel=\"noopener\">Metodologia e Hist\u00f3ria do Pensamento Econ\u00f4mico<\/a>.<\/p>\n<p>A segunda linha, mais recente, passou pela <a href=\"https:\/\/ufmg.br\/comunicacao\/noticias\/pesquisadores-da-face-estudam-manuscritos-ineditos-de-marx-do-fim-dos-anos-1860\" target=\"_blank\" rel=\"noopener noreferrer\">pesquisa de alguns manuscritos in\u00e9ditos de Marx<\/a>, trabalho desenvolvido no \u00e2mbito do grupo de pesquisa em <a href=\"http:\/\/dgp.cnpq.br\/dgp\/espelhogrupo\/4439178155560000\" target=\"_blank\" rel=\"noopener\">Economia Pol\u00edtica Contempor\u00e2nea<\/a>. Paralelamente, envolve uma an\u00e1lise hist\u00f3rica dos processos de edi\u00e7\u00e3o e recep\u00e7\u00e3o dos textos de Marx, de modo a compreender o contexto, os interesses e os princ\u00edpios que nortearam a publica\u00e7\u00e3o de seus manuscritos e a reedi\u00e7\u00e3o de seus textos, e assim iluminar as circunst\u00e2ncias associadas \u00e0 recep\u00e7\u00e3o e interpreta\u00e7\u00e3o de sua obra.<\/p>\n<p><a href=\"https:\/\/youtu.be\/RFWhcD3zFxg\" target=\"_blank\" rel=\"noopener noreferrer\"><img loading=\"lazy\" decoding=\"async\" class=\" wp-image-399 alignright\" src=\"http:\/\/docentes.face.ufmg.br\/hugo\/wp-content\/uploads\/sites\/27\/2020\/02\/IsaakRubin_Poloina_1910-287x300.jpg\" alt=\"Isaak Rubin e sua esposa\" width=\"234\" height=\"245\" srcset=\"https:\/\/docentes.face.ufmg.br\/hugo\/wp-content\/uploads\/sites\/27\/2020\/02\/IsaakRubin_Poloina_1910-287x300.jpg 287w, https:\/\/docentes.face.ufmg.br\/hugo\/wp-content\/uploads\/sites\/27\/2020\/02\/IsaakRubin_Poloina_1910.jpg 382w\" sizes=\"auto, (max-width: 234px) 100vw, 234px\" \/><\/a>Recentemente, esta linha de pesquisa tem se estendido \u00e0 investiga\u00e7\u00e3o da obra de dois int\u00e9rpretes destacados do pensamento de Marx, associados \u00e0 chamada &#8220;abordagem da forma do valor&#8221;: Isaak Rubin e Michael Heinrich.<\/p>\n<p>Alguns resultados do desenvolvimento destas linhas de pesquisa podem ser conferidos na forma de <a href=\"http:\/\/docentes.face.ufmg.br\/hugo\/producao-bibliografica\/\">publica\u00e7\u00f5es acad\u00eamicas<\/a>.<\/p>\n\n\n<p class=\"wp-block-paragraph\"><\/p>\n","protected":false},"excerpt":{"rendered":"<p>As linhas de pesquisa conduzidas pelo Professor Hugo da Gama Cerqueira dividem-se entre os temas da economia e filosofia moral do Iluminismo escoc\u00eas e os relacionados \u00e0 cr\u00edtica da economia pol\u00edtica de Karl Marx. Na primeira linha, os trabalhos remontam ao per\u00edodo de seu doutoramento, quando investigou a natureza das rela\u00e7\u00f5es entre a filosofia moral &hellip; <a href=\"https:\/\/docentes.face.ufmg.br\/hugo\/pesquisa\/\" class=\"more-link\">Continuar lendo <span class=\"screen-reader-text\">Pesquisa<\/span><\/a><\/p>\n","protected":false},"author":21,"featured_media":0,"parent":0,"menu_order":0,"comment_status":"closed","ping_status":"closed","template":"","meta":{"_crdt_document":"","_exactmetrics_skip_tracking":false,"_exactmetrics_sitenote_active":false,"_exactmetrics_sitenote_note":"","_exactmetrics_sitenote_category":0,"footnotes":""},"class_list":["post-395","page","type-page","status-publish","hentry"],"_links":{"self":[{"href":"https:\/\/docentes.face.ufmg.br\/hugo\/wp-json\/wp\/v2\/pages\/395","targetHints":{"allow":["GET"]}}],"collection":[{"href":"https:\/\/docentes.face.ufmg.br\/hugo\/wp-json\/wp\/v2\/pages"}],"about":[{"href":"https:\/\/docentes.face.ufmg.br\/hugo\/wp-json\/wp\/v2\/types\/page"}],"author":[{"embeddable":true,"href":"https:\/\/docentes.face.ufmg.br\/hugo\/wp-json\/wp\/v2\/users\/21"}],"replies":[{"embeddable":true,"href":"https:\/\/docentes.face.ufmg.br\/hugo\/wp-json\/wp\/v2\/comments?post=395"}],"version-history":[{"count":6,"href":"https:\/\/docentes.face.ufmg.br\/hugo\/wp-json\/wp\/v2\/pages\/395\/revisions"}],"predecessor-version":[{"id":816,"href":"https:\/\/docentes.face.ufmg.br\/hugo\/wp-json\/wp\/v2\/pages\/395\/revisions\/816"}],"wp:attachment":[{"href":"https:\/\/docentes.face.ufmg.br\/hugo\/wp-json\/wp\/v2\/media?parent=395"}],"curies":[{"name":"wp","href":"https:\/\/api.w.org\/{rel}","templated":true}]}}