{"id":376,"date":"2020-02-20T19:51:06","date_gmt":"2020-02-20T22:51:06","guid":{"rendered":"http:\/\/docentes.face.ufmg.br\/hugo\/?page_id=376"},"modified":"2025-12-12T09:07:49","modified_gmt":"2025-12-12T12:07:49","slug":"extensao","status":"publish","type":"page","link":"https:\/\/docentes.face.ufmg.br\/hugo\/extensao\/","title":{"rendered":"Extens\u00e3o"},"content":{"rendered":"<div class=\"wp-block-image\">\n<figure class=\"alignright\"><a href=\"https:\/\/diamantina.cedeplar.ufmg.br\/portal\/\" target=\"_blank\" rel=\"noopener\"><img loading=\"lazy\" decoding=\"async\" width=\"300\" height=\"248\" src=\"http:\/\/docentes.face.ufmg.br\/hugo\/wp-content\/uploads\/sites\/27\/2020\/02\/diamantina2012-300x248.jpg\" alt=\"Semin\u00e1rio sobre a Economia Mineira 2012\" class=\"wp-image-384\" srcset=\"https:\/\/docentes.face.ufmg.br\/hugo\/wp-content\/uploads\/sites\/27\/2020\/02\/diamantina2012-300x248.jpg 300w, https:\/\/docentes.face.ufmg.br\/hugo\/wp-content\/uploads\/sites\/27\/2020\/02\/diamantina2012.jpg 639w\" sizes=\"auto, (max-width: 300px) 100vw, 300px\" \/><\/a><\/figure>\n<\/div>\n\n\n<p class=\"wp-block-paragraph\">Entre as principais atividades de extens\u00e3o desenvolvidas pelo Prof. Hugo da Gama Cerqueira incluem-se a organiza\u00e7\u00e3o de eventos acad\u00eamicos, como os <a href=\"https:\/\/sites.google.com\/site\/mehipec\/seminarios\" target=\"_blank\" rel=\"noopener noreferrer\">Ciclos de Semin\u00e1rios sobre Metodologia e Hist\u00f3ria do Pensamento Econ\u00f4mico<\/a> (2011, 2012, 2013, 2018), o Semin\u00e1rio sobre a Economia Mineira, mais conhecido como <a href=\"https:\/\/diamantina.cedeplar.ufmg.br\/portal\/\" target=\"_blank\" rel=\"noopener noreferrer\">Semin\u00e1rio de Diamantina<\/a> (2008, 2010, 2012, <a href=\"https:\/\/youtu.be\/2XsZVpBH53I\" target=\"_blank\" rel=\"noopener noreferrer\">2014<\/a>), e o <a href=\"https:\/\/www.ufmg.br\/festivaldeverao\/o-festival\/todas-as-edicoes\/\" target=\"_blank\" rel=\"noopener noreferrer\">Festival de Ver\u00e3o da UFMG<\/a> (2010, 2011), entre outros.<\/p>\n\n\n\n<p class=\"wp-block-paragraph\">Ele foi secret\u00e1rio-editorial (2000-2006) e editor (2006-2009) da revista <a href=\"http:\/\/www.scielo.br\/scielo.php?script=sci_serial&amp;pid=0103-6351&amp;lng=en&amp;nrm=iso\" target=\"_blank\" rel=\"noopener noreferrer\">Nova Economia<\/a>, integrando, atualmente, seu comit\u00ea editorial. \u00c9 tamb\u00e9m membro do conselho editorial da <a href=\"https:\/\/periodicos.ufmg.br\/index.php\/revistadaufmg\/index\" target=\"_blank\" rel=\"noopener noreferrer\">Revista da UFMG<\/a>, da revista&nbsp;<a href=\"https:\/\/rct.dieese.org.br\/index.php\/rct\" target=\"_blank\" rel=\"noopener\">Ci\u00eancias do Trabalho<\/a> e da revista <a href=\"http:\/\/revista.estudoshumeanos.com\/\" target=\"_blank\" rel=\"noopener\">Estudos Hum(e)anos<\/a>.<\/p>\n\n\n<div class=\"wp-block-image\">\n<figure class=\"alignleft\"><a href=\"https:\/\/twitter.com\/economicthought\"><img loading=\"lazy\" decoding=\"async\" width=\"300\" height=\"238\" src=\"http:\/\/docentes.face.ufmg.br\/hugo\/wp-content\/uploads\/sites\/27\/2020\/02\/economicthought_twitter-300x238.png\" alt=\"Perfil economic thought no twitter\" class=\"wp-image-378\" srcset=\"https:\/\/docentes.face.ufmg.br\/hugo\/wp-content\/uploads\/sites\/27\/2020\/02\/economicthought_twitter-300x238.png 300w, https:\/\/docentes.face.ufmg.br\/hugo\/wp-content\/uploads\/sites\/27\/2020\/02\/economicthought_twitter.png 598w\" sizes=\"auto, (max-width: 300px) 100vw, 300px\" \/><\/a><\/figure>\n<\/div>\n\n\n<p class=\"wp-block-paragraph\">Finalmente, \u00e9 o criador e editor do perfil de redes sociais <a href=\"https:\/\/linktr.ee\/economicthought\" target=\"_blank\" rel=\"noopener\"><em>Economic thought<\/em><\/a>. Presente no <a href=\"https:\/\/x.com\/economicthought\" target=\"_blank\" rel=\"noreferrer noopener\">twitter<\/a> desde 2009, onde conta atualmente com mais de 18 mil seguidores, e no <a href=\"https:\/\/www.facebook.com\/economicthougth\/\" target=\"_blank\" rel=\"noopener noreferrer\">facebook<\/a> desde 2013, com mais de 21 mil seguidores, o perfil faz a divulga\u00e7\u00e3o em redes sociais de not\u00edcias relevantes para os interessados em temas de hist\u00f3ria e filosofia da economia: lan\u00e7amentos de livros e revistas, publica\u00e7\u00e3o de novos artigos e <em>working papers<\/em>, chamadas de trabalhos e semin\u00e1rios, v\u00eddeos e podcasts etc.<\/p>\n\n\n\n<p class=\"wp-block-paragraph\"><em>Economic thought<\/em> foi inclu\u00eddo entre os <a href=\"https:\/\/web.archive.org\/web\/20170308045943\/http:\/\/rfe.org\/showRes.php?rfe_id=1979&amp;cat_id=96\" target=\"_blank\" rel=\"noreferrer noopener\">recursos recomendados<\/a> pelo guia <em>Resources for Economists on the Internet<\/em> (ISSN 1081-4248) da American Economic Association.<\/p>\n","protected":false},"excerpt":{"rendered":"<p>Entre as principais atividades de extens\u00e3o desenvolvidas pelo Prof. Hugo da Gama Cerqueira incluem-se a organiza\u00e7\u00e3o de eventos acad\u00eamicos, como os Ciclos de Semin\u00e1rios sobre Metodologia e Hist\u00f3ria do Pensamento Econ\u00f4mico (2011, 2012, 2013, 2018), o Semin\u00e1rio sobre a Economia Mineira, mais conhecido como Semin\u00e1rio de Diamantina (2008, 2010, 2012, 2014), e o Festival de &hellip; <a href=\"https:\/\/docentes.face.ufmg.br\/hugo\/extensao\/\" class=\"more-link\">Continuar lendo <span class=\"screen-reader-text\">Extens\u00e3o<\/span><\/a><\/p>\n","protected":false},"author":21,"featured_media":0,"parent":0,"menu_order":0,"comment_status":"closed","ping_status":"closed","template":"","meta":{"_crdt_document":"","_exactmetrics_skip_tracking":false,"_exactmetrics_sitenote_active":false,"_exactmetrics_sitenote_note":"","_exactmetrics_sitenote_category":0,"footnotes":""},"class_list":["post-376","page","type-page","status-publish","hentry"],"_links":{"self":[{"href":"https:\/\/docentes.face.ufmg.br\/hugo\/wp-json\/wp\/v2\/pages\/376","targetHints":{"allow":["GET"]}}],"collection":[{"href":"https:\/\/docentes.face.ufmg.br\/hugo\/wp-json\/wp\/v2\/pages"}],"about":[{"href":"https:\/\/docentes.face.ufmg.br\/hugo\/wp-json\/wp\/v2\/types\/page"}],"author":[{"embeddable":true,"href":"https:\/\/docentes.face.ufmg.br\/hugo\/wp-json\/wp\/v2\/users\/21"}],"replies":[{"embeddable":true,"href":"https:\/\/docentes.face.ufmg.br\/hugo\/wp-json\/wp\/v2\/comments?post=376"}],"version-history":[{"count":35,"href":"https:\/\/docentes.face.ufmg.br\/hugo\/wp-json\/wp\/v2\/pages\/376\/revisions"}],"predecessor-version":[{"id":806,"href":"https:\/\/docentes.face.ufmg.br\/hugo\/wp-json\/wp\/v2\/pages\/376\/revisions\/806"}],"wp:attachment":[{"href":"https:\/\/docentes.face.ufmg.br\/hugo\/wp-json\/wp\/v2\/media?parent=376"}],"curies":[{"name":"wp","href":"https:\/\/api.w.org\/{rel}","templated":true}]}}