{"id":2,"date":"2016-06-09T14:03:11","date_gmt":"2016-06-09T17:03:11","guid":{"rendered":"http:\/\/docentes.face.ufmg.br\/john-doe\/?page_id=2"},"modified":"2025-12-12T09:19:36","modified_gmt":"2025-12-12T12:19:36","slug":"sobre","status":"publish","type":"page","link":"https:\/\/docentes.face.ufmg.br\/hugo\/","title":{"rendered":"Sobre"},"content":{"rendered":"<p><strong><img loading=\"lazy\" decoding=\"async\" class=\"alignleft wp-image-70 size-thumbnail\" src=\"http:\/\/docentes.face.ufmg.br\/hugo\/wp-content\/uploads\/sites\/27\/2016\/06\/Foto-pessoal-150x150.jpg\" alt=\"Hugo da Gama Cerqueira\" width=\"150\" height=\"150\" srcset=\"https:\/\/docentes.face.ufmg.br\/hugo\/wp-content\/uploads\/sites\/27\/2016\/06\/Foto-pessoal-150x150.jpg 150w, https:\/\/docentes.face.ufmg.br\/hugo\/wp-content\/uploads\/sites\/27\/2016\/06\/Foto-pessoal-300x300.jpg 300w\" sizes=\"auto, (max-width: 150px) 100vw, 150px\" \/><\/strong><\/p>\n<hr \/>\n<p><strong>Hugo Eduardo Araujo da Gama Cerqueira<\/strong> \u00e9 professor associado do Departamento de Ci\u00eancias Econ\u00f4micas e do Cedeplar, ambos na Faculdade de Ci\u00eancias Econ\u00f4micas da <a href=\"https:\/\/ufmg.br\/\" target=\"_blank\" rel=\"noopener noreferrer\">Universidade Federal de Minas Gerais (UFMG)<\/a>.<\/p>\n<hr \/>\n<p>Foi pr\u00f3-reitor de <a href=\"https:\/\/www.ufmg.br\/proplan\/\" target=\"_blank\" rel=\"noopener noreferrer\">Planejamento e Desenvolvimento da UFMG<\/a> (2014-2018) e diretor da <a href=\"http:\/\/www.face.ufmg.br\">Faculdade de Ci\u00eancias Econ\u00f4micas<\/a> (2018-2022).<\/p>\n<p>Foi tamb\u00e9m assessor especial do Reitor da UFMG (2010-2011), vice-diretor (2007-2010) e diretor (2011-2014) do <a href=\"http:\/\/www.cedeplar.ufmg.br\" target=\"_blank\" rel=\"noopener noreferrer\">Cedeplar<\/a>.<\/p>\n<p>Atualmente, preside o Conselho Curador da\u00a0<a href=\"https:\/\/fundep.ufmg.br\" target=\"_blank\" rel=\"noopener\">Fundep <\/a><a href=\"https:\/\/fundep.ufmg.br\" target=\"_blank\" rel=\"noopener\">&#8211; Funda\u00e7\u00e3o de apoio da UFMG<\/a> (2023-&#8230;) e integra o <a href=\"https:\/\/www2.ufmg.br\/sods\/Sods\/Conselho-Universitario\" target=\"_blank\" rel=\"noopener\">Conselho Universit\u00e1rio da UFMG<\/a> (2025-&#8230;). \u00c9 membro do Comit\u00ea Diretor do <a href=\"https:\/\/www.ufmg.br\/ieat\/\" target=\"_blank\" rel=\"noopener\">IEAT &#8211; Instituto de Estudos Avan\u00e7ados Transdisciplinares da UFMG<\/a> (2025-&#8230;), do Colegiado do <a href=\"https:\/\/cedeplar.ufmg.br\/pos-graduacao\/economia#o-programa\" target=\"_blank\" rel=\"noopener\">Programa de P\u00f3s-gradua\u00e7\u00e3o em Economia<\/a> e da C\u00e2mara Departamental de Ci\u00eancias Econ\u00f4micas.<\/p>\n<p>Foi editor (2006-2009) e secret\u00e1rio-editorial (2000-2006) da revista <a href=\"http:\/\/www.scielo.br\/scielo.php?script=sci_serial&amp;pid=0103-6351&amp;lng=en&amp;nrm=iso\" target=\"_blank\" rel=\"noopener noreferrer\">Nova Economia<\/a>, integra seu comit\u00ea editorial e o conselho editorial da <a href=\"https:\/\/periodicos.ufmg.br\/index.php\/revistadaufmg\/index\" target=\"_blank\" rel=\"noopener noreferrer\">Revista da UFMG<\/a> e de outros peri\u00f3dicos.<\/p>\n<p>Graduou-se em ci\u00eancias econ\u00f4micas pela UFMG em 1984. Completou o mestrado (1999) e o doutorado (2005) em <a href=\"http:\/\/ppgfil.fafich.ufmg.br\/index.php\" target=\"_blank\" rel=\"noopener\">filosofia<\/a> na mesma Universidade.<\/p>\n<p>Tem experi\u00eancia nas \u00e1reas de economia e filosofia, lecionando disciplinas de hist\u00f3ria do pensamento econ\u00f4mico, metodologia da economia e economia pol\u00edtica.<\/p>\n<p><a href=\"https:\/\/docentes.face.ufmg.br\/hugo\/2025\/03\/14\/lancamento-marx-for-the-21st-century\/\"><img loading=\"lazy\" decoding=\"async\" class=\"size-medium wp-image-743 alignright\" src=\"http:\/\/docentes.face.ufmg.br\/hugo\/wp-content\/uploads\/sites\/27\/2025\/03\/capa-212x300.jpg\" alt=\"\" width=\"212\" height=\"300\" srcset=\"https:\/\/docentes.face.ufmg.br\/hugo\/wp-content\/uploads\/sites\/27\/2025\/03\/capa-212x300.jpg 212w, https:\/\/docentes.face.ufmg.br\/hugo\/wp-content\/uploads\/sites\/27\/2025\/03\/capa-725x1024.jpg 725w, https:\/\/docentes.face.ufmg.br\/hugo\/wp-content\/uploads\/sites\/27\/2025\/03\/capa-768x1085.jpg 768w, https:\/\/docentes.face.ufmg.br\/hugo\/wp-content\/uploads\/sites\/27\/2025\/03\/capa.jpg 827w\" sizes=\"auto, (max-width: 212px) 100vw, 212px\" \/><\/a>Desenvolve pesquisas sobre a economia pol\u00edtica do Iluminismo escoc\u00eas (Adam Smith e David Hume) e sobre a cr\u00edtica da economia pol\u00edtica de Karl Marx. \u00c9 pesquisador do grupo de pesquisa em <a href=\"https:\/\/sites.google.com\/site\/economiapoliticacontemporanea\/\" target=\"_blank\" rel=\"noopener noreferrer\">Economia Pol\u00edtica Contempor\u00e2nea<\/a> e\u00a0l\u00edder do grupo de pesquisa em <a href=\"https:\/\/sites.google.com\/site\/mehipec\/\" target=\"_blank\" rel=\"noopener noreferrer\">Metodologia e Hist\u00f3ria do Pensamento Econ\u00f4mico<\/a>, ambos no Cedeplar-UFMG.<\/p>\n<p>Outras informa\u00e7\u00f5es acad\u00eamicas:<br \/><a href=\"http:\/\/lattes.cnpq.br\/8420092514309553\" target=\"_blank\" rel=\"noopener noreferrer\">Curr\u00edculo Lattes<\/a>\u00a0| <a href=\"http:\/\/somos.ufmg.br\/professor\/hugo-eduardo-araujo-da-gama-cerqueira\" target=\"_blank\" rel=\"noopener noreferrer\">Perfil no Somos UFMG<\/a><br \/><a href=\"https:\/\/scholar.google.com\/citations?user=AV7A5ogAAAAJ&amp;hl=en\" target=\"_blank\" rel=\"noopener noreferrer\">Perfil no Google Scholar<\/a>\u00a0| <a href=\"https:\/\/orcid.org\/0000-0003-1036-0547\" target=\"_blank\" rel=\"noopener noreferrer\">Perfil no Orcid<\/a>\u00a0| <a href=\"https:\/\/ideas.repec.org\/e\/pce10.html\" target=\"_blank\" rel=\"noopener noreferrer\">Perfil no RePEc<\/a>\u00a0|<\/p>\n<p><a href=\"https:\/\/mastodon.social\/@hugo_da_gama_cerqueira\" rel=\"me\"><span style=\"color: #ffffff\">n<\/span><\/a><\/p>\n\n\n<p class=\"wp-block-paragraph\"><\/p>\n","protected":false},"excerpt":{"rendered":"<p>Hugo Eduardo Araujo da Gama Cerqueira \u00e9 professor associado do Departamento de Ci\u00eancias Econ\u00f4micas e do Cedeplar, ambos na Faculdade de Ci\u00eancias Econ\u00f4micas da Universidade Federal de Minas Gerais (UFMG). Foi pr\u00f3-reitor de Planejamento e Desenvolvimento da UFMG (2014-2018) e diretor da Faculdade de Ci\u00eancias Econ\u00f4micas (2018-2022). Foi tamb\u00e9m assessor especial do Reitor da UFMG &hellip; <a href=\"https:\/\/docentes.face.ufmg.br\/hugo\/\" class=\"more-link\">Continuar lendo <span class=\"screen-reader-text\">Sobre<\/span><\/a><\/p>\n","protected":false},"author":21,"featured_media":0,"parent":0,"menu_order":0,"comment_status":"closed","ping_status":"closed","template":"","meta":{"_crdt_document":"","_exactmetrics_skip_tracking":false,"_exactmetrics_sitenote_active":false,"_exactmetrics_sitenote_note":"","_exactmetrics_sitenote_category":0,"footnotes":""},"class_list":["post-2","page","type-page","status-publish","hentry"],"_links":{"self":[{"href":"https:\/\/docentes.face.ufmg.br\/hugo\/wp-json\/wp\/v2\/pages\/2","targetHints":{"allow":["GET"]}}],"collection":[{"href":"https:\/\/docentes.face.ufmg.br\/hugo\/wp-json\/wp\/v2\/pages"}],"about":[{"href":"https:\/\/docentes.face.ufmg.br\/hugo\/wp-json\/wp\/v2\/types\/page"}],"author":[{"embeddable":true,"href":"https:\/\/docentes.face.ufmg.br\/hugo\/wp-json\/wp\/v2\/users\/21"}],"replies":[{"embeddable":true,"href":"https:\/\/docentes.face.ufmg.br\/hugo\/wp-json\/wp\/v2\/comments?post=2"}],"version-history":[{"count":156,"href":"https:\/\/docentes.face.ufmg.br\/hugo\/wp-json\/wp\/v2\/pages\/2\/revisions"}],"predecessor-version":[{"id":810,"href":"https:\/\/docentes.face.ufmg.br\/hugo\/wp-json\/wp\/v2\/pages\/2\/revisions\/810"}],"wp:attachment":[{"href":"https:\/\/docentes.face.ufmg.br\/hugo\/wp-json\/wp\/v2\/media?parent=2"}],"curies":[{"name":"wp","href":"https:\/\/api.w.org\/{rel}","templated":true}]}}