{"id":103,"date":"2017-01-20T17:20:20","date_gmt":"2017-01-20T19:20:20","guid":{"rendered":"http:\/\/docentes.face.ufmg.br\/hugo\/?page_id=103"},"modified":"2026-02-26T12:34:46","modified_gmt":"2026-02-26T15:34:46","slug":"cursos","status":"publish","type":"page","link":"https:\/\/docentes.face.ufmg.br\/hugo\/cursos\/","title":{"rendered":"Ensino"},"content":{"rendered":"\n<p class=\"wp-block-paragraph\">No primeiro semestre de 2026, o Professor Hugo da Gama Cerqueira vai lecionar uma disciplina obrigat\u00f3ria do curso de gradua\u00e7\u00e3o em Ci\u00eancias Econ\u00f4micas (<a href=\"https:\/\/www.academia.edu\/4613147\/Economia_Pol%C3%ADtica\" target=\"_blank\" rel=\"noopener\">ECN055 &#8211; Economia Pol\u00edtica<\/a>) e uma disciplina optativa nos cursos de gradua\u00e7\u00e3o e p\u00f3s-gradua\u00e7\u00e3o em Economia sobre <a href=\"https:\/\/www.academia.edu\/164862505\/ECN968_Fisiocracia_Smith_Ricardo_e_Marx\" target=\"_blank\" rel=\"noreferrer noopener\">Fisiocracia, Smith, Ricardo e Marx<\/a>.<\/p>\n\n\n\n<p class=\"wp-block-paragraph\">No segundo semestre de 2025, o Professor Hugo da Gama Cerqueira lecionou disciplinas obrigat\u00f3rias do curso de gradua\u00e7\u00e3o em Ci\u00eancias Econ\u00f4micas (<a href=\"https:\/\/www.academia.edu\/4613147\/Economia_Pol%C3%ADtica\" target=\"_blank\" rel=\"noopener\">ECN055 &#8211; Economia Pol\u00edtica<\/a> e <a href=\"https:\/\/www.academia.edu\/98045954\/ECN025_Metodologia_da_Economia\" target=\"_blank\" rel=\"noopener\">ECN025 &#8211; Metodologia da Economia<\/a>) e do programa de p\u00f3s-gradua\u00e7\u00e3o em Economia (<a href=\"https:\/\/www.academia.edu\/3373099\/ECN925_Metodologia_da_Economia\" data-type=\"link\" data-id=\"https:\/\/www.academia.edu\/3373099\/ECN925_Metodologia_da_Economia\" target=\"_blank\" rel=\"noreferrer noopener\">ECN925 &#8211; Metodologia da Economia<\/a>).<\/p>\n\n\n\n<p class=\"wp-block-paragraph\">No mesmo per\u00edodo, foram realizadas as sess\u00f5es do grupo de estudos sobre o livro <em><a href=\"https:\/\/www.dampfboot-verlag.de\/de\/file\/861\/download\" data-type=\"link\" data-id=\"https:\/\/www.dampfboot-verlag.de\/de\/file\/861\/download\" target=\"_blank\" rel=\"noreferrer noopener\">Die Wissenschaft vom Wert<\/a><\/em>, de Michael Heinrich, conclu\u00eddo neste semestre.<\/p>\n\n\n\n<p class=\"wp-block-paragraph\"><\/p>\n\n\n\n<p class=\"wp-block-paragraph\"><\/p>\n\n\n<div class=\"wp-block-image\">\n<figure class=\"alignleft\"><a href=\"https:\/\/www.academia.edu\/3373099\/Metodologia_da_Economia\"><img loading=\"lazy\" decoding=\"async\" width=\"232\" height=\"300\" src=\"http:\/\/docentes.face.ufmg.br\/hugo\/wp-content\/uploads\/sites\/27\/2022\/08\/programa-232x300.png\" alt=\"Programa da disciplina de metodologia da Economia\" class=\"wp-image-585\" srcset=\"https:\/\/docentes.face.ufmg.br\/hugo\/wp-content\/uploads\/sites\/27\/2022\/08\/programa-232x300.png 232w, https:\/\/docentes.face.ufmg.br\/hugo\/wp-content\/uploads\/sites\/27\/2022\/08\/programa.png 633w\" sizes=\"auto, (max-width: 232px) 100vw, 232px\" \/><\/a><\/figure>\n<\/div>\n\n\n<p class=\"wp-block-paragraph\"><\/p>\n\n\n\n<p class=\"wp-block-paragraph\"><\/p>\n","protected":false},"excerpt":{"rendered":"<p>No primeiro semestre de 2026, o Professor Hugo da Gama Cerqueira vai lecionar uma disciplina obrigat\u00f3ria do curso de gradua\u00e7\u00e3o em Ci\u00eancias Econ\u00f4micas (ECN055 &#8211; Economia Pol\u00edtica) e uma disciplina optativa nos cursos de gradua\u00e7\u00e3o e p\u00f3s-gradua\u00e7\u00e3o em Economia sobre Fisiocracia, Smith, Ricardo e Marx. No segundo semestre de 2025, o Professor Hugo da Gama &hellip; <a href=\"https:\/\/docentes.face.ufmg.br\/hugo\/cursos\/\" class=\"more-link\">Continuar lendo <span class=\"screen-reader-text\">Ensino<\/span><\/a><\/p>\n","protected":false},"author":21,"featured_media":0,"parent":0,"menu_order":0,"comment_status":"closed","ping_status":"closed","template":"","meta":{"_crdt_document":"","_exactmetrics_skip_tracking":false,"_exactmetrics_sitenote_active":false,"_exactmetrics_sitenote_note":"","_exactmetrics_sitenote_category":0,"footnotes":""},"class_list":["post-103","page","type-page","status-publish","hentry"],"_links":{"self":[{"href":"https:\/\/docentes.face.ufmg.br\/hugo\/wp-json\/wp\/v2\/pages\/103","targetHints":{"allow":["GET"]}}],"collection":[{"href":"https:\/\/docentes.face.ufmg.br\/hugo\/wp-json\/wp\/v2\/pages"}],"about":[{"href":"https:\/\/docentes.face.ufmg.br\/hugo\/wp-json\/wp\/v2\/types\/page"}],"author":[{"embeddable":true,"href":"https:\/\/docentes.face.ufmg.br\/hugo\/wp-json\/wp\/v2\/users\/21"}],"replies":[{"embeddable":true,"href":"https:\/\/docentes.face.ufmg.br\/hugo\/wp-json\/wp\/v2\/comments?post=103"}],"version-history":[{"count":68,"href":"https:\/\/docentes.face.ufmg.br\/hugo\/wp-json\/wp\/v2\/pages\/103\/revisions"}],"predecessor-version":[{"id":818,"href":"https:\/\/docentes.face.ufmg.br\/hugo\/wp-json\/wp\/v2\/pages\/103\/revisions\/818"}],"wp:attachment":[{"href":"https:\/\/docentes.face.ufmg.br\/hugo\/wp-json\/wp\/v2\/media?parent=103"}],"curies":[{"name":"wp","href":"https:\/\/api.w.org\/{rel}","templated":true}]}}