{"id":500,"date":"2020-03-25T18:40:05","date_gmt":"2020-03-25T21:40:05","guid":{"rendered":"http:\/\/docentes.face.ufmg.br\/gustavo\/?page_id=500"},"modified":"2021-04-26T15:43:17","modified_gmt":"2021-04-26T18:43:17","slug":"outras-publicacoes","status":"publish","type":"page","link":"https:\/\/docentes.face.ufmg.br\/gustavo\/outras-publicacoes\/","title":{"rendered":"Outras publica\u00e7\u00f5es"},"content":{"rendered":"<p>|<a href=\"http:\/\/lattes.cnpq.br\/5668137663316742\">Lattes<\/a>|<a href=\"https:\/\/scholar.google.com.br\/citations?user=smEbMV0AAAAJ&amp;hl=pt-BR\">Google Scholar<\/a>|<a href=\"https:\/\/ideas.repec.org\/f\/pbr276.html\">RePEc<\/a>|<a href=\"https:\/\/www.researchgate.net\/profile\/Gustavo_Britto\">ResearchGate<\/a>|<a href=\"https:\/\/orcid.org\/0000-0002-5285-3684\">ORCID<\/a>|<a href=\"https:\/\/publons.com\/researcher\/2242838\/gustavo-britto\/\">Publons-Web-of-Science<\/a>|<a href=\"http:\/\/somos.ufmg.br\/professor\/gustavo-de-britto-rocha\">Som\u2295s UFMG<\/a>|<\/p>\n<hr \/>\n<p><em><strong>Tradu\u00e7\u00f5es:<\/strong><\/em><\/p>\n<ul>\n<li>THIRLWALL, A.P \u201c<a href=\"https:\/\/revistas.face.ufmg.br\/index.php\/novaeconomia\/article\/view\/5945\"><em><strong>A restri\u00e7\u00e3o do balan\u00e7o de pagamentos como uma explica\u00e7\u00e3o para diferen\u00e7as nas taxas internacionais de crescimento\u201d<\/strong><\/em><\/a>. Revista Nova Economia, V29, n.3, 2019.<br \/>\nTradu\u00e7\u00e3o do artigo original:<br \/>\nThirlwall, A. P. (1979). The balance of payments constraint as an explanation of the international growth rate differences. PSL Quarterly Review, 32(128).<\/li>\n<\/ul>\n<hr \/>\n<p><em><strong>Cap\u00edtulos de Livro:<\/strong><\/em><\/p>\n<ul>\n<li><span style=\"font-size: inherit\">RIBEIRO, L. C.;\u00a0SILVA, L. A.;\u00a0RAPINI, M. S.\u00a0; BRITTO, Gustavo;\u00a0ALBUQUERQUE, E. M. E.\u00a0<\/span><strong style=\"font-size: inherit\">Mapping international knowledge flows<\/strong><span style=\"font-size: inherit\">. In: Arvanitis, Rigas; O&#8217;Brien, David. (Org.). The\u00a0Transformation of Research in the South. Policies and outcomes. 1ed.Paris: Editions des archives contemporaines, v. , p. 115-120, 2019.<\/span><\/li>\n<\/ul>\n<div>\n<hr \/>\n<ul>\n<li><span style=\"font-size: inherit\">ROMERO, JO\u00c3O P.\u00a0;\u00a0Britto, Gustavo. <\/span><strong style=\"font-size: inherit\">Sophistication, Productivity and Trade: A Sectoral Investigation.<\/strong><span style=\"font-size: inherit\"> Alternative Approaches in Macroeconomics. 1ed.: Springer International\u00a0Publishing, v. , p. 235-267, 2018.<\/span><\/li>\n<\/ul>\n<hr \/>\n<ul>\n<li><span style=\"font-size: inherit\">RIBEIRO, L. C.\u00a0; BRITTO, Gustavo.; Kruss, Glenda ;\u00a0Albuquerque, E.M. <\/span><strong style=\"font-size: inherit\">Global interactions between firms and universities: a tentative typology and an empirical investigation<\/strong><span style=\"font-size: inherit\">. In:\u00a0Eduardo Albuquerque; Wilson Suzigan, Glenda Kruss, and Keun Lee. (Org.). Developing National Systems of Innovation: University-Industry Interactions in the Global South.\u00a01ed.Cheltenham: Edward Elgar Publishing, v. 1, p. 221-244, 2015.<\/span><\/li>\n<\/ul>\n<\/div>\n<div>\n<hr \/>\n<ul>\n<li>BRITTO, Gustavo.;\u00a0AMARAL, P. V. M.\u00a0;\u00a0ALENCAR, D. A. <a href=\"https:\/\/www.researchgate.net\/publication\/282325698_PRODUTIVIDADE_INDUSTRIAL_NAS_MICRORREGIOES_BRASILEIRAS_1996-2011\"><strong>Produtividade industrial nas microrregi\u00f5es brasileiras (1996-2011)<\/strong><\/a>. In: Fernanda De Negri, Luiz Ricardo Cavalcante. (Org.).\u00a0Produtividade no Brasil: desempenho e determinantes. 1ed.Bras\u00edlia: ABDI\/IPEA, v. 2, p. 1-563, 2015.<\/li>\n<\/ul>\n<hr \/>\n<ul>\n<li>BRITTO, Gustavo.;\u00a0Romero, J.P.\u00a0;\u00a0FREITAS, E.\u00a0;\u00a0TONON, M.\u00a0; COELHO, C. <strong>Competitividade industrial, complexidade e intensidade tecnol\u00f3gica em Portugal<\/strong>. In: Allan Claudius Queiroz\u00a0Barbosa, Cl\u00e1udia Cristina Bitencourt, Joaquim Ramos Silva. (Org.). Inova\u00e7\u00e3o, conhecimento e tecnologia: uma perspectiva luso-brasileira. 1ed.Lisboa: Edi\u00e7\u00f5es Colibri, v. 1, p. 135-156, 2015.<\/li>\n<\/ul>\n<hr \/>\n<ul>\n<li>BRITTO, Gustavo.;\u00a0Romero, J.P.\u00a0;\u00a0FREITAS, E. <strong>Competitividade industrial e inova\u00e7\u00e3o na abordagem da complexidade: uma an\u00e1lise do caso brasileiro.<\/strong> In: Nelson Barbosa; Nelson Marconi;\u00a0Mauricio Can\u00eado Pinheiro; Laura Carvalho. (Org.). Ind\u00fastria e Desenvolvimento Produtivo no Brasil. 1ed.Rio de Janeiro: Elsevier, v. 1, p. 417-440, 2015.<br \/>\n<hr \/>\n<\/li>\n<li>BRITTO, Gustavo.;\u00a0CUNHA, A. M.\u00a0. <strong>D\u00e9veloppement, cr\u00e9ativit\u00e9 et cr\u00e9ation collective: parall\u00e8les entre la pens\u00e9e de Fran\u00e7ois Perroux et celle de Celso Furtado<\/strong>. In: Loty, Laurent; Perrault,\u00a0Jean-Louis; Tortajada, Ram\u00f3n. (Org.). Vers une \u00e9conomie humaine. 1ed.Paris: Hermann, v. 1, p. 1-14, 2014.<br \/>\n<hr \/>\n<\/li>\n<li>BASTOS, C.P.\u00a0; BRITTO, Gustavo. <a href=\"https:\/\/www.researchgate.net\/publication\/277021744_Introducao_a_Economia_do_Subdesenvolvimento\"><strong>Introdu\u00e7\u00e3o \u00e0 Economia do Subdesenvolvimento<\/strong><\/a>. In: A.N. Agarwala; S.P. Singh. (Org.). A Economia do Subdesenvolvimento. 2ed.Rio de Janeiro:\u00a0Contraponto, v. 1, p. 7-41, 2010.<br \/>\n<hr \/>\n<\/li>\n<li>BRITTO, Gustavo; MACEDO, A.C. ;\u00a0Resende, M. F.\u00a0; SANTOS, F. ;\u00a0LIBANIO., G.\u00a0. <a href=\"https:\/\/www.eco.unicamp.br\/neit\/images\/stories\/arquivos\/ie_ufrj_et07_brics.pdf\"><strong>Perspectivas do Investimento e da Pol\u00edtica Industrial nos BRICS<\/strong><\/a>. In: Kupfer, D.; Laplane, M.F. (Org.).\u00a0Perspectivas do Investimento no Brasil: Temas Transversais. 1ed.Rio de Janeiro: Synergia, v. 4, p. 1-440, 2010.<br \/>\n<hr \/>\n<\/li>\n<li>BRITTO, Gustavo. <strong><a href=\"http:\/\/repositorio.ipea.gov.br\/handle\/11058\/3257\">Exporta\u00e7\u00f5es e Crescimento Sustent\u00e1vel: a Lei de Verdoorn para as firmas Brasileiras<\/a>.<\/strong> In: Jo\u00e3o A. De Negri; Bruno Ara\u00fajo. (Org.). As Empresas Brasileiras e o Com\u00e9rcio\u00a0Internacional. 1ed.Bras\u00edlia: IPEA, v. 1, p. 1-415, 2007.<br \/>\n<hr \/>\n<\/li>\n<li>BRITTO, Gustavo. <strong>Abertura comercial e coeficientes de conte\u00fado importado na ind\u00fastria<\/strong>. In: Mariano Laplane; Luciano Coutinho; C\u00e9lio Hiratuka. (Org.). INTERNACIONALIZA\u00c7\u00c3O E\u00a0DESENVOLVIMENTO DA IND\u00daSTRIA NO BRASIL. 1ed.Campinas: Unesp &#8211; Unicamp, v. , p. 1-349, 2004.<\/li>\n<\/ul>\n<hr \/>\n<ul>\n<li>Mariano Laplane;\u00a0Fernando Sarti;\u00a0Rodrigo Sabbatini;\u00a0BRITTO, Gustavo.\u00a0<strong>Pol\u00edtica de Competitividade no Mercosul<\/strong>. In: Chudnovsky, Daniel; Fanelli, Jos\u00e9 Maria. (Org.). El desaf\u00edo de\u00a0integrarse para crecer: balance e perspectivas del Mercosur en su primera d\u00e9cada. 1ed.Madrid: Siglo XXI, v. 4, p. 1-400, 2001.<\/li>\n<\/ul>\n<\/div>\n","protected":false},"excerpt":{"rendered":"<p>|Lattes|Google Scholar|RePEc|ResearchGate|ORCID|Publons-Web-of-Science|Som\u2295s UFMG| Tradu\u00e7\u00f5es: THIRLWALL, A.P \u201cA restri\u00e7\u00e3o do balan\u00e7o de pagamentos como uma explica\u00e7\u00e3o para diferen\u00e7as nas taxas internacionais de crescimento\u201d. Revista Nova Economia, V29, n.3, 2019. Tradu\u00e7\u00e3o do artigo original: Thirlwall, A. P. (1979). The balance of payments constraint as an explanation of the international growth rate differences. PSL Quarterly Review, 32(128). Cap\u00edtulos &hellip; <a href=\"https:\/\/docentes.face.ufmg.br\/gustavo\/outras-publicacoes\/\" class=\"more-link\">Continuar lendo <span class=\"screen-reader-text\">Outras publica\u00e7\u00f5es<\/span><\/a><\/p>\n","protected":false},"author":12,"featured_media":0,"parent":0,"menu_order":0,"comment_status":"closed","ping_status":"closed","template":"","meta":{"_crdt_document":"","_exactmetrics_skip_tracking":false,"_exactmetrics_sitenote_active":false,"_exactmetrics_sitenote_note":"","_exactmetrics_sitenote_category":0,"footnotes":""},"class_list":["post-500","page","type-page","status-publish","hentry"],"_links":{"self":[{"href":"https:\/\/docentes.face.ufmg.br\/gustavo\/wp-json\/wp\/v2\/pages\/500","targetHints":{"allow":["GET"]}}],"collection":[{"href":"https:\/\/docentes.face.ufmg.br\/gustavo\/wp-json\/wp\/v2\/pages"}],"about":[{"href":"https:\/\/docentes.face.ufmg.br\/gustavo\/wp-json\/wp\/v2\/types\/page"}],"author":[{"embeddable":true,"href":"https:\/\/docentes.face.ufmg.br\/gustavo\/wp-json\/wp\/v2\/users\/12"}],"replies":[{"embeddable":true,"href":"https:\/\/docentes.face.ufmg.br\/gustavo\/wp-json\/wp\/v2\/comments?post=500"}],"version-history":[{"count":8,"href":"https:\/\/docentes.face.ufmg.br\/gustavo\/wp-json\/wp\/v2\/pages\/500\/revisions"}],"predecessor-version":[{"id":579,"href":"https:\/\/docentes.face.ufmg.br\/gustavo\/wp-json\/wp\/v2\/pages\/500\/revisions\/579"}],"wp:attachment":[{"href":"https:\/\/docentes.face.ufmg.br\/gustavo\/wp-json\/wp\/v2\/media?parent=500"}],"curies":[{"name":"wp","href":"https:\/\/api.w.org\/{rel}","templated":true}]}}